{"id":18176,"date":"2025-06-11T12:00:15","date_gmt":"2025-06-11T12:00:15","guid":{"rendered":"https:\/\/hakmarfrance.online\/produit\/ankara-fusilli-fiyonk-turk-makarna-500g\/"},"modified":"2025-06-11T12:00:15","modified_gmt":"2025-06-11T12:00:15","slug":"ankara-fusilli-fiyonk-turk-makarna-500g","status":"publish","type":"product","link":"https:\/\/hakmarfrance.online\/tr\/produit\/ankara-fusilli-fiyonk-turk-makarna-500g\/","title":{"rendered":"Ankara Fusilli Fiyonk \u2013 T\u00fcrk Makarna 500g"},"content":{"rendered":"<p>Ankara markas\u0131n\u0131n Fusilli Fiyonk makarnas\u0131, lezzetli ve yarat\u0131c\u0131 tarifler i\u00e7in idealdir. Burgu \u015fekli sayesinde soslar\u0131 m\u00fckemmel \u015fekilde tutar ve hem s\u0131cak yemeklerde hem de so\u011fuk salatalarda kullan\u0131labilir. Kaliteli durum bu\u011fday\u0131ndan \u00fcretilmi\u015ftir, pi\u015firme s\u0131ras\u0131nda m\u00fckemmel bir k\u0131vam sa\u011flar. 500g paket.   <\/p>\n","protected":false},"excerpt":{"rendered":"<p>Ankara markas\u0131n\u0131n Fusilli Fiyonk makarnas\u0131, lezzetli ve yarat\u0131c\u0131 tarifler i\u00e7in idealdir. Burgu \u015fekli sayesinde soslar\u0131 m\u00fckemmel \u015fekilde tutar ve hem s\u0131cak yemeklerde hem de so\u011fuk salatalarda kullan\u0131labilir. Kaliteli durum bu\u011fday\u0131ndan \u00fcretilmi\u015ftir, pi\u015firme s\u0131ras\u0131nda m\u00fckemmel bir k\u0131vam sa\u011flar. 500g paket.   <\/p>\n","protected":false},"featured_media":18554,"comment_status":"open","ping_status":"closed","template":"","meta":{"iawp_total_views":1},"product_brand":[177],"product_cat":[225],"product_tag":[],"class_list":{"0":"post-18176","1":"product","2":"type-product","3":"status-publish","4":"has-post-thumbnail","6":"product_brand-ankara","7":"product_cat-tum-urunlerimiz","9":"first","10":"instock","11":"featured","12":"shipping-taxable","13":"purchasable","14":"product-type-simple"},"yoast_head":"<!-- This site is optimized with the Yoast SEO plugin v27.3 - https:\/\/yoast.com\/product\/yoast-seo-wordpress\/ -->\n<title>Ankara Fusilli Fiyonk \u2013 T\u00fcrk Makarna 500g - hakmarfrance.online<\/title>\n<meta name=\"robots\" content=\"index, follow, max-snippet:-1, max-image-preview:large, max-video-preview:-1\" \/>\n<link rel=\"canonical\" href=\"https:\/\/hakmarfrance.online\/tr\/produit\/ankara-fusilli-fiyonk-turk-makarna-500g\/\" \/>\n<meta property=\"og:locale\" content=\"tr_TR\" \/>\n<meta property=\"og:type\" content=\"article\" \/>\n<meta property=\"og:title\" content=\"Ankara Fusilli Fiyonk \u2013 T\u00fcrk Makarna 500g - hakmarfrance.online\" \/>\n<meta property=\"og:description\" content=\"Ankara markas\u0131n\u0131n Fusilli Fiyonk makarnas\u0131, lezzetli ve yarat\u0131c\u0131 tarifler i\u00e7in idealdir. Burgu \u015fekli sayesinde soslar\u0131 m\u00fckemmel \u015fekilde tutar ve hem s\u0131cak yemeklerde hem de so\u011fuk salatalarda kullan\u0131labilir. Kaliteli durum bu\u011fday\u0131ndan \u00fcretilmi\u015ftir, pi\u015firme s\u0131ras\u0131nda m\u00fckemmel bir k\u0131vam sa\u011flar. 500g paket.\" \/>\n<meta property=\"og:url\" content=\"https:\/\/hakmarfrance.online\/tr\/produit\/ankara-fusilli-fiyonk-turk-makarna-500g\/\" \/>\n<meta property=\"og:site_name\" content=\"hakmarfrance.online\" \/>\n<meta property=\"article:publisher\" content=\"https:\/\/www.facebook.com\/HakmarFranceSupermarche\/?locale=fr_FR\" \/>\n<meta property=\"og:image\" content=\"https:\/\/hakmarfrance.online\/wp-content\/uploads\/2025\/06\/pates-fusilli-fiyonk-ankara-500g-1.avif\" \/>\n\t<meta property=\"og:image:width\" content=\"1000\" \/>\n\t<meta property=\"og:image:height\" content=\"800\" \/>\n\t<meta property=\"og:image:type\" content=\"image\/png\" \/>\n<meta name=\"twitter:card\" content=\"summary_large_image\" \/>\n<script type=\"application\/ld+json\" class=\"yoast-schema-graph\">{\"@context\":\"https:\\\/\\\/schema.org\",\"@graph\":[{\"@type\":\"WebPage\",\"@id\":\"https:\\\/\\\/hakmarfrance.online\\\/tr\\\/produit\\\/ankara-fusilli-fiyonk-turk-makarna-500g\\\/\",\"url\":\"https:\\\/\\\/hakmarfrance.online\\\/tr\\\/produit\\\/ankara-fusilli-fiyonk-turk-makarna-500g\\\/\",\"name\":\"Ankara Fusilli Fiyonk \u2013 T\u00fcrk Makarna 500g - hakmarfrance.online\",\"isPartOf\":{\"@id\":\"https:\\\/\\\/hakmarfrance.online\\\/tr\\\/#website\"},\"primaryImageOfPage\":{\"@id\":\"https:\\\/\\\/hakmarfrance.online\\\/tr\\\/produit\\\/ankara-fusilli-fiyonk-turk-makarna-500g\\\/#primaryimage\"},\"image\":{\"@id\":\"https:\\\/\\\/hakmarfrance.online\\\/tr\\\/produit\\\/ankara-fusilli-fiyonk-turk-makarna-500g\\\/#primaryimage\"},\"thumbnailUrl\":\"https:\\\/\\\/hakmarfrance.online\\\/wp-content\\\/uploads\\\/2025\\\/06\\\/pates-fusilli-fiyonk-ankara-500g-1.avif\",\"datePublished\":\"2025-06-11T12:00:15+00:00\",\"breadcrumb\":{\"@id\":\"https:\\\/\\\/hakmarfrance.online\\\/tr\\\/produit\\\/ankara-fusilli-fiyonk-turk-makarna-500g\\\/#breadcrumb\"},\"inLanguage\":\"tr-TR\",\"potentialAction\":[{\"@type\":\"ReadAction\",\"target\":[\"https:\\\/\\\/hakmarfrance.online\\\/tr\\\/produit\\\/ankara-fusilli-fiyonk-turk-makarna-500g\\\/\"]}]},{\"@type\":\"ImageObject\",\"inLanguage\":\"tr-TR\",\"@id\":\"https:\\\/\\\/hakmarfrance.online\\\/tr\\\/produit\\\/ankara-fusilli-fiyonk-turk-makarna-500g\\\/#primaryimage\",\"url\":\"https:\\\/\\\/hakmarfrance.online\\\/wp-content\\\/uploads\\\/2025\\\/06\\\/pates-fusilli-fiyonk-ankara-500g-1.avif\",\"contentUrl\":\"https:\\\/\\\/hakmarfrance.online\\\/wp-content\\\/uploads\\\/2025\\\/06\\\/pates-fusilli-fiyonk-ankara-500g-1.avif\",\"width\":1000,\"height\":800},{\"@type\":\"BreadcrumbList\",\"@id\":\"https:\\\/\\\/hakmarfrance.online\\\/tr\\\/produit\\\/ankara-fusilli-fiyonk-turk-makarna-500g\\\/#breadcrumb\",\"itemListElement\":[{\"@type\":\"ListItem\",\"position\":1,\"name\":\"Accueil\",\"item\":\"https:\\\/\\\/hakmarfrance.online\\\/tr\\\/\"},{\"@type\":\"ListItem\",\"position\":2,\"name\":\"Ma\u011faza\",\"item\":\"https:\\\/\\\/hakmarfrance.online\\\/tr\\\/magaza\\\/\"},{\"@type\":\"ListItem\",\"position\":3,\"name\":\"Ankara Fusilli Fiyonk \u2013 T\u00fcrk Makarna 500g\"}]},{\"@type\":\"WebSite\",\"@id\":\"https:\\\/\\\/hakmarfrance.online\\\/tr\\\/#website\",\"url\":\"https:\\\/\\\/hakmarfrance.online\\\/tr\\\/\",\"name\":\"hakmarfrance.online\",\"description\":\"\",\"publisher\":{\"@id\":\"https:\\\/\\\/hakmarfrance.online\\\/tr\\\/#organization\"},\"potentialAction\":[{\"@type\":\"SearchAction\",\"target\":{\"@type\":\"EntryPoint\",\"urlTemplate\":\"https:\\\/\\\/hakmarfrance.online\\\/tr\\\/?s={search_term_string}\"},\"query-input\":{\"@type\":\"PropertyValueSpecification\",\"valueRequired\":true,\"valueName\":\"search_term_string\"}}],\"inLanguage\":\"tr-TR\"},{\"@type\":\"Organization\",\"@id\":\"https:\\\/\\\/hakmarfrance.online\\\/tr\\\/#organization\",\"name\":\"hakmarfrance.online\",\"url\":\"https:\\\/\\\/hakmarfrance.online\\\/tr\\\/\",\"logo\":{\"@type\":\"ImageObject\",\"inLanguage\":\"tr-TR\",\"@id\":\"https:\\\/\\\/hakmarfrance.online\\\/tr\\\/#\\\/schema\\\/logo\\\/image\\\/\",\"url\":\"https:\\\/\\\/hakmarfrance.online\\\/wp-content\\\/uploads\\\/2025\\\/06\\\/logo-hakmarfrance.png\",\"contentUrl\":\"https:\\\/\\\/hakmarfrance.online\\\/wp-content\\\/uploads\\\/2025\\\/06\\\/logo-hakmarfrance.png\",\"width\":528,\"height\":232,\"caption\":\"hakmarfrance.online\"},\"image\":{\"@id\":\"https:\\\/\\\/hakmarfrance.online\\\/tr\\\/#\\\/schema\\\/logo\\\/image\\\/\"},\"sameAs\":[\"https:\\\/\\\/www.facebook.com\\\/HakmarFranceSupermarche\\\/?locale=fr_FR\",\"https:\\\/\\\/www.instagram.com\\\/hakmarfrancesupermarche\\\/\"]}]}<\/script>\n<!-- \/ Yoast SEO plugin. -->","yoast_head_json":{"title":"Ankara Fusilli Fiyonk \u2013 T\u00fcrk Makarna 500g - hakmarfrance.online","robots":{"index":"index","follow":"follow","max-snippet":"max-snippet:-1","max-image-preview":"max-image-preview:large","max-video-preview":"max-video-preview:-1"},"canonical":"https:\/\/hakmarfrance.online\/tr\/produit\/ankara-fusilli-fiyonk-turk-makarna-500g\/","og_locale":"tr_TR","og_type":"article","og_title":"Ankara Fusilli Fiyonk \u2013 T\u00fcrk Makarna 500g - hakmarfrance.online","og_description":"Ankara markas\u0131n\u0131n Fusilli Fiyonk makarnas\u0131, lezzetli ve yarat\u0131c\u0131 tarifler i\u00e7in idealdir. Burgu \u015fekli sayesinde soslar\u0131 m\u00fckemmel \u015fekilde tutar ve hem s\u0131cak yemeklerde hem de so\u011fuk salatalarda kullan\u0131labilir. Kaliteli durum bu\u011fday\u0131ndan \u00fcretilmi\u015ftir, pi\u015firme s\u0131ras\u0131nda m\u00fckemmel bir k\u0131vam sa\u011flar. 500g paket.","og_url":"https:\/\/hakmarfrance.online\/tr\/produit\/ankara-fusilli-fiyonk-turk-makarna-500g\/","og_site_name":"hakmarfrance.online","article_publisher":"https:\/\/www.facebook.com\/HakmarFranceSupermarche\/?locale=fr_FR","og_image":[{"width":1000,"height":800,"url":"https:\/\/hakmarfrance.online\/wp-content\/uploads\/2025\/06\/pates-fusilli-fiyonk-ankara-500g-1.avif","type":"image\/png"}],"twitter_card":"summary_large_image","schema":{"@context":"https:\/\/schema.org","@graph":[{"@type":"WebPage","@id":"https:\/\/hakmarfrance.online\/tr\/produit\/ankara-fusilli-fiyonk-turk-makarna-500g\/","url":"https:\/\/hakmarfrance.online\/tr\/produit\/ankara-fusilli-fiyonk-turk-makarna-500g\/","name":"Ankara Fusilli Fiyonk \u2013 T\u00fcrk Makarna 500g - hakmarfrance.online","isPartOf":{"@id":"https:\/\/hakmarfrance.online\/tr\/#website"},"primaryImageOfPage":{"@id":"https:\/\/hakmarfrance.online\/tr\/produit\/ankara-fusilli-fiyonk-turk-makarna-500g\/#primaryimage"},"image":{"@id":"https:\/\/hakmarfrance.online\/tr\/produit\/ankara-fusilli-fiyonk-turk-makarna-500g\/#primaryimage"},"thumbnailUrl":"https:\/\/hakmarfrance.online\/wp-content\/uploads\/2025\/06\/pates-fusilli-fiyonk-ankara-500g-1.avif","datePublished":"2025-06-11T12:00:15+00:00","breadcrumb":{"@id":"https:\/\/hakmarfrance.online\/tr\/produit\/ankara-fusilli-fiyonk-turk-makarna-500g\/#breadcrumb"},"inLanguage":"tr-TR","potentialAction":[{"@type":"ReadAction","target":["https:\/\/hakmarfrance.online\/tr\/produit\/ankara-fusilli-fiyonk-turk-makarna-500g\/"]}]},{"@type":"ImageObject","inLanguage":"tr-TR","@id":"https:\/\/hakmarfrance.online\/tr\/produit\/ankara-fusilli-fiyonk-turk-makarna-500g\/#primaryimage","url":"https:\/\/hakmarfrance.online\/wp-content\/uploads\/2025\/06\/pates-fusilli-fiyonk-ankara-500g-1.avif","contentUrl":"https:\/\/hakmarfrance.online\/wp-content\/uploads\/2025\/06\/pates-fusilli-fiyonk-ankara-500g-1.avif","width":1000,"height":800},{"@type":"BreadcrumbList","@id":"https:\/\/hakmarfrance.online\/tr\/produit\/ankara-fusilli-fiyonk-turk-makarna-500g\/#breadcrumb","itemListElement":[{"@type":"ListItem","position":1,"name":"Accueil","item":"https:\/\/hakmarfrance.online\/tr\/"},{"@type":"ListItem","position":2,"name":"Ma\u011faza","item":"https:\/\/hakmarfrance.online\/tr\/magaza\/"},{"@type":"ListItem","position":3,"name":"Ankara Fusilli Fiyonk \u2013 T\u00fcrk Makarna 500g"}]},{"@type":"WebSite","@id":"https:\/\/hakmarfrance.online\/tr\/#website","url":"https:\/\/hakmarfrance.online\/tr\/","name":"hakmarfrance.online","description":"","publisher":{"@id":"https:\/\/hakmarfrance.online\/tr\/#organization"},"potentialAction":[{"@type":"SearchAction","target":{"@type":"EntryPoint","urlTemplate":"https:\/\/hakmarfrance.online\/tr\/?s={search_term_string}"},"query-input":{"@type":"PropertyValueSpecification","valueRequired":true,"valueName":"search_term_string"}}],"inLanguage":"tr-TR"},{"@type":"Organization","@id":"https:\/\/hakmarfrance.online\/tr\/#organization","name":"hakmarfrance.online","url":"https:\/\/hakmarfrance.online\/tr\/","logo":{"@type":"ImageObject","inLanguage":"tr-TR","@id":"https:\/\/hakmarfrance.online\/tr\/#\/schema\/logo\/image\/","url":"https:\/\/hakmarfrance.online\/wp-content\/uploads\/2025\/06\/logo-hakmarfrance.png","contentUrl":"https:\/\/hakmarfrance.online\/wp-content\/uploads\/2025\/06\/logo-hakmarfrance.png","width":528,"height":232,"caption":"hakmarfrance.online"},"image":{"@id":"https:\/\/hakmarfrance.online\/tr\/#\/schema\/logo\/image\/"},"sameAs":["https:\/\/www.facebook.com\/HakmarFranceSupermarche\/?locale=fr_FR","https:\/\/www.instagram.com\/hakmarfrancesupermarche\/"]}]}},"_links":{"self":[{"href":"https:\/\/hakmarfrance.online\/tr\/wp-json\/wp\/v2\/product\/18176","targetHints":{"allow":["GET"]}}],"collection":[{"href":"https:\/\/hakmarfrance.online\/tr\/wp-json\/wp\/v2\/product"}],"about":[{"href":"https:\/\/hakmarfrance.online\/tr\/wp-json\/wp\/v2\/types\/product"}],"replies":[{"embeddable":true,"href":"https:\/\/hakmarfrance.online\/tr\/wp-json\/wp\/v2\/comments?post=18176"}],"version-history":[{"count":0,"href":"https:\/\/hakmarfrance.online\/tr\/wp-json\/wp\/v2\/product\/18176\/revisions"}],"wp:featuredmedia":[{"embeddable":true,"href":"https:\/\/hakmarfrance.online\/tr\/wp-json\/wp\/v2\/media\/18554"}],"wp:attachment":[{"href":"https:\/\/hakmarfrance.online\/tr\/wp-json\/wp\/v2\/media?parent=18176"}],"wp:term":[{"taxonomy":"product_brand","embeddable":true,"href":"https:\/\/hakmarfrance.online\/tr\/wp-json\/wp\/v2\/product_brand?post=18176"},{"taxonomy":"product_cat","embeddable":true,"href":"https:\/\/hakmarfrance.online\/tr\/wp-json\/wp\/v2\/product_cat?post=18176"},{"taxonomy":"product_tag","embeddable":true,"href":"https:\/\/hakmarfrance.online\/tr\/wp-json\/wp\/v2\/product_tag?post=18176"}],"curies":[{"name":"wp","href":"https:\/\/api.w.org\/{rel}","templated":true}]}}