{"id":18189,"date":"2025-06-16T07:45:16","date_gmt":"2025-06-16T07:45:16","guid":{"rendered":"https:\/\/hakmarfrance.online\/produit\/bioblas-organik-argan-yagli-sampuan-360-ml-besleyici-dokulme-karsiti\/"},"modified":"2025-06-16T07:45:16","modified_gmt":"2025-06-16T07:45:16","slug":"bioblas-organik-argan-yagli-sampuan-360-ml-besleyici-dokulme-karsiti","status":"publish","type":"product","link":"https:\/\/hakmarfrance.online\/tr\/produit\/bioblas-organik-argan-yagli-sampuan-360-ml-besleyici-dokulme-karsiti\/","title":{"rendered":"Bioblas Organik Argan Ya\u011fl\u0131 \u015eampuan 360 ml &#8211; Besleyici &amp; D\u00f6k\u00fclme Kar\u015f\u0131t\u0131"},"content":{"rendered":"","protected":false},"excerpt":{"rendered":"<p>%100 organik argan ya\u011f\u0131 ile zenginle\u015ftirilmi\u015f bu Bioblas \u015fampuan, sa\u00e7 derisini yo\u011fun bir \u015fekilde besler ve sa\u00e7lar\u0131 k\u00f6kten g\u00fc\u00e7lendirir. Sa\u00e7 d\u00f6k\u00fclmesini azalt\u0131rken parlakl\u0131k, esneklik ve yumu\u015fakl\u0131k sa\u011flar. T\u00fcm sa\u00e7 tiplerine uygun olup paraben ve agresif i\u00e7erikler i\u00e7ermez.  <\/p>\n","protected":false},"featured_media":18190,"comment_status":"open","ping_status":"closed","template":"","meta":{"iawp_total_views":0},"product_brand":[189],"product_cat":[284,225],"product_tag":[],"class_list":{"0":"post-18189","1":"product","2":"type-product","3":"status-publish","4":"has-post-thumbnail","6":"product_brand-bioblas","7":"product_cat-hijyen-bakim","8":"product_cat-tum-urunlerimiz","10":"first","11":"instock","12":"shipping-taxable","13":"purchasable","14":"product-type-simple"},"yoast_head":"<!-- This site is optimized with the Yoast SEO plugin v27.3 - https:\/\/yoast.com\/product\/yoast-seo-wordpress\/ -->\n<title>Bioblas Organik Argan Ya\u011fl\u0131 \u015eampuan 360 ml - Besleyici &amp; D\u00f6k\u00fclme Kar\u015f\u0131t\u0131 - hakmarfrance.online<\/title>\n<meta name=\"robots\" content=\"index, follow, max-snippet:-1, max-image-preview:large, max-video-preview:-1\" \/>\n<link rel=\"canonical\" href=\"https:\/\/hakmarfrance.online\/tr\/produit\/bioblas-organik-argan-yagli-sampuan-360-ml-besleyici-dokulme-karsiti\/\" \/>\n<meta property=\"og:locale\" content=\"tr_TR\" \/>\n<meta property=\"og:type\" content=\"article\" \/>\n<meta property=\"og:title\" content=\"Bioblas Organik Argan Ya\u011fl\u0131 \u015eampuan 360 ml - Besleyici &amp; D\u00f6k\u00fclme Kar\u015f\u0131t\u0131 - hakmarfrance.online\" \/>\n<meta property=\"og:description\" content=\"%100 organik argan ya\u011f\u0131 ile zenginle\u015ftirilmi\u015f bu Bioblas \u015fampuan, sa\u00e7 derisini yo\u011fun bir \u015fekilde besler ve sa\u00e7lar\u0131 k\u00f6kten g\u00fc\u00e7lendirir. Sa\u00e7 d\u00f6k\u00fclmesini azalt\u0131rken parlakl\u0131k, esneklik ve yumu\u015fakl\u0131k sa\u011flar. T\u00fcm sa\u00e7 tiplerine uygun olup paraben ve agresif i\u00e7erikler i\u00e7ermez.\" \/>\n<meta property=\"og:url\" content=\"https:\/\/hakmarfrance.online\/tr\/produit\/bioblas-organik-argan-yagli-sampuan-360-ml-besleyici-dokulme-karsiti\/\" \/>\n<meta property=\"og:site_name\" content=\"hakmarfrance.online\" \/>\n<meta property=\"article:publisher\" content=\"https:\/\/www.facebook.com\/HakmarFranceSupermarche\/?locale=fr_FR\" \/>\n<meta property=\"og:image\" content=\"https:\/\/hakmarfrance.online\/wp-content\/uploads\/2025\/06\/Bioblas-Argan-Bio-360ml-\u2013-Shampoing-Anti-Chute-Nourrissant.avif\" \/>\n\t<meta property=\"og:image:width\" content=\"1000\" \/>\n\t<meta property=\"og:image:height\" content=\"800\" \/>\n\t<meta property=\"og:image:type\" content=\"image\/png\" \/>\n<meta name=\"twitter:card\" content=\"summary_large_image\" \/>\n<script type=\"application\/ld+json\" class=\"yoast-schema-graph\">{\"@context\":\"https:\\\/\\\/schema.org\",\"@graph\":[{\"@type\":\"WebPage\",\"@id\":\"https:\\\/\\\/hakmarfrance.online\\\/tr\\\/produit\\\/bioblas-organik-argan-yagli-sampuan-360-ml-besleyici-dokulme-karsiti\\\/\",\"url\":\"https:\\\/\\\/hakmarfrance.online\\\/tr\\\/produit\\\/bioblas-organik-argan-yagli-sampuan-360-ml-besleyici-dokulme-karsiti\\\/\",\"name\":\"Bioblas Organik Argan Ya\u011fl\u0131 \u015eampuan 360 ml - Besleyici &amp; D\u00f6k\u00fclme Kar\u015f\u0131t\u0131 - hakmarfrance.online\",\"isPartOf\":{\"@id\":\"https:\\\/\\\/hakmarfrance.online\\\/tr\\\/#website\"},\"primaryImageOfPage\":{\"@id\":\"https:\\\/\\\/hakmarfrance.online\\\/tr\\\/produit\\\/bioblas-organik-argan-yagli-sampuan-360-ml-besleyici-dokulme-karsiti\\\/#primaryimage\"},\"image\":{\"@id\":\"https:\\\/\\\/hakmarfrance.online\\\/tr\\\/produit\\\/bioblas-organik-argan-yagli-sampuan-360-ml-besleyici-dokulme-karsiti\\\/#primaryimage\"},\"thumbnailUrl\":\"https:\\\/\\\/hakmarfrance.online\\\/wp-content\\\/uploads\\\/2025\\\/06\\\/Bioblas-Argan-Bio-360ml-\u2013-Shampoing-Anti-Chute-Nourrissant.avif\",\"datePublished\":\"2025-06-16T07:45:16+00:00\",\"breadcrumb\":{\"@id\":\"https:\\\/\\\/hakmarfrance.online\\\/tr\\\/produit\\\/bioblas-organik-argan-yagli-sampuan-360-ml-besleyici-dokulme-karsiti\\\/#breadcrumb\"},\"inLanguage\":\"tr-TR\",\"potentialAction\":[{\"@type\":\"ReadAction\",\"target\":[\"https:\\\/\\\/hakmarfrance.online\\\/tr\\\/produit\\\/bioblas-organik-argan-yagli-sampuan-360-ml-besleyici-dokulme-karsiti\\\/\"]}]},{\"@type\":\"ImageObject\",\"inLanguage\":\"tr-TR\",\"@id\":\"https:\\\/\\\/hakmarfrance.online\\\/tr\\\/produit\\\/bioblas-organik-argan-yagli-sampuan-360-ml-besleyici-dokulme-karsiti\\\/#primaryimage\",\"url\":\"https:\\\/\\\/hakmarfrance.online\\\/wp-content\\\/uploads\\\/2025\\\/06\\\/Bioblas-Argan-Bio-360ml-\u2013-Shampoing-Anti-Chute-Nourrissant.avif\",\"contentUrl\":\"https:\\\/\\\/hakmarfrance.online\\\/wp-content\\\/uploads\\\/2025\\\/06\\\/Bioblas-Argan-Bio-360ml-\u2013-Shampoing-Anti-Chute-Nourrissant.avif\",\"width\":1000,\"height\":800},{\"@type\":\"BreadcrumbList\",\"@id\":\"https:\\\/\\\/hakmarfrance.online\\\/tr\\\/produit\\\/bioblas-organik-argan-yagli-sampuan-360-ml-besleyici-dokulme-karsiti\\\/#breadcrumb\",\"itemListElement\":[{\"@type\":\"ListItem\",\"position\":1,\"name\":\"Accueil\",\"item\":\"https:\\\/\\\/hakmarfrance.online\\\/tr\\\/\"},{\"@type\":\"ListItem\",\"position\":2,\"name\":\"Ma\u011faza\",\"item\":\"https:\\\/\\\/hakmarfrance.online\\\/tr\\\/magaza\\\/\"},{\"@type\":\"ListItem\",\"position\":3,\"name\":\"Bioblas Organik Argan Ya\u011fl\u0131 \u015eampuan 360 ml &#8211; Besleyici &amp; D\u00f6k\u00fclme Kar\u015f\u0131t\u0131\"}]},{\"@type\":\"WebSite\",\"@id\":\"https:\\\/\\\/hakmarfrance.online\\\/tr\\\/#website\",\"url\":\"https:\\\/\\\/hakmarfrance.online\\\/tr\\\/\",\"name\":\"hakmarfrance.online\",\"description\":\"\",\"publisher\":{\"@id\":\"https:\\\/\\\/hakmarfrance.online\\\/tr\\\/#organization\"},\"potentialAction\":[{\"@type\":\"SearchAction\",\"target\":{\"@type\":\"EntryPoint\",\"urlTemplate\":\"https:\\\/\\\/hakmarfrance.online\\\/tr\\\/?s={search_term_string}\"},\"query-input\":{\"@type\":\"PropertyValueSpecification\",\"valueRequired\":true,\"valueName\":\"search_term_string\"}}],\"inLanguage\":\"tr-TR\"},{\"@type\":\"Organization\",\"@id\":\"https:\\\/\\\/hakmarfrance.online\\\/tr\\\/#organization\",\"name\":\"hakmarfrance.online\",\"url\":\"https:\\\/\\\/hakmarfrance.online\\\/tr\\\/\",\"logo\":{\"@type\":\"ImageObject\",\"inLanguage\":\"tr-TR\",\"@id\":\"https:\\\/\\\/hakmarfrance.online\\\/tr\\\/#\\\/schema\\\/logo\\\/image\\\/\",\"url\":\"https:\\\/\\\/hakmarfrance.online\\\/wp-content\\\/uploads\\\/2025\\\/06\\\/logo-hakmarfrance.png\",\"contentUrl\":\"https:\\\/\\\/hakmarfrance.online\\\/wp-content\\\/uploads\\\/2025\\\/06\\\/logo-hakmarfrance.png\",\"width\":528,\"height\":232,\"caption\":\"hakmarfrance.online\"},\"image\":{\"@id\":\"https:\\\/\\\/hakmarfrance.online\\\/tr\\\/#\\\/schema\\\/logo\\\/image\\\/\"},\"sameAs\":[\"https:\\\/\\\/www.facebook.com\\\/HakmarFranceSupermarche\\\/?locale=fr_FR\",\"https:\\\/\\\/www.instagram.com\\\/hakmarfrancesupermarche\\\/\"]}]}<\/script>\n<!-- \/ Yoast SEO plugin. -->","yoast_head_json":{"title":"Bioblas Organik Argan Ya\u011fl\u0131 \u015eampuan 360 ml - Besleyici &amp; D\u00f6k\u00fclme Kar\u015f\u0131t\u0131 - hakmarfrance.online","robots":{"index":"index","follow":"follow","max-snippet":"max-snippet:-1","max-image-preview":"max-image-preview:large","max-video-preview":"max-video-preview:-1"},"canonical":"https:\/\/hakmarfrance.online\/tr\/produit\/bioblas-organik-argan-yagli-sampuan-360-ml-besleyici-dokulme-karsiti\/","og_locale":"tr_TR","og_type":"article","og_title":"Bioblas Organik Argan Ya\u011fl\u0131 \u015eampuan 360 ml - Besleyici &amp; D\u00f6k\u00fclme Kar\u015f\u0131t\u0131 - hakmarfrance.online","og_description":"%100 organik argan ya\u011f\u0131 ile zenginle\u015ftirilmi\u015f bu Bioblas \u015fampuan, sa\u00e7 derisini yo\u011fun bir \u015fekilde besler ve sa\u00e7lar\u0131 k\u00f6kten g\u00fc\u00e7lendirir. Sa\u00e7 d\u00f6k\u00fclmesini azalt\u0131rken parlakl\u0131k, esneklik ve yumu\u015fakl\u0131k sa\u011flar. T\u00fcm sa\u00e7 tiplerine uygun olup paraben ve agresif i\u00e7erikler i\u00e7ermez.","og_url":"https:\/\/hakmarfrance.online\/tr\/produit\/bioblas-organik-argan-yagli-sampuan-360-ml-besleyici-dokulme-karsiti\/","og_site_name":"hakmarfrance.online","article_publisher":"https:\/\/www.facebook.com\/HakmarFranceSupermarche\/?locale=fr_FR","og_image":[{"width":1000,"height":800,"url":"https:\/\/hakmarfrance.online\/wp-content\/uploads\/2025\/06\/Bioblas-Argan-Bio-360ml-\u2013-Shampoing-Anti-Chute-Nourrissant.avif","type":"image\/png"}],"twitter_card":"summary_large_image","schema":{"@context":"https:\/\/schema.org","@graph":[{"@type":"WebPage","@id":"https:\/\/hakmarfrance.online\/tr\/produit\/bioblas-organik-argan-yagli-sampuan-360-ml-besleyici-dokulme-karsiti\/","url":"https:\/\/hakmarfrance.online\/tr\/produit\/bioblas-organik-argan-yagli-sampuan-360-ml-besleyici-dokulme-karsiti\/","name":"Bioblas Organik Argan Ya\u011fl\u0131 \u015eampuan 360 ml - Besleyici &amp; D\u00f6k\u00fclme Kar\u015f\u0131t\u0131 - hakmarfrance.online","isPartOf":{"@id":"https:\/\/hakmarfrance.online\/tr\/#website"},"primaryImageOfPage":{"@id":"https:\/\/hakmarfrance.online\/tr\/produit\/bioblas-organik-argan-yagli-sampuan-360-ml-besleyici-dokulme-karsiti\/#primaryimage"},"image":{"@id":"https:\/\/hakmarfrance.online\/tr\/produit\/bioblas-organik-argan-yagli-sampuan-360-ml-besleyici-dokulme-karsiti\/#primaryimage"},"thumbnailUrl":"https:\/\/hakmarfrance.online\/wp-content\/uploads\/2025\/06\/Bioblas-Argan-Bio-360ml-\u2013-Shampoing-Anti-Chute-Nourrissant.avif","datePublished":"2025-06-16T07:45:16+00:00","breadcrumb":{"@id":"https:\/\/hakmarfrance.online\/tr\/produit\/bioblas-organik-argan-yagli-sampuan-360-ml-besleyici-dokulme-karsiti\/#breadcrumb"},"inLanguage":"tr-TR","potentialAction":[{"@type":"ReadAction","target":["https:\/\/hakmarfrance.online\/tr\/produit\/bioblas-organik-argan-yagli-sampuan-360-ml-besleyici-dokulme-karsiti\/"]}]},{"@type":"ImageObject","inLanguage":"tr-TR","@id":"https:\/\/hakmarfrance.online\/tr\/produit\/bioblas-organik-argan-yagli-sampuan-360-ml-besleyici-dokulme-karsiti\/#primaryimage","url":"https:\/\/hakmarfrance.online\/wp-content\/uploads\/2025\/06\/Bioblas-Argan-Bio-360ml-\u2013-Shampoing-Anti-Chute-Nourrissant.avif","contentUrl":"https:\/\/hakmarfrance.online\/wp-content\/uploads\/2025\/06\/Bioblas-Argan-Bio-360ml-\u2013-Shampoing-Anti-Chute-Nourrissant.avif","width":1000,"height":800},{"@type":"BreadcrumbList","@id":"https:\/\/hakmarfrance.online\/tr\/produit\/bioblas-organik-argan-yagli-sampuan-360-ml-besleyici-dokulme-karsiti\/#breadcrumb","itemListElement":[{"@type":"ListItem","position":1,"name":"Accueil","item":"https:\/\/hakmarfrance.online\/tr\/"},{"@type":"ListItem","position":2,"name":"Ma\u011faza","item":"https:\/\/hakmarfrance.online\/tr\/magaza\/"},{"@type":"ListItem","position":3,"name":"Bioblas Organik Argan Ya\u011fl\u0131 \u015eampuan 360 ml &#8211; Besleyici &amp; D\u00f6k\u00fclme Kar\u015f\u0131t\u0131"}]},{"@type":"WebSite","@id":"https:\/\/hakmarfrance.online\/tr\/#website","url":"https:\/\/hakmarfrance.online\/tr\/","name":"hakmarfrance.online","description":"","publisher":{"@id":"https:\/\/hakmarfrance.online\/tr\/#organization"},"potentialAction":[{"@type":"SearchAction","target":{"@type":"EntryPoint","urlTemplate":"https:\/\/hakmarfrance.online\/tr\/?s={search_term_string}"},"query-input":{"@type":"PropertyValueSpecification","valueRequired":true,"valueName":"search_term_string"}}],"inLanguage":"tr-TR"},{"@type":"Organization","@id":"https:\/\/hakmarfrance.online\/tr\/#organization","name":"hakmarfrance.online","url":"https:\/\/hakmarfrance.online\/tr\/","logo":{"@type":"ImageObject","inLanguage":"tr-TR","@id":"https:\/\/hakmarfrance.online\/tr\/#\/schema\/logo\/image\/","url":"https:\/\/hakmarfrance.online\/wp-content\/uploads\/2025\/06\/logo-hakmarfrance.png","contentUrl":"https:\/\/hakmarfrance.online\/wp-content\/uploads\/2025\/06\/logo-hakmarfrance.png","width":528,"height":232,"caption":"hakmarfrance.online"},"image":{"@id":"https:\/\/hakmarfrance.online\/tr\/#\/schema\/logo\/image\/"},"sameAs":["https:\/\/www.facebook.com\/HakmarFranceSupermarche\/?locale=fr_FR","https:\/\/www.instagram.com\/hakmarfrancesupermarche\/"]}]}},"_links":{"self":[{"href":"https:\/\/hakmarfrance.online\/tr\/wp-json\/wp\/v2\/product\/18189","targetHints":{"allow":["GET"]}}],"collection":[{"href":"https:\/\/hakmarfrance.online\/tr\/wp-json\/wp\/v2\/product"}],"about":[{"href":"https:\/\/hakmarfrance.online\/tr\/wp-json\/wp\/v2\/types\/product"}],"replies":[{"embeddable":true,"href":"https:\/\/hakmarfrance.online\/tr\/wp-json\/wp\/v2\/comments?post=18189"}],"version-history":[{"count":0,"href":"https:\/\/hakmarfrance.online\/tr\/wp-json\/wp\/v2\/product\/18189\/revisions"}],"wp:featuredmedia":[{"embeddable":true,"href":"https:\/\/hakmarfrance.online\/tr\/wp-json\/wp\/v2\/media\/18190"}],"wp:attachment":[{"href":"https:\/\/hakmarfrance.online\/tr\/wp-json\/wp\/v2\/media?parent=18189"}],"wp:term":[{"taxonomy":"product_brand","embeddable":true,"href":"https:\/\/hakmarfrance.online\/tr\/wp-json\/wp\/v2\/product_brand?post=18189"},{"taxonomy":"product_cat","embeddable":true,"href":"https:\/\/hakmarfrance.online\/tr\/wp-json\/wp\/v2\/product_cat?post=18189"},{"taxonomy":"product_tag","embeddable":true,"href":"https:\/\/hakmarfrance.online\/tr\/wp-json\/wp\/v2\/product_tag?post=18189"}],"curies":[{"name":"wp","href":"https:\/\/api.w.org\/{rel}","templated":true}]}}