{"id":18193,"date":"2025-06-11T12:04:35","date_gmt":"2025-06-11T12:04:35","guid":{"rendered":"https:\/\/hakmarfrance.online\/produit\/ulker-cafe-crown-3u-1-arada-findik-10-poset-x-18-g\/"},"modified":"2025-06-11T12:04:35","modified_gmt":"2025-06-11T12:04:35","slug":"ulker-cafe-crown-3u-1-arada-findik-10-poset-x-18-g","status":"publish","type":"product","link":"https:\/\/hakmarfrance.online\/tr\/produit\/ulker-cafe-crown-3u-1-arada-findik-10-poset-x-18-g\/","title":{"rendered":"\u00dclker Cafe Crown 3\u2019\u00fc 1 Arada F\u0131nd\u0131k \u2013 10 Po\u015fet x 18 g"},"content":{"rendered":"<p>\u00dclker Cafe Crown 3\u2019\u00fc 1 Arada F\u0131nd\u0131k ile kendine lezzetli bir mola ver. Bu haz\u0131r kahve; kahve, \u015feker ve kremay\u0131 m\u00fckemmel \u015fekilde birle\u015ftirir, lezzetli bir f\u0131nd\u0131k aromas\u0131yla zenginle\u015ftirilmi\u015ftir. 18 g\u2019l\u0131k tek kullan\u0131ml\u0131k po\u015fetleriyle pratiktir; g\u00fcn\u00fcn her an\u0131nda birka\u00e7 saniyede haz\u0131rlan\u0131r ve tatl\u0131 bir keyif sunar. Kutuda 10 stick bulunur.   <\/p>\n","protected":false},"excerpt":{"rendered":"<p>F\u0131nd\u0131k aromal\u0131 3\u2019\u00fc 1 arada haz\u0131r kahve; pratik ve lezzetli. 10 sticklik kutuda.<\/p>\n","protected":false},"featured_media":18170,"comment_status":"open","ping_status":"closed","template":"","meta":{"iawp_total_views":0},"product_brand":[165],"product_cat":[228,225,295],"product_tag":[],"class_list":{"0":"post-18193","1":"product","2":"type-product","3":"status-publish","4":"has-post-thumbnail","6":"product_brand-ulker","7":"product_cat-icecekler","8":"product_cat-tum-urunlerimiz","9":"product_cat-turk-cayi-bitki-caylari","11":"first","12":"instock","13":"shipping-taxable","14":"purchasable","15":"product-type-simple"},"yoast_head":"<!-- This site is optimized with the Yoast SEO plugin v27.3 - https:\/\/yoast.com\/product\/yoast-seo-wordpress\/ -->\n<title>\u00dclker Cafe Crown 3\u2019\u00fc 1 Arada F\u0131nd\u0131k \u2013 10 Po\u015fet x 18 g - hakmarfrance.online<\/title>\n<meta name=\"robots\" content=\"index, follow, max-snippet:-1, max-image-preview:large, max-video-preview:-1\" \/>\n<link rel=\"canonical\" href=\"https:\/\/hakmarfrance.online\/tr\/produit\/ulker-cafe-crown-3u-1-arada-findik-10-poset-x-18-g\/\" \/>\n<meta property=\"og:locale\" content=\"tr_TR\" \/>\n<meta property=\"og:type\" content=\"article\" \/>\n<meta property=\"og:title\" content=\"\u00dclker Cafe Crown 3\u2019\u00fc 1 Arada F\u0131nd\u0131k \u2013 10 Po\u015fet x 18 g - hakmarfrance.online\" \/>\n<meta property=\"og:description\" content=\"F\u0131nd\u0131k aromal\u0131 3\u2019\u00fc 1 arada haz\u0131r kahve; pratik ve lezzetli. 10 sticklik kutuda.\" \/>\n<meta property=\"og:url\" content=\"https:\/\/hakmarfrance.online\/tr\/produit\/ulker-cafe-crown-3u-1-arada-findik-10-poset-x-18-g\/\" \/>\n<meta property=\"og:site_name\" content=\"hakmarfrance.online\" \/>\n<meta property=\"article:publisher\" content=\"https:\/\/www.facebook.com\/HakmarFranceSupermarche\/?locale=fr_FR\" \/>\n<meta property=\"og:image\" content=\"https:\/\/hakmarfrance.online\/wp-content\/uploads\/2025\/06\/ulker-cafe-crown-3en1-noisette-10x18g.png\" \/>\n\t<meta property=\"og:image:width\" content=\"1000\" \/>\n\t<meta property=\"og:image:height\" content=\"800\" \/>\n\t<meta property=\"og:image:type\" content=\"image\/png\" \/>\n<meta name=\"twitter:card\" content=\"summary_large_image\" \/>\n<script type=\"application\/ld+json\" class=\"yoast-schema-graph\">{\"@context\":\"https:\\\/\\\/schema.org\",\"@graph\":[{\"@type\":\"WebPage\",\"@id\":\"https:\\\/\\\/hakmarfrance.online\\\/tr\\\/produit\\\/ulker-cafe-crown-3u-1-arada-findik-10-poset-x-18-g\\\/\",\"url\":\"https:\\\/\\\/hakmarfrance.online\\\/tr\\\/produit\\\/ulker-cafe-crown-3u-1-arada-findik-10-poset-x-18-g\\\/\",\"name\":\"\u00dclker Cafe Crown 3\u2019\u00fc 1 Arada F\u0131nd\u0131k \u2013 10 Po\u015fet x 18 g - hakmarfrance.online\",\"isPartOf\":{\"@id\":\"https:\\\/\\\/hakmarfrance.online\\\/tr\\\/#website\"},\"primaryImageOfPage\":{\"@id\":\"https:\\\/\\\/hakmarfrance.online\\\/tr\\\/produit\\\/ulker-cafe-crown-3u-1-arada-findik-10-poset-x-18-g\\\/#primaryimage\"},\"image\":{\"@id\":\"https:\\\/\\\/hakmarfrance.online\\\/tr\\\/produit\\\/ulker-cafe-crown-3u-1-arada-findik-10-poset-x-18-g\\\/#primaryimage\"},\"thumbnailUrl\":\"https:\\\/\\\/hakmarfrance.online\\\/wp-content\\\/uploads\\\/2025\\\/06\\\/ulker-cafe-crown-3en1-noisette-10x18g.png\",\"datePublished\":\"2025-06-11T12:04:35+00:00\",\"breadcrumb\":{\"@id\":\"https:\\\/\\\/hakmarfrance.online\\\/tr\\\/produit\\\/ulker-cafe-crown-3u-1-arada-findik-10-poset-x-18-g\\\/#breadcrumb\"},\"inLanguage\":\"tr-TR\",\"potentialAction\":[{\"@type\":\"ReadAction\",\"target\":[\"https:\\\/\\\/hakmarfrance.online\\\/tr\\\/produit\\\/ulker-cafe-crown-3u-1-arada-findik-10-poset-x-18-g\\\/\"]}]},{\"@type\":\"ImageObject\",\"inLanguage\":\"tr-TR\",\"@id\":\"https:\\\/\\\/hakmarfrance.online\\\/tr\\\/produit\\\/ulker-cafe-crown-3u-1-arada-findik-10-poset-x-18-g\\\/#primaryimage\",\"url\":\"https:\\\/\\\/hakmarfrance.online\\\/wp-content\\\/uploads\\\/2025\\\/06\\\/ulker-cafe-crown-3en1-noisette-10x18g.png\",\"contentUrl\":\"https:\\\/\\\/hakmarfrance.online\\\/wp-content\\\/uploads\\\/2025\\\/06\\\/ulker-cafe-crown-3en1-noisette-10x18g.png\",\"width\":1000,\"height\":800},{\"@type\":\"BreadcrumbList\",\"@id\":\"https:\\\/\\\/hakmarfrance.online\\\/tr\\\/produit\\\/ulker-cafe-crown-3u-1-arada-findik-10-poset-x-18-g\\\/#breadcrumb\",\"itemListElement\":[{\"@type\":\"ListItem\",\"position\":1,\"name\":\"Accueil\",\"item\":\"https:\\\/\\\/hakmarfrance.online\\\/tr\\\/\"},{\"@type\":\"ListItem\",\"position\":2,\"name\":\"Ma\u011faza\",\"item\":\"https:\\\/\\\/hakmarfrance.online\\\/tr\\\/magaza\\\/\"},{\"@type\":\"ListItem\",\"position\":3,\"name\":\"\u00dclker Cafe Crown 3\u2019\u00fc 1 Arada F\u0131nd\u0131k \u2013 10 Po\u015fet x 18 g\"}]},{\"@type\":\"WebSite\",\"@id\":\"https:\\\/\\\/hakmarfrance.online\\\/tr\\\/#website\",\"url\":\"https:\\\/\\\/hakmarfrance.online\\\/tr\\\/\",\"name\":\"hakmarfrance.online\",\"description\":\"\",\"publisher\":{\"@id\":\"https:\\\/\\\/hakmarfrance.online\\\/tr\\\/#organization\"},\"potentialAction\":[{\"@type\":\"SearchAction\",\"target\":{\"@type\":\"EntryPoint\",\"urlTemplate\":\"https:\\\/\\\/hakmarfrance.online\\\/tr\\\/?s={search_term_string}\"},\"query-input\":{\"@type\":\"PropertyValueSpecification\",\"valueRequired\":true,\"valueName\":\"search_term_string\"}}],\"inLanguage\":\"tr-TR\"},{\"@type\":\"Organization\",\"@id\":\"https:\\\/\\\/hakmarfrance.online\\\/tr\\\/#organization\",\"name\":\"hakmarfrance.online\",\"url\":\"https:\\\/\\\/hakmarfrance.online\\\/tr\\\/\",\"logo\":{\"@type\":\"ImageObject\",\"inLanguage\":\"tr-TR\",\"@id\":\"https:\\\/\\\/hakmarfrance.online\\\/tr\\\/#\\\/schema\\\/logo\\\/image\\\/\",\"url\":\"https:\\\/\\\/hakmarfrance.online\\\/wp-content\\\/uploads\\\/2025\\\/06\\\/logo-hakmarfrance.png\",\"contentUrl\":\"https:\\\/\\\/hakmarfrance.online\\\/wp-content\\\/uploads\\\/2025\\\/06\\\/logo-hakmarfrance.png\",\"width\":528,\"height\":232,\"caption\":\"hakmarfrance.online\"},\"image\":{\"@id\":\"https:\\\/\\\/hakmarfrance.online\\\/tr\\\/#\\\/schema\\\/logo\\\/image\\\/\"},\"sameAs\":[\"https:\\\/\\\/www.facebook.com\\\/HakmarFranceSupermarche\\\/?locale=fr_FR\",\"https:\\\/\\\/www.instagram.com\\\/hakmarfrancesupermarche\\\/\"]}]}<\/script>\n<!-- \/ Yoast SEO plugin. -->","yoast_head_json":{"title":"\u00dclker Cafe Crown 3\u2019\u00fc 1 Arada F\u0131nd\u0131k \u2013 10 Po\u015fet x 18 g - hakmarfrance.online","robots":{"index":"index","follow":"follow","max-snippet":"max-snippet:-1","max-image-preview":"max-image-preview:large","max-video-preview":"max-video-preview:-1"},"canonical":"https:\/\/hakmarfrance.online\/tr\/produit\/ulker-cafe-crown-3u-1-arada-findik-10-poset-x-18-g\/","og_locale":"tr_TR","og_type":"article","og_title":"\u00dclker Cafe Crown 3\u2019\u00fc 1 Arada F\u0131nd\u0131k \u2013 10 Po\u015fet x 18 g - hakmarfrance.online","og_description":"F\u0131nd\u0131k aromal\u0131 3\u2019\u00fc 1 arada haz\u0131r kahve; pratik ve lezzetli. 10 sticklik kutuda.","og_url":"https:\/\/hakmarfrance.online\/tr\/produit\/ulker-cafe-crown-3u-1-arada-findik-10-poset-x-18-g\/","og_site_name":"hakmarfrance.online","article_publisher":"https:\/\/www.facebook.com\/HakmarFranceSupermarche\/?locale=fr_FR","og_image":[{"width":1000,"height":800,"url":"https:\/\/hakmarfrance.online\/wp-content\/uploads\/2025\/06\/ulker-cafe-crown-3en1-noisette-10x18g.png","type":"image\/png"}],"twitter_card":"summary_large_image","schema":{"@context":"https:\/\/schema.org","@graph":[{"@type":"WebPage","@id":"https:\/\/hakmarfrance.online\/tr\/produit\/ulker-cafe-crown-3u-1-arada-findik-10-poset-x-18-g\/","url":"https:\/\/hakmarfrance.online\/tr\/produit\/ulker-cafe-crown-3u-1-arada-findik-10-poset-x-18-g\/","name":"\u00dclker Cafe Crown 3\u2019\u00fc 1 Arada F\u0131nd\u0131k \u2013 10 Po\u015fet x 18 g - hakmarfrance.online","isPartOf":{"@id":"https:\/\/hakmarfrance.online\/tr\/#website"},"primaryImageOfPage":{"@id":"https:\/\/hakmarfrance.online\/tr\/produit\/ulker-cafe-crown-3u-1-arada-findik-10-poset-x-18-g\/#primaryimage"},"image":{"@id":"https:\/\/hakmarfrance.online\/tr\/produit\/ulker-cafe-crown-3u-1-arada-findik-10-poset-x-18-g\/#primaryimage"},"thumbnailUrl":"https:\/\/hakmarfrance.online\/wp-content\/uploads\/2025\/06\/ulker-cafe-crown-3en1-noisette-10x18g.png","datePublished":"2025-06-11T12:04:35+00:00","breadcrumb":{"@id":"https:\/\/hakmarfrance.online\/tr\/produit\/ulker-cafe-crown-3u-1-arada-findik-10-poset-x-18-g\/#breadcrumb"},"inLanguage":"tr-TR","potentialAction":[{"@type":"ReadAction","target":["https:\/\/hakmarfrance.online\/tr\/produit\/ulker-cafe-crown-3u-1-arada-findik-10-poset-x-18-g\/"]}]},{"@type":"ImageObject","inLanguage":"tr-TR","@id":"https:\/\/hakmarfrance.online\/tr\/produit\/ulker-cafe-crown-3u-1-arada-findik-10-poset-x-18-g\/#primaryimage","url":"https:\/\/hakmarfrance.online\/wp-content\/uploads\/2025\/06\/ulker-cafe-crown-3en1-noisette-10x18g.png","contentUrl":"https:\/\/hakmarfrance.online\/wp-content\/uploads\/2025\/06\/ulker-cafe-crown-3en1-noisette-10x18g.png","width":1000,"height":800},{"@type":"BreadcrumbList","@id":"https:\/\/hakmarfrance.online\/tr\/produit\/ulker-cafe-crown-3u-1-arada-findik-10-poset-x-18-g\/#breadcrumb","itemListElement":[{"@type":"ListItem","position":1,"name":"Accueil","item":"https:\/\/hakmarfrance.online\/tr\/"},{"@type":"ListItem","position":2,"name":"Ma\u011faza","item":"https:\/\/hakmarfrance.online\/tr\/magaza\/"},{"@type":"ListItem","position":3,"name":"\u00dclker Cafe Crown 3\u2019\u00fc 1 Arada F\u0131nd\u0131k \u2013 10 Po\u015fet x 18 g"}]},{"@type":"WebSite","@id":"https:\/\/hakmarfrance.online\/tr\/#website","url":"https:\/\/hakmarfrance.online\/tr\/","name":"hakmarfrance.online","description":"","publisher":{"@id":"https:\/\/hakmarfrance.online\/tr\/#organization"},"potentialAction":[{"@type":"SearchAction","target":{"@type":"EntryPoint","urlTemplate":"https:\/\/hakmarfrance.online\/tr\/?s={search_term_string}"},"query-input":{"@type":"PropertyValueSpecification","valueRequired":true,"valueName":"search_term_string"}}],"inLanguage":"tr-TR"},{"@type":"Organization","@id":"https:\/\/hakmarfrance.online\/tr\/#organization","name":"hakmarfrance.online","url":"https:\/\/hakmarfrance.online\/tr\/","logo":{"@type":"ImageObject","inLanguage":"tr-TR","@id":"https:\/\/hakmarfrance.online\/tr\/#\/schema\/logo\/image\/","url":"https:\/\/hakmarfrance.online\/wp-content\/uploads\/2025\/06\/logo-hakmarfrance.png","contentUrl":"https:\/\/hakmarfrance.online\/wp-content\/uploads\/2025\/06\/logo-hakmarfrance.png","width":528,"height":232,"caption":"hakmarfrance.online"},"image":{"@id":"https:\/\/hakmarfrance.online\/tr\/#\/schema\/logo\/image\/"},"sameAs":["https:\/\/www.facebook.com\/HakmarFranceSupermarche\/?locale=fr_FR","https:\/\/www.instagram.com\/hakmarfrancesupermarche\/"]}]}},"_links":{"self":[{"href":"https:\/\/hakmarfrance.online\/tr\/wp-json\/wp\/v2\/product\/18193","targetHints":{"allow":["GET"]}}],"collection":[{"href":"https:\/\/hakmarfrance.online\/tr\/wp-json\/wp\/v2\/product"}],"about":[{"href":"https:\/\/hakmarfrance.online\/tr\/wp-json\/wp\/v2\/types\/product"}],"replies":[{"embeddable":true,"href":"https:\/\/hakmarfrance.online\/tr\/wp-json\/wp\/v2\/comments?post=18193"}],"version-history":[{"count":0,"href":"https:\/\/hakmarfrance.online\/tr\/wp-json\/wp\/v2\/product\/18193\/revisions"}],"wp:featuredmedia":[{"embeddable":true,"href":"https:\/\/hakmarfrance.online\/tr\/wp-json\/wp\/v2\/media\/18170"}],"wp:attachment":[{"href":"https:\/\/hakmarfrance.online\/tr\/wp-json\/wp\/v2\/media?parent=18193"}],"wp:term":[{"taxonomy":"product_brand","embeddable":true,"href":"https:\/\/hakmarfrance.online\/tr\/wp-json\/wp\/v2\/product_brand?post=18193"},{"taxonomy":"product_cat","embeddable":true,"href":"https:\/\/hakmarfrance.online\/tr\/wp-json\/wp\/v2\/product_cat?post=18193"},{"taxonomy":"product_tag","embeddable":true,"href":"https:\/\/hakmarfrance.online\/tr\/wp-json\/wp\/v2\/product_tag?post=18193"}],"curies":[{"name":"wp","href":"https:\/\/api.w.org\/{rel}","templated":true}]}}