{"id":18194,"date":"2025-06-13T10:58:16","date_gmt":"2025-06-13T10:58:16","guid":{"rendered":"https:\/\/hakmarfrance.online\/produit\/kuzu-boyun-halal-kuzu-boyun\/"},"modified":"2025-06-13T10:58:16","modified_gmt":"2025-06-13T10:58:16","slug":"kuzu-boyun-halal-kuzu-boyun","status":"publish","type":"product","link":"https:\/\/hakmarfrance.online\/tr\/produit\/kuzu-boyun-halal-kuzu-boyun\/","title":{"rendered":"Kuzu Boyun Halal \u2013 Kuzu Boyun"},"content":{"rendered":"","protected":false},"excerpt":{"rendered":"<p data-start=\"415\" data-end=\"640\"><strong data-start=\"418\" data-end=\"432\">Kuzu boyun<\/strong> veya <strong data-start=\"437\" data-end=\"459\">halal kuzu boynu<\/strong>, g\u00fcve\u00e7 yemeklerini sevenler i\u00e7in vazge\u00e7ilmez bir par\u00e7ad\u0131r. Lezzet ve do\u011fal jelatin a\u00e7\u0131s\u0131ndan zengin olan bu et, uzun s\u00fcre k\u0131s\u0131k ate\u015fte pi\u015firildikten sonra ola\u011fan\u00fcst\u00fc yumu\u015fak hale gelir. <\/p>\n<p data-start=\"642\" data-end=\"806\">Tajin, g\u00fcve\u00e7, kuskus hatta zengin et sular\u0131 gibi geleneksel tarifler i\u00e7in ideal olan bu c\u00f6mert par\u00e7a, en se\u00e7ici damak zevklerini bile memnun edecektir.<\/p>\n<p data-start=\"808\" data-end=\"934\">\ud83d\udc68\u200d\ud83c\udf73 \u0130pucu: Sevdi\u011fin sebze ve baharatlarla 2-3 saat kaynatmadan \u00f6nce tavada hafif\u00e7e kavur.<\/p>\n<p data-start=\"936\" data-end=\"1112\">\u27a4 <strong data-start=\"938\" data-end=\"990\">%100 Helal Et \u2013 pi\u015firmeye veya dondurmaya haz\u0131r<\/strong><\/p>\n<p data-start=\"1114\" data-end=\"1196\">\ud83d\ude9a <strong data-start=\"1149\" data-end=\"1174\">Mulhouse ve \u00e7evresine<\/strong> h\u0131zl\u0131 eve teslimat \u2013 tazelik garantili.<\/p>\n<p data-start=\"1114\" data-end=\"1196\">\ud83d\udc49 <strong data-start=\"869\" data-end=\"921\">Reyonumuzdaki etler kilogram baz\u0131nda sat\u0131lmaktad\u0131r.<\/strong><\/p>\n","protected":false},"featured_media":18195,"comment_status":"open","ping_status":"closed","template":"","meta":{"iawp_total_views":0},"product_brand":[],"product_cat":[283,296,297,287,225],"product_tag":[],"class_list":{"0":"post-18194","1":"product","2":"type-product","3":"status-publish","4":"has-post-thumbnail","6":"product_cat-et-balik-sarkuteri","7":"product_cat-helal-kasap","8":"product_cat-taze-etler-dana-kuzu-tavuk","9":"product_cat-taze-urunler-sut-urunleri-mandira","10":"product_cat-tum-urunlerimiz","12":"first","13":"instock","14":"shipping-taxable","15":"purchasable","16":"product-type-simple"},"yoast_head":"<!-- This site is optimized with the Yoast SEO plugin v27.3 - https:\/\/yoast.com\/product\/yoast-seo-wordpress\/ -->\n<title>Kuzu Boyun Halal \u2013 Kuzu Boyun - hakmarfrance.online<\/title>\n<meta name=\"robots\" content=\"index, follow, max-snippet:-1, max-image-preview:large, max-video-preview:-1\" \/>\n<link rel=\"canonical\" href=\"https:\/\/hakmarfrance.online\/tr\/produit\/kuzu-boyun-halal-kuzu-boyun\/\" \/>\n<meta property=\"og:locale\" content=\"tr_TR\" \/>\n<meta property=\"og:type\" content=\"article\" \/>\n<meta property=\"og:title\" content=\"Kuzu Boyun Halal \u2013 Kuzu Boyun - hakmarfrance.online\" \/>\n<meta property=\"og:description\" content=\"Kuzu boyun veya halal kuzu boynu, g\u00fcve\u00e7 yemeklerini sevenler i\u00e7in vazge\u00e7ilmez bir par\u00e7ad\u0131r. Lezzet ve do\u011fal jelatin a\u00e7\u0131s\u0131ndan zengin olan bu et, uzun s\u00fcre k\u0131s\u0131k ate\u015fte pi\u015firildikten sonra ola\u011fan\u00fcst\u00fc yumu\u015fak hale gelir. Tajin, g\u00fcve\u00e7, kuskus hatta zengin et sular\u0131 gibi geleneksel tarifler i\u00e7in ideal olan bu c\u00f6mert par\u00e7a, en se\u00e7ici damak zevklerini bile memnun edecektir. \ud83d\udc68\u200d\ud83c\udf73 \u0130pucu: Sevdi\u011fin sebze ve baharatlarla 2-3 saat kaynatmadan \u00f6nce tavada hafif\u00e7e kavur. \u27a4 %100 Helal Et \u2013 pi\u015firmeye veya dondurmaya haz\u0131r \ud83d\ude9a Mulhouse ve \u00e7evresine h\u0131zl\u0131 eve teslimat \u2013 tazelik garantili. \ud83d\udc49 Reyonumuzdaki etler kilogram baz\u0131nda sat\u0131lmaktad\u0131r.\" \/>\n<meta property=\"og:url\" content=\"https:\/\/hakmarfrance.online\/tr\/produit\/kuzu-boyun-halal-kuzu-boyun\/\" \/>\n<meta property=\"og:site_name\" content=\"hakmarfrance.online\" \/>\n<meta property=\"article:publisher\" content=\"https:\/\/www.facebook.com\/HakmarFranceSupermarche\/?locale=fr_FR\" \/>\n<meta property=\"og:image\" content=\"https:\/\/hakmarfrance.online\/wp-content\/uploads\/2025\/06\/cou-dagneau-kuzu-boyun-halal.jpg\" \/>\n\t<meta property=\"og:image:width\" content=\"500\" \/>\n\t<meta property=\"og:image:height\" content=\"500\" \/>\n\t<meta property=\"og:image:type\" content=\"image\/jpeg\" \/>\n<meta name=\"twitter:card\" content=\"summary_large_image\" \/>\n<script type=\"application\/ld+json\" class=\"yoast-schema-graph\">{\"@context\":\"https:\\\/\\\/schema.org\",\"@graph\":[{\"@type\":\"WebPage\",\"@id\":\"https:\\\/\\\/hakmarfrance.online\\\/tr\\\/produit\\\/kuzu-boyun-halal-kuzu-boyun\\\/\",\"url\":\"https:\\\/\\\/hakmarfrance.online\\\/tr\\\/produit\\\/kuzu-boyun-halal-kuzu-boyun\\\/\",\"name\":\"Kuzu Boyun Halal \u2013 Kuzu Boyun - hakmarfrance.online\",\"isPartOf\":{\"@id\":\"https:\\\/\\\/hakmarfrance.online\\\/tr\\\/#website\"},\"primaryImageOfPage\":{\"@id\":\"https:\\\/\\\/hakmarfrance.online\\\/tr\\\/produit\\\/kuzu-boyun-halal-kuzu-boyun\\\/#primaryimage\"},\"image\":{\"@id\":\"https:\\\/\\\/hakmarfrance.online\\\/tr\\\/produit\\\/kuzu-boyun-halal-kuzu-boyun\\\/#primaryimage\"},\"thumbnailUrl\":\"https:\\\/\\\/hakmarfrance.online\\\/wp-content\\\/uploads\\\/2025\\\/06\\\/cou-dagneau-kuzu-boyun-halal.jpg\",\"datePublished\":\"2025-06-13T10:58:16+00:00\",\"breadcrumb\":{\"@id\":\"https:\\\/\\\/hakmarfrance.online\\\/tr\\\/produit\\\/kuzu-boyun-halal-kuzu-boyun\\\/#breadcrumb\"},\"inLanguage\":\"tr-TR\",\"potentialAction\":[{\"@type\":\"ReadAction\",\"target\":[\"https:\\\/\\\/hakmarfrance.online\\\/tr\\\/produit\\\/kuzu-boyun-halal-kuzu-boyun\\\/\"]}]},{\"@type\":\"ImageObject\",\"inLanguage\":\"tr-TR\",\"@id\":\"https:\\\/\\\/hakmarfrance.online\\\/tr\\\/produit\\\/kuzu-boyun-halal-kuzu-boyun\\\/#primaryimage\",\"url\":\"https:\\\/\\\/hakmarfrance.online\\\/wp-content\\\/uploads\\\/2025\\\/06\\\/cou-dagneau-kuzu-boyun-halal.jpg\",\"contentUrl\":\"https:\\\/\\\/hakmarfrance.online\\\/wp-content\\\/uploads\\\/2025\\\/06\\\/cou-dagneau-kuzu-boyun-halal.jpg\",\"width\":500,\"height\":500},{\"@type\":\"BreadcrumbList\",\"@id\":\"https:\\\/\\\/hakmarfrance.online\\\/tr\\\/produit\\\/kuzu-boyun-halal-kuzu-boyun\\\/#breadcrumb\",\"itemListElement\":[{\"@type\":\"ListItem\",\"position\":1,\"name\":\"Accueil\",\"item\":\"https:\\\/\\\/hakmarfrance.online\\\/tr\\\/\"},{\"@type\":\"ListItem\",\"position\":2,\"name\":\"Ma\u011faza\",\"item\":\"https:\\\/\\\/hakmarfrance.online\\\/tr\\\/magaza\\\/\"},{\"@type\":\"ListItem\",\"position\":3,\"name\":\"Kuzu Boyun Halal \u2013 Kuzu Boyun\"}]},{\"@type\":\"WebSite\",\"@id\":\"https:\\\/\\\/hakmarfrance.online\\\/tr\\\/#website\",\"url\":\"https:\\\/\\\/hakmarfrance.online\\\/tr\\\/\",\"name\":\"hakmarfrance.online\",\"description\":\"\",\"publisher\":{\"@id\":\"https:\\\/\\\/hakmarfrance.online\\\/tr\\\/#organization\"},\"potentialAction\":[{\"@type\":\"SearchAction\",\"target\":{\"@type\":\"EntryPoint\",\"urlTemplate\":\"https:\\\/\\\/hakmarfrance.online\\\/tr\\\/?s={search_term_string}\"},\"query-input\":{\"@type\":\"PropertyValueSpecification\",\"valueRequired\":true,\"valueName\":\"search_term_string\"}}],\"inLanguage\":\"tr-TR\"},{\"@type\":\"Organization\",\"@id\":\"https:\\\/\\\/hakmarfrance.online\\\/tr\\\/#organization\",\"name\":\"hakmarfrance.online\",\"url\":\"https:\\\/\\\/hakmarfrance.online\\\/tr\\\/\",\"logo\":{\"@type\":\"ImageObject\",\"inLanguage\":\"tr-TR\",\"@id\":\"https:\\\/\\\/hakmarfrance.online\\\/tr\\\/#\\\/schema\\\/logo\\\/image\\\/\",\"url\":\"https:\\\/\\\/hakmarfrance.online\\\/wp-content\\\/uploads\\\/2025\\\/06\\\/logo-hakmarfrance.png\",\"contentUrl\":\"https:\\\/\\\/hakmarfrance.online\\\/wp-content\\\/uploads\\\/2025\\\/06\\\/logo-hakmarfrance.png\",\"width\":528,\"height\":232,\"caption\":\"hakmarfrance.online\"},\"image\":{\"@id\":\"https:\\\/\\\/hakmarfrance.online\\\/tr\\\/#\\\/schema\\\/logo\\\/image\\\/\"},\"sameAs\":[\"https:\\\/\\\/www.facebook.com\\\/HakmarFranceSupermarche\\\/?locale=fr_FR\",\"https:\\\/\\\/www.instagram.com\\\/hakmarfrancesupermarche\\\/\"]}]}<\/script>\n<!-- \/ Yoast SEO plugin. -->","yoast_head_json":{"title":"Kuzu Boyun Halal \u2013 Kuzu Boyun - hakmarfrance.online","robots":{"index":"index","follow":"follow","max-snippet":"max-snippet:-1","max-image-preview":"max-image-preview:large","max-video-preview":"max-video-preview:-1"},"canonical":"https:\/\/hakmarfrance.online\/tr\/produit\/kuzu-boyun-halal-kuzu-boyun\/","og_locale":"tr_TR","og_type":"article","og_title":"Kuzu Boyun Halal \u2013 Kuzu Boyun - hakmarfrance.online","og_description":"Kuzu boyun veya halal kuzu boynu, g\u00fcve\u00e7 yemeklerini sevenler i\u00e7in vazge\u00e7ilmez bir par\u00e7ad\u0131r. Lezzet ve do\u011fal jelatin a\u00e7\u0131s\u0131ndan zengin olan bu et, uzun s\u00fcre k\u0131s\u0131k ate\u015fte pi\u015firildikten sonra ola\u011fan\u00fcst\u00fc yumu\u015fak hale gelir. Tajin, g\u00fcve\u00e7, kuskus hatta zengin et sular\u0131 gibi geleneksel tarifler i\u00e7in ideal olan bu c\u00f6mert par\u00e7a, en se\u00e7ici damak zevklerini bile memnun edecektir. \ud83d\udc68\u200d\ud83c\udf73 \u0130pucu: Sevdi\u011fin sebze ve baharatlarla 2-3 saat kaynatmadan \u00f6nce tavada hafif\u00e7e kavur. \u27a4 %100 Helal Et \u2013 pi\u015firmeye veya dondurmaya haz\u0131r \ud83d\ude9a Mulhouse ve \u00e7evresine h\u0131zl\u0131 eve teslimat \u2013 tazelik garantili. \ud83d\udc49 Reyonumuzdaki etler kilogram baz\u0131nda sat\u0131lmaktad\u0131r.","og_url":"https:\/\/hakmarfrance.online\/tr\/produit\/kuzu-boyun-halal-kuzu-boyun\/","og_site_name":"hakmarfrance.online","article_publisher":"https:\/\/www.facebook.com\/HakmarFranceSupermarche\/?locale=fr_FR","og_image":[{"width":500,"height":500,"url":"https:\/\/hakmarfrance.online\/wp-content\/uploads\/2025\/06\/cou-dagneau-kuzu-boyun-halal.jpg","type":"image\/jpeg"}],"twitter_card":"summary_large_image","schema":{"@context":"https:\/\/schema.org","@graph":[{"@type":"WebPage","@id":"https:\/\/hakmarfrance.online\/tr\/produit\/kuzu-boyun-halal-kuzu-boyun\/","url":"https:\/\/hakmarfrance.online\/tr\/produit\/kuzu-boyun-halal-kuzu-boyun\/","name":"Kuzu Boyun Halal \u2013 Kuzu Boyun - hakmarfrance.online","isPartOf":{"@id":"https:\/\/hakmarfrance.online\/tr\/#website"},"primaryImageOfPage":{"@id":"https:\/\/hakmarfrance.online\/tr\/produit\/kuzu-boyun-halal-kuzu-boyun\/#primaryimage"},"image":{"@id":"https:\/\/hakmarfrance.online\/tr\/produit\/kuzu-boyun-halal-kuzu-boyun\/#primaryimage"},"thumbnailUrl":"https:\/\/hakmarfrance.online\/wp-content\/uploads\/2025\/06\/cou-dagneau-kuzu-boyun-halal.jpg","datePublished":"2025-06-13T10:58:16+00:00","breadcrumb":{"@id":"https:\/\/hakmarfrance.online\/tr\/produit\/kuzu-boyun-halal-kuzu-boyun\/#breadcrumb"},"inLanguage":"tr-TR","potentialAction":[{"@type":"ReadAction","target":["https:\/\/hakmarfrance.online\/tr\/produit\/kuzu-boyun-halal-kuzu-boyun\/"]}]},{"@type":"ImageObject","inLanguage":"tr-TR","@id":"https:\/\/hakmarfrance.online\/tr\/produit\/kuzu-boyun-halal-kuzu-boyun\/#primaryimage","url":"https:\/\/hakmarfrance.online\/wp-content\/uploads\/2025\/06\/cou-dagneau-kuzu-boyun-halal.jpg","contentUrl":"https:\/\/hakmarfrance.online\/wp-content\/uploads\/2025\/06\/cou-dagneau-kuzu-boyun-halal.jpg","width":500,"height":500},{"@type":"BreadcrumbList","@id":"https:\/\/hakmarfrance.online\/tr\/produit\/kuzu-boyun-halal-kuzu-boyun\/#breadcrumb","itemListElement":[{"@type":"ListItem","position":1,"name":"Accueil","item":"https:\/\/hakmarfrance.online\/tr\/"},{"@type":"ListItem","position":2,"name":"Ma\u011faza","item":"https:\/\/hakmarfrance.online\/tr\/magaza\/"},{"@type":"ListItem","position":3,"name":"Kuzu Boyun Halal \u2013 Kuzu Boyun"}]},{"@type":"WebSite","@id":"https:\/\/hakmarfrance.online\/tr\/#website","url":"https:\/\/hakmarfrance.online\/tr\/","name":"hakmarfrance.online","description":"","publisher":{"@id":"https:\/\/hakmarfrance.online\/tr\/#organization"},"potentialAction":[{"@type":"SearchAction","target":{"@type":"EntryPoint","urlTemplate":"https:\/\/hakmarfrance.online\/tr\/?s={search_term_string}"},"query-input":{"@type":"PropertyValueSpecification","valueRequired":true,"valueName":"search_term_string"}}],"inLanguage":"tr-TR"},{"@type":"Organization","@id":"https:\/\/hakmarfrance.online\/tr\/#organization","name":"hakmarfrance.online","url":"https:\/\/hakmarfrance.online\/tr\/","logo":{"@type":"ImageObject","inLanguage":"tr-TR","@id":"https:\/\/hakmarfrance.online\/tr\/#\/schema\/logo\/image\/","url":"https:\/\/hakmarfrance.online\/wp-content\/uploads\/2025\/06\/logo-hakmarfrance.png","contentUrl":"https:\/\/hakmarfrance.online\/wp-content\/uploads\/2025\/06\/logo-hakmarfrance.png","width":528,"height":232,"caption":"hakmarfrance.online"},"image":{"@id":"https:\/\/hakmarfrance.online\/tr\/#\/schema\/logo\/image\/"},"sameAs":["https:\/\/www.facebook.com\/HakmarFranceSupermarche\/?locale=fr_FR","https:\/\/www.instagram.com\/hakmarfrancesupermarche\/"]}]}},"_links":{"self":[{"href":"https:\/\/hakmarfrance.online\/tr\/wp-json\/wp\/v2\/product\/18194","targetHints":{"allow":["GET"]}}],"collection":[{"href":"https:\/\/hakmarfrance.online\/tr\/wp-json\/wp\/v2\/product"}],"about":[{"href":"https:\/\/hakmarfrance.online\/tr\/wp-json\/wp\/v2\/types\/product"}],"replies":[{"embeddable":true,"href":"https:\/\/hakmarfrance.online\/tr\/wp-json\/wp\/v2\/comments?post=18194"}],"version-history":[{"count":0,"href":"https:\/\/hakmarfrance.online\/tr\/wp-json\/wp\/v2\/product\/18194\/revisions"}],"wp:featuredmedia":[{"embeddable":true,"href":"https:\/\/hakmarfrance.online\/tr\/wp-json\/wp\/v2\/media\/18195"}],"wp:attachment":[{"href":"https:\/\/hakmarfrance.online\/tr\/wp-json\/wp\/v2\/media?parent=18194"}],"wp:term":[{"taxonomy":"product_brand","embeddable":true,"href":"https:\/\/hakmarfrance.online\/tr\/wp-json\/wp\/v2\/product_brand?post=18194"},{"taxonomy":"product_cat","embeddable":true,"href":"https:\/\/hakmarfrance.online\/tr\/wp-json\/wp\/v2\/product_cat?post=18194"},{"taxonomy":"product_tag","embeddable":true,"href":"https:\/\/hakmarfrance.online\/tr\/wp-json\/wp\/v2\/product_tag?post=18194"}],"curies":[{"name":"wp","href":"https:\/\/api.w.org\/{rel}","templated":true}]}}