{"id":18201,"date":"2025-07-04T20:56:11","date_gmt":"2025-07-04T20:56:11","guid":{"rendered":"https:\/\/hakmarfrance.online\/produit\/ayran-destan-tuzlu-sut-icecegi-250-ml\/"},"modified":"2025-07-04T20:56:11","modified_gmt":"2025-07-04T20:56:11","slug":"ayran-destan-tuzlu-sut-icecegi-250-ml","status":"publish","type":"product","link":"https:\/\/hakmarfrance.online\/tr\/produit\/ayran-destan-tuzlu-sut-icecegi-250-ml\/","title":{"rendered":"Ayran Destan &#8211; Tuzlu S\u00fct \u0130\u00e7ece\u011fi 250 ml"},"content":{"rendered":"","protected":false},"excerpt":{"rendered":"<p data-start=\"319\" data-end=\"582\"><strong data-start=\"359\" data-end=\"381\">Ayran Destan \u00c7oban<\/strong>&#8216;\u0131n otantik ferahl\u0131\u011f\u0131n\u0131 ke\u015ffedin. Yo\u011furt, su ve tuzdan yap\u0131lan geleneksel T\u00fcrk i\u00e7ece\u011fi. M\u00fckemmel dengelenmi\u015f ve ferahlat\u0131c\u0131 bu s\u00fct i\u00e7ece\u011fi, yemeklerinize e\u015flik etmek veya sa\u011fl\u0131kl\u0131 bir \u015fekilde serinlemek i\u00e7in idealdir. <\/p>\n<p data-start=\"584\" data-end=\"736\">\u2714\ufe0f Yumu\u015fak ve hafif tuzlu tat<br data-start=\"615\" data-end=\"618\">\u2714\ufe0f Do\u011fal probiyotikler a\u00e7\u0131s\u0131ndan zengin<br data-start=\"651\" data-end=\"654\">\u2714\ufe0f Kremsi doku, so\u011fuk servis<br data-start=\"694\" data-end=\"697\">\u2714\ufe0f 250 ml, pratik ta\u015f\u0131nabilir format<\/p>\n<p data-start=\"738\" data-end=\"869\"><strong data-start=\"740\" data-end=\"756\">Destan ayran\u0131<\/strong>, modern formatta \u00e7oban gelene\u011fi, en iyi deneyim i\u00e7in <strong data-start=\"830\" data-end=\"839\">so\u011fuk<\/strong> i\u00e7ilmelidir.<\/p>\n","protected":false},"featured_media":18203,"comment_status":"open","ping_status":"closed","template":"","meta":{"iawp_total_views":0},"product_brand":[192],"product_cat":[314,228,225],"product_tag":[],"class_list":{"0":"post-18201","1":"product","2":"type-product","3":"status-publish","4":"has-post-thumbnail","6":"product_brand-destan","7":"product_cat-ayran-turk-icecegi","8":"product_cat-icecekler","9":"product_cat-tum-urunlerimiz","11":"first","12":"instock","13":"shipping-taxable","14":"purchasable","15":"product-type-simple"},"yoast_head":"<!-- This site is optimized with the Yoast SEO plugin v27.3 - https:\/\/yoast.com\/product\/yoast-seo-wordpress\/ -->\n<title>Ayran Destan - Tuzlu S\u00fct \u0130\u00e7ece\u011fi 250 ml - hakmarfrance.online<\/title>\n<meta name=\"robots\" content=\"index, follow, max-snippet:-1, max-image-preview:large, max-video-preview:-1\" \/>\n<link rel=\"canonical\" href=\"https:\/\/hakmarfrance.online\/tr\/produit\/ayran-destan-tuzlu-sut-icecegi-250-ml\/\" \/>\n<meta property=\"og:locale\" content=\"tr_TR\" \/>\n<meta property=\"og:type\" content=\"article\" \/>\n<meta property=\"og:title\" content=\"Ayran Destan - Tuzlu S\u00fct \u0130\u00e7ece\u011fi 250 ml - hakmarfrance.online\" \/>\n<meta property=\"og:description\" content=\"Ayran Destan \u00c7oban&#039;\u0131n otantik ferahl\u0131\u011f\u0131n\u0131 ke\u015ffedin. Yo\u011furt, su ve tuzdan yap\u0131lan geleneksel T\u00fcrk i\u00e7ece\u011fi. M\u00fckemmel dengelenmi\u015f ve ferahlat\u0131c\u0131 bu s\u00fct i\u00e7ece\u011fi, yemeklerinize e\u015flik etmek veya sa\u011fl\u0131kl\u0131 bir \u015fekilde serinlemek i\u00e7in idealdir. \u2714\ufe0f Yumu\u015fak ve hafif tuzlu tat\u2714\ufe0f Do\u011fal probiyotikler a\u00e7\u0131s\u0131ndan zengin\u2714\ufe0f Kremsi doku, so\u011fuk servis\u2714\ufe0f 250 ml, pratik ta\u015f\u0131nabilir format Destan ayran\u0131, modern formatta \u00e7oban gelene\u011fi, en iyi deneyim i\u00e7in so\u011fuk i\u00e7ilmelidir.\" \/>\n<meta property=\"og:url\" content=\"https:\/\/hakmarfrance.online\/tr\/produit\/ayran-destan-tuzlu-sut-icecegi-250-ml\/\" \/>\n<meta property=\"og:site_name\" content=\"hakmarfrance.online\" \/>\n<meta property=\"article:publisher\" content=\"https:\/\/www.facebook.com\/HakmarFranceSupermarche\/?locale=fr_FR\" \/>\n<meta property=\"og:image\" content=\"https:\/\/hakmarfrance.online\/wp-content\/uploads\/2025\/07\/ayran-destan-coban-250ml.avif\" \/>\n\t<meta property=\"og:image:width\" content=\"1000\" \/>\n\t<meta property=\"og:image:height\" content=\"800\" \/>\n\t<meta property=\"og:image:type\" content=\"image\/png\" \/>\n<meta name=\"twitter:card\" content=\"summary_large_image\" \/>\n<script type=\"application\/ld+json\" class=\"yoast-schema-graph\">{\"@context\":\"https:\\\/\\\/schema.org\",\"@graph\":[{\"@type\":\"WebPage\",\"@id\":\"https:\\\/\\\/hakmarfrance.online\\\/tr\\\/produit\\\/ayran-destan-tuzlu-sut-icecegi-250-ml\\\/\",\"url\":\"https:\\\/\\\/hakmarfrance.online\\\/tr\\\/produit\\\/ayran-destan-tuzlu-sut-icecegi-250-ml\\\/\",\"name\":\"Ayran Destan - Tuzlu S\u00fct \u0130\u00e7ece\u011fi 250 ml - hakmarfrance.online\",\"isPartOf\":{\"@id\":\"https:\\\/\\\/hakmarfrance.online\\\/tr\\\/#website\"},\"primaryImageOfPage\":{\"@id\":\"https:\\\/\\\/hakmarfrance.online\\\/tr\\\/produit\\\/ayran-destan-tuzlu-sut-icecegi-250-ml\\\/#primaryimage\"},\"image\":{\"@id\":\"https:\\\/\\\/hakmarfrance.online\\\/tr\\\/produit\\\/ayran-destan-tuzlu-sut-icecegi-250-ml\\\/#primaryimage\"},\"thumbnailUrl\":\"https:\\\/\\\/hakmarfrance.online\\\/wp-content\\\/uploads\\\/2025\\\/07\\\/ayran-destan-coban-250ml.avif\",\"datePublished\":\"2025-07-04T20:56:11+00:00\",\"breadcrumb\":{\"@id\":\"https:\\\/\\\/hakmarfrance.online\\\/tr\\\/produit\\\/ayran-destan-tuzlu-sut-icecegi-250-ml\\\/#breadcrumb\"},\"inLanguage\":\"tr-TR\",\"potentialAction\":[{\"@type\":\"ReadAction\",\"target\":[\"https:\\\/\\\/hakmarfrance.online\\\/tr\\\/produit\\\/ayran-destan-tuzlu-sut-icecegi-250-ml\\\/\"]}]},{\"@type\":\"ImageObject\",\"inLanguage\":\"tr-TR\",\"@id\":\"https:\\\/\\\/hakmarfrance.online\\\/tr\\\/produit\\\/ayran-destan-tuzlu-sut-icecegi-250-ml\\\/#primaryimage\",\"url\":\"https:\\\/\\\/hakmarfrance.online\\\/wp-content\\\/uploads\\\/2025\\\/07\\\/ayran-destan-coban-250ml.avif\",\"contentUrl\":\"https:\\\/\\\/hakmarfrance.online\\\/wp-content\\\/uploads\\\/2025\\\/07\\\/ayran-destan-coban-250ml.avif\",\"width\":1000,\"height\":800,\"caption\":\"Ayran \u00c7oban Destan - 250 ml, ferahlat\u0131c\u0131 T\u00fcrk yo\u011furt i\u00e7ece\u011fi\"},{\"@type\":\"BreadcrumbList\",\"@id\":\"https:\\\/\\\/hakmarfrance.online\\\/tr\\\/produit\\\/ayran-destan-tuzlu-sut-icecegi-250-ml\\\/#breadcrumb\",\"itemListElement\":[{\"@type\":\"ListItem\",\"position\":1,\"name\":\"Accueil\",\"item\":\"https:\\\/\\\/hakmarfrance.online\\\/tr\\\/\"},{\"@type\":\"ListItem\",\"position\":2,\"name\":\"Ma\u011faza\",\"item\":\"https:\\\/\\\/hakmarfrance.online\\\/tr\\\/magaza\\\/\"},{\"@type\":\"ListItem\",\"position\":3,\"name\":\"Ayran Destan &#8211; Tuzlu S\u00fct \u0130\u00e7ece\u011fi 250 ml\"}]},{\"@type\":\"WebSite\",\"@id\":\"https:\\\/\\\/hakmarfrance.online\\\/tr\\\/#website\",\"url\":\"https:\\\/\\\/hakmarfrance.online\\\/tr\\\/\",\"name\":\"hakmarfrance.online\",\"description\":\"\",\"publisher\":{\"@id\":\"https:\\\/\\\/hakmarfrance.online\\\/tr\\\/#organization\"},\"potentialAction\":[{\"@type\":\"SearchAction\",\"target\":{\"@type\":\"EntryPoint\",\"urlTemplate\":\"https:\\\/\\\/hakmarfrance.online\\\/tr\\\/?s={search_term_string}\"},\"query-input\":{\"@type\":\"PropertyValueSpecification\",\"valueRequired\":true,\"valueName\":\"search_term_string\"}}],\"inLanguage\":\"tr-TR\"},{\"@type\":\"Organization\",\"@id\":\"https:\\\/\\\/hakmarfrance.online\\\/tr\\\/#organization\",\"name\":\"hakmarfrance.online\",\"url\":\"https:\\\/\\\/hakmarfrance.online\\\/tr\\\/\",\"logo\":{\"@type\":\"ImageObject\",\"inLanguage\":\"tr-TR\",\"@id\":\"https:\\\/\\\/hakmarfrance.online\\\/tr\\\/#\\\/schema\\\/logo\\\/image\\\/\",\"url\":\"https:\\\/\\\/hakmarfrance.online\\\/wp-content\\\/uploads\\\/2025\\\/06\\\/logo-hakmarfrance.png\",\"contentUrl\":\"https:\\\/\\\/hakmarfrance.online\\\/wp-content\\\/uploads\\\/2025\\\/06\\\/logo-hakmarfrance.png\",\"width\":528,\"height\":232,\"caption\":\"hakmarfrance.online\"},\"image\":{\"@id\":\"https:\\\/\\\/hakmarfrance.online\\\/tr\\\/#\\\/schema\\\/logo\\\/image\\\/\"},\"sameAs\":[\"https:\\\/\\\/www.facebook.com\\\/HakmarFranceSupermarche\\\/?locale=fr_FR\",\"https:\\\/\\\/www.instagram.com\\\/hakmarfrancesupermarche\\\/\"]}]}<\/script>\n<!-- \/ Yoast SEO plugin. -->","yoast_head_json":{"title":"Ayran Destan - Tuzlu S\u00fct \u0130\u00e7ece\u011fi 250 ml - hakmarfrance.online","robots":{"index":"index","follow":"follow","max-snippet":"max-snippet:-1","max-image-preview":"max-image-preview:large","max-video-preview":"max-video-preview:-1"},"canonical":"https:\/\/hakmarfrance.online\/tr\/produit\/ayran-destan-tuzlu-sut-icecegi-250-ml\/","og_locale":"tr_TR","og_type":"article","og_title":"Ayran Destan - Tuzlu S\u00fct \u0130\u00e7ece\u011fi 250 ml - hakmarfrance.online","og_description":"Ayran Destan \u00c7oban'\u0131n otantik ferahl\u0131\u011f\u0131n\u0131 ke\u015ffedin. Yo\u011furt, su ve tuzdan yap\u0131lan geleneksel T\u00fcrk i\u00e7ece\u011fi. M\u00fckemmel dengelenmi\u015f ve ferahlat\u0131c\u0131 bu s\u00fct i\u00e7ece\u011fi, yemeklerinize e\u015flik etmek veya sa\u011fl\u0131kl\u0131 bir \u015fekilde serinlemek i\u00e7in idealdir. \u2714\ufe0f Yumu\u015fak ve hafif tuzlu tat\u2714\ufe0f Do\u011fal probiyotikler a\u00e7\u0131s\u0131ndan zengin\u2714\ufe0f Kremsi doku, so\u011fuk servis\u2714\ufe0f 250 ml, pratik ta\u015f\u0131nabilir format Destan ayran\u0131, modern formatta \u00e7oban gelene\u011fi, en iyi deneyim i\u00e7in so\u011fuk i\u00e7ilmelidir.","og_url":"https:\/\/hakmarfrance.online\/tr\/produit\/ayran-destan-tuzlu-sut-icecegi-250-ml\/","og_site_name":"hakmarfrance.online","article_publisher":"https:\/\/www.facebook.com\/HakmarFranceSupermarche\/?locale=fr_FR","og_image":[{"width":1000,"height":800,"url":"https:\/\/hakmarfrance.online\/wp-content\/uploads\/2025\/07\/ayran-destan-coban-250ml.avif","type":"image\/png"}],"twitter_card":"summary_large_image","schema":{"@context":"https:\/\/schema.org","@graph":[{"@type":"WebPage","@id":"https:\/\/hakmarfrance.online\/tr\/produit\/ayran-destan-tuzlu-sut-icecegi-250-ml\/","url":"https:\/\/hakmarfrance.online\/tr\/produit\/ayran-destan-tuzlu-sut-icecegi-250-ml\/","name":"Ayran Destan - Tuzlu S\u00fct \u0130\u00e7ece\u011fi 250 ml - hakmarfrance.online","isPartOf":{"@id":"https:\/\/hakmarfrance.online\/tr\/#website"},"primaryImageOfPage":{"@id":"https:\/\/hakmarfrance.online\/tr\/produit\/ayran-destan-tuzlu-sut-icecegi-250-ml\/#primaryimage"},"image":{"@id":"https:\/\/hakmarfrance.online\/tr\/produit\/ayran-destan-tuzlu-sut-icecegi-250-ml\/#primaryimage"},"thumbnailUrl":"https:\/\/hakmarfrance.online\/wp-content\/uploads\/2025\/07\/ayran-destan-coban-250ml.avif","datePublished":"2025-07-04T20:56:11+00:00","breadcrumb":{"@id":"https:\/\/hakmarfrance.online\/tr\/produit\/ayran-destan-tuzlu-sut-icecegi-250-ml\/#breadcrumb"},"inLanguage":"tr-TR","potentialAction":[{"@type":"ReadAction","target":["https:\/\/hakmarfrance.online\/tr\/produit\/ayran-destan-tuzlu-sut-icecegi-250-ml\/"]}]},{"@type":"ImageObject","inLanguage":"tr-TR","@id":"https:\/\/hakmarfrance.online\/tr\/produit\/ayran-destan-tuzlu-sut-icecegi-250-ml\/#primaryimage","url":"https:\/\/hakmarfrance.online\/wp-content\/uploads\/2025\/07\/ayran-destan-coban-250ml.avif","contentUrl":"https:\/\/hakmarfrance.online\/wp-content\/uploads\/2025\/07\/ayran-destan-coban-250ml.avif","width":1000,"height":800,"caption":"Ayran \u00c7oban Destan - 250 ml, ferahlat\u0131c\u0131 T\u00fcrk yo\u011furt i\u00e7ece\u011fi"},{"@type":"BreadcrumbList","@id":"https:\/\/hakmarfrance.online\/tr\/produit\/ayran-destan-tuzlu-sut-icecegi-250-ml\/#breadcrumb","itemListElement":[{"@type":"ListItem","position":1,"name":"Accueil","item":"https:\/\/hakmarfrance.online\/tr\/"},{"@type":"ListItem","position":2,"name":"Ma\u011faza","item":"https:\/\/hakmarfrance.online\/tr\/magaza\/"},{"@type":"ListItem","position":3,"name":"Ayran Destan &#8211; Tuzlu S\u00fct \u0130\u00e7ece\u011fi 250 ml"}]},{"@type":"WebSite","@id":"https:\/\/hakmarfrance.online\/tr\/#website","url":"https:\/\/hakmarfrance.online\/tr\/","name":"hakmarfrance.online","description":"","publisher":{"@id":"https:\/\/hakmarfrance.online\/tr\/#organization"},"potentialAction":[{"@type":"SearchAction","target":{"@type":"EntryPoint","urlTemplate":"https:\/\/hakmarfrance.online\/tr\/?s={search_term_string}"},"query-input":{"@type":"PropertyValueSpecification","valueRequired":true,"valueName":"search_term_string"}}],"inLanguage":"tr-TR"},{"@type":"Organization","@id":"https:\/\/hakmarfrance.online\/tr\/#organization","name":"hakmarfrance.online","url":"https:\/\/hakmarfrance.online\/tr\/","logo":{"@type":"ImageObject","inLanguage":"tr-TR","@id":"https:\/\/hakmarfrance.online\/tr\/#\/schema\/logo\/image\/","url":"https:\/\/hakmarfrance.online\/wp-content\/uploads\/2025\/06\/logo-hakmarfrance.png","contentUrl":"https:\/\/hakmarfrance.online\/wp-content\/uploads\/2025\/06\/logo-hakmarfrance.png","width":528,"height":232,"caption":"hakmarfrance.online"},"image":{"@id":"https:\/\/hakmarfrance.online\/tr\/#\/schema\/logo\/image\/"},"sameAs":["https:\/\/www.facebook.com\/HakmarFranceSupermarche\/?locale=fr_FR","https:\/\/www.instagram.com\/hakmarfrancesupermarche\/"]}]}},"_links":{"self":[{"href":"https:\/\/hakmarfrance.online\/tr\/wp-json\/wp\/v2\/product\/18201","targetHints":{"allow":["GET"]}}],"collection":[{"href":"https:\/\/hakmarfrance.online\/tr\/wp-json\/wp\/v2\/product"}],"about":[{"href":"https:\/\/hakmarfrance.online\/tr\/wp-json\/wp\/v2\/types\/product"}],"replies":[{"embeddable":true,"href":"https:\/\/hakmarfrance.online\/tr\/wp-json\/wp\/v2\/comments?post=18201"}],"version-history":[{"count":0,"href":"https:\/\/hakmarfrance.online\/tr\/wp-json\/wp\/v2\/product\/18201\/revisions"}],"wp:featuredmedia":[{"embeddable":true,"href":"https:\/\/hakmarfrance.online\/tr\/wp-json\/wp\/v2\/media\/18203"}],"wp:attachment":[{"href":"https:\/\/hakmarfrance.online\/tr\/wp-json\/wp\/v2\/media?parent=18201"}],"wp:term":[{"taxonomy":"product_brand","embeddable":true,"href":"https:\/\/hakmarfrance.online\/tr\/wp-json\/wp\/v2\/product_brand?post=18201"},{"taxonomy":"product_cat","embeddable":true,"href":"https:\/\/hakmarfrance.online\/tr\/wp-json\/wp\/v2\/product_cat?post=18201"},{"taxonomy":"product_tag","embeddable":true,"href":"https:\/\/hakmarfrance.online\/tr\/wp-json\/wp\/v2\/product_tag?post=18201"}],"curies":[{"name":"wp","href":"https:\/\/api.w.org\/{rel}","templated":true}]}}