{"id":18202,"date":"2025-06-19T08:03:10","date_gmt":"2025-06-19T08:03:10","guid":{"rendered":"https:\/\/hakmarfrance.online\/produit\/dilimlenmis-egetat-egeturk-sucuk-helal-turk-sarkuteri-200g\/"},"modified":"2025-06-19T08:03:10","modified_gmt":"2025-06-19T08:03:10","slug":"dilimlenmis-egetat-egeturk-sucuk-helal-turk-sarkuteri-200g","status":"publish","type":"product","link":"https:\/\/hakmarfrance.online\/tr\/produit\/dilimlenmis-egetat-egeturk-sucuk-helal-turk-sarkuteri-200g\/","title":{"rendered":"Dilimlenmi\u015f Egetat Eget\u00fcrk Sucuk &#8211; Helal T\u00fcrk \u015eark\u00fcteri &#8211; 200g"},"content":{"rendered":"","protected":false},"excerpt":{"rendered":"<p data-start=\"318\" data-end=\"530\">Anadolu mutfa\u011f\u0131n\u0131n vazge\u00e7ilmezi <strong data-start=\"345\" data-end=\"374\">dilimlenmi\u015f Egetat T\u00fcrk sucu\u011funun<\/strong> otantik lezzetinin tad\u0131n\u0131 \u00e7\u0131kar\u0131n. Kullan\u0131ma haz\u0131r bu <strong data-start=\"441\" data-end=\"466\">helal baharatl\u0131 sucuk<\/strong>, kahvalt\u0131lar\u0131n\u0131z, sandvi\u00e7leriniz veya s\u0131cak yemekleriniz i\u00e7in idealdir. <\/p>\n<p data-start=\"532\" data-end=\"678\">\u2714\ufe0f %100 dana eti<br data-start=\"555\" data-end=\"558\">\u2714\ufe0f Pi\u015firmeye haz\u0131r ince dilimler<br data-start=\"590\" data-end=\"593\">\u2714\ufe0f Geleneksel baharat kar\u0131\u015f\u0131m\u0131yla zengin lezzet<br data-start=\"643\" data-end=\"646\">\u2714\ufe0f Sertifikal\u0131 helal \u00fcr\u00fcn &#8211; 200g<\/p>\n<p data-start=\"680\" data-end=\"803\">Bu <strong data-start=\"716\" data-end=\"743\">geleneksel T\u00fcrk sucu\u011fu<\/strong> ile h\u0131zl\u0131, lezzetli ve otantik \u00f6\u011f\u00fcnlerin tad\u0131n\u0131 \u00e7\u0131kar\u0131n.<\/p>\n","protected":false},"featured_media":18204,"comment_status":"open","ping_status":"closed","template":"","meta":{"iawp_total_views":4},"product_brand":[167],"product_cat":[286,283,227,285,225],"product_tag":[],"class_list":{"0":"post-18202","1":"product","2":"type-product","3":"status-publish","4":"has-post-thumbnail","6":"product_brand-egeturk","7":"product_cat-dogu-marketi","8":"product_cat-et-balik-sarkuteri","9":"product_cat-geleneksel-turk-urunleri","10":"product_cat-sarkuteri-urunleri-sucuk-pastirma","11":"product_cat-tum-urunlerimiz","13":"first","14":"instock","15":"shipping-taxable","16":"purchasable","17":"product-type-simple"},"yoast_head":"<!-- This site is optimized with the Yoast SEO plugin v27.3 - https:\/\/yoast.com\/product\/yoast-seo-wordpress\/ -->\n<title>Dilimlenmi\u015f Egetat Eget\u00fcrk Sucuk - Helal T\u00fcrk \u015eark\u00fcteri - 200g - hakmarfrance.online<\/title>\n<meta name=\"robots\" content=\"index, follow, max-snippet:-1, max-image-preview:large, max-video-preview:-1\" \/>\n<link rel=\"canonical\" href=\"https:\/\/hakmarfrance.online\/tr\/produit\/dilimlenmis-egetat-egeturk-sucuk-helal-turk-sarkuteri-200g\/\" \/>\n<meta property=\"og:locale\" content=\"tr_TR\" \/>\n<meta property=\"og:type\" content=\"article\" \/>\n<meta property=\"og:title\" content=\"Dilimlenmi\u015f Egetat Eget\u00fcrk Sucuk - Helal T\u00fcrk \u015eark\u00fcteri - 200g - hakmarfrance.online\" \/>\n<meta property=\"og:description\" content=\"Anadolu mutfa\u011f\u0131n\u0131n vazge\u00e7ilmezi dilimlenmi\u015f Egetat T\u00fcrk sucu\u011funun otantik lezzetinin tad\u0131n\u0131 \u00e7\u0131kar\u0131n. Kullan\u0131ma haz\u0131r bu helal baharatl\u0131 sucuk, kahvalt\u0131lar\u0131n\u0131z, sandvi\u00e7leriniz veya s\u0131cak yemekleriniz i\u00e7in idealdir. \u2714\ufe0f %100 dana eti\u2714\ufe0f Pi\u015firmeye haz\u0131r ince dilimler\u2714\ufe0f Geleneksel baharat kar\u0131\u015f\u0131m\u0131yla zengin lezzet\u2714\ufe0f Sertifikal\u0131 helal \u00fcr\u00fcn - 200g Bu geleneksel T\u00fcrk sucu\u011fu ile h\u0131zl\u0131, lezzetli ve otantik \u00f6\u011f\u00fcnlerin tad\u0131n\u0131 \u00e7\u0131kar\u0131n.\" \/>\n<meta property=\"og:url\" content=\"https:\/\/hakmarfrance.online\/tr\/produit\/dilimlenmis-egetat-egeturk-sucuk-helal-turk-sarkuteri-200g\/\" \/>\n<meta property=\"og:site_name\" content=\"hakmarfrance.online\" \/>\n<meta property=\"article:publisher\" content=\"https:\/\/www.facebook.com\/HakmarFranceSupermarche\/?locale=fr_FR\" \/>\n<meta property=\"og:image\" content=\"https:\/\/hakmarfrance.online\/wp-content\/uploads\/2025\/06\/sucuk-tranche-egetat-egeturk-halal.png\" \/>\n\t<meta property=\"og:image:width\" content=\"1000\" \/>\n\t<meta property=\"og:image:height\" content=\"800\" \/>\n\t<meta property=\"og:image:type\" content=\"image\/png\" \/>\n<meta name=\"twitter:card\" content=\"summary_large_image\" \/>\n<script type=\"application\/ld+json\" class=\"yoast-schema-graph\">{\"@context\":\"https:\\\/\\\/schema.org\",\"@graph\":[{\"@type\":\"WebPage\",\"@id\":\"https:\\\/\\\/hakmarfrance.online\\\/tr\\\/produit\\\/dilimlenmis-egetat-egeturk-sucuk-helal-turk-sarkuteri-200g\\\/\",\"url\":\"https:\\\/\\\/hakmarfrance.online\\\/tr\\\/produit\\\/dilimlenmis-egetat-egeturk-sucuk-helal-turk-sarkuteri-200g\\\/\",\"name\":\"Dilimlenmi\u015f Egetat Eget\u00fcrk Sucuk - Helal T\u00fcrk \u015eark\u00fcteri - 200g - hakmarfrance.online\",\"isPartOf\":{\"@id\":\"https:\\\/\\\/hakmarfrance.online\\\/tr\\\/#website\"},\"primaryImageOfPage\":{\"@id\":\"https:\\\/\\\/hakmarfrance.online\\\/tr\\\/produit\\\/dilimlenmis-egetat-egeturk-sucuk-helal-turk-sarkuteri-200g\\\/#primaryimage\"},\"image\":{\"@id\":\"https:\\\/\\\/hakmarfrance.online\\\/tr\\\/produit\\\/dilimlenmis-egetat-egeturk-sucuk-helal-turk-sarkuteri-200g\\\/#primaryimage\"},\"thumbnailUrl\":\"https:\\\/\\\/hakmarfrance.online\\\/wp-content\\\/uploads\\\/2025\\\/06\\\/sucuk-tranche-egetat-egeturk-halal.png\",\"datePublished\":\"2025-06-19T08:03:10+00:00\",\"breadcrumb\":{\"@id\":\"https:\\\/\\\/hakmarfrance.online\\\/tr\\\/produit\\\/dilimlenmis-egetat-egeturk-sucuk-helal-turk-sarkuteri-200g\\\/#breadcrumb\"},\"inLanguage\":\"tr-TR\",\"potentialAction\":[{\"@type\":\"ReadAction\",\"target\":[\"https:\\\/\\\/hakmarfrance.online\\\/tr\\\/produit\\\/dilimlenmis-egetat-egeturk-sucuk-helal-turk-sarkuteri-200g\\\/\"]}]},{\"@type\":\"ImageObject\",\"inLanguage\":\"tr-TR\",\"@id\":\"https:\\\/\\\/hakmarfrance.online\\\/tr\\\/produit\\\/dilimlenmis-egetat-egeturk-sucuk-helal-turk-sarkuteri-200g\\\/#primaryimage\",\"url\":\"https:\\\/\\\/hakmarfrance.online\\\/wp-content\\\/uploads\\\/2025\\\/06\\\/sucuk-tranche-egetat-egeturk-halal.png\",\"contentUrl\":\"https:\\\/\\\/hakmarfrance.online\\\/wp-content\\\/uploads\\\/2025\\\/06\\\/sucuk-tranche-egetat-egeturk-halal.png\",\"width\":1000,\"height\":800},{\"@type\":\"BreadcrumbList\",\"@id\":\"https:\\\/\\\/hakmarfrance.online\\\/tr\\\/produit\\\/dilimlenmis-egetat-egeturk-sucuk-helal-turk-sarkuteri-200g\\\/#breadcrumb\",\"itemListElement\":[{\"@type\":\"ListItem\",\"position\":1,\"name\":\"Accueil\",\"item\":\"https:\\\/\\\/hakmarfrance.online\\\/tr\\\/\"},{\"@type\":\"ListItem\",\"position\":2,\"name\":\"Ma\u011faza\",\"item\":\"https:\\\/\\\/hakmarfrance.online\\\/tr\\\/magaza\\\/\"},{\"@type\":\"ListItem\",\"position\":3,\"name\":\"Dilimlenmi\u015f Egetat Eget\u00fcrk Sucuk &#8211; Helal T\u00fcrk \u015eark\u00fcteri &#8211; 200g\"}]},{\"@type\":\"WebSite\",\"@id\":\"https:\\\/\\\/hakmarfrance.online\\\/tr\\\/#website\",\"url\":\"https:\\\/\\\/hakmarfrance.online\\\/tr\\\/\",\"name\":\"hakmarfrance.online\",\"description\":\"\",\"publisher\":{\"@id\":\"https:\\\/\\\/hakmarfrance.online\\\/tr\\\/#organization\"},\"potentialAction\":[{\"@type\":\"SearchAction\",\"target\":{\"@type\":\"EntryPoint\",\"urlTemplate\":\"https:\\\/\\\/hakmarfrance.online\\\/tr\\\/?s={search_term_string}\"},\"query-input\":{\"@type\":\"PropertyValueSpecification\",\"valueRequired\":true,\"valueName\":\"search_term_string\"}}],\"inLanguage\":\"tr-TR\"},{\"@type\":\"Organization\",\"@id\":\"https:\\\/\\\/hakmarfrance.online\\\/tr\\\/#organization\",\"name\":\"hakmarfrance.online\",\"url\":\"https:\\\/\\\/hakmarfrance.online\\\/tr\\\/\",\"logo\":{\"@type\":\"ImageObject\",\"inLanguage\":\"tr-TR\",\"@id\":\"https:\\\/\\\/hakmarfrance.online\\\/tr\\\/#\\\/schema\\\/logo\\\/image\\\/\",\"url\":\"https:\\\/\\\/hakmarfrance.online\\\/wp-content\\\/uploads\\\/2025\\\/06\\\/logo-hakmarfrance.png\",\"contentUrl\":\"https:\\\/\\\/hakmarfrance.online\\\/wp-content\\\/uploads\\\/2025\\\/06\\\/logo-hakmarfrance.png\",\"width\":528,\"height\":232,\"caption\":\"hakmarfrance.online\"},\"image\":{\"@id\":\"https:\\\/\\\/hakmarfrance.online\\\/tr\\\/#\\\/schema\\\/logo\\\/image\\\/\"},\"sameAs\":[\"https:\\\/\\\/www.facebook.com\\\/HakmarFranceSupermarche\\\/?locale=fr_FR\",\"https:\\\/\\\/www.instagram.com\\\/hakmarfrancesupermarche\\\/\"]}]}<\/script>\n<!-- \/ Yoast SEO plugin. -->","yoast_head_json":{"title":"Dilimlenmi\u015f Egetat Eget\u00fcrk Sucuk - Helal T\u00fcrk \u015eark\u00fcteri - 200g - hakmarfrance.online","robots":{"index":"index","follow":"follow","max-snippet":"max-snippet:-1","max-image-preview":"max-image-preview:large","max-video-preview":"max-video-preview:-1"},"canonical":"https:\/\/hakmarfrance.online\/tr\/produit\/dilimlenmis-egetat-egeturk-sucuk-helal-turk-sarkuteri-200g\/","og_locale":"tr_TR","og_type":"article","og_title":"Dilimlenmi\u015f Egetat Eget\u00fcrk Sucuk - Helal T\u00fcrk \u015eark\u00fcteri - 200g - hakmarfrance.online","og_description":"Anadolu mutfa\u011f\u0131n\u0131n vazge\u00e7ilmezi dilimlenmi\u015f Egetat T\u00fcrk sucu\u011funun otantik lezzetinin tad\u0131n\u0131 \u00e7\u0131kar\u0131n. Kullan\u0131ma haz\u0131r bu helal baharatl\u0131 sucuk, kahvalt\u0131lar\u0131n\u0131z, sandvi\u00e7leriniz veya s\u0131cak yemekleriniz i\u00e7in idealdir. \u2714\ufe0f %100 dana eti\u2714\ufe0f Pi\u015firmeye haz\u0131r ince dilimler\u2714\ufe0f Geleneksel baharat kar\u0131\u015f\u0131m\u0131yla zengin lezzet\u2714\ufe0f Sertifikal\u0131 helal \u00fcr\u00fcn - 200g Bu geleneksel T\u00fcrk sucu\u011fu ile h\u0131zl\u0131, lezzetli ve otantik \u00f6\u011f\u00fcnlerin tad\u0131n\u0131 \u00e7\u0131kar\u0131n.","og_url":"https:\/\/hakmarfrance.online\/tr\/produit\/dilimlenmis-egetat-egeturk-sucuk-helal-turk-sarkuteri-200g\/","og_site_name":"hakmarfrance.online","article_publisher":"https:\/\/www.facebook.com\/HakmarFranceSupermarche\/?locale=fr_FR","og_image":[{"width":1000,"height":800,"url":"https:\/\/hakmarfrance.online\/wp-content\/uploads\/2025\/06\/sucuk-tranche-egetat-egeturk-halal.png","type":"image\/png"}],"twitter_card":"summary_large_image","schema":{"@context":"https:\/\/schema.org","@graph":[{"@type":"WebPage","@id":"https:\/\/hakmarfrance.online\/tr\/produit\/dilimlenmis-egetat-egeturk-sucuk-helal-turk-sarkuteri-200g\/","url":"https:\/\/hakmarfrance.online\/tr\/produit\/dilimlenmis-egetat-egeturk-sucuk-helal-turk-sarkuteri-200g\/","name":"Dilimlenmi\u015f Egetat Eget\u00fcrk Sucuk - Helal T\u00fcrk \u015eark\u00fcteri - 200g - hakmarfrance.online","isPartOf":{"@id":"https:\/\/hakmarfrance.online\/tr\/#website"},"primaryImageOfPage":{"@id":"https:\/\/hakmarfrance.online\/tr\/produit\/dilimlenmis-egetat-egeturk-sucuk-helal-turk-sarkuteri-200g\/#primaryimage"},"image":{"@id":"https:\/\/hakmarfrance.online\/tr\/produit\/dilimlenmis-egetat-egeturk-sucuk-helal-turk-sarkuteri-200g\/#primaryimage"},"thumbnailUrl":"https:\/\/hakmarfrance.online\/wp-content\/uploads\/2025\/06\/sucuk-tranche-egetat-egeturk-halal.png","datePublished":"2025-06-19T08:03:10+00:00","breadcrumb":{"@id":"https:\/\/hakmarfrance.online\/tr\/produit\/dilimlenmis-egetat-egeturk-sucuk-helal-turk-sarkuteri-200g\/#breadcrumb"},"inLanguage":"tr-TR","potentialAction":[{"@type":"ReadAction","target":["https:\/\/hakmarfrance.online\/tr\/produit\/dilimlenmis-egetat-egeturk-sucuk-helal-turk-sarkuteri-200g\/"]}]},{"@type":"ImageObject","inLanguage":"tr-TR","@id":"https:\/\/hakmarfrance.online\/tr\/produit\/dilimlenmis-egetat-egeturk-sucuk-helal-turk-sarkuteri-200g\/#primaryimage","url":"https:\/\/hakmarfrance.online\/wp-content\/uploads\/2025\/06\/sucuk-tranche-egetat-egeturk-halal.png","contentUrl":"https:\/\/hakmarfrance.online\/wp-content\/uploads\/2025\/06\/sucuk-tranche-egetat-egeturk-halal.png","width":1000,"height":800},{"@type":"BreadcrumbList","@id":"https:\/\/hakmarfrance.online\/tr\/produit\/dilimlenmis-egetat-egeturk-sucuk-helal-turk-sarkuteri-200g\/#breadcrumb","itemListElement":[{"@type":"ListItem","position":1,"name":"Accueil","item":"https:\/\/hakmarfrance.online\/tr\/"},{"@type":"ListItem","position":2,"name":"Ma\u011faza","item":"https:\/\/hakmarfrance.online\/tr\/magaza\/"},{"@type":"ListItem","position":3,"name":"Dilimlenmi\u015f Egetat Eget\u00fcrk Sucuk &#8211; Helal T\u00fcrk \u015eark\u00fcteri &#8211; 200g"}]},{"@type":"WebSite","@id":"https:\/\/hakmarfrance.online\/tr\/#website","url":"https:\/\/hakmarfrance.online\/tr\/","name":"hakmarfrance.online","description":"","publisher":{"@id":"https:\/\/hakmarfrance.online\/tr\/#organization"},"potentialAction":[{"@type":"SearchAction","target":{"@type":"EntryPoint","urlTemplate":"https:\/\/hakmarfrance.online\/tr\/?s={search_term_string}"},"query-input":{"@type":"PropertyValueSpecification","valueRequired":true,"valueName":"search_term_string"}}],"inLanguage":"tr-TR"},{"@type":"Organization","@id":"https:\/\/hakmarfrance.online\/tr\/#organization","name":"hakmarfrance.online","url":"https:\/\/hakmarfrance.online\/tr\/","logo":{"@type":"ImageObject","inLanguage":"tr-TR","@id":"https:\/\/hakmarfrance.online\/tr\/#\/schema\/logo\/image\/","url":"https:\/\/hakmarfrance.online\/wp-content\/uploads\/2025\/06\/logo-hakmarfrance.png","contentUrl":"https:\/\/hakmarfrance.online\/wp-content\/uploads\/2025\/06\/logo-hakmarfrance.png","width":528,"height":232,"caption":"hakmarfrance.online"},"image":{"@id":"https:\/\/hakmarfrance.online\/tr\/#\/schema\/logo\/image\/"},"sameAs":["https:\/\/www.facebook.com\/HakmarFranceSupermarche\/?locale=fr_FR","https:\/\/www.instagram.com\/hakmarfrancesupermarche\/"]}]}},"_links":{"self":[{"href":"https:\/\/hakmarfrance.online\/tr\/wp-json\/wp\/v2\/product\/18202","targetHints":{"allow":["GET"]}}],"collection":[{"href":"https:\/\/hakmarfrance.online\/tr\/wp-json\/wp\/v2\/product"}],"about":[{"href":"https:\/\/hakmarfrance.online\/tr\/wp-json\/wp\/v2\/types\/product"}],"replies":[{"embeddable":true,"href":"https:\/\/hakmarfrance.online\/tr\/wp-json\/wp\/v2\/comments?post=18202"}],"version-history":[{"count":0,"href":"https:\/\/hakmarfrance.online\/tr\/wp-json\/wp\/v2\/product\/18202\/revisions"}],"wp:featuredmedia":[{"embeddable":true,"href":"https:\/\/hakmarfrance.online\/tr\/wp-json\/wp\/v2\/media\/18204"}],"wp:attachment":[{"href":"https:\/\/hakmarfrance.online\/tr\/wp-json\/wp\/v2\/media?parent=18202"}],"wp:term":[{"taxonomy":"product_brand","embeddable":true,"href":"https:\/\/hakmarfrance.online\/tr\/wp-json\/wp\/v2\/product_brand?post=18202"},{"taxonomy":"product_cat","embeddable":true,"href":"https:\/\/hakmarfrance.online\/tr\/wp-json\/wp\/v2\/product_cat?post=18202"},{"taxonomy":"product_tag","embeddable":true,"href":"https:\/\/hakmarfrance.online\/tr\/wp-json\/wp\/v2\/product_tag?post=18202"}],"curies":[{"name":"wp","href":"https:\/\/api.w.org\/{rel}","templated":true}]}}