{"id":18205,"date":"2025-06-19T08:06:23","date_gmt":"2025-06-19T08:06:23","guid":{"rendered":"https:\/\/hakmarfrance.online\/produit\/yumurcak-kokteyl-sosisleri\/"},"modified":"2025-06-19T08:06:23","modified_gmt":"2025-06-19T08:06:23","slug":"yumurcak-kokteyl-sosisleri","status":"publish","type":"product","link":"https:\/\/hakmarfrance.online\/tr\/produit\/yumurcak-kokteyl-sosisleri\/","title":{"rendered":"Yumurcak Kokteyl Sosisleri"},"content":{"rendered":"","protected":false},"excerpt":{"rendered":"<p data-start=\"322\" data-end=\"539\"><strong data-start=\"367\" data-end=\"398\">Yumurcak kokteyl sosisleri<\/strong> ile \u00e7ocuklar\u0131n\u0131z\u0131n damak zevkine hitap edin. \u00d6zellikle \u00e7ocuklar i\u00e7in tasarlanan bu lezzetli, yumu\u015fak ve <strong data-start=\"463\" data-end=\"483\">helal sertifikal\u0131<\/strong> sosisler, h\u0131zl\u0131 ve e\u011flenceli \u00f6\u011f\u00fcnler i\u00e7in idealdir. <\/p>\n<p data-start=\"541\" data-end=\"707\">\u2714\ufe0f \u00c7ocuklara \u00f6zel \u2013 yumu\u015fak doku ve hafif lezzet<br data-start=\"592\" data-end=\"595\">\u2714\ufe0f Helal sertifikal\u0131 \u00fcr\u00fcn<br data-start=\"620\" data-end=\"623\">\u2714\ufe0f Beslenme \u00e7antas\u0131, at\u0131\u015ft\u0131rmal\u0131k ve h\u0131zl\u0131 yemekler i\u00e7in ideal<br data-start=\"678\" data-end=\"681\">\u2714\ufe0f Kullan\u0131\u015fl\u0131 paket<\/p>\n<p data-start=\"709\" data-end=\"841\">Her lokmada ger\u00e7ek bir ba\u015far\u0131! Is\u0131tmaya haz\u0131r bu k\u00fc\u00e7\u00fck sosisler, hem \u00e7ocuklar\u0131n hem de b\u00fcy\u00fcklerin favorisi olacak! <\/p>\n","protected":false},"featured_media":18206,"comment_status":"open","ping_status":"closed","template":"","meta":{"iawp_total_views":0},"product_brand":[],"product_cat":[286,283,227,285,225],"product_tag":[],"class_list":{"0":"post-18205","1":"product","2":"type-product","3":"status-publish","4":"has-post-thumbnail","6":"product_cat-dogu-marketi","7":"product_cat-et-balik-sarkuteri","8":"product_cat-geleneksel-turk-urunleri","9":"product_cat-sarkuteri-urunleri-sucuk-pastirma","10":"product_cat-tum-urunlerimiz","12":"first","13":"instock","14":"shipping-taxable","15":"purchasable","16":"product-type-simple"},"yoast_head":"<!-- This site is optimized with the Yoast SEO plugin v27.3 - https:\/\/yoast.com\/product\/yoast-seo-wordpress\/ -->\n<title>Yumurcak Kokteyl Sosisleri - hakmarfrance.online<\/title>\n<meta name=\"robots\" content=\"index, follow, max-snippet:-1, max-image-preview:large, max-video-preview:-1\" \/>\n<link rel=\"canonical\" href=\"https:\/\/hakmarfrance.online\/tr\/produit\/yumurcak-kokteyl-sosisleri\/\" \/>\n<meta property=\"og:locale\" content=\"tr_TR\" \/>\n<meta property=\"og:type\" content=\"article\" \/>\n<meta property=\"og:title\" content=\"Yumurcak Kokteyl Sosisleri - hakmarfrance.online\" \/>\n<meta property=\"og:description\" content=\"Yumurcak kokteyl sosisleri ile \u00e7ocuklar\u0131n\u0131z\u0131n damak zevkine hitap edin. \u00d6zellikle \u00e7ocuklar i\u00e7in tasarlanan bu lezzetli, yumu\u015fak ve helal sertifikal\u0131 sosisler, h\u0131zl\u0131 ve e\u011flenceli \u00f6\u011f\u00fcnler i\u00e7in idealdir. \u2714\ufe0f \u00c7ocuklara \u00f6zel \u2013 yumu\u015fak doku ve hafif lezzet\u2714\ufe0f Helal sertifikal\u0131 \u00fcr\u00fcn\u2714\ufe0f Beslenme \u00e7antas\u0131, at\u0131\u015ft\u0131rmal\u0131k ve h\u0131zl\u0131 yemekler i\u00e7in ideal\u2714\ufe0f Kullan\u0131\u015fl\u0131 paket Her lokmada ger\u00e7ek bir ba\u015far\u0131! Is\u0131tmaya haz\u0131r bu k\u00fc\u00e7\u00fck sosisler, hem \u00e7ocuklar\u0131n hem de b\u00fcy\u00fcklerin favorisi olacak!\" \/>\n<meta property=\"og:url\" content=\"https:\/\/hakmarfrance.online\/tr\/produit\/yumurcak-kokteyl-sosisleri\/\" \/>\n<meta property=\"og:site_name\" content=\"hakmarfrance.online\" \/>\n<meta property=\"article:publisher\" content=\"https:\/\/www.facebook.com\/HakmarFranceSupermarche\/?locale=fr_FR\" \/>\n<meta property=\"og:image\" content=\"https:\/\/hakmarfrance.online\/wp-content\/uploads\/2025\/06\/saucisses-cocktail-yumurcak-halal.png\" \/>\n\t<meta property=\"og:image:width\" content=\"1000\" \/>\n\t<meta property=\"og:image:height\" content=\"800\" \/>\n\t<meta property=\"og:image:type\" content=\"image\/png\" \/>\n<meta name=\"twitter:card\" content=\"summary_large_image\" \/>\n<script type=\"application\/ld+json\" class=\"yoast-schema-graph\">{\"@context\":\"https:\\\/\\\/schema.org\",\"@graph\":[{\"@type\":\"WebPage\",\"@id\":\"https:\\\/\\\/hakmarfrance.online\\\/tr\\\/produit\\\/yumurcak-kokteyl-sosisleri\\\/\",\"url\":\"https:\\\/\\\/hakmarfrance.online\\\/tr\\\/produit\\\/yumurcak-kokteyl-sosisleri\\\/\",\"name\":\"Yumurcak Kokteyl Sosisleri - hakmarfrance.online\",\"isPartOf\":{\"@id\":\"https:\\\/\\\/hakmarfrance.online\\\/tr\\\/#website\"},\"primaryImageOfPage\":{\"@id\":\"https:\\\/\\\/hakmarfrance.online\\\/tr\\\/produit\\\/yumurcak-kokteyl-sosisleri\\\/#primaryimage\"},\"image\":{\"@id\":\"https:\\\/\\\/hakmarfrance.online\\\/tr\\\/produit\\\/yumurcak-kokteyl-sosisleri\\\/#primaryimage\"},\"thumbnailUrl\":\"https:\\\/\\\/hakmarfrance.online\\\/wp-content\\\/uploads\\\/2025\\\/06\\\/saucisses-cocktail-yumurcak-halal.png\",\"datePublished\":\"2025-06-19T08:06:23+00:00\",\"breadcrumb\":{\"@id\":\"https:\\\/\\\/hakmarfrance.online\\\/tr\\\/produit\\\/yumurcak-kokteyl-sosisleri\\\/#breadcrumb\"},\"inLanguage\":\"tr-TR\",\"potentialAction\":[{\"@type\":\"ReadAction\",\"target\":[\"https:\\\/\\\/hakmarfrance.online\\\/tr\\\/produit\\\/yumurcak-kokteyl-sosisleri\\\/\"]}]},{\"@type\":\"ImageObject\",\"inLanguage\":\"tr-TR\",\"@id\":\"https:\\\/\\\/hakmarfrance.online\\\/tr\\\/produit\\\/yumurcak-kokteyl-sosisleri\\\/#primaryimage\",\"url\":\"https:\\\/\\\/hakmarfrance.online\\\/wp-content\\\/uploads\\\/2025\\\/06\\\/saucisses-cocktail-yumurcak-halal.png\",\"contentUrl\":\"https:\\\/\\\/hakmarfrance.online\\\/wp-content\\\/uploads\\\/2025\\\/06\\\/saucisses-cocktail-yumurcak-halal.png\",\"width\":1000,\"height\":800},{\"@type\":\"BreadcrumbList\",\"@id\":\"https:\\\/\\\/hakmarfrance.online\\\/tr\\\/produit\\\/yumurcak-kokteyl-sosisleri\\\/#breadcrumb\",\"itemListElement\":[{\"@type\":\"ListItem\",\"position\":1,\"name\":\"Accueil\",\"item\":\"https:\\\/\\\/hakmarfrance.online\\\/tr\\\/\"},{\"@type\":\"ListItem\",\"position\":2,\"name\":\"Ma\u011faza\",\"item\":\"https:\\\/\\\/hakmarfrance.online\\\/tr\\\/magaza\\\/\"},{\"@type\":\"ListItem\",\"position\":3,\"name\":\"Yumurcak Kokteyl Sosisleri\"}]},{\"@type\":\"WebSite\",\"@id\":\"https:\\\/\\\/hakmarfrance.online\\\/tr\\\/#website\",\"url\":\"https:\\\/\\\/hakmarfrance.online\\\/tr\\\/\",\"name\":\"hakmarfrance.online\",\"description\":\"\",\"publisher\":{\"@id\":\"https:\\\/\\\/hakmarfrance.online\\\/tr\\\/#organization\"},\"potentialAction\":[{\"@type\":\"SearchAction\",\"target\":{\"@type\":\"EntryPoint\",\"urlTemplate\":\"https:\\\/\\\/hakmarfrance.online\\\/tr\\\/?s={search_term_string}\"},\"query-input\":{\"@type\":\"PropertyValueSpecification\",\"valueRequired\":true,\"valueName\":\"search_term_string\"}}],\"inLanguage\":\"tr-TR\"},{\"@type\":\"Organization\",\"@id\":\"https:\\\/\\\/hakmarfrance.online\\\/tr\\\/#organization\",\"name\":\"hakmarfrance.online\",\"url\":\"https:\\\/\\\/hakmarfrance.online\\\/tr\\\/\",\"logo\":{\"@type\":\"ImageObject\",\"inLanguage\":\"tr-TR\",\"@id\":\"https:\\\/\\\/hakmarfrance.online\\\/tr\\\/#\\\/schema\\\/logo\\\/image\\\/\",\"url\":\"https:\\\/\\\/hakmarfrance.online\\\/wp-content\\\/uploads\\\/2025\\\/06\\\/logo-hakmarfrance.png\",\"contentUrl\":\"https:\\\/\\\/hakmarfrance.online\\\/wp-content\\\/uploads\\\/2025\\\/06\\\/logo-hakmarfrance.png\",\"width\":528,\"height\":232,\"caption\":\"hakmarfrance.online\"},\"image\":{\"@id\":\"https:\\\/\\\/hakmarfrance.online\\\/tr\\\/#\\\/schema\\\/logo\\\/image\\\/\"},\"sameAs\":[\"https:\\\/\\\/www.facebook.com\\\/HakmarFranceSupermarche\\\/?locale=fr_FR\",\"https:\\\/\\\/www.instagram.com\\\/hakmarfrancesupermarche\\\/\"]}]}<\/script>\n<!-- \/ Yoast SEO plugin. -->","yoast_head_json":{"title":"Yumurcak Kokteyl Sosisleri - hakmarfrance.online","robots":{"index":"index","follow":"follow","max-snippet":"max-snippet:-1","max-image-preview":"max-image-preview:large","max-video-preview":"max-video-preview:-1"},"canonical":"https:\/\/hakmarfrance.online\/tr\/produit\/yumurcak-kokteyl-sosisleri\/","og_locale":"tr_TR","og_type":"article","og_title":"Yumurcak Kokteyl Sosisleri - hakmarfrance.online","og_description":"Yumurcak kokteyl sosisleri ile \u00e7ocuklar\u0131n\u0131z\u0131n damak zevkine hitap edin. \u00d6zellikle \u00e7ocuklar i\u00e7in tasarlanan bu lezzetli, yumu\u015fak ve helal sertifikal\u0131 sosisler, h\u0131zl\u0131 ve e\u011flenceli \u00f6\u011f\u00fcnler i\u00e7in idealdir. \u2714\ufe0f \u00c7ocuklara \u00f6zel \u2013 yumu\u015fak doku ve hafif lezzet\u2714\ufe0f Helal sertifikal\u0131 \u00fcr\u00fcn\u2714\ufe0f Beslenme \u00e7antas\u0131, at\u0131\u015ft\u0131rmal\u0131k ve h\u0131zl\u0131 yemekler i\u00e7in ideal\u2714\ufe0f Kullan\u0131\u015fl\u0131 paket Her lokmada ger\u00e7ek bir ba\u015far\u0131! Is\u0131tmaya haz\u0131r bu k\u00fc\u00e7\u00fck sosisler, hem \u00e7ocuklar\u0131n hem de b\u00fcy\u00fcklerin favorisi olacak!","og_url":"https:\/\/hakmarfrance.online\/tr\/produit\/yumurcak-kokteyl-sosisleri\/","og_site_name":"hakmarfrance.online","article_publisher":"https:\/\/www.facebook.com\/HakmarFranceSupermarche\/?locale=fr_FR","og_image":[{"width":1000,"height":800,"url":"https:\/\/hakmarfrance.online\/wp-content\/uploads\/2025\/06\/saucisses-cocktail-yumurcak-halal.png","type":"image\/png"}],"twitter_card":"summary_large_image","schema":{"@context":"https:\/\/schema.org","@graph":[{"@type":"WebPage","@id":"https:\/\/hakmarfrance.online\/tr\/produit\/yumurcak-kokteyl-sosisleri\/","url":"https:\/\/hakmarfrance.online\/tr\/produit\/yumurcak-kokteyl-sosisleri\/","name":"Yumurcak Kokteyl Sosisleri - hakmarfrance.online","isPartOf":{"@id":"https:\/\/hakmarfrance.online\/tr\/#website"},"primaryImageOfPage":{"@id":"https:\/\/hakmarfrance.online\/tr\/produit\/yumurcak-kokteyl-sosisleri\/#primaryimage"},"image":{"@id":"https:\/\/hakmarfrance.online\/tr\/produit\/yumurcak-kokteyl-sosisleri\/#primaryimage"},"thumbnailUrl":"https:\/\/hakmarfrance.online\/wp-content\/uploads\/2025\/06\/saucisses-cocktail-yumurcak-halal.png","datePublished":"2025-06-19T08:06:23+00:00","breadcrumb":{"@id":"https:\/\/hakmarfrance.online\/tr\/produit\/yumurcak-kokteyl-sosisleri\/#breadcrumb"},"inLanguage":"tr-TR","potentialAction":[{"@type":"ReadAction","target":["https:\/\/hakmarfrance.online\/tr\/produit\/yumurcak-kokteyl-sosisleri\/"]}]},{"@type":"ImageObject","inLanguage":"tr-TR","@id":"https:\/\/hakmarfrance.online\/tr\/produit\/yumurcak-kokteyl-sosisleri\/#primaryimage","url":"https:\/\/hakmarfrance.online\/wp-content\/uploads\/2025\/06\/saucisses-cocktail-yumurcak-halal.png","contentUrl":"https:\/\/hakmarfrance.online\/wp-content\/uploads\/2025\/06\/saucisses-cocktail-yumurcak-halal.png","width":1000,"height":800},{"@type":"BreadcrumbList","@id":"https:\/\/hakmarfrance.online\/tr\/produit\/yumurcak-kokteyl-sosisleri\/#breadcrumb","itemListElement":[{"@type":"ListItem","position":1,"name":"Accueil","item":"https:\/\/hakmarfrance.online\/tr\/"},{"@type":"ListItem","position":2,"name":"Ma\u011faza","item":"https:\/\/hakmarfrance.online\/tr\/magaza\/"},{"@type":"ListItem","position":3,"name":"Yumurcak Kokteyl Sosisleri"}]},{"@type":"WebSite","@id":"https:\/\/hakmarfrance.online\/tr\/#website","url":"https:\/\/hakmarfrance.online\/tr\/","name":"hakmarfrance.online","description":"","publisher":{"@id":"https:\/\/hakmarfrance.online\/tr\/#organization"},"potentialAction":[{"@type":"SearchAction","target":{"@type":"EntryPoint","urlTemplate":"https:\/\/hakmarfrance.online\/tr\/?s={search_term_string}"},"query-input":{"@type":"PropertyValueSpecification","valueRequired":true,"valueName":"search_term_string"}}],"inLanguage":"tr-TR"},{"@type":"Organization","@id":"https:\/\/hakmarfrance.online\/tr\/#organization","name":"hakmarfrance.online","url":"https:\/\/hakmarfrance.online\/tr\/","logo":{"@type":"ImageObject","inLanguage":"tr-TR","@id":"https:\/\/hakmarfrance.online\/tr\/#\/schema\/logo\/image\/","url":"https:\/\/hakmarfrance.online\/wp-content\/uploads\/2025\/06\/logo-hakmarfrance.png","contentUrl":"https:\/\/hakmarfrance.online\/wp-content\/uploads\/2025\/06\/logo-hakmarfrance.png","width":528,"height":232,"caption":"hakmarfrance.online"},"image":{"@id":"https:\/\/hakmarfrance.online\/tr\/#\/schema\/logo\/image\/"},"sameAs":["https:\/\/www.facebook.com\/HakmarFranceSupermarche\/?locale=fr_FR","https:\/\/www.instagram.com\/hakmarfrancesupermarche\/"]}]}},"_links":{"self":[{"href":"https:\/\/hakmarfrance.online\/tr\/wp-json\/wp\/v2\/product\/18205","targetHints":{"allow":["GET"]}}],"collection":[{"href":"https:\/\/hakmarfrance.online\/tr\/wp-json\/wp\/v2\/product"}],"about":[{"href":"https:\/\/hakmarfrance.online\/tr\/wp-json\/wp\/v2\/types\/product"}],"replies":[{"embeddable":true,"href":"https:\/\/hakmarfrance.online\/tr\/wp-json\/wp\/v2\/comments?post=18205"}],"version-history":[{"count":0,"href":"https:\/\/hakmarfrance.online\/tr\/wp-json\/wp\/v2\/product\/18205\/revisions"}],"wp:featuredmedia":[{"embeddable":true,"href":"https:\/\/hakmarfrance.online\/tr\/wp-json\/wp\/v2\/media\/18206"}],"wp:attachment":[{"href":"https:\/\/hakmarfrance.online\/tr\/wp-json\/wp\/v2\/media?parent=18205"}],"wp:term":[{"taxonomy":"product_brand","embeddable":true,"href":"https:\/\/hakmarfrance.online\/tr\/wp-json\/wp\/v2\/product_brand?post=18205"},{"taxonomy":"product_cat","embeddable":true,"href":"https:\/\/hakmarfrance.online\/tr\/wp-json\/wp\/v2\/product_cat?post=18205"},{"taxonomy":"product_tag","embeddable":true,"href":"https:\/\/hakmarfrance.online\/tr\/wp-json\/wp\/v2\/product_tag?post=18205"}],"curies":[{"name":"wp","href":"https:\/\/api.w.org\/{rel}","templated":true}]}}