{"id":18213,"date":"2025-06-19T07:57:41","date_gmt":"2025-06-19T07:57:41","guid":{"rendered":"https:\/\/hakmarfrance.online\/produit\/pinar-beyaz-surulebilir-otlu-peynir\/"},"modified":"2025-06-19T07:57:41","modified_gmt":"2025-06-19T07:57:41","slug":"pinar-beyaz-surulebilir-otlu-peynir","status":"publish","type":"product","link":"https:\/\/hakmarfrance.online\/tr\/produit\/pinar-beyaz-surulebilir-otlu-peynir\/","title":{"rendered":"P\u0131nar Beyaz S\u00fcr\u00fclebilir Otlu Peynir"},"content":{"rendered":"","protected":false},"excerpt":{"rendered":"<p data-start=\"318\" data-end=\"543\">Lezzetli <strong data-start=\"344\" data-end=\"390\">P\u0131nar Beyaz otlu taze peynirine<\/strong> bay\u0131lacaks\u0131n\u0131z, ekmekleriniz, sandvi\u00e7leriniz veya at\u0131\u015ft\u0131rmal\u0131klar\u0131n\u0131z i\u00e7in m\u00fckemmel. Kremsi dokusu ve lezzetli aromatik otlar tad\u0131, onu g\u00fcnl\u00fck ya\u015famda ideal bir m\u00fcttefik yapar. <\/p>\n<p data-start=\"545\" data-end=\"715\">\u2714\ufe0f Kremsi s\u00fcr\u00fclebilir peynir<br data-start=\"575\" data-end=\"578\">\u2714\ufe0f Rafine bir lezzet i\u00e7in otlu<br data-start=\"618\" data-end=\"621\">\u2714\ufe0f Pratik, yeniden kapat\u0131labilir kap<br data-start=\"654\" data-end=\"657\">\u2714\ufe0f Kahvalt\u0131lar\u0131n\u0131z veya meze tabaklar\u0131n\u0131z i\u00e7in m\u00fckemmel<\/p>\n<p data-start=\"717\" data-end=\"810\">P\u0131nar imzal\u0131 bu kar\u015f\u0131 konulmaz T\u00fcrk peyniri ile sofran\u0131za bir ferahl\u0131k dokunu\u015fu kat\u0131n.<\/p>\n","protected":false},"featured_media":18214,"comment_status":"open","ping_status":"closed","template":"","meta":{"iawp_total_views":0},"product_brand":[182],"product_cat":[286,283,227,287,225],"product_tag":[],"class_list":{"0":"post-18213","1":"product","2":"type-product","3":"status-publish","4":"has-post-thumbnail","6":"product_brand-pinar","7":"product_cat-dogu-marketi","8":"product_cat-et-balik-sarkuteri","9":"product_cat-geleneksel-turk-urunleri","10":"product_cat-taze-urunler-sut-urunleri-mandira","11":"product_cat-tum-urunlerimiz","13":"first","14":"instock","15":"shipping-taxable","16":"purchasable","17":"product-type-simple"},"yoast_head":"<!-- This site is optimized with the Yoast SEO plugin v27.3 - https:\/\/yoast.com\/product\/yoast-seo-wordpress\/ -->\n<title>P\u0131nar Beyaz S\u00fcr\u00fclebilir Otlu Peynir - hakmarfrance.online<\/title>\n<meta name=\"robots\" content=\"index, follow, max-snippet:-1, max-image-preview:large, max-video-preview:-1\" \/>\n<link rel=\"canonical\" href=\"https:\/\/hakmarfrance.online\/tr\/produit\/pinar-beyaz-surulebilir-otlu-peynir\/\" \/>\n<meta property=\"og:locale\" content=\"tr_TR\" \/>\n<meta property=\"og:type\" content=\"article\" \/>\n<meta property=\"og:title\" content=\"P\u0131nar Beyaz S\u00fcr\u00fclebilir Otlu Peynir - hakmarfrance.online\" \/>\n<meta property=\"og:description\" content=\"Lezzetli P\u0131nar Beyaz otlu taze peynirine bay\u0131lacaks\u0131n\u0131z, ekmekleriniz, sandvi\u00e7leriniz veya at\u0131\u015ft\u0131rmal\u0131klar\u0131n\u0131z i\u00e7in m\u00fckemmel. Kremsi dokusu ve lezzetli aromatik otlar tad\u0131, onu g\u00fcnl\u00fck ya\u015famda ideal bir m\u00fcttefik yapar. \u2714\ufe0f Kremsi s\u00fcr\u00fclebilir peynir\u2714\ufe0f Rafine bir lezzet i\u00e7in otlu\u2714\ufe0f Pratik, yeniden kapat\u0131labilir kap\u2714\ufe0f Kahvalt\u0131lar\u0131n\u0131z veya meze tabaklar\u0131n\u0131z i\u00e7in m\u00fckemmel P\u0131nar imzal\u0131 bu kar\u015f\u0131 konulmaz T\u00fcrk peyniri ile sofran\u0131za bir ferahl\u0131k dokunu\u015fu kat\u0131n.\" \/>\n<meta property=\"og:url\" content=\"https:\/\/hakmarfrance.online\/tr\/produit\/pinar-beyaz-surulebilir-otlu-peynir\/\" \/>\n<meta property=\"og:site_name\" content=\"hakmarfrance.online\" \/>\n<meta property=\"article:publisher\" content=\"https:\/\/www.facebook.com\/HakmarFranceSupermarche\/?locale=fr_FR\" \/>\n<meta property=\"og:image\" content=\"https:\/\/hakmarfrance.online\/wp-content\/uploads\/2025\/06\/fromage-a-tartiner-pinar-beyaz-fines-herbes.png\" \/>\n\t<meta property=\"og:image:width\" content=\"1000\" \/>\n\t<meta property=\"og:image:height\" content=\"800\" \/>\n\t<meta property=\"og:image:type\" content=\"image\/png\" \/>\n<meta name=\"twitter:card\" content=\"summary_large_image\" \/>\n<script type=\"application\/ld+json\" class=\"yoast-schema-graph\">{\"@context\":\"https:\\\/\\\/schema.org\",\"@graph\":[{\"@type\":\"WebPage\",\"@id\":\"https:\\\/\\\/hakmarfrance.online\\\/tr\\\/produit\\\/pinar-beyaz-surulebilir-otlu-peynir\\\/\",\"url\":\"https:\\\/\\\/hakmarfrance.online\\\/tr\\\/produit\\\/pinar-beyaz-surulebilir-otlu-peynir\\\/\",\"name\":\"P\u0131nar Beyaz S\u00fcr\u00fclebilir Otlu Peynir - hakmarfrance.online\",\"isPartOf\":{\"@id\":\"https:\\\/\\\/hakmarfrance.online\\\/tr\\\/#website\"},\"primaryImageOfPage\":{\"@id\":\"https:\\\/\\\/hakmarfrance.online\\\/tr\\\/produit\\\/pinar-beyaz-surulebilir-otlu-peynir\\\/#primaryimage\"},\"image\":{\"@id\":\"https:\\\/\\\/hakmarfrance.online\\\/tr\\\/produit\\\/pinar-beyaz-surulebilir-otlu-peynir\\\/#primaryimage\"},\"thumbnailUrl\":\"https:\\\/\\\/hakmarfrance.online\\\/wp-content\\\/uploads\\\/2025\\\/06\\\/fromage-a-tartiner-pinar-beyaz-fines-herbes.png\",\"datePublished\":\"2025-06-19T07:57:41+00:00\",\"breadcrumb\":{\"@id\":\"https:\\\/\\\/hakmarfrance.online\\\/tr\\\/produit\\\/pinar-beyaz-surulebilir-otlu-peynir\\\/#breadcrumb\"},\"inLanguage\":\"tr-TR\",\"potentialAction\":[{\"@type\":\"ReadAction\",\"target\":[\"https:\\\/\\\/hakmarfrance.online\\\/tr\\\/produit\\\/pinar-beyaz-surulebilir-otlu-peynir\\\/\"]}]},{\"@type\":\"ImageObject\",\"inLanguage\":\"tr-TR\",\"@id\":\"https:\\\/\\\/hakmarfrance.online\\\/tr\\\/produit\\\/pinar-beyaz-surulebilir-otlu-peynir\\\/#primaryimage\",\"url\":\"https:\\\/\\\/hakmarfrance.online\\\/wp-content\\\/uploads\\\/2025\\\/06\\\/fromage-a-tartiner-pinar-beyaz-fines-herbes.png\",\"contentUrl\":\"https:\\\/\\\/hakmarfrance.online\\\/wp-content\\\/uploads\\\/2025\\\/06\\\/fromage-a-tartiner-pinar-beyaz-fines-herbes.png\",\"width\":1000,\"height\":800},{\"@type\":\"BreadcrumbList\",\"@id\":\"https:\\\/\\\/hakmarfrance.online\\\/tr\\\/produit\\\/pinar-beyaz-surulebilir-otlu-peynir\\\/#breadcrumb\",\"itemListElement\":[{\"@type\":\"ListItem\",\"position\":1,\"name\":\"Accueil\",\"item\":\"https:\\\/\\\/hakmarfrance.online\\\/tr\\\/\"},{\"@type\":\"ListItem\",\"position\":2,\"name\":\"Ma\u011faza\",\"item\":\"https:\\\/\\\/hakmarfrance.online\\\/tr\\\/magaza\\\/\"},{\"@type\":\"ListItem\",\"position\":3,\"name\":\"P\u0131nar Beyaz S\u00fcr\u00fclebilir Otlu Peynir\"}]},{\"@type\":\"WebSite\",\"@id\":\"https:\\\/\\\/hakmarfrance.online\\\/tr\\\/#website\",\"url\":\"https:\\\/\\\/hakmarfrance.online\\\/tr\\\/\",\"name\":\"hakmarfrance.online\",\"description\":\"\",\"publisher\":{\"@id\":\"https:\\\/\\\/hakmarfrance.online\\\/tr\\\/#organization\"},\"potentialAction\":[{\"@type\":\"SearchAction\",\"target\":{\"@type\":\"EntryPoint\",\"urlTemplate\":\"https:\\\/\\\/hakmarfrance.online\\\/tr\\\/?s={search_term_string}\"},\"query-input\":{\"@type\":\"PropertyValueSpecification\",\"valueRequired\":true,\"valueName\":\"search_term_string\"}}],\"inLanguage\":\"tr-TR\"},{\"@type\":\"Organization\",\"@id\":\"https:\\\/\\\/hakmarfrance.online\\\/tr\\\/#organization\",\"name\":\"hakmarfrance.online\",\"url\":\"https:\\\/\\\/hakmarfrance.online\\\/tr\\\/\",\"logo\":{\"@type\":\"ImageObject\",\"inLanguage\":\"tr-TR\",\"@id\":\"https:\\\/\\\/hakmarfrance.online\\\/tr\\\/#\\\/schema\\\/logo\\\/image\\\/\",\"url\":\"https:\\\/\\\/hakmarfrance.online\\\/wp-content\\\/uploads\\\/2025\\\/06\\\/logo-hakmarfrance.png\",\"contentUrl\":\"https:\\\/\\\/hakmarfrance.online\\\/wp-content\\\/uploads\\\/2025\\\/06\\\/logo-hakmarfrance.png\",\"width\":528,\"height\":232,\"caption\":\"hakmarfrance.online\"},\"image\":{\"@id\":\"https:\\\/\\\/hakmarfrance.online\\\/tr\\\/#\\\/schema\\\/logo\\\/image\\\/\"},\"sameAs\":[\"https:\\\/\\\/www.facebook.com\\\/HakmarFranceSupermarche\\\/?locale=fr_FR\",\"https:\\\/\\\/www.instagram.com\\\/hakmarfrancesupermarche\\\/\"]}]}<\/script>\n<!-- \/ Yoast SEO plugin. -->","yoast_head_json":{"title":"P\u0131nar Beyaz S\u00fcr\u00fclebilir Otlu Peynir - hakmarfrance.online","robots":{"index":"index","follow":"follow","max-snippet":"max-snippet:-1","max-image-preview":"max-image-preview:large","max-video-preview":"max-video-preview:-1"},"canonical":"https:\/\/hakmarfrance.online\/tr\/produit\/pinar-beyaz-surulebilir-otlu-peynir\/","og_locale":"tr_TR","og_type":"article","og_title":"P\u0131nar Beyaz S\u00fcr\u00fclebilir Otlu Peynir - hakmarfrance.online","og_description":"Lezzetli P\u0131nar Beyaz otlu taze peynirine bay\u0131lacaks\u0131n\u0131z, ekmekleriniz, sandvi\u00e7leriniz veya at\u0131\u015ft\u0131rmal\u0131klar\u0131n\u0131z i\u00e7in m\u00fckemmel. Kremsi dokusu ve lezzetli aromatik otlar tad\u0131, onu g\u00fcnl\u00fck ya\u015famda ideal bir m\u00fcttefik yapar. \u2714\ufe0f Kremsi s\u00fcr\u00fclebilir peynir\u2714\ufe0f Rafine bir lezzet i\u00e7in otlu\u2714\ufe0f Pratik, yeniden kapat\u0131labilir kap\u2714\ufe0f Kahvalt\u0131lar\u0131n\u0131z veya meze tabaklar\u0131n\u0131z i\u00e7in m\u00fckemmel P\u0131nar imzal\u0131 bu kar\u015f\u0131 konulmaz T\u00fcrk peyniri ile sofran\u0131za bir ferahl\u0131k dokunu\u015fu kat\u0131n.","og_url":"https:\/\/hakmarfrance.online\/tr\/produit\/pinar-beyaz-surulebilir-otlu-peynir\/","og_site_name":"hakmarfrance.online","article_publisher":"https:\/\/www.facebook.com\/HakmarFranceSupermarche\/?locale=fr_FR","og_image":[{"width":1000,"height":800,"url":"https:\/\/hakmarfrance.online\/wp-content\/uploads\/2025\/06\/fromage-a-tartiner-pinar-beyaz-fines-herbes.png","type":"image\/png"}],"twitter_card":"summary_large_image","schema":{"@context":"https:\/\/schema.org","@graph":[{"@type":"WebPage","@id":"https:\/\/hakmarfrance.online\/tr\/produit\/pinar-beyaz-surulebilir-otlu-peynir\/","url":"https:\/\/hakmarfrance.online\/tr\/produit\/pinar-beyaz-surulebilir-otlu-peynir\/","name":"P\u0131nar Beyaz S\u00fcr\u00fclebilir Otlu Peynir - hakmarfrance.online","isPartOf":{"@id":"https:\/\/hakmarfrance.online\/tr\/#website"},"primaryImageOfPage":{"@id":"https:\/\/hakmarfrance.online\/tr\/produit\/pinar-beyaz-surulebilir-otlu-peynir\/#primaryimage"},"image":{"@id":"https:\/\/hakmarfrance.online\/tr\/produit\/pinar-beyaz-surulebilir-otlu-peynir\/#primaryimage"},"thumbnailUrl":"https:\/\/hakmarfrance.online\/wp-content\/uploads\/2025\/06\/fromage-a-tartiner-pinar-beyaz-fines-herbes.png","datePublished":"2025-06-19T07:57:41+00:00","breadcrumb":{"@id":"https:\/\/hakmarfrance.online\/tr\/produit\/pinar-beyaz-surulebilir-otlu-peynir\/#breadcrumb"},"inLanguage":"tr-TR","potentialAction":[{"@type":"ReadAction","target":["https:\/\/hakmarfrance.online\/tr\/produit\/pinar-beyaz-surulebilir-otlu-peynir\/"]}]},{"@type":"ImageObject","inLanguage":"tr-TR","@id":"https:\/\/hakmarfrance.online\/tr\/produit\/pinar-beyaz-surulebilir-otlu-peynir\/#primaryimage","url":"https:\/\/hakmarfrance.online\/wp-content\/uploads\/2025\/06\/fromage-a-tartiner-pinar-beyaz-fines-herbes.png","contentUrl":"https:\/\/hakmarfrance.online\/wp-content\/uploads\/2025\/06\/fromage-a-tartiner-pinar-beyaz-fines-herbes.png","width":1000,"height":800},{"@type":"BreadcrumbList","@id":"https:\/\/hakmarfrance.online\/tr\/produit\/pinar-beyaz-surulebilir-otlu-peynir\/#breadcrumb","itemListElement":[{"@type":"ListItem","position":1,"name":"Accueil","item":"https:\/\/hakmarfrance.online\/tr\/"},{"@type":"ListItem","position":2,"name":"Ma\u011faza","item":"https:\/\/hakmarfrance.online\/tr\/magaza\/"},{"@type":"ListItem","position":3,"name":"P\u0131nar Beyaz S\u00fcr\u00fclebilir Otlu Peynir"}]},{"@type":"WebSite","@id":"https:\/\/hakmarfrance.online\/tr\/#website","url":"https:\/\/hakmarfrance.online\/tr\/","name":"hakmarfrance.online","description":"","publisher":{"@id":"https:\/\/hakmarfrance.online\/tr\/#organization"},"potentialAction":[{"@type":"SearchAction","target":{"@type":"EntryPoint","urlTemplate":"https:\/\/hakmarfrance.online\/tr\/?s={search_term_string}"},"query-input":{"@type":"PropertyValueSpecification","valueRequired":true,"valueName":"search_term_string"}}],"inLanguage":"tr-TR"},{"@type":"Organization","@id":"https:\/\/hakmarfrance.online\/tr\/#organization","name":"hakmarfrance.online","url":"https:\/\/hakmarfrance.online\/tr\/","logo":{"@type":"ImageObject","inLanguage":"tr-TR","@id":"https:\/\/hakmarfrance.online\/tr\/#\/schema\/logo\/image\/","url":"https:\/\/hakmarfrance.online\/wp-content\/uploads\/2025\/06\/logo-hakmarfrance.png","contentUrl":"https:\/\/hakmarfrance.online\/wp-content\/uploads\/2025\/06\/logo-hakmarfrance.png","width":528,"height":232,"caption":"hakmarfrance.online"},"image":{"@id":"https:\/\/hakmarfrance.online\/tr\/#\/schema\/logo\/image\/"},"sameAs":["https:\/\/www.facebook.com\/HakmarFranceSupermarche\/?locale=fr_FR","https:\/\/www.instagram.com\/hakmarfrancesupermarche\/"]}]}},"_links":{"self":[{"href":"https:\/\/hakmarfrance.online\/tr\/wp-json\/wp\/v2\/product\/18213","targetHints":{"allow":["GET"]}}],"collection":[{"href":"https:\/\/hakmarfrance.online\/tr\/wp-json\/wp\/v2\/product"}],"about":[{"href":"https:\/\/hakmarfrance.online\/tr\/wp-json\/wp\/v2\/types\/product"}],"replies":[{"embeddable":true,"href":"https:\/\/hakmarfrance.online\/tr\/wp-json\/wp\/v2\/comments?post=18213"}],"version-history":[{"count":0,"href":"https:\/\/hakmarfrance.online\/tr\/wp-json\/wp\/v2\/product\/18213\/revisions"}],"wp:featuredmedia":[{"embeddable":true,"href":"https:\/\/hakmarfrance.online\/tr\/wp-json\/wp\/v2\/media\/18214"}],"wp:attachment":[{"href":"https:\/\/hakmarfrance.online\/tr\/wp-json\/wp\/v2\/media?parent=18213"}],"wp:term":[{"taxonomy":"product_brand","embeddable":true,"href":"https:\/\/hakmarfrance.online\/tr\/wp-json\/wp\/v2\/product_brand?post=18213"},{"taxonomy":"product_cat","embeddable":true,"href":"https:\/\/hakmarfrance.online\/tr\/wp-json\/wp\/v2\/product_cat?post=18213"},{"taxonomy":"product_tag","embeddable":true,"href":"https:\/\/hakmarfrance.online\/tr\/wp-json\/wp\/v2\/product_tag?post=18213"}],"curies":[{"name":"wp","href":"https:\/\/api.w.org\/{rel}","templated":true}]}}