{"id":18217,"date":"2025-06-19T08:01:14","date_gmt":"2025-06-19T08:01:14","guid":{"rendered":"https:\/\/hakmarfrance.online\/produit\/kaskaval-peyniri-destan-yuvarlak-kasar-peyniri-700gr\/"},"modified":"2025-06-19T08:01:14","modified_gmt":"2025-06-19T08:01:14","slug":"kaskaval-peyniri-destan-yuvarlak-kasar-peyniri-700gr","status":"publish","type":"product","link":"https:\/\/hakmarfrance.online\/tr\/produit\/kaskaval-peyniri-destan-yuvarlak-kasar-peyniri-700gr\/","title":{"rendered":"Ka\u015fkaval Peyniri Destan \u2013 Yuvarlak Ka\u015far Peyniri -700gr"},"content":{"rendered":"","protected":false},"excerpt":{"rendered":"<p data-start=\"303\" data-end=\"484\">Yumu\u015fak ve eriyen tad\u0131yla t\u00fcm T\u00fcrk veya Akdeniz yemekleriniz i\u00e7in ideal olan <strong data-start=\"337\" data-end=\"368\">Ka\u015far Peyniri Destan<\/strong> <strong data-start=\"373\" data-end=\"386\">ka\u015fkaval<\/strong> ile gelene\u011fe dal\u0131n.<\/p>\n<p data-start=\"486\" data-end=\"650\">\u2714\ufe0f \u0130nek s\u00fct\u00fcnden T\u00fcrk peyniri<br data-start=\"518\" data-end=\"521\">\u2714\ufe0f Gratenler, b\u00f6rekler, pizzalar veya sandvi\u00e7ler i\u00e7in m\u00fckemmel eriyen doku<br data-start=\"595\" data-end=\"598\">\u2714\ufe0f C\u00f6mert boyut<br data-start=\"622\" data-end=\"625\">\u2714\ufe0f Helal sertifikal\u0131 \u00fcr\u00fcn<\/p>\n<p data-start=\"652\" data-end=\"763\">Oryantal mutfa\u011f\u0131nda mutlaka bulunmas\u0131 gereken, t\u00fcm lezzetlerini ortaya \u00e7\u0131karmak i\u00e7in s\u0131cak veya so\u011fuk olarak tad\u0131n\u0131 \u00e7\u0131karabilece\u011finiz bir peynir.<\/p>\n","protected":false},"featured_media":16511,"comment_status":"open","ping_status":"closed","template":"","meta":{"iawp_total_views":0},"product_brand":[192],"product_cat":[286,283,227,287,225],"product_tag":[],"class_list":{"0":"post-18217","1":"product","2":"type-product","3":"status-publish","4":"has-post-thumbnail","6":"product_brand-destan","7":"product_cat-dogu-marketi","8":"product_cat-et-balik-sarkuteri","9":"product_cat-geleneksel-turk-urunleri","10":"product_cat-taze-urunler-sut-urunleri-mandira","11":"product_cat-tum-urunlerimiz","13":"first","14":"instock","15":"featured","16":"shipping-taxable","17":"purchasable","18":"product-type-simple"},"yoast_head":"<!-- This site is optimized with the Yoast SEO plugin v27.3 - https:\/\/yoast.com\/product\/yoast-seo-wordpress\/ -->\n<title>Ka\u015fkaval Peyniri Destan \u2013 Yuvarlak Ka\u015far Peyniri -700gr - hakmarfrance.online<\/title>\n<meta name=\"robots\" content=\"index, follow, max-snippet:-1, max-image-preview:large, max-video-preview:-1\" \/>\n<link rel=\"canonical\" href=\"https:\/\/hakmarfrance.online\/tr\/produit\/kaskaval-peyniri-destan-yuvarlak-kasar-peyniri-700gr\/\" \/>\n<meta property=\"og:locale\" content=\"tr_TR\" \/>\n<meta property=\"og:type\" content=\"article\" \/>\n<meta property=\"og:title\" content=\"Ka\u015fkaval Peyniri Destan \u2013 Yuvarlak Ka\u015far Peyniri -700gr - hakmarfrance.online\" \/>\n<meta property=\"og:description\" content=\"Yumu\u015fak ve eriyen tad\u0131yla t\u00fcm T\u00fcrk veya Akdeniz yemekleriniz i\u00e7in ideal olan Ka\u015far Peyniri Destan ka\u015fkaval ile gelene\u011fe dal\u0131n. \u2714\ufe0f \u0130nek s\u00fct\u00fcnden T\u00fcrk peyniri\u2714\ufe0f Gratenler, b\u00f6rekler, pizzalar veya sandvi\u00e7ler i\u00e7in m\u00fckemmel eriyen doku\u2714\ufe0f C\u00f6mert boyut\u2714\ufe0f Helal sertifikal\u0131 \u00fcr\u00fcn Oryantal mutfa\u011f\u0131nda mutlaka bulunmas\u0131 gereken, t\u00fcm lezzetlerini ortaya \u00e7\u0131karmak i\u00e7in s\u0131cak veya so\u011fuk olarak tad\u0131n\u0131 \u00e7\u0131karabilece\u011finiz bir peynir.\" \/>\n<meta property=\"og:url\" content=\"https:\/\/hakmarfrance.online\/tr\/produit\/kaskaval-peyniri-destan-yuvarlak-kasar-peyniri-700gr\/\" \/>\n<meta property=\"og:site_name\" content=\"hakmarfrance.online\" \/>\n<meta property=\"article:publisher\" content=\"https:\/\/www.facebook.com\/HakmarFranceSupermarche\/?locale=fr_FR\" \/>\n<meta property=\"og:image\" content=\"https:\/\/hakmarfrance.online\/wp-content\/uploads\/2025\/06\/fromage-kashkaval-destan-kasar-peyniri.png\" \/>\n\t<meta property=\"og:image:width\" content=\"1000\" \/>\n\t<meta property=\"og:image:height\" content=\"800\" \/>\n\t<meta property=\"og:image:type\" content=\"image\/png\" \/>\n<meta name=\"twitter:card\" content=\"summary_large_image\" \/>\n<script type=\"application\/ld+json\" class=\"yoast-schema-graph\">{\"@context\":\"https:\\\/\\\/schema.org\",\"@graph\":[{\"@type\":\"WebPage\",\"@id\":\"https:\\\/\\\/hakmarfrance.online\\\/tr\\\/produit\\\/kaskaval-peyniri-destan-yuvarlak-kasar-peyniri-700gr\\\/\",\"url\":\"https:\\\/\\\/hakmarfrance.online\\\/tr\\\/produit\\\/kaskaval-peyniri-destan-yuvarlak-kasar-peyniri-700gr\\\/\",\"name\":\"Ka\u015fkaval Peyniri Destan \u2013 Yuvarlak Ka\u015far Peyniri -700gr - hakmarfrance.online\",\"isPartOf\":{\"@id\":\"https:\\\/\\\/hakmarfrance.online\\\/tr\\\/#website\"},\"primaryImageOfPage\":{\"@id\":\"https:\\\/\\\/hakmarfrance.online\\\/tr\\\/produit\\\/kaskaval-peyniri-destan-yuvarlak-kasar-peyniri-700gr\\\/#primaryimage\"},\"image\":{\"@id\":\"https:\\\/\\\/hakmarfrance.online\\\/tr\\\/produit\\\/kaskaval-peyniri-destan-yuvarlak-kasar-peyniri-700gr\\\/#primaryimage\"},\"thumbnailUrl\":\"https:\\\/\\\/hakmarfrance.online\\\/wp-content\\\/uploads\\\/2025\\\/06\\\/fromage-kashkaval-destan-kasar-peyniri.png\",\"datePublished\":\"2025-06-19T08:01:14+00:00\",\"breadcrumb\":{\"@id\":\"https:\\\/\\\/hakmarfrance.online\\\/tr\\\/produit\\\/kaskaval-peyniri-destan-yuvarlak-kasar-peyniri-700gr\\\/#breadcrumb\"},\"inLanguage\":\"tr-TR\",\"potentialAction\":[{\"@type\":\"ReadAction\",\"target\":[\"https:\\\/\\\/hakmarfrance.online\\\/tr\\\/produit\\\/kaskaval-peyniri-destan-yuvarlak-kasar-peyniri-700gr\\\/\"]}]},{\"@type\":\"ImageObject\",\"inLanguage\":\"tr-TR\",\"@id\":\"https:\\\/\\\/hakmarfrance.online\\\/tr\\\/produit\\\/kaskaval-peyniri-destan-yuvarlak-kasar-peyniri-700gr\\\/#primaryimage\",\"url\":\"https:\\\/\\\/hakmarfrance.online\\\/wp-content\\\/uploads\\\/2025\\\/06\\\/fromage-kashkaval-destan-kasar-peyniri.png\",\"contentUrl\":\"https:\\\/\\\/hakmarfrance.online\\\/wp-content\\\/uploads\\\/2025\\\/06\\\/fromage-kashkaval-destan-kasar-peyniri.png\",\"width\":1000,\"height\":800},{\"@type\":\"BreadcrumbList\",\"@id\":\"https:\\\/\\\/hakmarfrance.online\\\/tr\\\/produit\\\/kaskaval-peyniri-destan-yuvarlak-kasar-peyniri-700gr\\\/#breadcrumb\",\"itemListElement\":[{\"@type\":\"ListItem\",\"position\":1,\"name\":\"Accueil\",\"item\":\"https:\\\/\\\/hakmarfrance.online\\\/tr\\\/\"},{\"@type\":\"ListItem\",\"position\":2,\"name\":\"Ma\u011faza\",\"item\":\"https:\\\/\\\/hakmarfrance.online\\\/tr\\\/magaza\\\/\"},{\"@type\":\"ListItem\",\"position\":3,\"name\":\"Ka\u015fkaval Peyniri Destan \u2013 Yuvarlak Ka\u015far Peyniri -700gr\"}]},{\"@type\":\"WebSite\",\"@id\":\"https:\\\/\\\/hakmarfrance.online\\\/tr\\\/#website\",\"url\":\"https:\\\/\\\/hakmarfrance.online\\\/tr\\\/\",\"name\":\"hakmarfrance.online\",\"description\":\"\",\"publisher\":{\"@id\":\"https:\\\/\\\/hakmarfrance.online\\\/tr\\\/#organization\"},\"potentialAction\":[{\"@type\":\"SearchAction\",\"target\":{\"@type\":\"EntryPoint\",\"urlTemplate\":\"https:\\\/\\\/hakmarfrance.online\\\/tr\\\/?s={search_term_string}\"},\"query-input\":{\"@type\":\"PropertyValueSpecification\",\"valueRequired\":true,\"valueName\":\"search_term_string\"}}],\"inLanguage\":\"tr-TR\"},{\"@type\":\"Organization\",\"@id\":\"https:\\\/\\\/hakmarfrance.online\\\/tr\\\/#organization\",\"name\":\"hakmarfrance.online\",\"url\":\"https:\\\/\\\/hakmarfrance.online\\\/tr\\\/\",\"logo\":{\"@type\":\"ImageObject\",\"inLanguage\":\"tr-TR\",\"@id\":\"https:\\\/\\\/hakmarfrance.online\\\/tr\\\/#\\\/schema\\\/logo\\\/image\\\/\",\"url\":\"https:\\\/\\\/hakmarfrance.online\\\/wp-content\\\/uploads\\\/2025\\\/06\\\/logo-hakmarfrance.png\",\"contentUrl\":\"https:\\\/\\\/hakmarfrance.online\\\/wp-content\\\/uploads\\\/2025\\\/06\\\/logo-hakmarfrance.png\",\"width\":528,\"height\":232,\"caption\":\"hakmarfrance.online\"},\"image\":{\"@id\":\"https:\\\/\\\/hakmarfrance.online\\\/tr\\\/#\\\/schema\\\/logo\\\/image\\\/\"},\"sameAs\":[\"https:\\\/\\\/www.facebook.com\\\/HakmarFranceSupermarche\\\/?locale=fr_FR\",\"https:\\\/\\\/www.instagram.com\\\/hakmarfrancesupermarche\\\/\"]}]}<\/script>\n<!-- \/ Yoast SEO plugin. -->","yoast_head_json":{"title":"Ka\u015fkaval Peyniri Destan \u2013 Yuvarlak Ka\u015far Peyniri -700gr - hakmarfrance.online","robots":{"index":"index","follow":"follow","max-snippet":"max-snippet:-1","max-image-preview":"max-image-preview:large","max-video-preview":"max-video-preview:-1"},"canonical":"https:\/\/hakmarfrance.online\/tr\/produit\/kaskaval-peyniri-destan-yuvarlak-kasar-peyniri-700gr\/","og_locale":"tr_TR","og_type":"article","og_title":"Ka\u015fkaval Peyniri Destan \u2013 Yuvarlak Ka\u015far Peyniri -700gr - hakmarfrance.online","og_description":"Yumu\u015fak ve eriyen tad\u0131yla t\u00fcm T\u00fcrk veya Akdeniz yemekleriniz i\u00e7in ideal olan Ka\u015far Peyniri Destan ka\u015fkaval ile gelene\u011fe dal\u0131n. \u2714\ufe0f \u0130nek s\u00fct\u00fcnden T\u00fcrk peyniri\u2714\ufe0f Gratenler, b\u00f6rekler, pizzalar veya sandvi\u00e7ler i\u00e7in m\u00fckemmel eriyen doku\u2714\ufe0f C\u00f6mert boyut\u2714\ufe0f Helal sertifikal\u0131 \u00fcr\u00fcn Oryantal mutfa\u011f\u0131nda mutlaka bulunmas\u0131 gereken, t\u00fcm lezzetlerini ortaya \u00e7\u0131karmak i\u00e7in s\u0131cak veya so\u011fuk olarak tad\u0131n\u0131 \u00e7\u0131karabilece\u011finiz bir peynir.","og_url":"https:\/\/hakmarfrance.online\/tr\/produit\/kaskaval-peyniri-destan-yuvarlak-kasar-peyniri-700gr\/","og_site_name":"hakmarfrance.online","article_publisher":"https:\/\/www.facebook.com\/HakmarFranceSupermarche\/?locale=fr_FR","og_image":[{"width":1000,"height":800,"url":"https:\/\/hakmarfrance.online\/wp-content\/uploads\/2025\/06\/fromage-kashkaval-destan-kasar-peyniri.png","type":"image\/png"}],"twitter_card":"summary_large_image","schema":{"@context":"https:\/\/schema.org","@graph":[{"@type":"WebPage","@id":"https:\/\/hakmarfrance.online\/tr\/produit\/kaskaval-peyniri-destan-yuvarlak-kasar-peyniri-700gr\/","url":"https:\/\/hakmarfrance.online\/tr\/produit\/kaskaval-peyniri-destan-yuvarlak-kasar-peyniri-700gr\/","name":"Ka\u015fkaval Peyniri Destan \u2013 Yuvarlak Ka\u015far Peyniri -700gr - hakmarfrance.online","isPartOf":{"@id":"https:\/\/hakmarfrance.online\/tr\/#website"},"primaryImageOfPage":{"@id":"https:\/\/hakmarfrance.online\/tr\/produit\/kaskaval-peyniri-destan-yuvarlak-kasar-peyniri-700gr\/#primaryimage"},"image":{"@id":"https:\/\/hakmarfrance.online\/tr\/produit\/kaskaval-peyniri-destan-yuvarlak-kasar-peyniri-700gr\/#primaryimage"},"thumbnailUrl":"https:\/\/hakmarfrance.online\/wp-content\/uploads\/2025\/06\/fromage-kashkaval-destan-kasar-peyniri.png","datePublished":"2025-06-19T08:01:14+00:00","breadcrumb":{"@id":"https:\/\/hakmarfrance.online\/tr\/produit\/kaskaval-peyniri-destan-yuvarlak-kasar-peyniri-700gr\/#breadcrumb"},"inLanguage":"tr-TR","potentialAction":[{"@type":"ReadAction","target":["https:\/\/hakmarfrance.online\/tr\/produit\/kaskaval-peyniri-destan-yuvarlak-kasar-peyniri-700gr\/"]}]},{"@type":"ImageObject","inLanguage":"tr-TR","@id":"https:\/\/hakmarfrance.online\/tr\/produit\/kaskaval-peyniri-destan-yuvarlak-kasar-peyniri-700gr\/#primaryimage","url":"https:\/\/hakmarfrance.online\/wp-content\/uploads\/2025\/06\/fromage-kashkaval-destan-kasar-peyniri.png","contentUrl":"https:\/\/hakmarfrance.online\/wp-content\/uploads\/2025\/06\/fromage-kashkaval-destan-kasar-peyniri.png","width":1000,"height":800},{"@type":"BreadcrumbList","@id":"https:\/\/hakmarfrance.online\/tr\/produit\/kaskaval-peyniri-destan-yuvarlak-kasar-peyniri-700gr\/#breadcrumb","itemListElement":[{"@type":"ListItem","position":1,"name":"Accueil","item":"https:\/\/hakmarfrance.online\/tr\/"},{"@type":"ListItem","position":2,"name":"Ma\u011faza","item":"https:\/\/hakmarfrance.online\/tr\/magaza\/"},{"@type":"ListItem","position":3,"name":"Ka\u015fkaval Peyniri Destan \u2013 Yuvarlak Ka\u015far Peyniri -700gr"}]},{"@type":"WebSite","@id":"https:\/\/hakmarfrance.online\/tr\/#website","url":"https:\/\/hakmarfrance.online\/tr\/","name":"hakmarfrance.online","description":"","publisher":{"@id":"https:\/\/hakmarfrance.online\/tr\/#organization"},"potentialAction":[{"@type":"SearchAction","target":{"@type":"EntryPoint","urlTemplate":"https:\/\/hakmarfrance.online\/tr\/?s={search_term_string}"},"query-input":{"@type":"PropertyValueSpecification","valueRequired":true,"valueName":"search_term_string"}}],"inLanguage":"tr-TR"},{"@type":"Organization","@id":"https:\/\/hakmarfrance.online\/tr\/#organization","name":"hakmarfrance.online","url":"https:\/\/hakmarfrance.online\/tr\/","logo":{"@type":"ImageObject","inLanguage":"tr-TR","@id":"https:\/\/hakmarfrance.online\/tr\/#\/schema\/logo\/image\/","url":"https:\/\/hakmarfrance.online\/wp-content\/uploads\/2025\/06\/logo-hakmarfrance.png","contentUrl":"https:\/\/hakmarfrance.online\/wp-content\/uploads\/2025\/06\/logo-hakmarfrance.png","width":528,"height":232,"caption":"hakmarfrance.online"},"image":{"@id":"https:\/\/hakmarfrance.online\/tr\/#\/schema\/logo\/image\/"},"sameAs":["https:\/\/www.facebook.com\/HakmarFranceSupermarche\/?locale=fr_FR","https:\/\/www.instagram.com\/hakmarfrancesupermarche\/"]}]}},"_links":{"self":[{"href":"https:\/\/hakmarfrance.online\/tr\/wp-json\/wp\/v2\/product\/18217","targetHints":{"allow":["GET"]}}],"collection":[{"href":"https:\/\/hakmarfrance.online\/tr\/wp-json\/wp\/v2\/product"}],"about":[{"href":"https:\/\/hakmarfrance.online\/tr\/wp-json\/wp\/v2\/types\/product"}],"replies":[{"embeddable":true,"href":"https:\/\/hakmarfrance.online\/tr\/wp-json\/wp\/v2\/comments?post=18217"}],"version-history":[{"count":0,"href":"https:\/\/hakmarfrance.online\/tr\/wp-json\/wp\/v2\/product\/18217\/revisions"}],"wp:featuredmedia":[{"embeddable":true,"href":"https:\/\/hakmarfrance.online\/tr\/wp-json\/wp\/v2\/media\/16511"}],"wp:attachment":[{"href":"https:\/\/hakmarfrance.online\/tr\/wp-json\/wp\/v2\/media?parent=18217"}],"wp:term":[{"taxonomy":"product_brand","embeddable":true,"href":"https:\/\/hakmarfrance.online\/tr\/wp-json\/wp\/v2\/product_brand?post=18217"},{"taxonomy":"product_cat","embeddable":true,"href":"https:\/\/hakmarfrance.online\/tr\/wp-json\/wp\/v2\/product_cat?post=18217"},{"taxonomy":"product_tag","embeddable":true,"href":"https:\/\/hakmarfrance.online\/tr\/wp-json\/wp\/v2\/product_tag?post=18217"}],"curies":[{"name":"wp","href":"https:\/\/api.w.org\/{rel}","templated":true}]}}