{"id":18219,"date":"2025-06-19T08:04:55","date_gmt":"2025-06-19T08:04:55","guid":{"rendered":"https:\/\/hakmarfrance.online\/produit\/dilimlenmis-sohbet-sucuk-helal-turk-sucugu-200g\/"},"modified":"2025-06-19T08:04:55","modified_gmt":"2025-06-19T08:04:55","slug":"dilimlenmis-sohbet-sucuk-helal-turk-sucugu-200g","status":"publish","type":"product","link":"https:\/\/hakmarfrance.online\/tr\/produit\/dilimlenmis-sohbet-sucuk-helal-turk-sucugu-200g\/","title":{"rendered":"Dilimlenmi\u015f Sohbet Sucuk &#8211; Helal T\u00fcrk Sucu\u011fu &#8211; 200g"},"content":{"rendered":"","protected":false},"excerpt":{"rendered":"<p data-start=\"295\" data-end=\"463\"><strong data-start=\"348\" data-end=\"372\">Dilimlenmi\u015f Sohbet sucu\u011fu<\/strong> ile yemeklerinize geleneksel bir lezzet kat\u0131n, <strong data-start=\"416\" data-end=\"434\">helal sertifikal\u0131<\/strong> bu lezzetli baharatl\u0131 T\u00fcrk sucu\u011fu pi\u015firmeye ve tad\u0131n\u0131 \u00e7\u0131karmaya haz\u0131r.<\/p>\n<p data-start=\"465\" data-end=\"631\">\u2714\ufe0f %100 helal et<br data-start=\"486\" data-end=\"489\">\u2714\ufe0f \u0130nce dilimler &#8211; kolay ve h\u0131zl\u0131 pi\u015firme<br data-start=\"533\" data-end=\"536\">\u2714\ufe0f Kahvalt\u0131, pizza, sandvi\u00e7 veya s\u0131cak yemekler i\u00e7in ideal<br data-start=\"605\" data-end=\"608\">\u2714\ufe0f Kullan\u0131\u015fl\u0131 200g paket<\/p>\n<p data-start=\"633\" data-end=\"765\">\u0130ster do\u011fu tarz\u0131 bir brunch i\u00e7in ister lezzetli bir tarif i\u00e7in olsun, <strong data-start=\"698\" data-end=\"714\">Sohbet sucuk<\/strong> otantik ve baharatl\u0131 lezzet severleri mutlu edecek.<\/p>\n","protected":false},"featured_media":18220,"comment_status":"open","ping_status":"closed","template":"","meta":{"iawp_total_views":0},"product_brand":[193],"product_cat":[286,283,227,285,225],"product_tag":[],"class_list":{"0":"post-18219","1":"product","2":"type-product","3":"status-publish","4":"has-post-thumbnail","6":"product_brand-sohbet","7":"product_cat-dogu-marketi","8":"product_cat-et-balik-sarkuteri","9":"product_cat-geleneksel-turk-urunleri","10":"product_cat-sarkuteri-urunleri-sucuk-pastirma","11":"product_cat-tum-urunlerimiz","13":"first","14":"instock","15":"shipping-taxable","16":"purchasable","17":"product-type-simple"},"yoast_head":"<!-- This site is optimized with the Yoast SEO plugin v27.3 - https:\/\/yoast.com\/product\/yoast-seo-wordpress\/ -->\n<title>Dilimlenmi\u015f Sohbet Sucuk - Helal T\u00fcrk Sucu\u011fu - 200g - hakmarfrance.online<\/title>\n<meta name=\"robots\" content=\"index, follow, max-snippet:-1, max-image-preview:large, max-video-preview:-1\" \/>\n<link rel=\"canonical\" href=\"https:\/\/hakmarfrance.online\/tr\/produit\/dilimlenmis-sohbet-sucuk-helal-turk-sucugu-200g\/\" \/>\n<meta property=\"og:locale\" content=\"tr_TR\" \/>\n<meta property=\"og:type\" content=\"article\" \/>\n<meta property=\"og:title\" content=\"Dilimlenmi\u015f Sohbet Sucuk - Helal T\u00fcrk Sucu\u011fu - 200g - hakmarfrance.online\" \/>\n<meta property=\"og:description\" content=\"Dilimlenmi\u015f Sohbet sucu\u011fu ile yemeklerinize geleneksel bir lezzet kat\u0131n, helal sertifikal\u0131 bu lezzetli baharatl\u0131 T\u00fcrk sucu\u011fu pi\u015firmeye ve tad\u0131n\u0131 \u00e7\u0131karmaya haz\u0131r. \u2714\ufe0f %100 helal et\u2714\ufe0f \u0130nce dilimler - kolay ve h\u0131zl\u0131 pi\u015firme\u2714\ufe0f Kahvalt\u0131, pizza, sandvi\u00e7 veya s\u0131cak yemekler i\u00e7in ideal\u2714\ufe0f Kullan\u0131\u015fl\u0131 200g paket \u0130ster do\u011fu tarz\u0131 bir brunch i\u00e7in ister lezzetli bir tarif i\u00e7in olsun, Sohbet sucuk otantik ve baharatl\u0131 lezzet severleri mutlu edecek.\" \/>\n<meta property=\"og:url\" content=\"https:\/\/hakmarfrance.online\/tr\/produit\/dilimlenmis-sohbet-sucuk-helal-turk-sucugu-200g\/\" \/>\n<meta property=\"og:site_name\" content=\"hakmarfrance.online\" \/>\n<meta property=\"article:publisher\" content=\"https:\/\/www.facebook.com\/HakmarFranceSupermarche\/?locale=fr_FR\" \/>\n<meta property=\"og:image\" content=\"https:\/\/hakmarfrance.online\/wp-content\/uploads\/2025\/06\/sucuk-tranche-sohbet-halal-200g.png\" \/>\n\t<meta property=\"og:image:width\" content=\"1000\" \/>\n\t<meta property=\"og:image:height\" content=\"800\" \/>\n\t<meta property=\"og:image:type\" content=\"image\/png\" \/>\n<meta name=\"twitter:card\" content=\"summary_large_image\" \/>\n<script type=\"application\/ld+json\" class=\"yoast-schema-graph\">{\"@context\":\"https:\\\/\\\/schema.org\",\"@graph\":[{\"@type\":\"WebPage\",\"@id\":\"https:\\\/\\\/hakmarfrance.online\\\/tr\\\/produit\\\/dilimlenmis-sohbet-sucuk-helal-turk-sucugu-200g\\\/\",\"url\":\"https:\\\/\\\/hakmarfrance.online\\\/tr\\\/produit\\\/dilimlenmis-sohbet-sucuk-helal-turk-sucugu-200g\\\/\",\"name\":\"Dilimlenmi\u015f Sohbet Sucuk - Helal T\u00fcrk Sucu\u011fu - 200g - hakmarfrance.online\",\"isPartOf\":{\"@id\":\"https:\\\/\\\/hakmarfrance.online\\\/tr\\\/#website\"},\"primaryImageOfPage\":{\"@id\":\"https:\\\/\\\/hakmarfrance.online\\\/tr\\\/produit\\\/dilimlenmis-sohbet-sucuk-helal-turk-sucugu-200g\\\/#primaryimage\"},\"image\":{\"@id\":\"https:\\\/\\\/hakmarfrance.online\\\/tr\\\/produit\\\/dilimlenmis-sohbet-sucuk-helal-turk-sucugu-200g\\\/#primaryimage\"},\"thumbnailUrl\":\"https:\\\/\\\/hakmarfrance.online\\\/wp-content\\\/uploads\\\/2025\\\/06\\\/sucuk-tranche-sohbet-halal-200g.png\",\"datePublished\":\"2025-06-19T08:04:55+00:00\",\"breadcrumb\":{\"@id\":\"https:\\\/\\\/hakmarfrance.online\\\/tr\\\/produit\\\/dilimlenmis-sohbet-sucuk-helal-turk-sucugu-200g\\\/#breadcrumb\"},\"inLanguage\":\"tr-TR\",\"potentialAction\":[{\"@type\":\"ReadAction\",\"target\":[\"https:\\\/\\\/hakmarfrance.online\\\/tr\\\/produit\\\/dilimlenmis-sohbet-sucuk-helal-turk-sucugu-200g\\\/\"]}]},{\"@type\":\"ImageObject\",\"inLanguage\":\"tr-TR\",\"@id\":\"https:\\\/\\\/hakmarfrance.online\\\/tr\\\/produit\\\/dilimlenmis-sohbet-sucuk-helal-turk-sucugu-200g\\\/#primaryimage\",\"url\":\"https:\\\/\\\/hakmarfrance.online\\\/wp-content\\\/uploads\\\/2025\\\/06\\\/sucuk-tranche-sohbet-halal-200g.png\",\"contentUrl\":\"https:\\\/\\\/hakmarfrance.online\\\/wp-content\\\/uploads\\\/2025\\\/06\\\/sucuk-tranche-sohbet-halal-200g.png\",\"width\":1000,\"height\":800},{\"@type\":\"BreadcrumbList\",\"@id\":\"https:\\\/\\\/hakmarfrance.online\\\/tr\\\/produit\\\/dilimlenmis-sohbet-sucuk-helal-turk-sucugu-200g\\\/#breadcrumb\",\"itemListElement\":[{\"@type\":\"ListItem\",\"position\":1,\"name\":\"Accueil\",\"item\":\"https:\\\/\\\/hakmarfrance.online\\\/tr\\\/\"},{\"@type\":\"ListItem\",\"position\":2,\"name\":\"Ma\u011faza\",\"item\":\"https:\\\/\\\/hakmarfrance.online\\\/tr\\\/magaza\\\/\"},{\"@type\":\"ListItem\",\"position\":3,\"name\":\"Dilimlenmi\u015f Sohbet Sucuk &#8211; Helal T\u00fcrk Sucu\u011fu &#8211; 200g\"}]},{\"@type\":\"WebSite\",\"@id\":\"https:\\\/\\\/hakmarfrance.online\\\/tr\\\/#website\",\"url\":\"https:\\\/\\\/hakmarfrance.online\\\/tr\\\/\",\"name\":\"hakmarfrance.online\",\"description\":\"\",\"publisher\":{\"@id\":\"https:\\\/\\\/hakmarfrance.online\\\/tr\\\/#organization\"},\"potentialAction\":[{\"@type\":\"SearchAction\",\"target\":{\"@type\":\"EntryPoint\",\"urlTemplate\":\"https:\\\/\\\/hakmarfrance.online\\\/tr\\\/?s={search_term_string}\"},\"query-input\":{\"@type\":\"PropertyValueSpecification\",\"valueRequired\":true,\"valueName\":\"search_term_string\"}}],\"inLanguage\":\"tr-TR\"},{\"@type\":\"Organization\",\"@id\":\"https:\\\/\\\/hakmarfrance.online\\\/tr\\\/#organization\",\"name\":\"hakmarfrance.online\",\"url\":\"https:\\\/\\\/hakmarfrance.online\\\/tr\\\/\",\"logo\":{\"@type\":\"ImageObject\",\"inLanguage\":\"tr-TR\",\"@id\":\"https:\\\/\\\/hakmarfrance.online\\\/tr\\\/#\\\/schema\\\/logo\\\/image\\\/\",\"url\":\"https:\\\/\\\/hakmarfrance.online\\\/wp-content\\\/uploads\\\/2025\\\/06\\\/logo-hakmarfrance.png\",\"contentUrl\":\"https:\\\/\\\/hakmarfrance.online\\\/wp-content\\\/uploads\\\/2025\\\/06\\\/logo-hakmarfrance.png\",\"width\":528,\"height\":232,\"caption\":\"hakmarfrance.online\"},\"image\":{\"@id\":\"https:\\\/\\\/hakmarfrance.online\\\/tr\\\/#\\\/schema\\\/logo\\\/image\\\/\"},\"sameAs\":[\"https:\\\/\\\/www.facebook.com\\\/HakmarFranceSupermarche\\\/?locale=fr_FR\",\"https:\\\/\\\/www.instagram.com\\\/hakmarfrancesupermarche\\\/\"]}]}<\/script>\n<!-- \/ Yoast SEO plugin. -->","yoast_head_json":{"title":"Dilimlenmi\u015f Sohbet Sucuk - Helal T\u00fcrk Sucu\u011fu - 200g - hakmarfrance.online","robots":{"index":"index","follow":"follow","max-snippet":"max-snippet:-1","max-image-preview":"max-image-preview:large","max-video-preview":"max-video-preview:-1"},"canonical":"https:\/\/hakmarfrance.online\/tr\/produit\/dilimlenmis-sohbet-sucuk-helal-turk-sucugu-200g\/","og_locale":"tr_TR","og_type":"article","og_title":"Dilimlenmi\u015f Sohbet Sucuk - Helal T\u00fcrk Sucu\u011fu - 200g - hakmarfrance.online","og_description":"Dilimlenmi\u015f Sohbet sucu\u011fu ile yemeklerinize geleneksel bir lezzet kat\u0131n, helal sertifikal\u0131 bu lezzetli baharatl\u0131 T\u00fcrk sucu\u011fu pi\u015firmeye ve tad\u0131n\u0131 \u00e7\u0131karmaya haz\u0131r. \u2714\ufe0f %100 helal et\u2714\ufe0f \u0130nce dilimler - kolay ve h\u0131zl\u0131 pi\u015firme\u2714\ufe0f Kahvalt\u0131, pizza, sandvi\u00e7 veya s\u0131cak yemekler i\u00e7in ideal\u2714\ufe0f Kullan\u0131\u015fl\u0131 200g paket \u0130ster do\u011fu tarz\u0131 bir brunch i\u00e7in ister lezzetli bir tarif i\u00e7in olsun, Sohbet sucuk otantik ve baharatl\u0131 lezzet severleri mutlu edecek.","og_url":"https:\/\/hakmarfrance.online\/tr\/produit\/dilimlenmis-sohbet-sucuk-helal-turk-sucugu-200g\/","og_site_name":"hakmarfrance.online","article_publisher":"https:\/\/www.facebook.com\/HakmarFranceSupermarche\/?locale=fr_FR","og_image":[{"width":1000,"height":800,"url":"https:\/\/hakmarfrance.online\/wp-content\/uploads\/2025\/06\/sucuk-tranche-sohbet-halal-200g.png","type":"image\/png"}],"twitter_card":"summary_large_image","schema":{"@context":"https:\/\/schema.org","@graph":[{"@type":"WebPage","@id":"https:\/\/hakmarfrance.online\/tr\/produit\/dilimlenmis-sohbet-sucuk-helal-turk-sucugu-200g\/","url":"https:\/\/hakmarfrance.online\/tr\/produit\/dilimlenmis-sohbet-sucuk-helal-turk-sucugu-200g\/","name":"Dilimlenmi\u015f Sohbet Sucuk - Helal T\u00fcrk Sucu\u011fu - 200g - hakmarfrance.online","isPartOf":{"@id":"https:\/\/hakmarfrance.online\/tr\/#website"},"primaryImageOfPage":{"@id":"https:\/\/hakmarfrance.online\/tr\/produit\/dilimlenmis-sohbet-sucuk-helal-turk-sucugu-200g\/#primaryimage"},"image":{"@id":"https:\/\/hakmarfrance.online\/tr\/produit\/dilimlenmis-sohbet-sucuk-helal-turk-sucugu-200g\/#primaryimage"},"thumbnailUrl":"https:\/\/hakmarfrance.online\/wp-content\/uploads\/2025\/06\/sucuk-tranche-sohbet-halal-200g.png","datePublished":"2025-06-19T08:04:55+00:00","breadcrumb":{"@id":"https:\/\/hakmarfrance.online\/tr\/produit\/dilimlenmis-sohbet-sucuk-helal-turk-sucugu-200g\/#breadcrumb"},"inLanguage":"tr-TR","potentialAction":[{"@type":"ReadAction","target":["https:\/\/hakmarfrance.online\/tr\/produit\/dilimlenmis-sohbet-sucuk-helal-turk-sucugu-200g\/"]}]},{"@type":"ImageObject","inLanguage":"tr-TR","@id":"https:\/\/hakmarfrance.online\/tr\/produit\/dilimlenmis-sohbet-sucuk-helal-turk-sucugu-200g\/#primaryimage","url":"https:\/\/hakmarfrance.online\/wp-content\/uploads\/2025\/06\/sucuk-tranche-sohbet-halal-200g.png","contentUrl":"https:\/\/hakmarfrance.online\/wp-content\/uploads\/2025\/06\/sucuk-tranche-sohbet-halal-200g.png","width":1000,"height":800},{"@type":"BreadcrumbList","@id":"https:\/\/hakmarfrance.online\/tr\/produit\/dilimlenmis-sohbet-sucuk-helal-turk-sucugu-200g\/#breadcrumb","itemListElement":[{"@type":"ListItem","position":1,"name":"Accueil","item":"https:\/\/hakmarfrance.online\/tr\/"},{"@type":"ListItem","position":2,"name":"Ma\u011faza","item":"https:\/\/hakmarfrance.online\/tr\/magaza\/"},{"@type":"ListItem","position":3,"name":"Dilimlenmi\u015f Sohbet Sucuk &#8211; Helal T\u00fcrk Sucu\u011fu &#8211; 200g"}]},{"@type":"WebSite","@id":"https:\/\/hakmarfrance.online\/tr\/#website","url":"https:\/\/hakmarfrance.online\/tr\/","name":"hakmarfrance.online","description":"","publisher":{"@id":"https:\/\/hakmarfrance.online\/tr\/#organization"},"potentialAction":[{"@type":"SearchAction","target":{"@type":"EntryPoint","urlTemplate":"https:\/\/hakmarfrance.online\/tr\/?s={search_term_string}"},"query-input":{"@type":"PropertyValueSpecification","valueRequired":true,"valueName":"search_term_string"}}],"inLanguage":"tr-TR"},{"@type":"Organization","@id":"https:\/\/hakmarfrance.online\/tr\/#organization","name":"hakmarfrance.online","url":"https:\/\/hakmarfrance.online\/tr\/","logo":{"@type":"ImageObject","inLanguage":"tr-TR","@id":"https:\/\/hakmarfrance.online\/tr\/#\/schema\/logo\/image\/","url":"https:\/\/hakmarfrance.online\/wp-content\/uploads\/2025\/06\/logo-hakmarfrance.png","contentUrl":"https:\/\/hakmarfrance.online\/wp-content\/uploads\/2025\/06\/logo-hakmarfrance.png","width":528,"height":232,"caption":"hakmarfrance.online"},"image":{"@id":"https:\/\/hakmarfrance.online\/tr\/#\/schema\/logo\/image\/"},"sameAs":["https:\/\/www.facebook.com\/HakmarFranceSupermarche\/?locale=fr_FR","https:\/\/www.instagram.com\/hakmarfrancesupermarche\/"]}]}},"_links":{"self":[{"href":"https:\/\/hakmarfrance.online\/tr\/wp-json\/wp\/v2\/product\/18219","targetHints":{"allow":["GET"]}}],"collection":[{"href":"https:\/\/hakmarfrance.online\/tr\/wp-json\/wp\/v2\/product"}],"about":[{"href":"https:\/\/hakmarfrance.online\/tr\/wp-json\/wp\/v2\/types\/product"}],"replies":[{"embeddable":true,"href":"https:\/\/hakmarfrance.online\/tr\/wp-json\/wp\/v2\/comments?post=18219"}],"version-history":[{"count":0,"href":"https:\/\/hakmarfrance.online\/tr\/wp-json\/wp\/v2\/product\/18219\/revisions"}],"wp:featuredmedia":[{"embeddable":true,"href":"https:\/\/hakmarfrance.online\/tr\/wp-json\/wp\/v2\/media\/18220"}],"wp:attachment":[{"href":"https:\/\/hakmarfrance.online\/tr\/wp-json\/wp\/v2\/media?parent=18219"}],"wp:term":[{"taxonomy":"product_brand","embeddable":true,"href":"https:\/\/hakmarfrance.online\/tr\/wp-json\/wp\/v2\/product_brand?post=18219"},{"taxonomy":"product_cat","embeddable":true,"href":"https:\/\/hakmarfrance.online\/tr\/wp-json\/wp\/v2\/product_cat?post=18219"},{"taxonomy":"product_tag","embeddable":true,"href":"https:\/\/hakmarfrance.online\/tr\/wp-json\/wp\/v2\/product_tag?post=18219"}],"curies":[{"name":"wp","href":"https:\/\/api.w.org\/{rel}","templated":true}]}}