{"id":18221,"date":"2025-06-19T07:56:23","date_gmt":"2025-06-19T07:56:23","guid":{"rendered":"https:\/\/hakmarfrance.online\/produit\/yorem-salamura-beyaz-peynir-1kg-yumusak-helal-peynir\/"},"modified":"2025-06-19T07:56:23","modified_gmt":"2025-06-19T07:56:23","slug":"yorem-salamura-beyaz-peynir-1kg-yumusak-helal-peynir","status":"publish","type":"product","link":"https:\/\/hakmarfrance.online\/tr\/produit\/yorem-salamura-beyaz-peynir-1kg-yumusak-helal-peynir\/","title":{"rendered":"Y\u00f6rem Salamura Beyaz Peynir &#8211; 1kg | Yumu\u015fak Helal Peynir"},"content":{"rendered":"","protected":false},"excerpt":{"rendered":"<p data-start=\"310\" data-end=\"558\">Do\u011fu ve Akdeniz mutfa\u011f\u0131n\u0131n vazge\u00e7ilmezi <strong data-start=\"323\" data-end=\"357\">Y\u00f6rem salamura beyaz peyniri<\/strong> ile tan\u0131\u015f\u0131n. 1 kg&#8217;l\u0131k ambalaj\u0131nda sunulan bu yumu\u015fak peynir, kahvalt\u0131lar\u0131n\u0131z, salatalar\u0131n\u0131z, b\u00f6rekleriniz veya sadece at\u0131\u015ft\u0131rmal\u0131k olarak idealdir. <\/p>\n<p data-start=\"560\" data-end=\"693\">\u2714\ufe0f Kremsi doku ve hafif tuzlu lezzet<br data-start=\"606\" data-end=\"609\">\u2714\ufe0f Sertifikal\u0131 helal peynir<br data-start=\"634\" data-end=\"637\">\u2714\ufe0f Geleneksel ve modern tarifler i\u00e7in m\u00fckemmel<\/p>\n<p data-start=\"695\" data-end=\"767\">Kendinize g\u00fcnl\u00fck olarak otantik, pratik ve lezzetli bir \u00fcr\u00fcn sunun!<\/p>\n","protected":false},"featured_media":18222,"comment_status":"open","ping_status":"closed","template":"","meta":{"iawp_total_views":0},"product_brand":[173],"product_cat":[286,283,227,287,225],"product_tag":[],"class_list":{"0":"post-18221","1":"product","2":"type-product","3":"status-publish","4":"has-post-thumbnail","6":"product_brand-yorem","7":"product_cat-dogu-marketi","8":"product_cat-et-balik-sarkuteri","9":"product_cat-geleneksel-turk-urunleri","10":"product_cat-taze-urunler-sut-urunleri-mandira","11":"product_cat-tum-urunlerimiz","13":"first","14":"instock","15":"shipping-taxable","16":"purchasable","17":"product-type-simple"},"yoast_head":"<!-- This site is optimized with the Yoast SEO plugin v27.3 - https:\/\/yoast.com\/product\/yoast-seo-wordpress\/ -->\n<title>Y\u00f6rem Salamura Beyaz Peynir - 1kg | Yumu\u015fak Helal Peynir - hakmarfrance.online<\/title>\n<meta name=\"robots\" content=\"index, follow, max-snippet:-1, max-image-preview:large, max-video-preview:-1\" \/>\n<link rel=\"canonical\" href=\"https:\/\/hakmarfrance.online\/tr\/produit\/yorem-salamura-beyaz-peynir-1kg-yumusak-helal-peynir\/\" \/>\n<meta property=\"og:locale\" content=\"tr_TR\" \/>\n<meta property=\"og:type\" content=\"article\" \/>\n<meta property=\"og:title\" content=\"Y\u00f6rem Salamura Beyaz Peynir - 1kg | Yumu\u015fak Helal Peynir - hakmarfrance.online\" \/>\n<meta property=\"og:description\" content=\"Do\u011fu ve Akdeniz mutfa\u011f\u0131n\u0131n vazge\u00e7ilmezi Y\u00f6rem salamura beyaz peyniri ile tan\u0131\u015f\u0131n. 1 kg&#039;l\u0131k ambalaj\u0131nda sunulan bu yumu\u015fak peynir, kahvalt\u0131lar\u0131n\u0131z, salatalar\u0131n\u0131z, b\u00f6rekleriniz veya sadece at\u0131\u015ft\u0131rmal\u0131k olarak idealdir. \u2714\ufe0f Kremsi doku ve hafif tuzlu lezzet\u2714\ufe0f Sertifikal\u0131 helal peynir\u2714\ufe0f Geleneksel ve modern tarifler i\u00e7in m\u00fckemmel Kendinize g\u00fcnl\u00fck olarak otantik, pratik ve lezzetli bir \u00fcr\u00fcn sunun!\" \/>\n<meta property=\"og:url\" content=\"https:\/\/hakmarfrance.online\/tr\/produit\/yorem-salamura-beyaz-peynir-1kg-yumusak-helal-peynir\/\" \/>\n<meta property=\"og:site_name\" content=\"hakmarfrance.online\" \/>\n<meta property=\"article:publisher\" content=\"https:\/\/www.facebook.com\/HakmarFranceSupermarche\/?locale=fr_FR\" \/>\n<meta property=\"og:image\" content=\"https:\/\/hakmarfrance.online\/wp-content\/uploads\/2025\/06\/fromage-yor\u0308em-weichkase-halal.png\" \/>\n\t<meta property=\"og:image:width\" content=\"1000\" \/>\n\t<meta property=\"og:image:height\" content=\"800\" \/>\n\t<meta property=\"og:image:type\" content=\"image\/png\" \/>\n<meta name=\"twitter:card\" content=\"summary_large_image\" \/>\n<script type=\"application\/ld+json\" class=\"yoast-schema-graph\">{\"@context\":\"https:\\\/\\\/schema.org\",\"@graph\":[{\"@type\":\"WebPage\",\"@id\":\"https:\\\/\\\/hakmarfrance.online\\\/tr\\\/produit\\\/yorem-salamura-beyaz-peynir-1kg-yumusak-helal-peynir\\\/\",\"url\":\"https:\\\/\\\/hakmarfrance.online\\\/tr\\\/produit\\\/yorem-salamura-beyaz-peynir-1kg-yumusak-helal-peynir\\\/\",\"name\":\"Y\u00f6rem Salamura Beyaz Peynir - 1kg | Yumu\u015fak Helal Peynir - hakmarfrance.online\",\"isPartOf\":{\"@id\":\"https:\\\/\\\/hakmarfrance.online\\\/tr\\\/#website\"},\"primaryImageOfPage\":{\"@id\":\"https:\\\/\\\/hakmarfrance.online\\\/tr\\\/produit\\\/yorem-salamura-beyaz-peynir-1kg-yumusak-helal-peynir\\\/#primaryimage\"},\"image\":{\"@id\":\"https:\\\/\\\/hakmarfrance.online\\\/tr\\\/produit\\\/yorem-salamura-beyaz-peynir-1kg-yumusak-helal-peynir\\\/#primaryimage\"},\"thumbnailUrl\":\"https:\\\/\\\/hakmarfrance.online\\\/wp-content\\\/uploads\\\/2025\\\/06\\\/fromage-yor\u0308em-weichkase-halal.png\",\"datePublished\":\"2025-06-19T07:56:23+00:00\",\"breadcrumb\":{\"@id\":\"https:\\\/\\\/hakmarfrance.online\\\/tr\\\/produit\\\/yorem-salamura-beyaz-peynir-1kg-yumusak-helal-peynir\\\/#breadcrumb\"},\"inLanguage\":\"tr-TR\",\"potentialAction\":[{\"@type\":\"ReadAction\",\"target\":[\"https:\\\/\\\/hakmarfrance.online\\\/tr\\\/produit\\\/yorem-salamura-beyaz-peynir-1kg-yumusak-helal-peynir\\\/\"]}]},{\"@type\":\"ImageObject\",\"inLanguage\":\"tr-TR\",\"@id\":\"https:\\\/\\\/hakmarfrance.online\\\/tr\\\/produit\\\/yorem-salamura-beyaz-peynir-1kg-yumusak-helal-peynir\\\/#primaryimage\",\"url\":\"https:\\\/\\\/hakmarfrance.online\\\/wp-content\\\/uploads\\\/2025\\\/06\\\/fromage-yor\u0308em-weichkase-halal.png\",\"contentUrl\":\"https:\\\/\\\/hakmarfrance.online\\\/wp-content\\\/uploads\\\/2025\\\/06\\\/fromage-yor\u0308em-weichkase-halal.png\",\"width\":1000,\"height\":800},{\"@type\":\"BreadcrumbList\",\"@id\":\"https:\\\/\\\/hakmarfrance.online\\\/tr\\\/produit\\\/yorem-salamura-beyaz-peynir-1kg-yumusak-helal-peynir\\\/#breadcrumb\",\"itemListElement\":[{\"@type\":\"ListItem\",\"position\":1,\"name\":\"Accueil\",\"item\":\"https:\\\/\\\/hakmarfrance.online\\\/tr\\\/\"},{\"@type\":\"ListItem\",\"position\":2,\"name\":\"Ma\u011faza\",\"item\":\"https:\\\/\\\/hakmarfrance.online\\\/tr\\\/magaza\\\/\"},{\"@type\":\"ListItem\",\"position\":3,\"name\":\"Y\u00f6rem Salamura Beyaz Peynir &#8211; 1kg | Yumu\u015fak Helal Peynir\"}]},{\"@type\":\"WebSite\",\"@id\":\"https:\\\/\\\/hakmarfrance.online\\\/tr\\\/#website\",\"url\":\"https:\\\/\\\/hakmarfrance.online\\\/tr\\\/\",\"name\":\"hakmarfrance.online\",\"description\":\"\",\"publisher\":{\"@id\":\"https:\\\/\\\/hakmarfrance.online\\\/tr\\\/#organization\"},\"potentialAction\":[{\"@type\":\"SearchAction\",\"target\":{\"@type\":\"EntryPoint\",\"urlTemplate\":\"https:\\\/\\\/hakmarfrance.online\\\/tr\\\/?s={search_term_string}\"},\"query-input\":{\"@type\":\"PropertyValueSpecification\",\"valueRequired\":true,\"valueName\":\"search_term_string\"}}],\"inLanguage\":\"tr-TR\"},{\"@type\":\"Organization\",\"@id\":\"https:\\\/\\\/hakmarfrance.online\\\/tr\\\/#organization\",\"name\":\"hakmarfrance.online\",\"url\":\"https:\\\/\\\/hakmarfrance.online\\\/tr\\\/\",\"logo\":{\"@type\":\"ImageObject\",\"inLanguage\":\"tr-TR\",\"@id\":\"https:\\\/\\\/hakmarfrance.online\\\/tr\\\/#\\\/schema\\\/logo\\\/image\\\/\",\"url\":\"https:\\\/\\\/hakmarfrance.online\\\/wp-content\\\/uploads\\\/2025\\\/06\\\/logo-hakmarfrance.png\",\"contentUrl\":\"https:\\\/\\\/hakmarfrance.online\\\/wp-content\\\/uploads\\\/2025\\\/06\\\/logo-hakmarfrance.png\",\"width\":528,\"height\":232,\"caption\":\"hakmarfrance.online\"},\"image\":{\"@id\":\"https:\\\/\\\/hakmarfrance.online\\\/tr\\\/#\\\/schema\\\/logo\\\/image\\\/\"},\"sameAs\":[\"https:\\\/\\\/www.facebook.com\\\/HakmarFranceSupermarche\\\/?locale=fr_FR\",\"https:\\\/\\\/www.instagram.com\\\/hakmarfrancesupermarche\\\/\"]}]}<\/script>\n<!-- \/ Yoast SEO plugin. -->","yoast_head_json":{"title":"Y\u00f6rem Salamura Beyaz Peynir - 1kg | Yumu\u015fak Helal Peynir - hakmarfrance.online","robots":{"index":"index","follow":"follow","max-snippet":"max-snippet:-1","max-image-preview":"max-image-preview:large","max-video-preview":"max-video-preview:-1"},"canonical":"https:\/\/hakmarfrance.online\/tr\/produit\/yorem-salamura-beyaz-peynir-1kg-yumusak-helal-peynir\/","og_locale":"tr_TR","og_type":"article","og_title":"Y\u00f6rem Salamura Beyaz Peynir - 1kg | Yumu\u015fak Helal Peynir - hakmarfrance.online","og_description":"Do\u011fu ve Akdeniz mutfa\u011f\u0131n\u0131n vazge\u00e7ilmezi Y\u00f6rem salamura beyaz peyniri ile tan\u0131\u015f\u0131n. 1 kg'l\u0131k ambalaj\u0131nda sunulan bu yumu\u015fak peynir, kahvalt\u0131lar\u0131n\u0131z, salatalar\u0131n\u0131z, b\u00f6rekleriniz veya sadece at\u0131\u015ft\u0131rmal\u0131k olarak idealdir. \u2714\ufe0f Kremsi doku ve hafif tuzlu lezzet\u2714\ufe0f Sertifikal\u0131 helal peynir\u2714\ufe0f Geleneksel ve modern tarifler i\u00e7in m\u00fckemmel Kendinize g\u00fcnl\u00fck olarak otantik, pratik ve lezzetli bir \u00fcr\u00fcn sunun!","og_url":"https:\/\/hakmarfrance.online\/tr\/produit\/yorem-salamura-beyaz-peynir-1kg-yumusak-helal-peynir\/","og_site_name":"hakmarfrance.online","article_publisher":"https:\/\/www.facebook.com\/HakmarFranceSupermarche\/?locale=fr_FR","og_image":[{"width":1000,"height":800,"url":"https:\/\/hakmarfrance.online\/wp-content\/uploads\/2025\/06\/fromage-yor\u0308em-weichkase-halal.png","type":"image\/png"}],"twitter_card":"summary_large_image","schema":{"@context":"https:\/\/schema.org","@graph":[{"@type":"WebPage","@id":"https:\/\/hakmarfrance.online\/tr\/produit\/yorem-salamura-beyaz-peynir-1kg-yumusak-helal-peynir\/","url":"https:\/\/hakmarfrance.online\/tr\/produit\/yorem-salamura-beyaz-peynir-1kg-yumusak-helal-peynir\/","name":"Y\u00f6rem Salamura Beyaz Peynir - 1kg | Yumu\u015fak Helal Peynir - hakmarfrance.online","isPartOf":{"@id":"https:\/\/hakmarfrance.online\/tr\/#website"},"primaryImageOfPage":{"@id":"https:\/\/hakmarfrance.online\/tr\/produit\/yorem-salamura-beyaz-peynir-1kg-yumusak-helal-peynir\/#primaryimage"},"image":{"@id":"https:\/\/hakmarfrance.online\/tr\/produit\/yorem-salamura-beyaz-peynir-1kg-yumusak-helal-peynir\/#primaryimage"},"thumbnailUrl":"https:\/\/hakmarfrance.online\/wp-content\/uploads\/2025\/06\/fromage-yor\u0308em-weichkase-halal.png","datePublished":"2025-06-19T07:56:23+00:00","breadcrumb":{"@id":"https:\/\/hakmarfrance.online\/tr\/produit\/yorem-salamura-beyaz-peynir-1kg-yumusak-helal-peynir\/#breadcrumb"},"inLanguage":"tr-TR","potentialAction":[{"@type":"ReadAction","target":["https:\/\/hakmarfrance.online\/tr\/produit\/yorem-salamura-beyaz-peynir-1kg-yumusak-helal-peynir\/"]}]},{"@type":"ImageObject","inLanguage":"tr-TR","@id":"https:\/\/hakmarfrance.online\/tr\/produit\/yorem-salamura-beyaz-peynir-1kg-yumusak-helal-peynir\/#primaryimage","url":"https:\/\/hakmarfrance.online\/wp-content\/uploads\/2025\/06\/fromage-yor\u0308em-weichkase-halal.png","contentUrl":"https:\/\/hakmarfrance.online\/wp-content\/uploads\/2025\/06\/fromage-yor\u0308em-weichkase-halal.png","width":1000,"height":800},{"@type":"BreadcrumbList","@id":"https:\/\/hakmarfrance.online\/tr\/produit\/yorem-salamura-beyaz-peynir-1kg-yumusak-helal-peynir\/#breadcrumb","itemListElement":[{"@type":"ListItem","position":1,"name":"Accueil","item":"https:\/\/hakmarfrance.online\/tr\/"},{"@type":"ListItem","position":2,"name":"Ma\u011faza","item":"https:\/\/hakmarfrance.online\/tr\/magaza\/"},{"@type":"ListItem","position":3,"name":"Y\u00f6rem Salamura Beyaz Peynir &#8211; 1kg | Yumu\u015fak Helal Peynir"}]},{"@type":"WebSite","@id":"https:\/\/hakmarfrance.online\/tr\/#website","url":"https:\/\/hakmarfrance.online\/tr\/","name":"hakmarfrance.online","description":"","publisher":{"@id":"https:\/\/hakmarfrance.online\/tr\/#organization"},"potentialAction":[{"@type":"SearchAction","target":{"@type":"EntryPoint","urlTemplate":"https:\/\/hakmarfrance.online\/tr\/?s={search_term_string}"},"query-input":{"@type":"PropertyValueSpecification","valueRequired":true,"valueName":"search_term_string"}}],"inLanguage":"tr-TR"},{"@type":"Organization","@id":"https:\/\/hakmarfrance.online\/tr\/#organization","name":"hakmarfrance.online","url":"https:\/\/hakmarfrance.online\/tr\/","logo":{"@type":"ImageObject","inLanguage":"tr-TR","@id":"https:\/\/hakmarfrance.online\/tr\/#\/schema\/logo\/image\/","url":"https:\/\/hakmarfrance.online\/wp-content\/uploads\/2025\/06\/logo-hakmarfrance.png","contentUrl":"https:\/\/hakmarfrance.online\/wp-content\/uploads\/2025\/06\/logo-hakmarfrance.png","width":528,"height":232,"caption":"hakmarfrance.online"},"image":{"@id":"https:\/\/hakmarfrance.online\/tr\/#\/schema\/logo\/image\/"},"sameAs":["https:\/\/www.facebook.com\/HakmarFranceSupermarche\/?locale=fr_FR","https:\/\/www.instagram.com\/hakmarfrancesupermarche\/"]}]}},"_links":{"self":[{"href":"https:\/\/hakmarfrance.online\/tr\/wp-json\/wp\/v2\/product\/18221","targetHints":{"allow":["GET"]}}],"collection":[{"href":"https:\/\/hakmarfrance.online\/tr\/wp-json\/wp\/v2\/product"}],"about":[{"href":"https:\/\/hakmarfrance.online\/tr\/wp-json\/wp\/v2\/types\/product"}],"replies":[{"embeddable":true,"href":"https:\/\/hakmarfrance.online\/tr\/wp-json\/wp\/v2\/comments?post=18221"}],"version-history":[{"count":0,"href":"https:\/\/hakmarfrance.online\/tr\/wp-json\/wp\/v2\/product\/18221\/revisions"}],"wp:featuredmedia":[{"embeddable":true,"href":"https:\/\/hakmarfrance.online\/tr\/wp-json\/wp\/v2\/media\/18222"}],"wp:attachment":[{"href":"https:\/\/hakmarfrance.online\/tr\/wp-json\/wp\/v2\/media?parent=18221"}],"wp:term":[{"taxonomy":"product_brand","embeddable":true,"href":"https:\/\/hakmarfrance.online\/tr\/wp-json\/wp\/v2\/product_brand?post=18221"},{"taxonomy":"product_cat","embeddable":true,"href":"https:\/\/hakmarfrance.online\/tr\/wp-json\/wp\/v2\/product_cat?post=18221"},{"taxonomy":"product_tag","embeddable":true,"href":"https:\/\/hakmarfrance.online\/tr\/wp-json\/wp\/v2\/product_tag?post=18221"}],"curies":[{"name":"wp","href":"https:\/\/api.w.org\/{rel}","templated":true}]}}