{"id":18223,"date":"2025-06-19T07:58:48","date_gmt":"2025-06-19T07:58:48","guid":{"rendered":"https:\/\/hakmarfrance.online\/produit\/gazi-beyaz-peynir-laktozsuz-800g\/"},"modified":"2025-06-19T07:58:48","modified_gmt":"2025-06-19T07:58:48","slug":"gazi-beyaz-peynir-laktozsuz-800g","status":"publish","type":"product","link":"https:\/\/hakmarfrance.online\/tr\/produit\/gazi-beyaz-peynir-laktozsuz-800g\/","title":{"rendered":"GAZ\u0130 Beyaz Peynir \u2013 Laktozsuz \u2013 800g"},"content":{"rendered":"","protected":false},"excerpt":{"rendered":"<p data-start=\"301\" data-end=\"478\">Geleneksel bir koyun peyniri olan, tad\u0131 zengin ve herkesin, hatta en hassas olanlar\u0131n bile keyfi i\u00e7in <strong data-start=\"328\" data-end=\"357\">GAZ\u0130 Beyaz Peynir&#8217;in<\/strong> otantikli\u011finin tad\u0131n\u0131 \u00e7\u0131kar\u0131n, <strong data-start=\"411\" data-end=\"427\">laktozsuz<\/strong>.<\/p>\n<p data-start=\"480\" data-end=\"638\">\u2714\ufe0f %55 ya\u011fl\u0131 geleneksel T\u00fcrk peyniri<br data-start=\"533\" data-end=\"536\">\u2714\ufe0f Laktozsuz \u2013 intolerans\u0131 olanlar i\u00e7in ideal<br data-start=\"580\" data-end=\"583\">\u2714\ufe0f Sert ve eriyen doku<br data-start=\"611\" data-end=\"614\">\u2714\ufe0f Pratik kutu \u2013 800g<\/p>\n<p data-start=\"640\" data-end=\"765\">Salatalar, b\u00f6rekler i\u00e7in m\u00fckemmel veya sadece taze ekmekle tad\u0131n\u0131 \u00e7\u0131kar\u0131n. <strong data-start=\"722\" data-end=\"765\">E\u015fsiz bir lezzet, maksimum tolerans.<\/strong><\/p>\n","protected":false},"featured_media":18224,"comment_status":"open","ping_status":"closed","template":"","meta":{"iawp_total_views":0},"product_brand":[174],"product_cat":[286,283,227,287,225],"product_tag":[],"class_list":{"0":"post-18223","1":"product","2":"type-product","3":"status-publish","4":"has-post-thumbnail","6":"product_brand-gazi","7":"product_cat-dogu-marketi","8":"product_cat-et-balik-sarkuteri","9":"product_cat-geleneksel-turk-urunleri","10":"product_cat-taze-urunler-sut-urunleri-mandira","11":"product_cat-tum-urunlerimiz","13":"first","14":"instock","15":"shipping-taxable","16":"purchasable","17":"product-type-simple"},"yoast_head":"<!-- This site is optimized with the Yoast SEO plugin v27.3 - https:\/\/yoast.com\/product\/yoast-seo-wordpress\/ -->\n<title>GAZ\u0130 Beyaz Peynir \u2013 Laktozsuz \u2013 800g - hakmarfrance.online<\/title>\n<meta name=\"robots\" content=\"index, follow, max-snippet:-1, max-image-preview:large, max-video-preview:-1\" \/>\n<link rel=\"canonical\" href=\"https:\/\/hakmarfrance.online\/tr\/produit\/gazi-beyaz-peynir-laktozsuz-800g\/\" \/>\n<meta property=\"og:locale\" content=\"tr_TR\" \/>\n<meta property=\"og:type\" content=\"article\" \/>\n<meta property=\"og:title\" content=\"GAZ\u0130 Beyaz Peynir \u2013 Laktozsuz \u2013 800g - hakmarfrance.online\" \/>\n<meta property=\"og:description\" content=\"Geleneksel bir koyun peyniri olan, tad\u0131 zengin ve herkesin, hatta en hassas olanlar\u0131n bile keyfi i\u00e7in GAZ\u0130 Beyaz Peynir&#039;in otantikli\u011finin tad\u0131n\u0131 \u00e7\u0131kar\u0131n, laktozsuz. \u2714\ufe0f %55 ya\u011fl\u0131 geleneksel T\u00fcrk peyniri\u2714\ufe0f Laktozsuz \u2013 intolerans\u0131 olanlar i\u00e7in ideal\u2714\ufe0f Sert ve eriyen doku\u2714\ufe0f Pratik kutu \u2013 800g Salatalar, b\u00f6rekler i\u00e7in m\u00fckemmel veya sadece taze ekmekle tad\u0131n\u0131 \u00e7\u0131kar\u0131n. E\u015fsiz bir lezzet, maksimum tolerans.\" \/>\n<meta property=\"og:url\" content=\"https:\/\/hakmarfrance.online\/tr\/produit\/gazi-beyaz-peynir-laktozsuz-800g\/\" \/>\n<meta property=\"og:site_name\" content=\"hakmarfrance.online\" \/>\n<meta property=\"article:publisher\" content=\"https:\/\/www.facebook.com\/HakmarFranceSupermarche\/?locale=fr_FR\" \/>\n<meta property=\"og:image\" content=\"https:\/\/hakmarfrance.online\/wp-content\/uploads\/2025\/06\/fromage-beyaz-peynir-gazi-sans-lactose.png\" \/>\n\t<meta property=\"og:image:width\" content=\"1000\" \/>\n\t<meta property=\"og:image:height\" content=\"800\" \/>\n\t<meta property=\"og:image:type\" content=\"image\/png\" \/>\n<meta name=\"twitter:card\" content=\"summary_large_image\" \/>\n<script type=\"application\/ld+json\" class=\"yoast-schema-graph\">{\"@context\":\"https:\\\/\\\/schema.org\",\"@graph\":[{\"@type\":\"WebPage\",\"@id\":\"https:\\\/\\\/hakmarfrance.online\\\/tr\\\/produit\\\/gazi-beyaz-peynir-laktozsuz-800g\\\/\",\"url\":\"https:\\\/\\\/hakmarfrance.online\\\/tr\\\/produit\\\/gazi-beyaz-peynir-laktozsuz-800g\\\/\",\"name\":\"GAZ\u0130 Beyaz Peynir \u2013 Laktozsuz \u2013 800g - hakmarfrance.online\",\"isPartOf\":{\"@id\":\"https:\\\/\\\/hakmarfrance.online\\\/tr\\\/#website\"},\"primaryImageOfPage\":{\"@id\":\"https:\\\/\\\/hakmarfrance.online\\\/tr\\\/produit\\\/gazi-beyaz-peynir-laktozsuz-800g\\\/#primaryimage\"},\"image\":{\"@id\":\"https:\\\/\\\/hakmarfrance.online\\\/tr\\\/produit\\\/gazi-beyaz-peynir-laktozsuz-800g\\\/#primaryimage\"},\"thumbnailUrl\":\"https:\\\/\\\/hakmarfrance.online\\\/wp-content\\\/uploads\\\/2025\\\/06\\\/fromage-beyaz-peynir-gazi-sans-lactose.png\",\"datePublished\":\"2025-06-19T07:58:48+00:00\",\"breadcrumb\":{\"@id\":\"https:\\\/\\\/hakmarfrance.online\\\/tr\\\/produit\\\/gazi-beyaz-peynir-laktozsuz-800g\\\/#breadcrumb\"},\"inLanguage\":\"tr-TR\",\"potentialAction\":[{\"@type\":\"ReadAction\",\"target\":[\"https:\\\/\\\/hakmarfrance.online\\\/tr\\\/produit\\\/gazi-beyaz-peynir-laktozsuz-800g\\\/\"]}]},{\"@type\":\"ImageObject\",\"inLanguage\":\"tr-TR\",\"@id\":\"https:\\\/\\\/hakmarfrance.online\\\/tr\\\/produit\\\/gazi-beyaz-peynir-laktozsuz-800g\\\/#primaryimage\",\"url\":\"https:\\\/\\\/hakmarfrance.online\\\/wp-content\\\/uploads\\\/2025\\\/06\\\/fromage-beyaz-peynir-gazi-sans-lactose.png\",\"contentUrl\":\"https:\\\/\\\/hakmarfrance.online\\\/wp-content\\\/uploads\\\/2025\\\/06\\\/fromage-beyaz-peynir-gazi-sans-lactose.png\",\"width\":1000,\"height\":800},{\"@type\":\"BreadcrumbList\",\"@id\":\"https:\\\/\\\/hakmarfrance.online\\\/tr\\\/produit\\\/gazi-beyaz-peynir-laktozsuz-800g\\\/#breadcrumb\",\"itemListElement\":[{\"@type\":\"ListItem\",\"position\":1,\"name\":\"Accueil\",\"item\":\"https:\\\/\\\/hakmarfrance.online\\\/tr\\\/\"},{\"@type\":\"ListItem\",\"position\":2,\"name\":\"Ma\u011faza\",\"item\":\"https:\\\/\\\/hakmarfrance.online\\\/tr\\\/magaza\\\/\"},{\"@type\":\"ListItem\",\"position\":3,\"name\":\"GAZ\u0130 Beyaz Peynir \u2013 Laktozsuz \u2013 800g\"}]},{\"@type\":\"WebSite\",\"@id\":\"https:\\\/\\\/hakmarfrance.online\\\/tr\\\/#website\",\"url\":\"https:\\\/\\\/hakmarfrance.online\\\/tr\\\/\",\"name\":\"hakmarfrance.online\",\"description\":\"\",\"publisher\":{\"@id\":\"https:\\\/\\\/hakmarfrance.online\\\/tr\\\/#organization\"},\"potentialAction\":[{\"@type\":\"SearchAction\",\"target\":{\"@type\":\"EntryPoint\",\"urlTemplate\":\"https:\\\/\\\/hakmarfrance.online\\\/tr\\\/?s={search_term_string}\"},\"query-input\":{\"@type\":\"PropertyValueSpecification\",\"valueRequired\":true,\"valueName\":\"search_term_string\"}}],\"inLanguage\":\"tr-TR\"},{\"@type\":\"Organization\",\"@id\":\"https:\\\/\\\/hakmarfrance.online\\\/tr\\\/#organization\",\"name\":\"hakmarfrance.online\",\"url\":\"https:\\\/\\\/hakmarfrance.online\\\/tr\\\/\",\"logo\":{\"@type\":\"ImageObject\",\"inLanguage\":\"tr-TR\",\"@id\":\"https:\\\/\\\/hakmarfrance.online\\\/tr\\\/#\\\/schema\\\/logo\\\/image\\\/\",\"url\":\"https:\\\/\\\/hakmarfrance.online\\\/wp-content\\\/uploads\\\/2025\\\/06\\\/logo-hakmarfrance.png\",\"contentUrl\":\"https:\\\/\\\/hakmarfrance.online\\\/wp-content\\\/uploads\\\/2025\\\/06\\\/logo-hakmarfrance.png\",\"width\":528,\"height\":232,\"caption\":\"hakmarfrance.online\"},\"image\":{\"@id\":\"https:\\\/\\\/hakmarfrance.online\\\/tr\\\/#\\\/schema\\\/logo\\\/image\\\/\"},\"sameAs\":[\"https:\\\/\\\/www.facebook.com\\\/HakmarFranceSupermarche\\\/?locale=fr_FR\",\"https:\\\/\\\/www.instagram.com\\\/hakmarfrancesupermarche\\\/\"]}]}<\/script>\n<!-- \/ Yoast SEO plugin. -->","yoast_head_json":{"title":"GAZ\u0130 Beyaz Peynir \u2013 Laktozsuz \u2013 800g - hakmarfrance.online","robots":{"index":"index","follow":"follow","max-snippet":"max-snippet:-1","max-image-preview":"max-image-preview:large","max-video-preview":"max-video-preview:-1"},"canonical":"https:\/\/hakmarfrance.online\/tr\/produit\/gazi-beyaz-peynir-laktozsuz-800g\/","og_locale":"tr_TR","og_type":"article","og_title":"GAZ\u0130 Beyaz Peynir \u2013 Laktozsuz \u2013 800g - hakmarfrance.online","og_description":"Geleneksel bir koyun peyniri olan, tad\u0131 zengin ve herkesin, hatta en hassas olanlar\u0131n bile keyfi i\u00e7in GAZ\u0130 Beyaz Peynir'in otantikli\u011finin tad\u0131n\u0131 \u00e7\u0131kar\u0131n, laktozsuz. \u2714\ufe0f %55 ya\u011fl\u0131 geleneksel T\u00fcrk peyniri\u2714\ufe0f Laktozsuz \u2013 intolerans\u0131 olanlar i\u00e7in ideal\u2714\ufe0f Sert ve eriyen doku\u2714\ufe0f Pratik kutu \u2013 800g Salatalar, b\u00f6rekler i\u00e7in m\u00fckemmel veya sadece taze ekmekle tad\u0131n\u0131 \u00e7\u0131kar\u0131n. E\u015fsiz bir lezzet, maksimum tolerans.","og_url":"https:\/\/hakmarfrance.online\/tr\/produit\/gazi-beyaz-peynir-laktozsuz-800g\/","og_site_name":"hakmarfrance.online","article_publisher":"https:\/\/www.facebook.com\/HakmarFranceSupermarche\/?locale=fr_FR","og_image":[{"width":1000,"height":800,"url":"https:\/\/hakmarfrance.online\/wp-content\/uploads\/2025\/06\/fromage-beyaz-peynir-gazi-sans-lactose.png","type":"image\/png"}],"twitter_card":"summary_large_image","schema":{"@context":"https:\/\/schema.org","@graph":[{"@type":"WebPage","@id":"https:\/\/hakmarfrance.online\/tr\/produit\/gazi-beyaz-peynir-laktozsuz-800g\/","url":"https:\/\/hakmarfrance.online\/tr\/produit\/gazi-beyaz-peynir-laktozsuz-800g\/","name":"GAZ\u0130 Beyaz Peynir \u2013 Laktozsuz \u2013 800g - hakmarfrance.online","isPartOf":{"@id":"https:\/\/hakmarfrance.online\/tr\/#website"},"primaryImageOfPage":{"@id":"https:\/\/hakmarfrance.online\/tr\/produit\/gazi-beyaz-peynir-laktozsuz-800g\/#primaryimage"},"image":{"@id":"https:\/\/hakmarfrance.online\/tr\/produit\/gazi-beyaz-peynir-laktozsuz-800g\/#primaryimage"},"thumbnailUrl":"https:\/\/hakmarfrance.online\/wp-content\/uploads\/2025\/06\/fromage-beyaz-peynir-gazi-sans-lactose.png","datePublished":"2025-06-19T07:58:48+00:00","breadcrumb":{"@id":"https:\/\/hakmarfrance.online\/tr\/produit\/gazi-beyaz-peynir-laktozsuz-800g\/#breadcrumb"},"inLanguage":"tr-TR","potentialAction":[{"@type":"ReadAction","target":["https:\/\/hakmarfrance.online\/tr\/produit\/gazi-beyaz-peynir-laktozsuz-800g\/"]}]},{"@type":"ImageObject","inLanguage":"tr-TR","@id":"https:\/\/hakmarfrance.online\/tr\/produit\/gazi-beyaz-peynir-laktozsuz-800g\/#primaryimage","url":"https:\/\/hakmarfrance.online\/wp-content\/uploads\/2025\/06\/fromage-beyaz-peynir-gazi-sans-lactose.png","contentUrl":"https:\/\/hakmarfrance.online\/wp-content\/uploads\/2025\/06\/fromage-beyaz-peynir-gazi-sans-lactose.png","width":1000,"height":800},{"@type":"BreadcrumbList","@id":"https:\/\/hakmarfrance.online\/tr\/produit\/gazi-beyaz-peynir-laktozsuz-800g\/#breadcrumb","itemListElement":[{"@type":"ListItem","position":1,"name":"Accueil","item":"https:\/\/hakmarfrance.online\/tr\/"},{"@type":"ListItem","position":2,"name":"Ma\u011faza","item":"https:\/\/hakmarfrance.online\/tr\/magaza\/"},{"@type":"ListItem","position":3,"name":"GAZ\u0130 Beyaz Peynir \u2013 Laktozsuz \u2013 800g"}]},{"@type":"WebSite","@id":"https:\/\/hakmarfrance.online\/tr\/#website","url":"https:\/\/hakmarfrance.online\/tr\/","name":"hakmarfrance.online","description":"","publisher":{"@id":"https:\/\/hakmarfrance.online\/tr\/#organization"},"potentialAction":[{"@type":"SearchAction","target":{"@type":"EntryPoint","urlTemplate":"https:\/\/hakmarfrance.online\/tr\/?s={search_term_string}"},"query-input":{"@type":"PropertyValueSpecification","valueRequired":true,"valueName":"search_term_string"}}],"inLanguage":"tr-TR"},{"@type":"Organization","@id":"https:\/\/hakmarfrance.online\/tr\/#organization","name":"hakmarfrance.online","url":"https:\/\/hakmarfrance.online\/tr\/","logo":{"@type":"ImageObject","inLanguage":"tr-TR","@id":"https:\/\/hakmarfrance.online\/tr\/#\/schema\/logo\/image\/","url":"https:\/\/hakmarfrance.online\/wp-content\/uploads\/2025\/06\/logo-hakmarfrance.png","contentUrl":"https:\/\/hakmarfrance.online\/wp-content\/uploads\/2025\/06\/logo-hakmarfrance.png","width":528,"height":232,"caption":"hakmarfrance.online"},"image":{"@id":"https:\/\/hakmarfrance.online\/tr\/#\/schema\/logo\/image\/"},"sameAs":["https:\/\/www.facebook.com\/HakmarFranceSupermarche\/?locale=fr_FR","https:\/\/www.instagram.com\/hakmarfrancesupermarche\/"]}]}},"_links":{"self":[{"href":"https:\/\/hakmarfrance.online\/tr\/wp-json\/wp\/v2\/product\/18223","targetHints":{"allow":["GET"]}}],"collection":[{"href":"https:\/\/hakmarfrance.online\/tr\/wp-json\/wp\/v2\/product"}],"about":[{"href":"https:\/\/hakmarfrance.online\/tr\/wp-json\/wp\/v2\/types\/product"}],"replies":[{"embeddable":true,"href":"https:\/\/hakmarfrance.online\/tr\/wp-json\/wp\/v2\/comments?post=18223"}],"version-history":[{"count":0,"href":"https:\/\/hakmarfrance.online\/tr\/wp-json\/wp\/v2\/product\/18223\/revisions"}],"wp:featuredmedia":[{"embeddable":true,"href":"https:\/\/hakmarfrance.online\/tr\/wp-json\/wp\/v2\/media\/18224"}],"wp:attachment":[{"href":"https:\/\/hakmarfrance.online\/tr\/wp-json\/wp\/v2\/media?parent=18223"}],"wp:term":[{"taxonomy":"product_brand","embeddable":true,"href":"https:\/\/hakmarfrance.online\/tr\/wp-json\/wp\/v2\/product_brand?post=18223"},{"taxonomy":"product_cat","embeddable":true,"href":"https:\/\/hakmarfrance.online\/tr\/wp-json\/wp\/v2\/product_cat?post=18223"},{"taxonomy":"product_tag","embeddable":true,"href":"https:\/\/hakmarfrance.online\/tr\/wp-json\/wp\/v2\/product_tag?post=18223"}],"curies":[{"name":"wp","href":"https:\/\/api.w.org\/{rel}","templated":true}]}}