{"id":18227,"date":"2025-07-09T08:42:08","date_gmt":"2025-07-09T08:42:08","guid":{"rendered":"https:\/\/hakmarfrance.online\/produit\/malaika-bio-bebek-kavanoz-mama-ispanak-pirinc-et-6-ay\/"},"modified":"2025-07-09T08:42:08","modified_gmt":"2025-07-09T08:42:08","slug":"malaika-bio-bebek-kavanoz-mama-ispanak-pirinc-et-6-ay","status":"publish","type":"product","link":"https:\/\/hakmarfrance.online\/tr\/produit\/malaika-bio-bebek-kavanoz-mama-ispanak-pirinc-et-6-ay\/","title":{"rendered":"Mala\u00efka Bio \u2013 Bebek Kavanoz Mama Ispanak Pirin\u00e7 Et 6 ay+"},"content":{"rendered":"<p data-start=\"276\" data-end=\"683\">Bebe\u011fine ispanak, pirin\u00e7 ve et i\u00e7eren bu <strong data-start=\"410\" data-end=\"425\">Mala\u00efka Bio<\/strong> kavanoz mama ile sa\u011fl\u0131kl\u0131 ve dengeli beslenme sun. Organik tar\u0131m \u00fcr\u00fcnlerinden haz\u0131rlanan bu lezzetli tarif, 6 ayl\u0131k bebekler i\u00e7in m\u00fckemmel \u015fekilde uyarlanm\u0131\u015f. Katk\u0131 maddesi ve koruyucu i\u00e7ermez, do\u011faya ve \u00e7ocu\u011funa sayg\u0131l\u0131.  <\/p>\n<p data-start=\"685\" data-end=\"721\">\u2705 <strong data-start=\"687\" data-end=\"721\">Ana \u00f6zellikler:<\/strong><\/p>\n<ul data-start=\"722\" data-end=\"923\">\n<li data-start=\"722\" data-end=\"763\">\n<p data-start=\"724\" data-end=\"763\">%100 organik tarif: Ispanak, Pirin\u00e7, Et<\/p>\n<\/li>\n<li data-start=\"764\" data-end=\"784\">\n<p data-start=\"766\" data-end=\"784\">6 aydan itibaren<\/p>\n<\/li>\n<li data-start=\"785\" data-end=\"833\">\n<p data-start=\"787\" data-end=\"833\">\u0130lave tuz, renklendirici ve koruyucu i\u00e7ermez<\/p>\n<\/li>\n<li data-start=\"834\" data-end=\"859\">\n<p data-start=\"836\" data-end=\"859\">Geri d\u00f6n\u00fc\u015ft\u00fcr\u00fclebilir cam kavanoz<\/p>\n<\/li>\n<li data-start=\"860\" data-end=\"888\">\n<p data-start=\"862\" data-end=\"888\">\u0130\u00e7erik: yakla\u015f\u0131k 190 g<\/p>\n<\/li>\n<li data-start=\"889\" data-end=\"923\">\n<p data-start=\"891\" data-end=\"923\">Avrupa&#8217;da \u00fcretilmi\u015f (AB sertifikal\u0131)<\/p>\n<\/li>\n<\/ul>\n","protected":false},"excerpt":{"rendered":"<p>Mala\u00efka bebek organik kavanoz mama \u2013 Ispanak, Pirin\u00e7, Et. 6 aydan itibaren ideal, do\u011fal ve lezzetli beslenme i\u00e7in. <\/p>\n","protected":false},"featured_media":18228,"comment_status":"open","ping_status":"closed","template":"","meta":{"iawp_total_views":0},"product_brand":[212],"product_cat":[291,225,288],"product_tag":[],"class_list":{"0":"post-18227","1":"product","2":"type-product","3":"status-publish","4":"has-post-thumbnail","6":"product_brand-malaika","7":"product_cat-konserveler-ve-kavanozlar","8":"product_cat-tum-urunlerimiz","9":"product_cat-tuzlu-gidalar","11":"first","12":"instock","13":"shipping-taxable","14":"purchasable","15":"product-type-simple"},"yoast_head":"<!-- This site is optimized with the Yoast SEO plugin v27.3 - https:\/\/yoast.com\/product\/yoast-seo-wordpress\/ -->\n<title>Mala\u00efka Bio \u2013 Bebek Kavanoz Mama Ispanak Pirin\u00e7 Et 6 ay+ - hakmarfrance.online<\/title>\n<meta name=\"robots\" content=\"index, follow, max-snippet:-1, max-image-preview:large, max-video-preview:-1\" \/>\n<link rel=\"canonical\" href=\"https:\/\/hakmarfrance.online\/tr\/produit\/malaika-bio-bebek-kavanoz-mama-ispanak-pirinc-et-6-ay\/\" \/>\n<meta property=\"og:locale\" content=\"tr_TR\" \/>\n<meta property=\"og:type\" content=\"article\" \/>\n<meta property=\"og:title\" content=\"Mala\u00efka Bio \u2013 Bebek Kavanoz Mama Ispanak Pirin\u00e7 Et 6 ay+ - hakmarfrance.online\" \/>\n<meta property=\"og:description\" content=\"Mala\u00efka bebek organik kavanoz mama \u2013 Ispanak, Pirin\u00e7, Et. 6 aydan itibaren ideal, do\u011fal ve lezzetli beslenme i\u00e7in.\" \/>\n<meta property=\"og:url\" content=\"https:\/\/hakmarfrance.online\/tr\/produit\/malaika-bio-bebek-kavanoz-mama-ispanak-pirinc-et-6-ay\/\" \/>\n<meta property=\"og:site_name\" content=\"hakmarfrance.online\" \/>\n<meta property=\"article:publisher\" content=\"https:\/\/www.facebook.com\/HakmarFranceSupermarche\/?locale=fr_FR\" \/>\n<meta property=\"og:image\" content=\"https:\/\/hakmarfrance.online\/wp-content\/uploads\/2025\/07\/petit-pot-bebe-bio-epinards-riz-boeuf-malaika.avif\" \/>\n\t<meta property=\"og:image:width\" content=\"1000\" \/>\n\t<meta property=\"og:image:height\" content=\"800\" \/>\n\t<meta property=\"og:image:type\" content=\"image\/png\" \/>\n<meta name=\"twitter:card\" content=\"summary_large_image\" \/>\n<script type=\"application\/ld+json\" class=\"yoast-schema-graph\">{\"@context\":\"https:\\\/\\\/schema.org\",\"@graph\":[{\"@type\":\"WebPage\",\"@id\":\"https:\\\/\\\/hakmarfrance.online\\\/tr\\\/produit\\\/malaika-bio-bebek-kavanoz-mama-ispanak-pirinc-et-6-ay\\\/\",\"url\":\"https:\\\/\\\/hakmarfrance.online\\\/tr\\\/produit\\\/malaika-bio-bebek-kavanoz-mama-ispanak-pirinc-et-6-ay\\\/\",\"name\":\"Mala\u00efka Bio \u2013 Bebek Kavanoz Mama Ispanak Pirin\u00e7 Et 6 ay+ - hakmarfrance.online\",\"isPartOf\":{\"@id\":\"https:\\\/\\\/hakmarfrance.online\\\/tr\\\/#website\"},\"primaryImageOfPage\":{\"@id\":\"https:\\\/\\\/hakmarfrance.online\\\/tr\\\/produit\\\/malaika-bio-bebek-kavanoz-mama-ispanak-pirinc-et-6-ay\\\/#primaryimage\"},\"image\":{\"@id\":\"https:\\\/\\\/hakmarfrance.online\\\/tr\\\/produit\\\/malaika-bio-bebek-kavanoz-mama-ispanak-pirinc-et-6-ay\\\/#primaryimage\"},\"thumbnailUrl\":\"https:\\\/\\\/hakmarfrance.online\\\/wp-content\\\/uploads\\\/2025\\\/07\\\/petit-pot-bebe-bio-epinards-riz-boeuf-malaika.avif\",\"datePublished\":\"2025-07-09T08:42:08+00:00\",\"breadcrumb\":{\"@id\":\"https:\\\/\\\/hakmarfrance.online\\\/tr\\\/produit\\\/malaika-bio-bebek-kavanoz-mama-ispanak-pirinc-et-6-ay\\\/#breadcrumb\"},\"inLanguage\":\"tr-TR\",\"potentialAction\":[{\"@type\":\"ReadAction\",\"target\":[\"https:\\\/\\\/hakmarfrance.online\\\/tr\\\/produit\\\/malaika-bio-bebek-kavanoz-mama-ispanak-pirinc-et-6-ay\\\/\"]}]},{\"@type\":\"ImageObject\",\"inLanguage\":\"tr-TR\",\"@id\":\"https:\\\/\\\/hakmarfrance.online\\\/tr\\\/produit\\\/malaika-bio-bebek-kavanoz-mama-ispanak-pirinc-et-6-ay\\\/#primaryimage\",\"url\":\"https:\\\/\\\/hakmarfrance.online\\\/wp-content\\\/uploads\\\/2025\\\/07\\\/petit-pot-bebe-bio-epinards-riz-boeuf-malaika.avif\",\"contentUrl\":\"https:\\\/\\\/hakmarfrance.online\\\/wp-content\\\/uploads\\\/2025\\\/07\\\/petit-pot-bebe-bio-epinards-riz-boeuf-malaika.avif\",\"width\":1000,\"height\":800,\"caption\":\"Mala\u00efka \u2013 6 ayl\u0131k bebekler i\u00e7in organik kavanoz mama, ispanak, pirin\u00e7 ve et i\u00e7eren\"},{\"@type\":\"BreadcrumbList\",\"@id\":\"https:\\\/\\\/hakmarfrance.online\\\/tr\\\/produit\\\/malaika-bio-bebek-kavanoz-mama-ispanak-pirinc-et-6-ay\\\/#breadcrumb\",\"itemListElement\":[{\"@type\":\"ListItem\",\"position\":1,\"name\":\"Accueil\",\"item\":\"https:\\\/\\\/hakmarfrance.online\\\/tr\\\/\"},{\"@type\":\"ListItem\",\"position\":2,\"name\":\"Ma\u011faza\",\"item\":\"https:\\\/\\\/hakmarfrance.online\\\/tr\\\/magaza\\\/\"},{\"@type\":\"ListItem\",\"position\":3,\"name\":\"Mala\u00efka Bio \u2013 Bebek Kavanoz Mama Ispanak Pirin\u00e7 Et 6 ay+\"}]},{\"@type\":\"WebSite\",\"@id\":\"https:\\\/\\\/hakmarfrance.online\\\/tr\\\/#website\",\"url\":\"https:\\\/\\\/hakmarfrance.online\\\/tr\\\/\",\"name\":\"hakmarfrance.online\",\"description\":\"\",\"publisher\":{\"@id\":\"https:\\\/\\\/hakmarfrance.online\\\/tr\\\/#organization\"},\"potentialAction\":[{\"@type\":\"SearchAction\",\"target\":{\"@type\":\"EntryPoint\",\"urlTemplate\":\"https:\\\/\\\/hakmarfrance.online\\\/tr\\\/?s={search_term_string}\"},\"query-input\":{\"@type\":\"PropertyValueSpecification\",\"valueRequired\":true,\"valueName\":\"search_term_string\"}}],\"inLanguage\":\"tr-TR\"},{\"@type\":\"Organization\",\"@id\":\"https:\\\/\\\/hakmarfrance.online\\\/tr\\\/#organization\",\"name\":\"hakmarfrance.online\",\"url\":\"https:\\\/\\\/hakmarfrance.online\\\/tr\\\/\",\"logo\":{\"@type\":\"ImageObject\",\"inLanguage\":\"tr-TR\",\"@id\":\"https:\\\/\\\/hakmarfrance.online\\\/tr\\\/#\\\/schema\\\/logo\\\/image\\\/\",\"url\":\"https:\\\/\\\/hakmarfrance.online\\\/wp-content\\\/uploads\\\/2025\\\/06\\\/logo-hakmarfrance.png\",\"contentUrl\":\"https:\\\/\\\/hakmarfrance.online\\\/wp-content\\\/uploads\\\/2025\\\/06\\\/logo-hakmarfrance.png\",\"width\":528,\"height\":232,\"caption\":\"hakmarfrance.online\"},\"image\":{\"@id\":\"https:\\\/\\\/hakmarfrance.online\\\/tr\\\/#\\\/schema\\\/logo\\\/image\\\/\"},\"sameAs\":[\"https:\\\/\\\/www.facebook.com\\\/HakmarFranceSupermarche\\\/?locale=fr_FR\",\"https:\\\/\\\/www.instagram.com\\\/hakmarfrancesupermarche\\\/\"]}]}<\/script>\n<!-- \/ Yoast SEO plugin. -->","yoast_head_json":{"title":"Mala\u00efka Bio \u2013 Bebek Kavanoz Mama Ispanak Pirin\u00e7 Et 6 ay+ - hakmarfrance.online","robots":{"index":"index","follow":"follow","max-snippet":"max-snippet:-1","max-image-preview":"max-image-preview:large","max-video-preview":"max-video-preview:-1"},"canonical":"https:\/\/hakmarfrance.online\/tr\/produit\/malaika-bio-bebek-kavanoz-mama-ispanak-pirinc-et-6-ay\/","og_locale":"tr_TR","og_type":"article","og_title":"Mala\u00efka Bio \u2013 Bebek Kavanoz Mama Ispanak Pirin\u00e7 Et 6 ay+ - hakmarfrance.online","og_description":"Mala\u00efka bebek organik kavanoz mama \u2013 Ispanak, Pirin\u00e7, Et. 6 aydan itibaren ideal, do\u011fal ve lezzetli beslenme i\u00e7in.","og_url":"https:\/\/hakmarfrance.online\/tr\/produit\/malaika-bio-bebek-kavanoz-mama-ispanak-pirinc-et-6-ay\/","og_site_name":"hakmarfrance.online","article_publisher":"https:\/\/www.facebook.com\/HakmarFranceSupermarche\/?locale=fr_FR","og_image":[{"width":1000,"height":800,"url":"https:\/\/hakmarfrance.online\/wp-content\/uploads\/2025\/07\/petit-pot-bebe-bio-epinards-riz-boeuf-malaika.avif","type":"image\/png"}],"twitter_card":"summary_large_image","schema":{"@context":"https:\/\/schema.org","@graph":[{"@type":"WebPage","@id":"https:\/\/hakmarfrance.online\/tr\/produit\/malaika-bio-bebek-kavanoz-mama-ispanak-pirinc-et-6-ay\/","url":"https:\/\/hakmarfrance.online\/tr\/produit\/malaika-bio-bebek-kavanoz-mama-ispanak-pirinc-et-6-ay\/","name":"Mala\u00efka Bio \u2013 Bebek Kavanoz Mama Ispanak Pirin\u00e7 Et 6 ay+ - hakmarfrance.online","isPartOf":{"@id":"https:\/\/hakmarfrance.online\/tr\/#website"},"primaryImageOfPage":{"@id":"https:\/\/hakmarfrance.online\/tr\/produit\/malaika-bio-bebek-kavanoz-mama-ispanak-pirinc-et-6-ay\/#primaryimage"},"image":{"@id":"https:\/\/hakmarfrance.online\/tr\/produit\/malaika-bio-bebek-kavanoz-mama-ispanak-pirinc-et-6-ay\/#primaryimage"},"thumbnailUrl":"https:\/\/hakmarfrance.online\/wp-content\/uploads\/2025\/07\/petit-pot-bebe-bio-epinards-riz-boeuf-malaika.avif","datePublished":"2025-07-09T08:42:08+00:00","breadcrumb":{"@id":"https:\/\/hakmarfrance.online\/tr\/produit\/malaika-bio-bebek-kavanoz-mama-ispanak-pirinc-et-6-ay\/#breadcrumb"},"inLanguage":"tr-TR","potentialAction":[{"@type":"ReadAction","target":["https:\/\/hakmarfrance.online\/tr\/produit\/malaika-bio-bebek-kavanoz-mama-ispanak-pirinc-et-6-ay\/"]}]},{"@type":"ImageObject","inLanguage":"tr-TR","@id":"https:\/\/hakmarfrance.online\/tr\/produit\/malaika-bio-bebek-kavanoz-mama-ispanak-pirinc-et-6-ay\/#primaryimage","url":"https:\/\/hakmarfrance.online\/wp-content\/uploads\/2025\/07\/petit-pot-bebe-bio-epinards-riz-boeuf-malaika.avif","contentUrl":"https:\/\/hakmarfrance.online\/wp-content\/uploads\/2025\/07\/petit-pot-bebe-bio-epinards-riz-boeuf-malaika.avif","width":1000,"height":800,"caption":"Mala\u00efka \u2013 6 ayl\u0131k bebekler i\u00e7in organik kavanoz mama, ispanak, pirin\u00e7 ve et i\u00e7eren"},{"@type":"BreadcrumbList","@id":"https:\/\/hakmarfrance.online\/tr\/produit\/malaika-bio-bebek-kavanoz-mama-ispanak-pirinc-et-6-ay\/#breadcrumb","itemListElement":[{"@type":"ListItem","position":1,"name":"Accueil","item":"https:\/\/hakmarfrance.online\/tr\/"},{"@type":"ListItem","position":2,"name":"Ma\u011faza","item":"https:\/\/hakmarfrance.online\/tr\/magaza\/"},{"@type":"ListItem","position":3,"name":"Mala\u00efka Bio \u2013 Bebek Kavanoz Mama Ispanak Pirin\u00e7 Et 6 ay+"}]},{"@type":"WebSite","@id":"https:\/\/hakmarfrance.online\/tr\/#website","url":"https:\/\/hakmarfrance.online\/tr\/","name":"hakmarfrance.online","description":"","publisher":{"@id":"https:\/\/hakmarfrance.online\/tr\/#organization"},"potentialAction":[{"@type":"SearchAction","target":{"@type":"EntryPoint","urlTemplate":"https:\/\/hakmarfrance.online\/tr\/?s={search_term_string}"},"query-input":{"@type":"PropertyValueSpecification","valueRequired":true,"valueName":"search_term_string"}}],"inLanguage":"tr-TR"},{"@type":"Organization","@id":"https:\/\/hakmarfrance.online\/tr\/#organization","name":"hakmarfrance.online","url":"https:\/\/hakmarfrance.online\/tr\/","logo":{"@type":"ImageObject","inLanguage":"tr-TR","@id":"https:\/\/hakmarfrance.online\/tr\/#\/schema\/logo\/image\/","url":"https:\/\/hakmarfrance.online\/wp-content\/uploads\/2025\/06\/logo-hakmarfrance.png","contentUrl":"https:\/\/hakmarfrance.online\/wp-content\/uploads\/2025\/06\/logo-hakmarfrance.png","width":528,"height":232,"caption":"hakmarfrance.online"},"image":{"@id":"https:\/\/hakmarfrance.online\/tr\/#\/schema\/logo\/image\/"},"sameAs":["https:\/\/www.facebook.com\/HakmarFranceSupermarche\/?locale=fr_FR","https:\/\/www.instagram.com\/hakmarfrancesupermarche\/"]}]}},"_links":{"self":[{"href":"https:\/\/hakmarfrance.online\/tr\/wp-json\/wp\/v2\/product\/18227","targetHints":{"allow":["GET"]}}],"collection":[{"href":"https:\/\/hakmarfrance.online\/tr\/wp-json\/wp\/v2\/product"}],"about":[{"href":"https:\/\/hakmarfrance.online\/tr\/wp-json\/wp\/v2\/types\/product"}],"replies":[{"embeddable":true,"href":"https:\/\/hakmarfrance.online\/tr\/wp-json\/wp\/v2\/comments?post=18227"}],"version-history":[{"count":0,"href":"https:\/\/hakmarfrance.online\/tr\/wp-json\/wp\/v2\/product\/18227\/revisions"}],"wp:featuredmedia":[{"embeddable":true,"href":"https:\/\/hakmarfrance.online\/tr\/wp-json\/wp\/v2\/media\/18228"}],"wp:attachment":[{"href":"https:\/\/hakmarfrance.online\/tr\/wp-json\/wp\/v2\/media?parent=18227"}],"wp:term":[{"taxonomy":"product_brand","embeddable":true,"href":"https:\/\/hakmarfrance.online\/tr\/wp-json\/wp\/v2\/product_brand?post=18227"},{"taxonomy":"product_cat","embeddable":true,"href":"https:\/\/hakmarfrance.online\/tr\/wp-json\/wp\/v2\/product_cat?post=18227"},{"taxonomy":"product_tag","embeddable":true,"href":"https:\/\/hakmarfrance.online\/tr\/wp-json\/wp\/v2\/product_tag?post=18227"}],"curies":[{"name":"wp","href":"https:\/\/api.w.org\/{rel}","templated":true}]}}