{"id":18229,"date":"2025-07-09T08:40:09","date_gmt":"2025-07-09T08:40:09","guid":{"rendered":"https:\/\/hakmarfrance.online\/produit\/kahvecioglu-gida-balli-kuru-meyve-karisimi-720-g\/"},"modified":"2025-07-09T08:40:09","modified_gmt":"2025-07-09T08:40:09","slug":"kahvecioglu-gida-balli-kuru-meyve-karisimi-720-g","status":"publish","type":"product","link":"https:\/\/hakmarfrance.online\/tr\/produit\/kahvecioglu-gida-balli-kuru-meyve-karisimi-720-g\/","title":{"rendered":"KAHVECIOGLU G\u0131da \u2013 Ball\u0131 kuru meyve kar\u0131\u015f\u0131m\u0131 720 g"},"content":{"rendered":"<p data-start=\"272\" data-end=\"681\"><strong data-start=\"368\" data-end=\"417\">Kahvecioglu&#8217;nun ball\u0131 kuru meyve kar\u0131\u015f\u0131m\u0131n\u0131n<\/strong> do\u011fal zenginli\u011fine kap\u0131l\u0131n. T\u00fcrkiye&#8217;de \u00f6zenle haz\u0131rlanan bu c\u00f6mert 720 g&#8217;l\u0131k kavanoz, f\u0131nd\u0131k, badem, Antep f\u0131st\u0131\u011f\u0131, ceviz, kay\u0131s\u0131 ve di\u011fer lezzetleri saf ve lezzetli bala bat\u0131rarak bir araya getiriyor. Kahvalt\u0131da veya lezzetli bir at\u0131\u015ft\u0131rmal\u0131k olarak enerjinizi art\u0131rmak i\u00e7in m\u00fckemmel bir s\u00fcper g\u0131da.  <\/p>\n<p data-start=\"683\" data-end=\"719\">\u2705 <strong data-start=\"685\" data-end=\"719\">Ana \u00f6zellikler:<\/strong><\/p>\n<ul data-start=\"720\" data-end=\"938\">\n<li data-start=\"720\" data-end=\"758\">\n<p data-start=\"722\" data-end=\"758\">%100 do\u011fal kuru meyve kar\u0131\u015f\u0131m\u0131<\/p>\n<\/li>\n<li data-start=\"759\" data-end=\"787\">\n<p data-start=\"761\" data-end=\"787\">Saf balda saklanm\u0131\u015ft\u0131r<\/p>\n<\/li>\n<li data-start=\"788\" data-end=\"842\">\n<p data-start=\"790\" data-end=\"842\">Kahvalt\u0131lar, tatl\u0131lar veya yo\u011furtlar i\u00e7in ideal<\/p>\n<\/li>\n<li data-start=\"843\" data-end=\"883\">\n<p data-start=\"845\" data-end=\"883\">Lif, vitamin ve mineral a\u00e7\u0131s\u0131ndan zengin<\/p>\n<\/li>\n<li data-start=\"884\" data-end=\"904\">\n<p data-start=\"886\" data-end=\"904\">T\u00fcrkiye&#8217;de \u00fcretilmi\u015ftir<\/p>\n<\/li>\n<li data-start=\"905\" data-end=\"938\">\n<p data-start=\"907\" data-end=\"938\">Geri d\u00f6n\u00fc\u015ft\u00fcr\u00fclebilir cam kavanoz \u2013 720 g<\/p>\n<\/li>\n<\/ul>\n","protected":false},"excerpt":{"rendered":"<p>Kahvecioglu ball\u0131 kuru meyve kar\u0131\u015f\u0131m\u0131 \u2013 720 g do\u011fal lezzet, sa\u011fl\u0131kl\u0131 ve enerjik bir mola i\u00e7in m\u00fckemmel.<\/p>\n","protected":false},"featured_media":18230,"comment_status":"open","ping_status":"closed","template":"","meta":{"iawp_total_views":0},"product_brand":[],"product_cat":[290,225,288],"product_tag":[],"class_list":{"0":"post-18229","1":"product","2":"type-product","3":"status-publish","4":"has-post-thumbnail","6":"product_cat-tatli-market-urunleri","7":"product_cat-tum-urunlerimiz","8":"product_cat-tuzlu-gidalar","10":"first","11":"instock","12":"shipping-taxable","13":"purchasable","14":"product-type-simple"},"yoast_head":"<!-- This site is optimized with the Yoast SEO plugin v27.3 - https:\/\/yoast.com\/product\/yoast-seo-wordpress\/ -->\n<title>KAHVECIOGLU G\u0131da \u2013 Ball\u0131 kuru meyve kar\u0131\u015f\u0131m\u0131 720 g - hakmarfrance.online<\/title>\n<meta name=\"robots\" content=\"index, follow, max-snippet:-1, max-image-preview:large, max-video-preview:-1\" \/>\n<link rel=\"canonical\" href=\"https:\/\/hakmarfrance.online\/tr\/produit\/kahvecioglu-gida-balli-kuru-meyve-karisimi-720-g\/\" \/>\n<meta property=\"og:locale\" content=\"tr_TR\" \/>\n<meta property=\"og:type\" content=\"article\" \/>\n<meta property=\"og:title\" content=\"KAHVECIOGLU G\u0131da \u2013 Ball\u0131 kuru meyve kar\u0131\u015f\u0131m\u0131 720 g - hakmarfrance.online\" \/>\n<meta property=\"og:description\" content=\"Kahvecioglu ball\u0131 kuru meyve kar\u0131\u015f\u0131m\u0131 \u2013 720 g do\u011fal lezzet, sa\u011fl\u0131kl\u0131 ve enerjik bir mola i\u00e7in m\u00fckemmel.\" \/>\n<meta property=\"og:url\" content=\"https:\/\/hakmarfrance.online\/tr\/produit\/kahvecioglu-gida-balli-kuru-meyve-karisimi-720-g\/\" \/>\n<meta property=\"og:site_name\" content=\"hakmarfrance.online\" \/>\n<meta property=\"article:publisher\" content=\"https:\/\/www.facebook.com\/HakmarFranceSupermarche\/?locale=fr_FR\" \/>\n<meta property=\"og:image\" content=\"https:\/\/hakmarfrance.online\/wp-content\/uploads\/2025\/07\/melange-fruits-secs-miel-kahvecioglu-720g.avif\" \/>\n\t<meta property=\"og:image:width\" content=\"1000\" \/>\n\t<meta property=\"og:image:height\" content=\"800\" \/>\n\t<meta property=\"og:image:type\" content=\"image\/png\" \/>\n<meta name=\"twitter:card\" content=\"summary_large_image\" \/>\n<meta name=\"twitter:label1\" content=\"Tahmini okuma s\u00fcresi\" \/>\n\t<meta name=\"twitter:data1\" content=\"1 minute\" \/>\n<script type=\"application\/ld+json\" class=\"yoast-schema-graph\">{\"@context\":\"https:\\\/\\\/schema.org\",\"@graph\":[{\"@type\":\"WebPage\",\"@id\":\"https:\\\/\\\/hakmarfrance.online\\\/tr\\\/produit\\\/kahvecioglu-gida-balli-kuru-meyve-karisimi-720-g\\\/\",\"url\":\"https:\\\/\\\/hakmarfrance.online\\\/tr\\\/produit\\\/kahvecioglu-gida-balli-kuru-meyve-karisimi-720-g\\\/\",\"name\":\"KAHVECIOGLU G\u0131da \u2013 Ball\u0131 kuru meyve kar\u0131\u015f\u0131m\u0131 720 g - hakmarfrance.online\",\"isPartOf\":{\"@id\":\"https:\\\/\\\/hakmarfrance.online\\\/tr\\\/#website\"},\"primaryImageOfPage\":{\"@id\":\"https:\\\/\\\/hakmarfrance.online\\\/tr\\\/produit\\\/kahvecioglu-gida-balli-kuru-meyve-karisimi-720-g\\\/#primaryimage\"},\"image\":{\"@id\":\"https:\\\/\\\/hakmarfrance.online\\\/tr\\\/produit\\\/kahvecioglu-gida-balli-kuru-meyve-karisimi-720-g\\\/#primaryimage\"},\"thumbnailUrl\":\"https:\\\/\\\/hakmarfrance.online\\\/wp-content\\\/uploads\\\/2025\\\/07\\\/melange-fruits-secs-miel-kahvecioglu-720g.avif\",\"datePublished\":\"2025-07-09T08:40:09+00:00\",\"breadcrumb\":{\"@id\":\"https:\\\/\\\/hakmarfrance.online\\\/tr\\\/produit\\\/kahvecioglu-gida-balli-kuru-meyve-karisimi-720-g\\\/#breadcrumb\"},\"inLanguage\":\"tr-TR\",\"potentialAction\":[{\"@type\":\"ReadAction\",\"target\":[\"https:\\\/\\\/hakmarfrance.online\\\/tr\\\/produit\\\/kahvecioglu-gida-balli-kuru-meyve-karisimi-720-g\\\/\"]}]},{\"@type\":\"ImageObject\",\"inLanguage\":\"tr-TR\",\"@id\":\"https:\\\/\\\/hakmarfrance.online\\\/tr\\\/produit\\\/kahvecioglu-gida-balli-kuru-meyve-karisimi-720-g\\\/#primaryimage\",\"url\":\"https:\\\/\\\/hakmarfrance.online\\\/wp-content\\\/uploads\\\/2025\\\/07\\\/melange-fruits-secs-miel-kahvecioglu-720g.avif\",\"contentUrl\":\"https:\\\/\\\/hakmarfrance.online\\\/wp-content\\\/uploads\\\/2025\\\/07\\\/melange-fruits-secs-miel-kahvecioglu-720g.avif\",\"width\":1000,\"height\":800,\"caption\":\"Kahvecioglu \u2013 Geleneksel ball\u0131 kuru meyve kar\u0131\u015f\u0131m\u0131, 720 g\"},{\"@type\":\"BreadcrumbList\",\"@id\":\"https:\\\/\\\/hakmarfrance.online\\\/tr\\\/produit\\\/kahvecioglu-gida-balli-kuru-meyve-karisimi-720-g\\\/#breadcrumb\",\"itemListElement\":[{\"@type\":\"ListItem\",\"position\":1,\"name\":\"Accueil\",\"item\":\"https:\\\/\\\/hakmarfrance.online\\\/tr\\\/\"},{\"@type\":\"ListItem\",\"position\":2,\"name\":\"Ma\u011faza\",\"item\":\"https:\\\/\\\/hakmarfrance.online\\\/tr\\\/magaza\\\/\"},{\"@type\":\"ListItem\",\"position\":3,\"name\":\"KAHVECIOGLU G\u0131da \u2013 Ball\u0131 kuru meyve kar\u0131\u015f\u0131m\u0131 720 g\"}]},{\"@type\":\"WebSite\",\"@id\":\"https:\\\/\\\/hakmarfrance.online\\\/tr\\\/#website\",\"url\":\"https:\\\/\\\/hakmarfrance.online\\\/tr\\\/\",\"name\":\"hakmarfrance.online\",\"description\":\"\",\"publisher\":{\"@id\":\"https:\\\/\\\/hakmarfrance.online\\\/tr\\\/#organization\"},\"potentialAction\":[{\"@type\":\"SearchAction\",\"target\":{\"@type\":\"EntryPoint\",\"urlTemplate\":\"https:\\\/\\\/hakmarfrance.online\\\/tr\\\/?s={search_term_string}\"},\"query-input\":{\"@type\":\"PropertyValueSpecification\",\"valueRequired\":true,\"valueName\":\"search_term_string\"}}],\"inLanguage\":\"tr-TR\"},{\"@type\":\"Organization\",\"@id\":\"https:\\\/\\\/hakmarfrance.online\\\/tr\\\/#organization\",\"name\":\"hakmarfrance.online\",\"url\":\"https:\\\/\\\/hakmarfrance.online\\\/tr\\\/\",\"logo\":{\"@type\":\"ImageObject\",\"inLanguage\":\"tr-TR\",\"@id\":\"https:\\\/\\\/hakmarfrance.online\\\/tr\\\/#\\\/schema\\\/logo\\\/image\\\/\",\"url\":\"https:\\\/\\\/hakmarfrance.online\\\/wp-content\\\/uploads\\\/2025\\\/06\\\/logo-hakmarfrance.png\",\"contentUrl\":\"https:\\\/\\\/hakmarfrance.online\\\/wp-content\\\/uploads\\\/2025\\\/06\\\/logo-hakmarfrance.png\",\"width\":528,\"height\":232,\"caption\":\"hakmarfrance.online\"},\"image\":{\"@id\":\"https:\\\/\\\/hakmarfrance.online\\\/tr\\\/#\\\/schema\\\/logo\\\/image\\\/\"},\"sameAs\":[\"https:\\\/\\\/www.facebook.com\\\/HakmarFranceSupermarche\\\/?locale=fr_FR\",\"https:\\\/\\\/www.instagram.com\\\/hakmarfrancesupermarche\\\/\"]}]}<\/script>\n<!-- \/ Yoast SEO plugin. -->","yoast_head_json":{"title":"KAHVECIOGLU G\u0131da \u2013 Ball\u0131 kuru meyve kar\u0131\u015f\u0131m\u0131 720 g - hakmarfrance.online","robots":{"index":"index","follow":"follow","max-snippet":"max-snippet:-1","max-image-preview":"max-image-preview:large","max-video-preview":"max-video-preview:-1"},"canonical":"https:\/\/hakmarfrance.online\/tr\/produit\/kahvecioglu-gida-balli-kuru-meyve-karisimi-720-g\/","og_locale":"tr_TR","og_type":"article","og_title":"KAHVECIOGLU G\u0131da \u2013 Ball\u0131 kuru meyve kar\u0131\u015f\u0131m\u0131 720 g - hakmarfrance.online","og_description":"Kahvecioglu ball\u0131 kuru meyve kar\u0131\u015f\u0131m\u0131 \u2013 720 g do\u011fal lezzet, sa\u011fl\u0131kl\u0131 ve enerjik bir mola i\u00e7in m\u00fckemmel.","og_url":"https:\/\/hakmarfrance.online\/tr\/produit\/kahvecioglu-gida-balli-kuru-meyve-karisimi-720-g\/","og_site_name":"hakmarfrance.online","article_publisher":"https:\/\/www.facebook.com\/HakmarFranceSupermarche\/?locale=fr_FR","og_image":[{"width":1000,"height":800,"url":"https:\/\/hakmarfrance.online\/wp-content\/uploads\/2025\/07\/melange-fruits-secs-miel-kahvecioglu-720g.avif","type":"image\/png"}],"twitter_card":"summary_large_image","twitter_misc":{"Tahmini okuma s\u00fcresi":"1 minute"},"schema":{"@context":"https:\/\/schema.org","@graph":[{"@type":"WebPage","@id":"https:\/\/hakmarfrance.online\/tr\/produit\/kahvecioglu-gida-balli-kuru-meyve-karisimi-720-g\/","url":"https:\/\/hakmarfrance.online\/tr\/produit\/kahvecioglu-gida-balli-kuru-meyve-karisimi-720-g\/","name":"KAHVECIOGLU G\u0131da \u2013 Ball\u0131 kuru meyve kar\u0131\u015f\u0131m\u0131 720 g - hakmarfrance.online","isPartOf":{"@id":"https:\/\/hakmarfrance.online\/tr\/#website"},"primaryImageOfPage":{"@id":"https:\/\/hakmarfrance.online\/tr\/produit\/kahvecioglu-gida-balli-kuru-meyve-karisimi-720-g\/#primaryimage"},"image":{"@id":"https:\/\/hakmarfrance.online\/tr\/produit\/kahvecioglu-gida-balli-kuru-meyve-karisimi-720-g\/#primaryimage"},"thumbnailUrl":"https:\/\/hakmarfrance.online\/wp-content\/uploads\/2025\/07\/melange-fruits-secs-miel-kahvecioglu-720g.avif","datePublished":"2025-07-09T08:40:09+00:00","breadcrumb":{"@id":"https:\/\/hakmarfrance.online\/tr\/produit\/kahvecioglu-gida-balli-kuru-meyve-karisimi-720-g\/#breadcrumb"},"inLanguage":"tr-TR","potentialAction":[{"@type":"ReadAction","target":["https:\/\/hakmarfrance.online\/tr\/produit\/kahvecioglu-gida-balli-kuru-meyve-karisimi-720-g\/"]}]},{"@type":"ImageObject","inLanguage":"tr-TR","@id":"https:\/\/hakmarfrance.online\/tr\/produit\/kahvecioglu-gida-balli-kuru-meyve-karisimi-720-g\/#primaryimage","url":"https:\/\/hakmarfrance.online\/wp-content\/uploads\/2025\/07\/melange-fruits-secs-miel-kahvecioglu-720g.avif","contentUrl":"https:\/\/hakmarfrance.online\/wp-content\/uploads\/2025\/07\/melange-fruits-secs-miel-kahvecioglu-720g.avif","width":1000,"height":800,"caption":"Kahvecioglu \u2013 Geleneksel ball\u0131 kuru meyve kar\u0131\u015f\u0131m\u0131, 720 g"},{"@type":"BreadcrumbList","@id":"https:\/\/hakmarfrance.online\/tr\/produit\/kahvecioglu-gida-balli-kuru-meyve-karisimi-720-g\/#breadcrumb","itemListElement":[{"@type":"ListItem","position":1,"name":"Accueil","item":"https:\/\/hakmarfrance.online\/tr\/"},{"@type":"ListItem","position":2,"name":"Ma\u011faza","item":"https:\/\/hakmarfrance.online\/tr\/magaza\/"},{"@type":"ListItem","position":3,"name":"KAHVECIOGLU G\u0131da \u2013 Ball\u0131 kuru meyve kar\u0131\u015f\u0131m\u0131 720 g"}]},{"@type":"WebSite","@id":"https:\/\/hakmarfrance.online\/tr\/#website","url":"https:\/\/hakmarfrance.online\/tr\/","name":"hakmarfrance.online","description":"","publisher":{"@id":"https:\/\/hakmarfrance.online\/tr\/#organization"},"potentialAction":[{"@type":"SearchAction","target":{"@type":"EntryPoint","urlTemplate":"https:\/\/hakmarfrance.online\/tr\/?s={search_term_string}"},"query-input":{"@type":"PropertyValueSpecification","valueRequired":true,"valueName":"search_term_string"}}],"inLanguage":"tr-TR"},{"@type":"Organization","@id":"https:\/\/hakmarfrance.online\/tr\/#organization","name":"hakmarfrance.online","url":"https:\/\/hakmarfrance.online\/tr\/","logo":{"@type":"ImageObject","inLanguage":"tr-TR","@id":"https:\/\/hakmarfrance.online\/tr\/#\/schema\/logo\/image\/","url":"https:\/\/hakmarfrance.online\/wp-content\/uploads\/2025\/06\/logo-hakmarfrance.png","contentUrl":"https:\/\/hakmarfrance.online\/wp-content\/uploads\/2025\/06\/logo-hakmarfrance.png","width":528,"height":232,"caption":"hakmarfrance.online"},"image":{"@id":"https:\/\/hakmarfrance.online\/tr\/#\/schema\/logo\/image\/"},"sameAs":["https:\/\/www.facebook.com\/HakmarFranceSupermarche\/?locale=fr_FR","https:\/\/www.instagram.com\/hakmarfrancesupermarche\/"]}]}},"_links":{"self":[{"href":"https:\/\/hakmarfrance.online\/tr\/wp-json\/wp\/v2\/product\/18229","targetHints":{"allow":["GET"]}}],"collection":[{"href":"https:\/\/hakmarfrance.online\/tr\/wp-json\/wp\/v2\/product"}],"about":[{"href":"https:\/\/hakmarfrance.online\/tr\/wp-json\/wp\/v2\/types\/product"}],"replies":[{"embeddable":true,"href":"https:\/\/hakmarfrance.online\/tr\/wp-json\/wp\/v2\/comments?post=18229"}],"version-history":[{"count":0,"href":"https:\/\/hakmarfrance.online\/tr\/wp-json\/wp\/v2\/product\/18229\/revisions"}],"wp:featuredmedia":[{"embeddable":true,"href":"https:\/\/hakmarfrance.online\/tr\/wp-json\/wp\/v2\/media\/18230"}],"wp:attachment":[{"href":"https:\/\/hakmarfrance.online\/tr\/wp-json\/wp\/v2\/media?parent=18229"}],"wp:term":[{"taxonomy":"product_brand","embeddable":true,"href":"https:\/\/hakmarfrance.online\/tr\/wp-json\/wp\/v2\/product_brand?post=18229"},{"taxonomy":"product_cat","embeddable":true,"href":"https:\/\/hakmarfrance.online\/tr\/wp-json\/wp\/v2\/product_cat?post=18229"},{"taxonomy":"product_tag","embeddable":true,"href":"https:\/\/hakmarfrance.online\/tr\/wp-json\/wp\/v2\/product_tag?post=18229"}],"curies":[{"name":"wp","href":"https:\/\/api.w.org\/{rel}","templated":true}]}}