{"id":18231,"date":"2025-07-09T08:44:56","date_gmt":"2025-07-09T08:44:56","guid":{"rendered":"https:\/\/hakmarfrance.online\/produit\/malaika-bio-bebek-kavanoz-mamasi-pirinc-domates-tavuk-6-aydan-itibaren\/"},"modified":"2025-07-09T08:44:56","modified_gmt":"2025-07-09T08:44:56","slug":"malaika-bio-bebek-kavanoz-mamasi-pirinc-domates-tavuk-6-aydan-itibaren","status":"publish","type":"product","link":"https:\/\/hakmarfrance.online\/tr\/produit\/malaika-bio-bebek-kavanoz-mamasi-pirinc-domates-tavuk-6-aydan-itibaren\/","title":{"rendered":"Mala\u00efka Bio \u2013 Bebek kavanoz mamas\u0131 Pirin\u00e7 Domates Tavuk 6 aydan itibaren"},"content":{"rendered":"<p data-start=\"278\" data-end=\"721\">Bebe\u011fine bu lezzetli <strong data-start=\"416\" data-end=\"449\">Mala\u00efka Bio Pirin\u00e7 Domates Tavuk<\/strong> kavanoz mamas\u0131yla yeni tatlar\u0131 ke\u015ffettir. Titizlikle se\u00e7ilmi\u015f organik malzemelerden haz\u0131rlanan bu tam \u00f6\u011f\u00fcn, 6 aydan itibaren k\u00fc\u00e7\u00fcklerin beslenme ihtiya\u00e7lar\u0131na m\u00fckemmel \u015fekilde uygun. Yumu\u015fak, helal, tuz ilavesiz bir tarif, \u00e7ocu\u011funu sa\u011fl\u0131kl\u0131 ve \u00e7e\u015fitli beslenmeye al\u0131\u015ft\u0131rmak i\u00e7in ideal.  <\/p>\n<p data-start=\"723\" data-end=\"759\">\u2705 <strong data-start=\"725\" data-end=\"759\">Ana \u00f6zellikler:<\/strong><\/p>\n<ul data-start=\"760\" data-end=\"920\">\n<li data-start=\"760\" data-end=\"799\">\n<p data-start=\"762\" data-end=\"799\">Organik malzemeler: pirin\u00e7, domates, tavuk<\/p>\n<\/li>\n<li data-start=\"800\" data-end=\"812\">\n<p data-start=\"802\" data-end=\"812\">6 aydan itibaren<\/p>\n<\/li>\n<li data-start=\"813\" data-end=\"835\">\n<p data-start=\"815\" data-end=\"835\">Organik ve helal sertifikal\u0131<\/p>\n<\/li>\n<li data-start=\"836\" data-end=\"868\">\n<p data-start=\"838\" data-end=\"868\">Koruyucu ve katk\u0131 maddesi i\u00e7ermez<\/p>\n<\/li>\n<li data-start=\"869\" data-end=\"894\">\n<p data-start=\"871\" data-end=\"894\">Ya\u015fa uygun doku<\/p>\n<\/li>\n<li data-start=\"895\" data-end=\"920\">\n<p data-start=\"897\" data-end=\"920\">Geri d\u00f6n\u00fc\u015ft\u00fcr\u00fclebilir cam kavanoz<\/p>\n<\/li>\n<\/ul>\n","protected":false},"excerpt":{"rendered":"<p>Mala\u00efka organik bebek kavanoz mamas\u0131 Pirin\u00e7 Domates Tavuk. 6 aydan itibaren. Dengeli beslenme i\u00e7in yumu\u015fak ve sa\u011fl\u0131kl\u0131 helal tarif.  <\/p>\n","protected":false},"featured_media":18232,"comment_status":"open","ping_status":"closed","template":"","meta":{"iawp_total_views":0},"product_brand":[212],"product_cat":[291,225,288],"product_tag":[],"class_list":{"0":"post-18231","1":"product","2":"type-product","3":"status-publish","4":"has-post-thumbnail","6":"product_brand-malaika","7":"product_cat-konserveler-ve-kavanozlar","8":"product_cat-tum-urunlerimiz","9":"product_cat-tuzlu-gidalar","11":"first","12":"instock","13":"shipping-taxable","14":"purchasable","15":"product-type-simple"},"yoast_head":"<!-- This site is optimized with the Yoast SEO plugin v27.3 - https:\/\/yoast.com\/product\/yoast-seo-wordpress\/ -->\n<title>Mala\u00efka Bio \u2013 Bebek kavanoz mamas\u0131 Pirin\u00e7 Domates Tavuk 6 aydan itibaren - hakmarfrance.online<\/title>\n<meta name=\"robots\" content=\"index, follow, max-snippet:-1, max-image-preview:large, max-video-preview:-1\" \/>\n<link rel=\"canonical\" href=\"https:\/\/hakmarfrance.online\/tr\/produit\/malaika-bio-bebek-kavanoz-mamasi-pirinc-domates-tavuk-6-aydan-itibaren\/\" \/>\n<meta property=\"og:locale\" content=\"tr_TR\" \/>\n<meta property=\"og:type\" content=\"article\" \/>\n<meta property=\"og:title\" content=\"Mala\u00efka Bio \u2013 Bebek kavanoz mamas\u0131 Pirin\u00e7 Domates Tavuk 6 aydan itibaren - hakmarfrance.online\" \/>\n<meta property=\"og:description\" content=\"Mala\u00efka organik bebek kavanoz mamas\u0131 Pirin\u00e7 Domates Tavuk. 6 aydan itibaren. Dengeli beslenme i\u00e7in yumu\u015fak ve sa\u011fl\u0131kl\u0131 helal tarif.\" \/>\n<meta property=\"og:url\" content=\"https:\/\/hakmarfrance.online\/tr\/produit\/malaika-bio-bebek-kavanoz-mamasi-pirinc-domates-tavuk-6-aydan-itibaren\/\" \/>\n<meta property=\"og:site_name\" content=\"hakmarfrance.online\" \/>\n<meta property=\"article:publisher\" content=\"https:\/\/www.facebook.com\/HakmarFranceSupermarche\/?locale=fr_FR\" \/>\n<meta property=\"og:image\" content=\"https:\/\/hakmarfrance.online\/wp-content\/uploads\/2025\/07\/petit-pot-bebe-bio-riz-tomate-poulet-malaika.avif\" \/>\n\t<meta property=\"og:image:width\" content=\"1000\" \/>\n\t<meta property=\"og:image:height\" content=\"800\" \/>\n\t<meta property=\"og:image:type\" content=\"image\/png\" \/>\n<meta name=\"twitter:card\" content=\"summary_large_image\" \/>\n<script type=\"application\/ld+json\" class=\"yoast-schema-graph\">{\"@context\":\"https:\\\/\\\/schema.org\",\"@graph\":[{\"@type\":\"WebPage\",\"@id\":\"https:\\\/\\\/hakmarfrance.online\\\/tr\\\/produit\\\/malaika-bio-bebek-kavanoz-mamasi-pirinc-domates-tavuk-6-aydan-itibaren\\\/\",\"url\":\"https:\\\/\\\/hakmarfrance.online\\\/tr\\\/produit\\\/malaika-bio-bebek-kavanoz-mamasi-pirinc-domates-tavuk-6-aydan-itibaren\\\/\",\"name\":\"Mala\u00efka Bio \u2013 Bebek kavanoz mamas\u0131 Pirin\u00e7 Domates Tavuk 6 aydan itibaren - hakmarfrance.online\",\"isPartOf\":{\"@id\":\"https:\\\/\\\/hakmarfrance.online\\\/tr\\\/#website\"},\"primaryImageOfPage\":{\"@id\":\"https:\\\/\\\/hakmarfrance.online\\\/tr\\\/produit\\\/malaika-bio-bebek-kavanoz-mamasi-pirinc-domates-tavuk-6-aydan-itibaren\\\/#primaryimage\"},\"image\":{\"@id\":\"https:\\\/\\\/hakmarfrance.online\\\/tr\\\/produit\\\/malaika-bio-bebek-kavanoz-mamasi-pirinc-domates-tavuk-6-aydan-itibaren\\\/#primaryimage\"},\"thumbnailUrl\":\"https:\\\/\\\/hakmarfrance.online\\\/wp-content\\\/uploads\\\/2025\\\/07\\\/petit-pot-bebe-bio-riz-tomate-poulet-malaika.avif\",\"datePublished\":\"2025-07-09T08:44:56+00:00\",\"breadcrumb\":{\"@id\":\"https:\\\/\\\/hakmarfrance.online\\\/tr\\\/produit\\\/malaika-bio-bebek-kavanoz-mamasi-pirinc-domates-tavuk-6-aydan-itibaren\\\/#breadcrumb\"},\"inLanguage\":\"tr-TR\",\"potentialAction\":[{\"@type\":\"ReadAction\",\"target\":[\"https:\\\/\\\/hakmarfrance.online\\\/tr\\\/produit\\\/malaika-bio-bebek-kavanoz-mamasi-pirinc-domates-tavuk-6-aydan-itibaren\\\/\"]}]},{\"@type\":\"ImageObject\",\"inLanguage\":\"tr-TR\",\"@id\":\"https:\\\/\\\/hakmarfrance.online\\\/tr\\\/produit\\\/malaika-bio-bebek-kavanoz-mamasi-pirinc-domates-tavuk-6-aydan-itibaren\\\/#primaryimage\",\"url\":\"https:\\\/\\\/hakmarfrance.online\\\/wp-content\\\/uploads\\\/2025\\\/07\\\/petit-pot-bebe-bio-riz-tomate-poulet-malaika.avif\",\"contentUrl\":\"https:\\\/\\\/hakmarfrance.online\\\/wp-content\\\/uploads\\\/2025\\\/07\\\/petit-pot-bebe-bio-riz-tomate-poulet-malaika.avif\",\"width\":1000,\"height\":800,\"caption\":\"Mala\u00efka \u2013 6 aydan itibaren pirin\u00e7, domates ve tavuklu organik bebek \u00f6\u011f\u00fcn\u00fc\"},{\"@type\":\"BreadcrumbList\",\"@id\":\"https:\\\/\\\/hakmarfrance.online\\\/tr\\\/produit\\\/malaika-bio-bebek-kavanoz-mamasi-pirinc-domates-tavuk-6-aydan-itibaren\\\/#breadcrumb\",\"itemListElement\":[{\"@type\":\"ListItem\",\"position\":1,\"name\":\"Accueil\",\"item\":\"https:\\\/\\\/hakmarfrance.online\\\/tr\\\/\"},{\"@type\":\"ListItem\",\"position\":2,\"name\":\"Ma\u011faza\",\"item\":\"https:\\\/\\\/hakmarfrance.online\\\/tr\\\/magaza\\\/\"},{\"@type\":\"ListItem\",\"position\":3,\"name\":\"Mala\u00efka Bio \u2013 Bebek kavanoz mamas\u0131 Pirin\u00e7 Domates Tavuk 6 aydan itibaren\"}]},{\"@type\":\"WebSite\",\"@id\":\"https:\\\/\\\/hakmarfrance.online\\\/tr\\\/#website\",\"url\":\"https:\\\/\\\/hakmarfrance.online\\\/tr\\\/\",\"name\":\"hakmarfrance.online\",\"description\":\"\",\"publisher\":{\"@id\":\"https:\\\/\\\/hakmarfrance.online\\\/tr\\\/#organization\"},\"potentialAction\":[{\"@type\":\"SearchAction\",\"target\":{\"@type\":\"EntryPoint\",\"urlTemplate\":\"https:\\\/\\\/hakmarfrance.online\\\/tr\\\/?s={search_term_string}\"},\"query-input\":{\"@type\":\"PropertyValueSpecification\",\"valueRequired\":true,\"valueName\":\"search_term_string\"}}],\"inLanguage\":\"tr-TR\"},{\"@type\":\"Organization\",\"@id\":\"https:\\\/\\\/hakmarfrance.online\\\/tr\\\/#organization\",\"name\":\"hakmarfrance.online\",\"url\":\"https:\\\/\\\/hakmarfrance.online\\\/tr\\\/\",\"logo\":{\"@type\":\"ImageObject\",\"inLanguage\":\"tr-TR\",\"@id\":\"https:\\\/\\\/hakmarfrance.online\\\/tr\\\/#\\\/schema\\\/logo\\\/image\\\/\",\"url\":\"https:\\\/\\\/hakmarfrance.online\\\/wp-content\\\/uploads\\\/2025\\\/06\\\/logo-hakmarfrance.png\",\"contentUrl\":\"https:\\\/\\\/hakmarfrance.online\\\/wp-content\\\/uploads\\\/2025\\\/06\\\/logo-hakmarfrance.png\",\"width\":528,\"height\":232,\"caption\":\"hakmarfrance.online\"},\"image\":{\"@id\":\"https:\\\/\\\/hakmarfrance.online\\\/tr\\\/#\\\/schema\\\/logo\\\/image\\\/\"},\"sameAs\":[\"https:\\\/\\\/www.facebook.com\\\/HakmarFranceSupermarche\\\/?locale=fr_FR\",\"https:\\\/\\\/www.instagram.com\\\/hakmarfrancesupermarche\\\/\"]}]}<\/script>\n<!-- \/ Yoast SEO plugin. -->","yoast_head_json":{"title":"Mala\u00efka Bio \u2013 Bebek kavanoz mamas\u0131 Pirin\u00e7 Domates Tavuk 6 aydan itibaren - hakmarfrance.online","robots":{"index":"index","follow":"follow","max-snippet":"max-snippet:-1","max-image-preview":"max-image-preview:large","max-video-preview":"max-video-preview:-1"},"canonical":"https:\/\/hakmarfrance.online\/tr\/produit\/malaika-bio-bebek-kavanoz-mamasi-pirinc-domates-tavuk-6-aydan-itibaren\/","og_locale":"tr_TR","og_type":"article","og_title":"Mala\u00efka Bio \u2013 Bebek kavanoz mamas\u0131 Pirin\u00e7 Domates Tavuk 6 aydan itibaren - hakmarfrance.online","og_description":"Mala\u00efka organik bebek kavanoz mamas\u0131 Pirin\u00e7 Domates Tavuk. 6 aydan itibaren. Dengeli beslenme i\u00e7in yumu\u015fak ve sa\u011fl\u0131kl\u0131 helal tarif.","og_url":"https:\/\/hakmarfrance.online\/tr\/produit\/malaika-bio-bebek-kavanoz-mamasi-pirinc-domates-tavuk-6-aydan-itibaren\/","og_site_name":"hakmarfrance.online","article_publisher":"https:\/\/www.facebook.com\/HakmarFranceSupermarche\/?locale=fr_FR","og_image":[{"width":1000,"height":800,"url":"https:\/\/hakmarfrance.online\/wp-content\/uploads\/2025\/07\/petit-pot-bebe-bio-riz-tomate-poulet-malaika.avif","type":"image\/png"}],"twitter_card":"summary_large_image","schema":{"@context":"https:\/\/schema.org","@graph":[{"@type":"WebPage","@id":"https:\/\/hakmarfrance.online\/tr\/produit\/malaika-bio-bebek-kavanoz-mamasi-pirinc-domates-tavuk-6-aydan-itibaren\/","url":"https:\/\/hakmarfrance.online\/tr\/produit\/malaika-bio-bebek-kavanoz-mamasi-pirinc-domates-tavuk-6-aydan-itibaren\/","name":"Mala\u00efka Bio \u2013 Bebek kavanoz mamas\u0131 Pirin\u00e7 Domates Tavuk 6 aydan itibaren - hakmarfrance.online","isPartOf":{"@id":"https:\/\/hakmarfrance.online\/tr\/#website"},"primaryImageOfPage":{"@id":"https:\/\/hakmarfrance.online\/tr\/produit\/malaika-bio-bebek-kavanoz-mamasi-pirinc-domates-tavuk-6-aydan-itibaren\/#primaryimage"},"image":{"@id":"https:\/\/hakmarfrance.online\/tr\/produit\/malaika-bio-bebek-kavanoz-mamasi-pirinc-domates-tavuk-6-aydan-itibaren\/#primaryimage"},"thumbnailUrl":"https:\/\/hakmarfrance.online\/wp-content\/uploads\/2025\/07\/petit-pot-bebe-bio-riz-tomate-poulet-malaika.avif","datePublished":"2025-07-09T08:44:56+00:00","breadcrumb":{"@id":"https:\/\/hakmarfrance.online\/tr\/produit\/malaika-bio-bebek-kavanoz-mamasi-pirinc-domates-tavuk-6-aydan-itibaren\/#breadcrumb"},"inLanguage":"tr-TR","potentialAction":[{"@type":"ReadAction","target":["https:\/\/hakmarfrance.online\/tr\/produit\/malaika-bio-bebek-kavanoz-mamasi-pirinc-domates-tavuk-6-aydan-itibaren\/"]}]},{"@type":"ImageObject","inLanguage":"tr-TR","@id":"https:\/\/hakmarfrance.online\/tr\/produit\/malaika-bio-bebek-kavanoz-mamasi-pirinc-domates-tavuk-6-aydan-itibaren\/#primaryimage","url":"https:\/\/hakmarfrance.online\/wp-content\/uploads\/2025\/07\/petit-pot-bebe-bio-riz-tomate-poulet-malaika.avif","contentUrl":"https:\/\/hakmarfrance.online\/wp-content\/uploads\/2025\/07\/petit-pot-bebe-bio-riz-tomate-poulet-malaika.avif","width":1000,"height":800,"caption":"Mala\u00efka \u2013 6 aydan itibaren pirin\u00e7, domates ve tavuklu organik bebek \u00f6\u011f\u00fcn\u00fc"},{"@type":"BreadcrumbList","@id":"https:\/\/hakmarfrance.online\/tr\/produit\/malaika-bio-bebek-kavanoz-mamasi-pirinc-domates-tavuk-6-aydan-itibaren\/#breadcrumb","itemListElement":[{"@type":"ListItem","position":1,"name":"Accueil","item":"https:\/\/hakmarfrance.online\/tr\/"},{"@type":"ListItem","position":2,"name":"Ma\u011faza","item":"https:\/\/hakmarfrance.online\/tr\/magaza\/"},{"@type":"ListItem","position":3,"name":"Mala\u00efka Bio \u2013 Bebek kavanoz mamas\u0131 Pirin\u00e7 Domates Tavuk 6 aydan itibaren"}]},{"@type":"WebSite","@id":"https:\/\/hakmarfrance.online\/tr\/#website","url":"https:\/\/hakmarfrance.online\/tr\/","name":"hakmarfrance.online","description":"","publisher":{"@id":"https:\/\/hakmarfrance.online\/tr\/#organization"},"potentialAction":[{"@type":"SearchAction","target":{"@type":"EntryPoint","urlTemplate":"https:\/\/hakmarfrance.online\/tr\/?s={search_term_string}"},"query-input":{"@type":"PropertyValueSpecification","valueRequired":true,"valueName":"search_term_string"}}],"inLanguage":"tr-TR"},{"@type":"Organization","@id":"https:\/\/hakmarfrance.online\/tr\/#organization","name":"hakmarfrance.online","url":"https:\/\/hakmarfrance.online\/tr\/","logo":{"@type":"ImageObject","inLanguage":"tr-TR","@id":"https:\/\/hakmarfrance.online\/tr\/#\/schema\/logo\/image\/","url":"https:\/\/hakmarfrance.online\/wp-content\/uploads\/2025\/06\/logo-hakmarfrance.png","contentUrl":"https:\/\/hakmarfrance.online\/wp-content\/uploads\/2025\/06\/logo-hakmarfrance.png","width":528,"height":232,"caption":"hakmarfrance.online"},"image":{"@id":"https:\/\/hakmarfrance.online\/tr\/#\/schema\/logo\/image\/"},"sameAs":["https:\/\/www.facebook.com\/HakmarFranceSupermarche\/?locale=fr_FR","https:\/\/www.instagram.com\/hakmarfrancesupermarche\/"]}]}},"_links":{"self":[{"href":"https:\/\/hakmarfrance.online\/tr\/wp-json\/wp\/v2\/product\/18231","targetHints":{"allow":["GET"]}}],"collection":[{"href":"https:\/\/hakmarfrance.online\/tr\/wp-json\/wp\/v2\/product"}],"about":[{"href":"https:\/\/hakmarfrance.online\/tr\/wp-json\/wp\/v2\/types\/product"}],"replies":[{"embeddable":true,"href":"https:\/\/hakmarfrance.online\/tr\/wp-json\/wp\/v2\/comments?post=18231"}],"version-history":[{"count":0,"href":"https:\/\/hakmarfrance.online\/tr\/wp-json\/wp\/v2\/product\/18231\/revisions"}],"wp:featuredmedia":[{"embeddable":true,"href":"https:\/\/hakmarfrance.online\/tr\/wp-json\/wp\/v2\/media\/18232"}],"wp:attachment":[{"href":"https:\/\/hakmarfrance.online\/tr\/wp-json\/wp\/v2\/media?parent=18231"}],"wp:term":[{"taxonomy":"product_brand","embeddable":true,"href":"https:\/\/hakmarfrance.online\/tr\/wp-json\/wp\/v2\/product_brand?post=18231"},{"taxonomy":"product_cat","embeddable":true,"href":"https:\/\/hakmarfrance.online\/tr\/wp-json\/wp\/v2\/product_cat?post=18231"},{"taxonomy":"product_tag","embeddable":true,"href":"https:\/\/hakmarfrance.online\/tr\/wp-json\/wp\/v2\/product_tag?post=18231"}],"curies":[{"name":"wp","href":"https:\/\/api.w.org\/{rel}","templated":true}]}}