{"id":18233,"date":"2025-06-19T08:08:13","date_gmt":"2025-06-19T08:08:13","guid":{"rendered":"https:\/\/hakmarfrance.online\/produit\/sohbet-dilimlenmis-tavuk-salami-helal-150-g\/"},"modified":"2025-06-19T08:08:13","modified_gmt":"2025-06-19T08:08:13","slug":"sohbet-dilimlenmis-tavuk-salami-helal-150-g","status":"publish","type":"product","link":"https:\/\/hakmarfrance.online\/tr\/produit\/sohbet-dilimlenmis-tavuk-salami-helal-150-g\/","title":{"rendered":"Sohbet Dilimlenmi\u015f Tavuk Salam\u0131 \u2013 Helal \u2013 150 g"},"content":{"rendered":"","protected":false},"excerpt":{"rendered":"<p data-start=\"298\" data-end=\"495\">Lezzetli bir mola i\u00e7in <strong data-start=\"338\" data-end=\"372\">Sohbet dilimlenmi\u015f tavuk salam\u0131<\/strong>, sandvi\u00e7ler, so\u011fuk tabaklar ya da h\u0131zl\u0131 at\u0131\u015ft\u0131rmal\u0131klar i\u00e7in ideal. Hafif lezzetiyle k\u00fc\u00e7\u00fck b\u00fcy\u00fck herkesin be\u011fenisini kazan\u0131r. <\/p>\n<p data-start=\"497\" data-end=\"638\">\u2714\ufe0f Helal sertifikal\u0131<br data-start=\"527\" data-end=\"530\">\u2714\ufe0f Tavuk etinden \u00fcretilmi\u015ftir<br data-start=\"568\" data-end=\"571\">\u2714\ufe0f \u0130nce dilimli, t\u00fcketime haz\u0131r<br data-start=\"610\" data-end=\"613\">\u2714\ufe0f Pratik boy \u2013 150 g<\/p>\n<p data-start=\"640\" data-end=\"766\">G\u00fcnl\u00fck \u00f6\u011f\u00fcnlerin i\u00e7in basit, h\u0131zl\u0131 ve lezzetli bir \u00e7\u00f6z\u00fcm. Sepetine ekle, t\u00fcm aile keyifle yesin! <\/p>\n","protected":false},"featured_media":18234,"comment_status":"open","ping_status":"closed","template":"","meta":{"iawp_total_views":0},"product_brand":[193],"product_cat":[286,283,227,285,225],"product_tag":[],"class_list":{"0":"post-18233","1":"product","2":"type-product","3":"status-publish","4":"has-post-thumbnail","6":"product_brand-sohbet","7":"product_cat-dogu-marketi","8":"product_cat-et-balik-sarkuteri","9":"product_cat-geleneksel-turk-urunleri","10":"product_cat-sarkuteri-urunleri-sucuk-pastirma","11":"product_cat-tum-urunlerimiz","13":"first","14":"instock","15":"shipping-taxable","16":"purchasable","17":"product-type-simple"},"yoast_head":"<!-- This site is optimized with the Yoast SEO plugin v27.3 - https:\/\/yoast.com\/product\/yoast-seo-wordpress\/ -->\n<title>Sohbet Dilimlenmi\u015f Tavuk Salam\u0131 \u2013 Helal \u2013 150 g - hakmarfrance.online<\/title>\n<meta name=\"robots\" content=\"index, follow, max-snippet:-1, max-image-preview:large, max-video-preview:-1\" \/>\n<link rel=\"canonical\" href=\"https:\/\/hakmarfrance.online\/tr\/produit\/sohbet-dilimlenmis-tavuk-salami-helal-150-g\/\" \/>\n<meta property=\"og:locale\" content=\"tr_TR\" \/>\n<meta property=\"og:type\" content=\"article\" \/>\n<meta property=\"og:title\" content=\"Sohbet Dilimlenmi\u015f Tavuk Salam\u0131 \u2013 Helal \u2013 150 g - hakmarfrance.online\" \/>\n<meta property=\"og:description\" content=\"Lezzetli bir mola i\u00e7in Sohbet dilimlenmi\u015f tavuk salam\u0131, sandvi\u00e7ler, so\u011fuk tabaklar ya da h\u0131zl\u0131 at\u0131\u015ft\u0131rmal\u0131klar i\u00e7in ideal. Hafif lezzetiyle k\u00fc\u00e7\u00fck b\u00fcy\u00fck herkesin be\u011fenisini kazan\u0131r. \u2714\ufe0f Helal sertifikal\u0131\u2714\ufe0f Tavuk etinden \u00fcretilmi\u015ftir\u2714\ufe0f \u0130nce dilimli, t\u00fcketime haz\u0131r\u2714\ufe0f Pratik boy \u2013 150 g G\u00fcnl\u00fck \u00f6\u011f\u00fcnlerin i\u00e7in basit, h\u0131zl\u0131 ve lezzetli bir \u00e7\u00f6z\u00fcm. Sepetine ekle, t\u00fcm aile keyifle yesin!\" \/>\n<meta property=\"og:url\" content=\"https:\/\/hakmarfrance.online\/tr\/produit\/sohbet-dilimlenmis-tavuk-salami-helal-150-g\/\" \/>\n<meta property=\"og:site_name\" content=\"hakmarfrance.online\" \/>\n<meta property=\"article:publisher\" content=\"https:\/\/www.facebook.com\/HakmarFranceSupermarche\/?locale=fr_FR\" \/>\n<meta property=\"og:image\" content=\"https:\/\/hakmarfrance.online\/wp-content\/uploads\/2025\/06\/salam-dinde-tranche-sohbet-poulet-halal.png\" \/>\n\t<meta property=\"og:image:width\" content=\"1000\" \/>\n\t<meta property=\"og:image:height\" content=\"800\" \/>\n\t<meta property=\"og:image:type\" content=\"image\/png\" \/>\n<meta name=\"twitter:card\" content=\"summary_large_image\" \/>\n<script type=\"application\/ld+json\" class=\"yoast-schema-graph\">{\"@context\":\"https:\\\/\\\/schema.org\",\"@graph\":[{\"@type\":\"WebPage\",\"@id\":\"https:\\\/\\\/hakmarfrance.online\\\/tr\\\/produit\\\/sohbet-dilimlenmis-tavuk-salami-helal-150-g\\\/\",\"url\":\"https:\\\/\\\/hakmarfrance.online\\\/tr\\\/produit\\\/sohbet-dilimlenmis-tavuk-salami-helal-150-g\\\/\",\"name\":\"Sohbet Dilimlenmi\u015f Tavuk Salam\u0131 \u2013 Helal \u2013 150 g - hakmarfrance.online\",\"isPartOf\":{\"@id\":\"https:\\\/\\\/hakmarfrance.online\\\/tr\\\/#website\"},\"primaryImageOfPage\":{\"@id\":\"https:\\\/\\\/hakmarfrance.online\\\/tr\\\/produit\\\/sohbet-dilimlenmis-tavuk-salami-helal-150-g\\\/#primaryimage\"},\"image\":{\"@id\":\"https:\\\/\\\/hakmarfrance.online\\\/tr\\\/produit\\\/sohbet-dilimlenmis-tavuk-salami-helal-150-g\\\/#primaryimage\"},\"thumbnailUrl\":\"https:\\\/\\\/hakmarfrance.online\\\/wp-content\\\/uploads\\\/2025\\\/06\\\/salam-dinde-tranche-sohbet-poulet-halal.png\",\"datePublished\":\"2025-06-19T08:08:13+00:00\",\"breadcrumb\":{\"@id\":\"https:\\\/\\\/hakmarfrance.online\\\/tr\\\/produit\\\/sohbet-dilimlenmis-tavuk-salami-helal-150-g\\\/#breadcrumb\"},\"inLanguage\":\"tr-TR\",\"potentialAction\":[{\"@type\":\"ReadAction\",\"target\":[\"https:\\\/\\\/hakmarfrance.online\\\/tr\\\/produit\\\/sohbet-dilimlenmis-tavuk-salami-helal-150-g\\\/\"]}]},{\"@type\":\"ImageObject\",\"inLanguage\":\"tr-TR\",\"@id\":\"https:\\\/\\\/hakmarfrance.online\\\/tr\\\/produit\\\/sohbet-dilimlenmis-tavuk-salami-helal-150-g\\\/#primaryimage\",\"url\":\"https:\\\/\\\/hakmarfrance.online\\\/wp-content\\\/uploads\\\/2025\\\/06\\\/salam-dinde-tranche-sohbet-poulet-halal.png\",\"contentUrl\":\"https:\\\/\\\/hakmarfrance.online\\\/wp-content\\\/uploads\\\/2025\\\/06\\\/salam-dinde-tranche-sohbet-poulet-halal.png\",\"width\":1000,\"height\":800},{\"@type\":\"BreadcrumbList\",\"@id\":\"https:\\\/\\\/hakmarfrance.online\\\/tr\\\/produit\\\/sohbet-dilimlenmis-tavuk-salami-helal-150-g\\\/#breadcrumb\",\"itemListElement\":[{\"@type\":\"ListItem\",\"position\":1,\"name\":\"Accueil\",\"item\":\"https:\\\/\\\/hakmarfrance.online\\\/tr\\\/\"},{\"@type\":\"ListItem\",\"position\":2,\"name\":\"Ma\u011faza\",\"item\":\"https:\\\/\\\/hakmarfrance.online\\\/tr\\\/magaza\\\/\"},{\"@type\":\"ListItem\",\"position\":3,\"name\":\"Sohbet Dilimlenmi\u015f Tavuk Salam\u0131 \u2013 Helal \u2013 150 g\"}]},{\"@type\":\"WebSite\",\"@id\":\"https:\\\/\\\/hakmarfrance.online\\\/tr\\\/#website\",\"url\":\"https:\\\/\\\/hakmarfrance.online\\\/tr\\\/\",\"name\":\"hakmarfrance.online\",\"description\":\"\",\"publisher\":{\"@id\":\"https:\\\/\\\/hakmarfrance.online\\\/tr\\\/#organization\"},\"potentialAction\":[{\"@type\":\"SearchAction\",\"target\":{\"@type\":\"EntryPoint\",\"urlTemplate\":\"https:\\\/\\\/hakmarfrance.online\\\/tr\\\/?s={search_term_string}\"},\"query-input\":{\"@type\":\"PropertyValueSpecification\",\"valueRequired\":true,\"valueName\":\"search_term_string\"}}],\"inLanguage\":\"tr-TR\"},{\"@type\":\"Organization\",\"@id\":\"https:\\\/\\\/hakmarfrance.online\\\/tr\\\/#organization\",\"name\":\"hakmarfrance.online\",\"url\":\"https:\\\/\\\/hakmarfrance.online\\\/tr\\\/\",\"logo\":{\"@type\":\"ImageObject\",\"inLanguage\":\"tr-TR\",\"@id\":\"https:\\\/\\\/hakmarfrance.online\\\/tr\\\/#\\\/schema\\\/logo\\\/image\\\/\",\"url\":\"https:\\\/\\\/hakmarfrance.online\\\/wp-content\\\/uploads\\\/2025\\\/06\\\/logo-hakmarfrance.png\",\"contentUrl\":\"https:\\\/\\\/hakmarfrance.online\\\/wp-content\\\/uploads\\\/2025\\\/06\\\/logo-hakmarfrance.png\",\"width\":528,\"height\":232,\"caption\":\"hakmarfrance.online\"},\"image\":{\"@id\":\"https:\\\/\\\/hakmarfrance.online\\\/tr\\\/#\\\/schema\\\/logo\\\/image\\\/\"},\"sameAs\":[\"https:\\\/\\\/www.facebook.com\\\/HakmarFranceSupermarche\\\/?locale=fr_FR\",\"https:\\\/\\\/www.instagram.com\\\/hakmarfrancesupermarche\\\/\"]}]}<\/script>\n<!-- \/ Yoast SEO plugin. -->","yoast_head_json":{"title":"Sohbet Dilimlenmi\u015f Tavuk Salam\u0131 \u2013 Helal \u2013 150 g - hakmarfrance.online","robots":{"index":"index","follow":"follow","max-snippet":"max-snippet:-1","max-image-preview":"max-image-preview:large","max-video-preview":"max-video-preview:-1"},"canonical":"https:\/\/hakmarfrance.online\/tr\/produit\/sohbet-dilimlenmis-tavuk-salami-helal-150-g\/","og_locale":"tr_TR","og_type":"article","og_title":"Sohbet Dilimlenmi\u015f Tavuk Salam\u0131 \u2013 Helal \u2013 150 g - hakmarfrance.online","og_description":"Lezzetli bir mola i\u00e7in Sohbet dilimlenmi\u015f tavuk salam\u0131, sandvi\u00e7ler, so\u011fuk tabaklar ya da h\u0131zl\u0131 at\u0131\u015ft\u0131rmal\u0131klar i\u00e7in ideal. Hafif lezzetiyle k\u00fc\u00e7\u00fck b\u00fcy\u00fck herkesin be\u011fenisini kazan\u0131r. \u2714\ufe0f Helal sertifikal\u0131\u2714\ufe0f Tavuk etinden \u00fcretilmi\u015ftir\u2714\ufe0f \u0130nce dilimli, t\u00fcketime haz\u0131r\u2714\ufe0f Pratik boy \u2013 150 g G\u00fcnl\u00fck \u00f6\u011f\u00fcnlerin i\u00e7in basit, h\u0131zl\u0131 ve lezzetli bir \u00e7\u00f6z\u00fcm. Sepetine ekle, t\u00fcm aile keyifle yesin!","og_url":"https:\/\/hakmarfrance.online\/tr\/produit\/sohbet-dilimlenmis-tavuk-salami-helal-150-g\/","og_site_name":"hakmarfrance.online","article_publisher":"https:\/\/www.facebook.com\/HakmarFranceSupermarche\/?locale=fr_FR","og_image":[{"width":1000,"height":800,"url":"https:\/\/hakmarfrance.online\/wp-content\/uploads\/2025\/06\/salam-dinde-tranche-sohbet-poulet-halal.png","type":"image\/png"}],"twitter_card":"summary_large_image","schema":{"@context":"https:\/\/schema.org","@graph":[{"@type":"WebPage","@id":"https:\/\/hakmarfrance.online\/tr\/produit\/sohbet-dilimlenmis-tavuk-salami-helal-150-g\/","url":"https:\/\/hakmarfrance.online\/tr\/produit\/sohbet-dilimlenmis-tavuk-salami-helal-150-g\/","name":"Sohbet Dilimlenmi\u015f Tavuk Salam\u0131 \u2013 Helal \u2013 150 g - hakmarfrance.online","isPartOf":{"@id":"https:\/\/hakmarfrance.online\/tr\/#website"},"primaryImageOfPage":{"@id":"https:\/\/hakmarfrance.online\/tr\/produit\/sohbet-dilimlenmis-tavuk-salami-helal-150-g\/#primaryimage"},"image":{"@id":"https:\/\/hakmarfrance.online\/tr\/produit\/sohbet-dilimlenmis-tavuk-salami-helal-150-g\/#primaryimage"},"thumbnailUrl":"https:\/\/hakmarfrance.online\/wp-content\/uploads\/2025\/06\/salam-dinde-tranche-sohbet-poulet-halal.png","datePublished":"2025-06-19T08:08:13+00:00","breadcrumb":{"@id":"https:\/\/hakmarfrance.online\/tr\/produit\/sohbet-dilimlenmis-tavuk-salami-helal-150-g\/#breadcrumb"},"inLanguage":"tr-TR","potentialAction":[{"@type":"ReadAction","target":["https:\/\/hakmarfrance.online\/tr\/produit\/sohbet-dilimlenmis-tavuk-salami-helal-150-g\/"]}]},{"@type":"ImageObject","inLanguage":"tr-TR","@id":"https:\/\/hakmarfrance.online\/tr\/produit\/sohbet-dilimlenmis-tavuk-salami-helal-150-g\/#primaryimage","url":"https:\/\/hakmarfrance.online\/wp-content\/uploads\/2025\/06\/salam-dinde-tranche-sohbet-poulet-halal.png","contentUrl":"https:\/\/hakmarfrance.online\/wp-content\/uploads\/2025\/06\/salam-dinde-tranche-sohbet-poulet-halal.png","width":1000,"height":800},{"@type":"BreadcrumbList","@id":"https:\/\/hakmarfrance.online\/tr\/produit\/sohbet-dilimlenmis-tavuk-salami-helal-150-g\/#breadcrumb","itemListElement":[{"@type":"ListItem","position":1,"name":"Accueil","item":"https:\/\/hakmarfrance.online\/tr\/"},{"@type":"ListItem","position":2,"name":"Ma\u011faza","item":"https:\/\/hakmarfrance.online\/tr\/magaza\/"},{"@type":"ListItem","position":3,"name":"Sohbet Dilimlenmi\u015f Tavuk Salam\u0131 \u2013 Helal \u2013 150 g"}]},{"@type":"WebSite","@id":"https:\/\/hakmarfrance.online\/tr\/#website","url":"https:\/\/hakmarfrance.online\/tr\/","name":"hakmarfrance.online","description":"","publisher":{"@id":"https:\/\/hakmarfrance.online\/tr\/#organization"},"potentialAction":[{"@type":"SearchAction","target":{"@type":"EntryPoint","urlTemplate":"https:\/\/hakmarfrance.online\/tr\/?s={search_term_string}"},"query-input":{"@type":"PropertyValueSpecification","valueRequired":true,"valueName":"search_term_string"}}],"inLanguage":"tr-TR"},{"@type":"Organization","@id":"https:\/\/hakmarfrance.online\/tr\/#organization","name":"hakmarfrance.online","url":"https:\/\/hakmarfrance.online\/tr\/","logo":{"@type":"ImageObject","inLanguage":"tr-TR","@id":"https:\/\/hakmarfrance.online\/tr\/#\/schema\/logo\/image\/","url":"https:\/\/hakmarfrance.online\/wp-content\/uploads\/2025\/06\/logo-hakmarfrance.png","contentUrl":"https:\/\/hakmarfrance.online\/wp-content\/uploads\/2025\/06\/logo-hakmarfrance.png","width":528,"height":232,"caption":"hakmarfrance.online"},"image":{"@id":"https:\/\/hakmarfrance.online\/tr\/#\/schema\/logo\/image\/"},"sameAs":["https:\/\/www.facebook.com\/HakmarFranceSupermarche\/?locale=fr_FR","https:\/\/www.instagram.com\/hakmarfrancesupermarche\/"]}]}},"_links":{"self":[{"href":"https:\/\/hakmarfrance.online\/tr\/wp-json\/wp\/v2\/product\/18233","targetHints":{"allow":["GET"]}}],"collection":[{"href":"https:\/\/hakmarfrance.online\/tr\/wp-json\/wp\/v2\/product"}],"about":[{"href":"https:\/\/hakmarfrance.online\/tr\/wp-json\/wp\/v2\/types\/product"}],"replies":[{"embeddable":true,"href":"https:\/\/hakmarfrance.online\/tr\/wp-json\/wp\/v2\/comments?post=18233"}],"version-history":[{"count":0,"href":"https:\/\/hakmarfrance.online\/tr\/wp-json\/wp\/v2\/product\/18233\/revisions"}],"wp:featuredmedia":[{"embeddable":true,"href":"https:\/\/hakmarfrance.online\/tr\/wp-json\/wp\/v2\/media\/18234"}],"wp:attachment":[{"href":"https:\/\/hakmarfrance.online\/tr\/wp-json\/wp\/v2\/media?parent=18233"}],"wp:term":[{"taxonomy":"product_brand","embeddable":true,"href":"https:\/\/hakmarfrance.online\/tr\/wp-json\/wp\/v2\/product_brand?post=18233"},{"taxonomy":"product_cat","embeddable":true,"href":"https:\/\/hakmarfrance.online\/tr\/wp-json\/wp\/v2\/product_cat?post=18233"},{"taxonomy":"product_tag","embeddable":true,"href":"https:\/\/hakmarfrance.online\/tr\/wp-json\/wp\/v2\/product_tag?post=18233"}],"curies":[{"name":"wp","href":"https:\/\/api.w.org\/{rel}","templated":true}]}}