{"id":18235,"date":"2025-07-09T08:38:47","date_gmt":"2025-07-09T08:38:47","guid":{"rendered":"https:\/\/hakmarfrance.online\/produit\/creme-caramel-natura-farsitura-karamell\/"},"modified":"2025-07-09T08:38:47","modified_gmt":"2025-07-09T08:38:47","slug":"creme-caramel-natura-farsitura-karamell","status":"publish","type":"product","link":"https:\/\/hakmarfrance.online\/tr\/produit\/creme-caramel-natura-farsitura-karamell\/","title":{"rendered":"creme-caramel-natura-farsitura-karamell."},"content":{"rendered":"<p data-start=\"272\" data-end=\"629\"><strong data-start=\"387\" data-end=\"430\">NATURA Farsitura Karamell krem karamel<\/strong> ile tatl\u0131lar\u0131n\u0131za lezzetli bir dokunu\u015f kat\u0131n. Kremsi dokusu ve yo\u011fun tad\u0131, tatl\u0131lar\u0131n\u0131z\u0131 doldurmak, kaplamak veya s\u00fcslemek i\u00e7in m\u00fckemmel bir malzeme yapar. \u00d6zenle haz\u0131rlanm\u0131\u015f bu karamel kremi, tatl\u0131 severlerin vazge\u00e7ilmezidir.  <\/p>\n<p data-start=\"631\" data-end=\"667\">\u2705 <strong data-start=\"633\" data-end=\"667\">Ana \u00f6zellikler:<\/strong><\/p>\n<ul data-start=\"668\" data-end=\"864\">\n<li data-start=\"668\" data-end=\"700\">\n<p data-start=\"670\" data-end=\"700\">Kullan\u0131ma haz\u0131r krem karamel<\/p>\n<\/li>\n<li data-start=\"701\" data-end=\"730\">\n<p data-start=\"703\" data-end=\"730\">Yo\u011fun ve eriyen doku<\/p>\n<\/li>\n<li data-start=\"731\" data-end=\"751\">\n<p data-start=\"733\" data-end=\"751\">%100 tat garantisi<\/p>\n<\/li>\n<li data-start=\"752\" data-end=\"800\">\n<p data-start=\"754\" data-end=\"800\">Pastalar, kekler, hamur i\u015fleri i\u00e7in ideal<\/p>\n<\/li>\n<li data-start=\"801\" data-end=\"842\">\n<p data-start=\"803\" data-end=\"842\">Tazelik g\u00fcvenli\u011fi sa\u011flayan tekrar kapat\u0131labilir kova<\/p>\n<\/li>\n<li data-start=\"843\" data-end=\"864\">\n<p data-start=\"845\" data-end=\"864\">Natura taraf\u0131ndan \u00fcretilmi\u015ftir<\/p>\n<\/li>\n<\/ul>\n","protected":false},"excerpt":{"rendered":"<p>NATURA Farsitura Karamell krem karamel \u2013 Tatl\u0131lar\u0131n\u0131za tatl\u0131 ve lezzetli bir dokunu\u015f katmak i\u00e7in.<\/p>\n","protected":false},"featured_media":18236,"comment_status":"open","ping_status":"closed","template":"","meta":{"iawp_total_views":0},"product_brand":[],"product_cat":[290,225,288],"product_tag":[],"class_list":{"0":"post-18235","1":"product","2":"type-product","3":"status-publish","4":"has-post-thumbnail","6":"product_cat-tatli-market-urunleri","7":"product_cat-tum-urunlerimiz","8":"product_cat-tuzlu-gidalar","10":"first","11":"instock","12":"shipping-taxable","13":"purchasable","14":"product-type-simple"},"yoast_head":"<!-- This site is optimized with the Yoast SEO plugin v27.3 - https:\/\/yoast.com\/product\/yoast-seo-wordpress\/ -->\n<title>creme-caramel-natura-farsitura-karamell. - hakmarfrance.online<\/title>\n<meta name=\"robots\" content=\"index, follow, max-snippet:-1, max-image-preview:large, max-video-preview:-1\" \/>\n<link rel=\"canonical\" href=\"https:\/\/hakmarfrance.online\/tr\/produit\/creme-caramel-natura-farsitura-karamell\/\" \/>\n<meta property=\"og:locale\" content=\"tr_TR\" \/>\n<meta property=\"og:type\" content=\"article\" \/>\n<meta property=\"og:title\" content=\"creme-caramel-natura-farsitura-karamell. - hakmarfrance.online\" \/>\n<meta property=\"og:description\" content=\"NATURA Farsitura Karamell krem karamel \u2013 Tatl\u0131lar\u0131n\u0131za tatl\u0131 ve lezzetli bir dokunu\u015f katmak i\u00e7in.\" \/>\n<meta property=\"og:url\" content=\"https:\/\/hakmarfrance.online\/tr\/produit\/creme-caramel-natura-farsitura-karamell\/\" \/>\n<meta property=\"og:site_name\" content=\"hakmarfrance.online\" \/>\n<meta property=\"article:publisher\" content=\"https:\/\/www.facebook.com\/HakmarFranceSupermarche\/?locale=fr_FR\" \/>\n<meta property=\"og:image\" content=\"https:\/\/hakmarfrance.online\/wp-content\/uploads\/2025\/07\/creme-caramel-natura-farsitura-karamell.avif\" \/>\n\t<meta property=\"og:image:width\" content=\"1000\" \/>\n\t<meta property=\"og:image:height\" content=\"800\" \/>\n\t<meta property=\"og:image:type\" content=\"image\/png\" \/>\n<meta name=\"twitter:card\" content=\"summary_large_image\" \/>\n<script type=\"application\/ld+json\" class=\"yoast-schema-graph\">{\"@context\":\"https:\\\/\\\/schema.org\",\"@graph\":[{\"@type\":\"WebPage\",\"@id\":\"https:\\\/\\\/hakmarfrance.online\\\/tr\\\/produit\\\/creme-caramel-natura-farsitura-karamell\\\/\",\"url\":\"https:\\\/\\\/hakmarfrance.online\\\/tr\\\/produit\\\/creme-caramel-natura-farsitura-karamell\\\/\",\"name\":\"creme-caramel-natura-farsitura-karamell. - hakmarfrance.online\",\"isPartOf\":{\"@id\":\"https:\\\/\\\/hakmarfrance.online\\\/tr\\\/#website\"},\"primaryImageOfPage\":{\"@id\":\"https:\\\/\\\/hakmarfrance.online\\\/tr\\\/produit\\\/creme-caramel-natura-farsitura-karamell\\\/#primaryimage\"},\"image\":{\"@id\":\"https:\\\/\\\/hakmarfrance.online\\\/tr\\\/produit\\\/creme-caramel-natura-farsitura-karamell\\\/#primaryimage\"},\"thumbnailUrl\":\"https:\\\/\\\/hakmarfrance.online\\\/wp-content\\\/uploads\\\/2025\\\/07\\\/creme-caramel-natura-farsitura-karamell.avif\",\"datePublished\":\"2025-07-09T08:38:47+00:00\",\"breadcrumb\":{\"@id\":\"https:\\\/\\\/hakmarfrance.online\\\/tr\\\/produit\\\/creme-caramel-natura-farsitura-karamell\\\/#breadcrumb\"},\"inLanguage\":\"tr-TR\",\"potentialAction\":[{\"@type\":\"ReadAction\",\"target\":[\"https:\\\/\\\/hakmarfrance.online\\\/tr\\\/produit\\\/creme-caramel-natura-farsitura-karamell\\\/\"]}]},{\"@type\":\"ImageObject\",\"inLanguage\":\"tr-TR\",\"@id\":\"https:\\\/\\\/hakmarfrance.online\\\/tr\\\/produit\\\/creme-caramel-natura-farsitura-karamell\\\/#primaryimage\",\"url\":\"https:\\\/\\\/hakmarfrance.online\\\/wp-content\\\/uploads\\\/2025\\\/07\\\/creme-caramel-natura-farsitura-karamell.avif\",\"contentUrl\":\"https:\\\/\\\/hakmarfrance.online\\\/wp-content\\\/uploads\\\/2025\\\/07\\\/creme-caramel-natura-farsitura-karamell.avif\",\"width\":1000,\"height\":800,\"caption\":\"NATURA krem karamel \u2013 Farsitura Karamell %100 tat ile pasta dolgusu i\u00e7in\"},{\"@type\":\"BreadcrumbList\",\"@id\":\"https:\\\/\\\/hakmarfrance.online\\\/tr\\\/produit\\\/creme-caramel-natura-farsitura-karamell\\\/#breadcrumb\",\"itemListElement\":[{\"@type\":\"ListItem\",\"position\":1,\"name\":\"Accueil\",\"item\":\"https:\\\/\\\/hakmarfrance.online\\\/tr\\\/\"},{\"@type\":\"ListItem\",\"position\":2,\"name\":\"Ma\u011faza\",\"item\":\"https:\\\/\\\/hakmarfrance.online\\\/tr\\\/magaza\\\/\"},{\"@type\":\"ListItem\",\"position\":3,\"name\":\"creme-caramel-natura-farsitura-karamell.\"}]},{\"@type\":\"WebSite\",\"@id\":\"https:\\\/\\\/hakmarfrance.online\\\/tr\\\/#website\",\"url\":\"https:\\\/\\\/hakmarfrance.online\\\/tr\\\/\",\"name\":\"hakmarfrance.online\",\"description\":\"\",\"publisher\":{\"@id\":\"https:\\\/\\\/hakmarfrance.online\\\/tr\\\/#organization\"},\"potentialAction\":[{\"@type\":\"SearchAction\",\"target\":{\"@type\":\"EntryPoint\",\"urlTemplate\":\"https:\\\/\\\/hakmarfrance.online\\\/tr\\\/?s={search_term_string}\"},\"query-input\":{\"@type\":\"PropertyValueSpecification\",\"valueRequired\":true,\"valueName\":\"search_term_string\"}}],\"inLanguage\":\"tr-TR\"},{\"@type\":\"Organization\",\"@id\":\"https:\\\/\\\/hakmarfrance.online\\\/tr\\\/#organization\",\"name\":\"hakmarfrance.online\",\"url\":\"https:\\\/\\\/hakmarfrance.online\\\/tr\\\/\",\"logo\":{\"@type\":\"ImageObject\",\"inLanguage\":\"tr-TR\",\"@id\":\"https:\\\/\\\/hakmarfrance.online\\\/tr\\\/#\\\/schema\\\/logo\\\/image\\\/\",\"url\":\"https:\\\/\\\/hakmarfrance.online\\\/wp-content\\\/uploads\\\/2025\\\/06\\\/logo-hakmarfrance.png\",\"contentUrl\":\"https:\\\/\\\/hakmarfrance.online\\\/wp-content\\\/uploads\\\/2025\\\/06\\\/logo-hakmarfrance.png\",\"width\":528,\"height\":232,\"caption\":\"hakmarfrance.online\"},\"image\":{\"@id\":\"https:\\\/\\\/hakmarfrance.online\\\/tr\\\/#\\\/schema\\\/logo\\\/image\\\/\"},\"sameAs\":[\"https:\\\/\\\/www.facebook.com\\\/HakmarFranceSupermarche\\\/?locale=fr_FR\",\"https:\\\/\\\/www.instagram.com\\\/hakmarfrancesupermarche\\\/\"]}]}<\/script>\n<!-- \/ Yoast SEO plugin. -->","yoast_head_json":{"title":"creme-caramel-natura-farsitura-karamell. - hakmarfrance.online","robots":{"index":"index","follow":"follow","max-snippet":"max-snippet:-1","max-image-preview":"max-image-preview:large","max-video-preview":"max-video-preview:-1"},"canonical":"https:\/\/hakmarfrance.online\/tr\/produit\/creme-caramel-natura-farsitura-karamell\/","og_locale":"tr_TR","og_type":"article","og_title":"creme-caramel-natura-farsitura-karamell. - hakmarfrance.online","og_description":"NATURA Farsitura Karamell krem karamel \u2013 Tatl\u0131lar\u0131n\u0131za tatl\u0131 ve lezzetli bir dokunu\u015f katmak i\u00e7in.","og_url":"https:\/\/hakmarfrance.online\/tr\/produit\/creme-caramel-natura-farsitura-karamell\/","og_site_name":"hakmarfrance.online","article_publisher":"https:\/\/www.facebook.com\/HakmarFranceSupermarche\/?locale=fr_FR","og_image":[{"width":1000,"height":800,"url":"https:\/\/hakmarfrance.online\/wp-content\/uploads\/2025\/07\/creme-caramel-natura-farsitura-karamell.avif","type":"image\/png"}],"twitter_card":"summary_large_image","schema":{"@context":"https:\/\/schema.org","@graph":[{"@type":"WebPage","@id":"https:\/\/hakmarfrance.online\/tr\/produit\/creme-caramel-natura-farsitura-karamell\/","url":"https:\/\/hakmarfrance.online\/tr\/produit\/creme-caramel-natura-farsitura-karamell\/","name":"creme-caramel-natura-farsitura-karamell. - hakmarfrance.online","isPartOf":{"@id":"https:\/\/hakmarfrance.online\/tr\/#website"},"primaryImageOfPage":{"@id":"https:\/\/hakmarfrance.online\/tr\/produit\/creme-caramel-natura-farsitura-karamell\/#primaryimage"},"image":{"@id":"https:\/\/hakmarfrance.online\/tr\/produit\/creme-caramel-natura-farsitura-karamell\/#primaryimage"},"thumbnailUrl":"https:\/\/hakmarfrance.online\/wp-content\/uploads\/2025\/07\/creme-caramel-natura-farsitura-karamell.avif","datePublished":"2025-07-09T08:38:47+00:00","breadcrumb":{"@id":"https:\/\/hakmarfrance.online\/tr\/produit\/creme-caramel-natura-farsitura-karamell\/#breadcrumb"},"inLanguage":"tr-TR","potentialAction":[{"@type":"ReadAction","target":["https:\/\/hakmarfrance.online\/tr\/produit\/creme-caramel-natura-farsitura-karamell\/"]}]},{"@type":"ImageObject","inLanguage":"tr-TR","@id":"https:\/\/hakmarfrance.online\/tr\/produit\/creme-caramel-natura-farsitura-karamell\/#primaryimage","url":"https:\/\/hakmarfrance.online\/wp-content\/uploads\/2025\/07\/creme-caramel-natura-farsitura-karamell.avif","contentUrl":"https:\/\/hakmarfrance.online\/wp-content\/uploads\/2025\/07\/creme-caramel-natura-farsitura-karamell.avif","width":1000,"height":800,"caption":"NATURA krem karamel \u2013 Farsitura Karamell %100 tat ile pasta dolgusu i\u00e7in"},{"@type":"BreadcrumbList","@id":"https:\/\/hakmarfrance.online\/tr\/produit\/creme-caramel-natura-farsitura-karamell\/#breadcrumb","itemListElement":[{"@type":"ListItem","position":1,"name":"Accueil","item":"https:\/\/hakmarfrance.online\/tr\/"},{"@type":"ListItem","position":2,"name":"Ma\u011faza","item":"https:\/\/hakmarfrance.online\/tr\/magaza\/"},{"@type":"ListItem","position":3,"name":"creme-caramel-natura-farsitura-karamell."}]},{"@type":"WebSite","@id":"https:\/\/hakmarfrance.online\/tr\/#website","url":"https:\/\/hakmarfrance.online\/tr\/","name":"hakmarfrance.online","description":"","publisher":{"@id":"https:\/\/hakmarfrance.online\/tr\/#organization"},"potentialAction":[{"@type":"SearchAction","target":{"@type":"EntryPoint","urlTemplate":"https:\/\/hakmarfrance.online\/tr\/?s={search_term_string}"},"query-input":{"@type":"PropertyValueSpecification","valueRequired":true,"valueName":"search_term_string"}}],"inLanguage":"tr-TR"},{"@type":"Organization","@id":"https:\/\/hakmarfrance.online\/tr\/#organization","name":"hakmarfrance.online","url":"https:\/\/hakmarfrance.online\/tr\/","logo":{"@type":"ImageObject","inLanguage":"tr-TR","@id":"https:\/\/hakmarfrance.online\/tr\/#\/schema\/logo\/image\/","url":"https:\/\/hakmarfrance.online\/wp-content\/uploads\/2025\/06\/logo-hakmarfrance.png","contentUrl":"https:\/\/hakmarfrance.online\/wp-content\/uploads\/2025\/06\/logo-hakmarfrance.png","width":528,"height":232,"caption":"hakmarfrance.online"},"image":{"@id":"https:\/\/hakmarfrance.online\/tr\/#\/schema\/logo\/image\/"},"sameAs":["https:\/\/www.facebook.com\/HakmarFranceSupermarche\/?locale=fr_FR","https:\/\/www.instagram.com\/hakmarfrancesupermarche\/"]}]}},"_links":{"self":[{"href":"https:\/\/hakmarfrance.online\/tr\/wp-json\/wp\/v2\/product\/18235","targetHints":{"allow":["GET"]}}],"collection":[{"href":"https:\/\/hakmarfrance.online\/tr\/wp-json\/wp\/v2\/product"}],"about":[{"href":"https:\/\/hakmarfrance.online\/tr\/wp-json\/wp\/v2\/types\/product"}],"replies":[{"embeddable":true,"href":"https:\/\/hakmarfrance.online\/tr\/wp-json\/wp\/v2\/comments?post=18235"}],"version-history":[{"count":0,"href":"https:\/\/hakmarfrance.online\/tr\/wp-json\/wp\/v2\/product\/18235\/revisions"}],"wp:featuredmedia":[{"embeddable":true,"href":"https:\/\/hakmarfrance.online\/tr\/wp-json\/wp\/v2\/media\/18236"}],"wp:attachment":[{"href":"https:\/\/hakmarfrance.online\/tr\/wp-json\/wp\/v2\/media?parent=18235"}],"wp:term":[{"taxonomy":"product_brand","embeddable":true,"href":"https:\/\/hakmarfrance.online\/tr\/wp-json\/wp\/v2\/product_brand?post=18235"},{"taxonomy":"product_cat","embeddable":true,"href":"https:\/\/hakmarfrance.online\/tr\/wp-json\/wp\/v2\/product_cat?post=18235"},{"taxonomy":"product_tag","embeddable":true,"href":"https:\/\/hakmarfrance.online\/tr\/wp-json\/wp\/v2\/product_tag?post=18235"}],"curies":[{"name":"wp","href":"https:\/\/api.w.org\/{rel}","templated":true}]}}