{"id":18241,"date":"2025-07-09T08:35:26","date_gmt":"2025-07-09T08:35:26","guid":{"rendered":"https:\/\/hakmarfrance.online\/produit\/kizilay-mango-ananas-icecek-paketi\/"},"modified":"2025-07-09T08:35:26","modified_gmt":"2025-07-09T08:35:26","slug":"kizilay-mango-ananas-icecek-paketi","status":"publish","type":"product","link":"https:\/\/hakmarfrance.online\/tr\/produit\/kizilay-mango-ananas-icecek-paketi\/","title":{"rendered":"kizilay-mango-ananas-icecek-paketi"},"content":{"rendered":"<p data-start=\"275\" data-end=\"646\"><strong data-start=\"362\" data-end=\"404\">KIZILAY mango-ananas i\u00e7ecek paketi<\/strong> ile egzotik lezzetlerin tad\u0131n\u0131 \u00e7\u0131kar\u0131n. Enerji depolamak i\u00e7in <strong data-start=\"453\" data-end=\"467\">C vitamini<\/strong> ile zenginle\u015ftirilmi\u015f, ferahlat\u0131c\u0131 meyveli bir kar\u0131\u015f\u0131m. G\u00fcn\u00fcn her saatinde, b\u00fcy\u00fck k\u00fc\u00e7\u00fck herkes i\u00e7in ideal bir i\u00e7ecek, so\u011fuk olarak keyifle i\u00e7in! 6 x 200 ml pratik formatta, her yere g\u00f6t\u00fcr\u00fclebilir.  <\/p>\n<p data-start=\"648\" data-end=\"684\">\u2705 <strong data-start=\"650\" data-end=\"684\">Ana \u00f6zellikler:<\/strong><\/p>\n<ul data-start=\"685\" data-end=\"939\">\n<li data-start=\"685\" data-end=\"723\">\n<p data-start=\"687\" data-end=\"723\">Mango-ananas aromal\u0131 gazl\u0131 i\u00e7ecek<\/p>\n<\/li>\n<li data-start=\"724\" data-end=\"748\">\n<p data-start=\"726\" data-end=\"748\">C vitamini ile zenginle\u015ftirilmi\u015f<\/p>\n<\/li>\n<li data-start=\"749\" data-end=\"791\">\n<p data-start=\"751\" data-end=\"791\">Aile boyu: 6 adet 200 ml&#8217;lik \u015fi\u015fe<\/p>\n<\/li>\n<li data-start=\"792\" data-end=\"818\">\n<p data-start=\"794\" data-end=\"818\">Yapay renklendirici i\u00e7ermez<\/p>\n<\/li>\n<li data-start=\"819\" data-end=\"869\">\n<p data-start=\"821\" data-end=\"869\">Yemeklere e\u015flik etmek veya at\u0131\u015ft\u0131rmal\u0131k olarak ideal<\/p>\n<\/li>\n<li data-start=\"870\" data-end=\"939\">\n<p data-start=\"872\" data-end=\"939\">Do\u011fal maden sular\u0131 ile tan\u0131nan KIZILAY taraf\u0131ndan \u00fcretilmi\u015ftir<\/p>\n<\/li>\n<\/ul>\n","protected":false},"excerpt":{"rendered":"<p><strong data-start=\"1371\" data-end=\"1404\">KIZILAY mango-ananas 6x200ml<\/strong>, t\u00fcm aile i\u00e7in ideal, ferahlat\u0131c\u0131 ve vitaminli, g\u00fczel tropik tada sahip bir i\u00e7ecek.<\/p>\n","protected":false},"featured_media":18242,"comment_status":"open","ping_status":"closed","template":"","meta":{"iawp_total_views":0},"product_brand":[],"product_cat":[228,229,225],"product_tag":[],"class_list":{"0":"post-18241","1":"product","2":"type-product","3":"status-publish","4":"has-post-thumbnail","6":"product_cat-icecekler","7":"product_cat-soguk-icecek","8":"product_cat-tum-urunlerimiz","10":"first","11":"instock","12":"shipping-taxable","13":"purchasable","14":"product-type-simple"},"yoast_head":"<!-- This site is optimized with the Yoast SEO plugin v27.3 - https:\/\/yoast.com\/product\/yoast-seo-wordpress\/ -->\n<title>kizilay-mango-ananas-icecek-paketi - hakmarfrance.online<\/title>\n<meta name=\"robots\" content=\"index, follow, max-snippet:-1, max-image-preview:large, max-video-preview:-1\" \/>\n<link rel=\"canonical\" href=\"https:\/\/hakmarfrance.online\/tr\/produit\/kizilay-mango-ananas-icecek-paketi\/\" \/>\n<meta property=\"og:locale\" content=\"tr_TR\" \/>\n<meta property=\"og:type\" content=\"article\" \/>\n<meta property=\"og:title\" content=\"kizilay-mango-ananas-icecek-paketi - hakmarfrance.online\" \/>\n<meta property=\"og:description\" content=\"KIZILAY mango-ananas 6x200ml, t\u00fcm aile i\u00e7in ideal, ferahlat\u0131c\u0131 ve vitaminli, g\u00fczel tropik tada sahip bir i\u00e7ecek.\" \/>\n<meta property=\"og:url\" content=\"https:\/\/hakmarfrance.online\/tr\/produit\/kizilay-mango-ananas-icecek-paketi\/\" \/>\n<meta property=\"og:site_name\" content=\"hakmarfrance.online\" \/>\n<meta property=\"article:publisher\" content=\"https:\/\/www.facebook.com\/HakmarFranceSupermarche\/?locale=fr_FR\" \/>\n<meta property=\"og:image\" content=\"https:\/\/hakmarfrance.online\/wp-content\/uploads\/2025\/07\/pack-boisson-kizilay-mangue-ananas.avif\" \/>\n\t<meta property=\"og:image:width\" content=\"1000\" \/>\n\t<meta property=\"og:image:height\" content=\"800\" \/>\n\t<meta property=\"og:image:type\" content=\"image\/png\" \/>\n<meta name=\"twitter:card\" content=\"summary_large_image\" \/>\n<meta name=\"twitter:label1\" content=\"Tahmini okuma s\u00fcresi\" \/>\n\t<meta name=\"twitter:data1\" content=\"1 minute\" \/>\n<script type=\"application\/ld+json\" class=\"yoast-schema-graph\">{\"@context\":\"https:\\\/\\\/schema.org\",\"@graph\":[{\"@type\":\"WebPage\",\"@id\":\"https:\\\/\\\/hakmarfrance.online\\\/tr\\\/produit\\\/kizilay-mango-ananas-icecek-paketi\\\/\",\"url\":\"https:\\\/\\\/hakmarfrance.online\\\/tr\\\/produit\\\/kizilay-mango-ananas-icecek-paketi\\\/\",\"name\":\"kizilay-mango-ananas-icecek-paketi - hakmarfrance.online\",\"isPartOf\":{\"@id\":\"https:\\\/\\\/hakmarfrance.online\\\/tr\\\/#website\"},\"primaryImageOfPage\":{\"@id\":\"https:\\\/\\\/hakmarfrance.online\\\/tr\\\/produit\\\/kizilay-mango-ananas-icecek-paketi\\\/#primaryimage\"},\"image\":{\"@id\":\"https:\\\/\\\/hakmarfrance.online\\\/tr\\\/produit\\\/kizilay-mango-ananas-icecek-paketi\\\/#primaryimage\"},\"thumbnailUrl\":\"https:\\\/\\\/hakmarfrance.online\\\/wp-content\\\/uploads\\\/2025\\\/07\\\/pack-boisson-kizilay-mangue-ananas.avif\",\"datePublished\":\"2025-07-09T08:35:26+00:00\",\"breadcrumb\":{\"@id\":\"https:\\\/\\\/hakmarfrance.online\\\/tr\\\/produit\\\/kizilay-mango-ananas-icecek-paketi\\\/#breadcrumb\"},\"inLanguage\":\"tr-TR\",\"potentialAction\":[{\"@type\":\"ReadAction\",\"target\":[\"https:\\\/\\\/hakmarfrance.online\\\/tr\\\/produit\\\/kizilay-mango-ananas-icecek-paketi\\\/\"]}]},{\"@type\":\"ImageObject\",\"inLanguage\":\"tr-TR\",\"@id\":\"https:\\\/\\\/hakmarfrance.online\\\/tr\\\/produit\\\/kizilay-mango-ananas-icecek-paketi\\\/#primaryimage\",\"url\":\"https:\\\/\\\/hakmarfrance.online\\\/wp-content\\\/uploads\\\/2025\\\/07\\\/pack-boisson-kizilay-mangue-ananas.avif\",\"contentUrl\":\"https:\\\/\\\/hakmarfrance.online\\\/wp-content\\\/uploads\\\/2025\\\/07\\\/pack-boisson-kizilay-mangue-ananas.avif\",\"width\":1000,\"height\":800,\"caption\":\"KIZILAY mango-ananas meyveli i\u00e7ecek \u2013 6x200 ml format\"},{\"@type\":\"BreadcrumbList\",\"@id\":\"https:\\\/\\\/hakmarfrance.online\\\/tr\\\/produit\\\/kizilay-mango-ananas-icecek-paketi\\\/#breadcrumb\",\"itemListElement\":[{\"@type\":\"ListItem\",\"position\":1,\"name\":\"Accueil\",\"item\":\"https:\\\/\\\/hakmarfrance.online\\\/tr\\\/\"},{\"@type\":\"ListItem\",\"position\":2,\"name\":\"Ma\u011faza\",\"item\":\"https:\\\/\\\/hakmarfrance.online\\\/tr\\\/magaza\\\/\"},{\"@type\":\"ListItem\",\"position\":3,\"name\":\"kizilay-mango-ananas-icecek-paketi\"}]},{\"@type\":\"WebSite\",\"@id\":\"https:\\\/\\\/hakmarfrance.online\\\/tr\\\/#website\",\"url\":\"https:\\\/\\\/hakmarfrance.online\\\/tr\\\/\",\"name\":\"hakmarfrance.online\",\"description\":\"\",\"publisher\":{\"@id\":\"https:\\\/\\\/hakmarfrance.online\\\/tr\\\/#organization\"},\"potentialAction\":[{\"@type\":\"SearchAction\",\"target\":{\"@type\":\"EntryPoint\",\"urlTemplate\":\"https:\\\/\\\/hakmarfrance.online\\\/tr\\\/?s={search_term_string}\"},\"query-input\":{\"@type\":\"PropertyValueSpecification\",\"valueRequired\":true,\"valueName\":\"search_term_string\"}}],\"inLanguage\":\"tr-TR\"},{\"@type\":\"Organization\",\"@id\":\"https:\\\/\\\/hakmarfrance.online\\\/tr\\\/#organization\",\"name\":\"hakmarfrance.online\",\"url\":\"https:\\\/\\\/hakmarfrance.online\\\/tr\\\/\",\"logo\":{\"@type\":\"ImageObject\",\"inLanguage\":\"tr-TR\",\"@id\":\"https:\\\/\\\/hakmarfrance.online\\\/tr\\\/#\\\/schema\\\/logo\\\/image\\\/\",\"url\":\"https:\\\/\\\/hakmarfrance.online\\\/wp-content\\\/uploads\\\/2025\\\/06\\\/logo-hakmarfrance.png\",\"contentUrl\":\"https:\\\/\\\/hakmarfrance.online\\\/wp-content\\\/uploads\\\/2025\\\/06\\\/logo-hakmarfrance.png\",\"width\":528,\"height\":232,\"caption\":\"hakmarfrance.online\"},\"image\":{\"@id\":\"https:\\\/\\\/hakmarfrance.online\\\/tr\\\/#\\\/schema\\\/logo\\\/image\\\/\"},\"sameAs\":[\"https:\\\/\\\/www.facebook.com\\\/HakmarFranceSupermarche\\\/?locale=fr_FR\",\"https:\\\/\\\/www.instagram.com\\\/hakmarfrancesupermarche\\\/\"]}]}<\/script>\n<!-- \/ Yoast SEO plugin. -->","yoast_head_json":{"title":"kizilay-mango-ananas-icecek-paketi - hakmarfrance.online","robots":{"index":"index","follow":"follow","max-snippet":"max-snippet:-1","max-image-preview":"max-image-preview:large","max-video-preview":"max-video-preview:-1"},"canonical":"https:\/\/hakmarfrance.online\/tr\/produit\/kizilay-mango-ananas-icecek-paketi\/","og_locale":"tr_TR","og_type":"article","og_title":"kizilay-mango-ananas-icecek-paketi - hakmarfrance.online","og_description":"KIZILAY mango-ananas 6x200ml, t\u00fcm aile i\u00e7in ideal, ferahlat\u0131c\u0131 ve vitaminli, g\u00fczel tropik tada sahip bir i\u00e7ecek.","og_url":"https:\/\/hakmarfrance.online\/tr\/produit\/kizilay-mango-ananas-icecek-paketi\/","og_site_name":"hakmarfrance.online","article_publisher":"https:\/\/www.facebook.com\/HakmarFranceSupermarche\/?locale=fr_FR","og_image":[{"width":1000,"height":800,"url":"https:\/\/hakmarfrance.online\/wp-content\/uploads\/2025\/07\/pack-boisson-kizilay-mangue-ananas.avif","type":"image\/png"}],"twitter_card":"summary_large_image","twitter_misc":{"Tahmini okuma s\u00fcresi":"1 minute"},"schema":{"@context":"https:\/\/schema.org","@graph":[{"@type":"WebPage","@id":"https:\/\/hakmarfrance.online\/tr\/produit\/kizilay-mango-ananas-icecek-paketi\/","url":"https:\/\/hakmarfrance.online\/tr\/produit\/kizilay-mango-ananas-icecek-paketi\/","name":"kizilay-mango-ananas-icecek-paketi - hakmarfrance.online","isPartOf":{"@id":"https:\/\/hakmarfrance.online\/tr\/#website"},"primaryImageOfPage":{"@id":"https:\/\/hakmarfrance.online\/tr\/produit\/kizilay-mango-ananas-icecek-paketi\/#primaryimage"},"image":{"@id":"https:\/\/hakmarfrance.online\/tr\/produit\/kizilay-mango-ananas-icecek-paketi\/#primaryimage"},"thumbnailUrl":"https:\/\/hakmarfrance.online\/wp-content\/uploads\/2025\/07\/pack-boisson-kizilay-mangue-ananas.avif","datePublished":"2025-07-09T08:35:26+00:00","breadcrumb":{"@id":"https:\/\/hakmarfrance.online\/tr\/produit\/kizilay-mango-ananas-icecek-paketi\/#breadcrumb"},"inLanguage":"tr-TR","potentialAction":[{"@type":"ReadAction","target":["https:\/\/hakmarfrance.online\/tr\/produit\/kizilay-mango-ananas-icecek-paketi\/"]}]},{"@type":"ImageObject","inLanguage":"tr-TR","@id":"https:\/\/hakmarfrance.online\/tr\/produit\/kizilay-mango-ananas-icecek-paketi\/#primaryimage","url":"https:\/\/hakmarfrance.online\/wp-content\/uploads\/2025\/07\/pack-boisson-kizilay-mangue-ananas.avif","contentUrl":"https:\/\/hakmarfrance.online\/wp-content\/uploads\/2025\/07\/pack-boisson-kizilay-mangue-ananas.avif","width":1000,"height":800,"caption":"KIZILAY mango-ananas meyveli i\u00e7ecek \u2013 6x200 ml format"},{"@type":"BreadcrumbList","@id":"https:\/\/hakmarfrance.online\/tr\/produit\/kizilay-mango-ananas-icecek-paketi\/#breadcrumb","itemListElement":[{"@type":"ListItem","position":1,"name":"Accueil","item":"https:\/\/hakmarfrance.online\/tr\/"},{"@type":"ListItem","position":2,"name":"Ma\u011faza","item":"https:\/\/hakmarfrance.online\/tr\/magaza\/"},{"@type":"ListItem","position":3,"name":"kizilay-mango-ananas-icecek-paketi"}]},{"@type":"WebSite","@id":"https:\/\/hakmarfrance.online\/tr\/#website","url":"https:\/\/hakmarfrance.online\/tr\/","name":"hakmarfrance.online","description":"","publisher":{"@id":"https:\/\/hakmarfrance.online\/tr\/#organization"},"potentialAction":[{"@type":"SearchAction","target":{"@type":"EntryPoint","urlTemplate":"https:\/\/hakmarfrance.online\/tr\/?s={search_term_string}"},"query-input":{"@type":"PropertyValueSpecification","valueRequired":true,"valueName":"search_term_string"}}],"inLanguage":"tr-TR"},{"@type":"Organization","@id":"https:\/\/hakmarfrance.online\/tr\/#organization","name":"hakmarfrance.online","url":"https:\/\/hakmarfrance.online\/tr\/","logo":{"@type":"ImageObject","inLanguage":"tr-TR","@id":"https:\/\/hakmarfrance.online\/tr\/#\/schema\/logo\/image\/","url":"https:\/\/hakmarfrance.online\/wp-content\/uploads\/2025\/06\/logo-hakmarfrance.png","contentUrl":"https:\/\/hakmarfrance.online\/wp-content\/uploads\/2025\/06\/logo-hakmarfrance.png","width":528,"height":232,"caption":"hakmarfrance.online"},"image":{"@id":"https:\/\/hakmarfrance.online\/tr\/#\/schema\/logo\/image\/"},"sameAs":["https:\/\/www.facebook.com\/HakmarFranceSupermarche\/?locale=fr_FR","https:\/\/www.instagram.com\/hakmarfrancesupermarche\/"]}]}},"_links":{"self":[{"href":"https:\/\/hakmarfrance.online\/tr\/wp-json\/wp\/v2\/product\/18241","targetHints":{"allow":["GET"]}}],"collection":[{"href":"https:\/\/hakmarfrance.online\/tr\/wp-json\/wp\/v2\/product"}],"about":[{"href":"https:\/\/hakmarfrance.online\/tr\/wp-json\/wp\/v2\/types\/product"}],"replies":[{"embeddable":true,"href":"https:\/\/hakmarfrance.online\/tr\/wp-json\/wp\/v2\/comments?post=18241"}],"version-history":[{"count":0,"href":"https:\/\/hakmarfrance.online\/tr\/wp-json\/wp\/v2\/product\/18241\/revisions"}],"wp:featuredmedia":[{"embeddable":true,"href":"https:\/\/hakmarfrance.online\/tr\/wp-json\/wp\/v2\/media\/18242"}],"wp:attachment":[{"href":"https:\/\/hakmarfrance.online\/tr\/wp-json\/wp\/v2\/media?parent=18241"}],"wp:term":[{"taxonomy":"product_brand","embeddable":true,"href":"https:\/\/hakmarfrance.online\/tr\/wp-json\/wp\/v2\/product_brand?post=18241"},{"taxonomy":"product_cat","embeddable":true,"href":"https:\/\/hakmarfrance.online\/tr\/wp-json\/wp\/v2\/product_cat?post=18241"},{"taxonomy":"product_tag","embeddable":true,"href":"https:\/\/hakmarfrance.online\/tr\/wp-json\/wp\/v2\/product_tag?post=18241"}],"curies":[{"name":"wp","href":"https:\/\/api.w.org\/{rel}","templated":true}]}}