{"id":18247,"date":"2025-07-09T08:33:50","date_gmt":"2025-07-09T08:33:50","guid":{"rendered":"https:\/\/hakmarfrance.online\/produit\/oztad-cekirdeksiz-izgara-yesil-zeytin-kavanoz-440g\/"},"modified":"2025-07-09T08:33:50","modified_gmt":"2025-07-09T08:33:50","slug":"oztad-cekirdeksiz-izgara-yesil-zeytin-kavanoz-440g","status":"publish","type":"product","link":"https:\/\/hakmarfrance.online\/tr\/produit\/oztad-cekirdeksiz-izgara-yesil-zeytin-kavanoz-440g\/","title":{"rendered":"\u00d6ztad \u00c7ekirdeksiz Izgara Ye\u015fil Zeytin \u2013 Kavanoz 440g"},"content":{"rendered":"<p data-start=\"243\" data-end=\"630\">Bu lezzetli <strong data-start=\"331\" data-end=\"363\">\u00d6ztad \u0131zgara ye\u015fil zeytinlerine<\/strong> bay\u0131lacaks\u0131n\u0131z, \u00f6zenle \u00e7ekirdekleri \u00e7\u0131kar\u0131lm\u0131\u015f ve e\u015fsiz bir tat ortaya \u00e7\u0131karmak i\u00e7in marine edilmi\u015ftir. Dumanl\u0131 tad\u0131 ve etli dokusuyla at\u0131\u015ft\u0131rmal\u0131k olarak veya salatalar\u0131n\u0131zda, aperatiflerinizde ya da Akdeniz yemeklerinizde tercih edilen bir malzeme olarak idealdir. Mutfakta gurme ve otantik bir dokunu\u015f!  <\/p>\n<p data-start=\"632\" data-end=\"668\">\u2705 <strong data-start=\"634\" data-end=\"668\">Ana \u00f6zellikler:<\/strong><\/p>\n<ul data-start=\"669\" data-end=\"878\">\n<li data-start=\"669\" data-end=\"705\">\n<p data-start=\"671\" data-end=\"705\">\u00c7ekirdeksiz \u0131zgara ye\u015fil zeytin<\/p>\n<\/li>\n<li data-start=\"706\" data-end=\"731\">\n<p data-start=\"708\" data-end=\"731\">Dumanl\u0131 ve yo\u011fun tat<\/p>\n<\/li>\n<li data-start=\"732\" data-end=\"759\">\n<p data-start=\"734\" data-end=\"759\">\u00c7ekirdeksiz<\/p>\n<\/li>\n<li data-start=\"760\" data-end=\"794\">\n<p data-start=\"762\" data-end=\"794\">Tekrar kapat\u0131labilir cam kavanoz \u2013 440g<\/p>\n<\/li>\n<li data-start=\"795\" data-end=\"844\">\n<p data-start=\"797\" data-end=\"844\">Aperatifler, salatalar, s\u0131cak yemekler i\u00e7in ideal<\/p>\n<\/li>\n<li data-start=\"845\" data-end=\"878\">\n<p data-start=\"847\" data-end=\"878\">Helal \u00fcr\u00fcn (ambalaja g\u00f6re)<\/p>\n<\/li>\n<\/ul>\n","protected":false},"excerpt":{"rendered":"<p><strong data-start=\"1309\" data-end=\"1346\">\u00d6ztad \u0131zgara ye\u015fil zeytin 440g<\/strong>, \u00e7ekirdeksiz, yo\u011fun dumanl\u0131 tat, Akdeniz yemekleriniz i\u00e7in m\u00fckemmel.<\/p>\n","protected":false},"featured_media":18248,"comment_status":"open","ping_status":"closed","template":"","meta":{"iawp_total_views":0},"product_brand":[210],"product_cat":[286,291,225,288],"product_tag":[],"class_list":{"0":"post-18247","1":"product","2":"type-product","3":"status-publish","4":"has-post-thumbnail","6":"product_brand-oztad","7":"product_cat-dogu-marketi","8":"product_cat-konserveler-ve-kavanozlar","9":"product_cat-tum-urunlerimiz","10":"product_cat-tuzlu-gidalar","12":"first","13":"instock","14":"shipping-taxable","15":"purchasable","16":"product-type-simple"},"yoast_head":"<!-- This site is optimized with the Yoast SEO plugin v27.3 - https:\/\/yoast.com\/product\/yoast-seo-wordpress\/ -->\n<title>\u00d6ztad \u00c7ekirdeksiz Izgara Ye\u015fil Zeytin \u2013 Kavanoz 440g - hakmarfrance.online<\/title>\n<meta name=\"robots\" content=\"index, follow, max-snippet:-1, max-image-preview:large, max-video-preview:-1\" \/>\n<link rel=\"canonical\" href=\"https:\/\/hakmarfrance.online\/tr\/produit\/oztad-cekirdeksiz-izgara-yesil-zeytin-kavanoz-440g\/\" \/>\n<meta property=\"og:locale\" content=\"tr_TR\" \/>\n<meta property=\"og:type\" content=\"article\" \/>\n<meta property=\"og:title\" content=\"\u00d6ztad \u00c7ekirdeksiz Izgara Ye\u015fil Zeytin \u2013 Kavanoz 440g - hakmarfrance.online\" \/>\n<meta property=\"og:description\" content=\"\u00d6ztad \u0131zgara ye\u015fil zeytin 440g, \u00e7ekirdeksiz, yo\u011fun dumanl\u0131 tat, Akdeniz yemekleriniz i\u00e7in m\u00fckemmel.\" \/>\n<meta property=\"og:url\" content=\"https:\/\/hakmarfrance.online\/tr\/produit\/oztad-cekirdeksiz-izgara-yesil-zeytin-kavanoz-440g\/\" \/>\n<meta property=\"og:site_name\" content=\"hakmarfrance.online\" \/>\n<meta property=\"article:publisher\" content=\"https:\/\/www.facebook.com\/HakmarFranceSupermarche\/?locale=fr_FR\" \/>\n<meta property=\"og:image\" content=\"https:\/\/hakmarfrance.online\/wp-content\/uploads\/2025\/07\/olives-vertes-grillees-oztad.avif\" \/>\n\t<meta property=\"og:image:width\" content=\"1000\" \/>\n\t<meta property=\"og:image:height\" content=\"800\" \/>\n\t<meta property=\"og:image:type\" content=\"image\/png\" \/>\n<meta name=\"twitter:card\" content=\"summary_large_image\" \/>\n<script type=\"application\/ld+json\" class=\"yoast-schema-graph\">{\"@context\":\"https:\\\/\\\/schema.org\",\"@graph\":[{\"@type\":\"WebPage\",\"@id\":\"https:\\\/\\\/hakmarfrance.online\\\/tr\\\/produit\\\/oztad-cekirdeksiz-izgara-yesil-zeytin-kavanoz-440g\\\/\",\"url\":\"https:\\\/\\\/hakmarfrance.online\\\/tr\\\/produit\\\/oztad-cekirdeksiz-izgara-yesil-zeytin-kavanoz-440g\\\/\",\"name\":\"\u00d6ztad \u00c7ekirdeksiz Izgara Ye\u015fil Zeytin \u2013 Kavanoz 440g - hakmarfrance.online\",\"isPartOf\":{\"@id\":\"https:\\\/\\\/hakmarfrance.online\\\/tr\\\/#website\"},\"primaryImageOfPage\":{\"@id\":\"https:\\\/\\\/hakmarfrance.online\\\/tr\\\/produit\\\/oztad-cekirdeksiz-izgara-yesil-zeytin-kavanoz-440g\\\/#primaryimage\"},\"image\":{\"@id\":\"https:\\\/\\\/hakmarfrance.online\\\/tr\\\/produit\\\/oztad-cekirdeksiz-izgara-yesil-zeytin-kavanoz-440g\\\/#primaryimage\"},\"thumbnailUrl\":\"https:\\\/\\\/hakmarfrance.online\\\/wp-content\\\/uploads\\\/2025\\\/07\\\/olives-vertes-grillees-oztad.avif\",\"datePublished\":\"2025-07-09T08:33:50+00:00\",\"breadcrumb\":{\"@id\":\"https:\\\/\\\/hakmarfrance.online\\\/tr\\\/produit\\\/oztad-cekirdeksiz-izgara-yesil-zeytin-kavanoz-440g\\\/#breadcrumb\"},\"inLanguage\":\"tr-TR\",\"potentialAction\":[{\"@type\":\"ReadAction\",\"target\":[\"https:\\\/\\\/hakmarfrance.online\\\/tr\\\/produit\\\/oztad-cekirdeksiz-izgara-yesil-zeytin-kavanoz-440g\\\/\"]}]},{\"@type\":\"ImageObject\",\"inLanguage\":\"tr-TR\",\"@id\":\"https:\\\/\\\/hakmarfrance.online\\\/tr\\\/produit\\\/oztad-cekirdeksiz-izgara-yesil-zeytin-kavanoz-440g\\\/#primaryimage\",\"url\":\"https:\\\/\\\/hakmarfrance.online\\\/wp-content\\\/uploads\\\/2025\\\/07\\\/olives-vertes-grillees-oztad.avif\",\"contentUrl\":\"https:\\\/\\\/hakmarfrance.online\\\/wp-content\\\/uploads\\\/2025\\\/07\\\/olives-vertes-grillees-oztad.avif\",\"width\":1000,\"height\":800,\"caption\":\"\u00d6ztad Izgara Ye\u015fil Zeytin \u2013 Kavanozda otantik ve pratik tat\"},{\"@type\":\"BreadcrumbList\",\"@id\":\"https:\\\/\\\/hakmarfrance.online\\\/tr\\\/produit\\\/oztad-cekirdeksiz-izgara-yesil-zeytin-kavanoz-440g\\\/#breadcrumb\",\"itemListElement\":[{\"@type\":\"ListItem\",\"position\":1,\"name\":\"Accueil\",\"item\":\"https:\\\/\\\/hakmarfrance.online\\\/tr\\\/\"},{\"@type\":\"ListItem\",\"position\":2,\"name\":\"Ma\u011faza\",\"item\":\"https:\\\/\\\/hakmarfrance.online\\\/tr\\\/magaza\\\/\"},{\"@type\":\"ListItem\",\"position\":3,\"name\":\"\u00d6ztad \u00c7ekirdeksiz Izgara Ye\u015fil Zeytin \u2013 Kavanoz 440g\"}]},{\"@type\":\"WebSite\",\"@id\":\"https:\\\/\\\/hakmarfrance.online\\\/tr\\\/#website\",\"url\":\"https:\\\/\\\/hakmarfrance.online\\\/tr\\\/\",\"name\":\"hakmarfrance.online\",\"description\":\"\",\"publisher\":{\"@id\":\"https:\\\/\\\/hakmarfrance.online\\\/tr\\\/#organization\"},\"potentialAction\":[{\"@type\":\"SearchAction\",\"target\":{\"@type\":\"EntryPoint\",\"urlTemplate\":\"https:\\\/\\\/hakmarfrance.online\\\/tr\\\/?s={search_term_string}\"},\"query-input\":{\"@type\":\"PropertyValueSpecification\",\"valueRequired\":true,\"valueName\":\"search_term_string\"}}],\"inLanguage\":\"tr-TR\"},{\"@type\":\"Organization\",\"@id\":\"https:\\\/\\\/hakmarfrance.online\\\/tr\\\/#organization\",\"name\":\"hakmarfrance.online\",\"url\":\"https:\\\/\\\/hakmarfrance.online\\\/tr\\\/\",\"logo\":{\"@type\":\"ImageObject\",\"inLanguage\":\"tr-TR\",\"@id\":\"https:\\\/\\\/hakmarfrance.online\\\/tr\\\/#\\\/schema\\\/logo\\\/image\\\/\",\"url\":\"https:\\\/\\\/hakmarfrance.online\\\/wp-content\\\/uploads\\\/2025\\\/06\\\/logo-hakmarfrance.png\",\"contentUrl\":\"https:\\\/\\\/hakmarfrance.online\\\/wp-content\\\/uploads\\\/2025\\\/06\\\/logo-hakmarfrance.png\",\"width\":528,\"height\":232,\"caption\":\"hakmarfrance.online\"},\"image\":{\"@id\":\"https:\\\/\\\/hakmarfrance.online\\\/tr\\\/#\\\/schema\\\/logo\\\/image\\\/\"},\"sameAs\":[\"https:\\\/\\\/www.facebook.com\\\/HakmarFranceSupermarche\\\/?locale=fr_FR\",\"https:\\\/\\\/www.instagram.com\\\/hakmarfrancesupermarche\\\/\"]}]}<\/script>\n<!-- \/ Yoast SEO plugin. -->","yoast_head_json":{"title":"\u00d6ztad \u00c7ekirdeksiz Izgara Ye\u015fil Zeytin \u2013 Kavanoz 440g - hakmarfrance.online","robots":{"index":"index","follow":"follow","max-snippet":"max-snippet:-1","max-image-preview":"max-image-preview:large","max-video-preview":"max-video-preview:-1"},"canonical":"https:\/\/hakmarfrance.online\/tr\/produit\/oztad-cekirdeksiz-izgara-yesil-zeytin-kavanoz-440g\/","og_locale":"tr_TR","og_type":"article","og_title":"\u00d6ztad \u00c7ekirdeksiz Izgara Ye\u015fil Zeytin \u2013 Kavanoz 440g - hakmarfrance.online","og_description":"\u00d6ztad \u0131zgara ye\u015fil zeytin 440g, \u00e7ekirdeksiz, yo\u011fun dumanl\u0131 tat, Akdeniz yemekleriniz i\u00e7in m\u00fckemmel.","og_url":"https:\/\/hakmarfrance.online\/tr\/produit\/oztad-cekirdeksiz-izgara-yesil-zeytin-kavanoz-440g\/","og_site_name":"hakmarfrance.online","article_publisher":"https:\/\/www.facebook.com\/HakmarFranceSupermarche\/?locale=fr_FR","og_image":[{"width":1000,"height":800,"url":"https:\/\/hakmarfrance.online\/wp-content\/uploads\/2025\/07\/olives-vertes-grillees-oztad.avif","type":"image\/png"}],"twitter_card":"summary_large_image","schema":{"@context":"https:\/\/schema.org","@graph":[{"@type":"WebPage","@id":"https:\/\/hakmarfrance.online\/tr\/produit\/oztad-cekirdeksiz-izgara-yesil-zeytin-kavanoz-440g\/","url":"https:\/\/hakmarfrance.online\/tr\/produit\/oztad-cekirdeksiz-izgara-yesil-zeytin-kavanoz-440g\/","name":"\u00d6ztad \u00c7ekirdeksiz Izgara Ye\u015fil Zeytin \u2013 Kavanoz 440g - hakmarfrance.online","isPartOf":{"@id":"https:\/\/hakmarfrance.online\/tr\/#website"},"primaryImageOfPage":{"@id":"https:\/\/hakmarfrance.online\/tr\/produit\/oztad-cekirdeksiz-izgara-yesil-zeytin-kavanoz-440g\/#primaryimage"},"image":{"@id":"https:\/\/hakmarfrance.online\/tr\/produit\/oztad-cekirdeksiz-izgara-yesil-zeytin-kavanoz-440g\/#primaryimage"},"thumbnailUrl":"https:\/\/hakmarfrance.online\/wp-content\/uploads\/2025\/07\/olives-vertes-grillees-oztad.avif","datePublished":"2025-07-09T08:33:50+00:00","breadcrumb":{"@id":"https:\/\/hakmarfrance.online\/tr\/produit\/oztad-cekirdeksiz-izgara-yesil-zeytin-kavanoz-440g\/#breadcrumb"},"inLanguage":"tr-TR","potentialAction":[{"@type":"ReadAction","target":["https:\/\/hakmarfrance.online\/tr\/produit\/oztad-cekirdeksiz-izgara-yesil-zeytin-kavanoz-440g\/"]}]},{"@type":"ImageObject","inLanguage":"tr-TR","@id":"https:\/\/hakmarfrance.online\/tr\/produit\/oztad-cekirdeksiz-izgara-yesil-zeytin-kavanoz-440g\/#primaryimage","url":"https:\/\/hakmarfrance.online\/wp-content\/uploads\/2025\/07\/olives-vertes-grillees-oztad.avif","contentUrl":"https:\/\/hakmarfrance.online\/wp-content\/uploads\/2025\/07\/olives-vertes-grillees-oztad.avif","width":1000,"height":800,"caption":"\u00d6ztad Izgara Ye\u015fil Zeytin \u2013 Kavanozda otantik ve pratik tat"},{"@type":"BreadcrumbList","@id":"https:\/\/hakmarfrance.online\/tr\/produit\/oztad-cekirdeksiz-izgara-yesil-zeytin-kavanoz-440g\/#breadcrumb","itemListElement":[{"@type":"ListItem","position":1,"name":"Accueil","item":"https:\/\/hakmarfrance.online\/tr\/"},{"@type":"ListItem","position":2,"name":"Ma\u011faza","item":"https:\/\/hakmarfrance.online\/tr\/magaza\/"},{"@type":"ListItem","position":3,"name":"\u00d6ztad \u00c7ekirdeksiz Izgara Ye\u015fil Zeytin \u2013 Kavanoz 440g"}]},{"@type":"WebSite","@id":"https:\/\/hakmarfrance.online\/tr\/#website","url":"https:\/\/hakmarfrance.online\/tr\/","name":"hakmarfrance.online","description":"","publisher":{"@id":"https:\/\/hakmarfrance.online\/tr\/#organization"},"potentialAction":[{"@type":"SearchAction","target":{"@type":"EntryPoint","urlTemplate":"https:\/\/hakmarfrance.online\/tr\/?s={search_term_string}"},"query-input":{"@type":"PropertyValueSpecification","valueRequired":true,"valueName":"search_term_string"}}],"inLanguage":"tr-TR"},{"@type":"Organization","@id":"https:\/\/hakmarfrance.online\/tr\/#organization","name":"hakmarfrance.online","url":"https:\/\/hakmarfrance.online\/tr\/","logo":{"@type":"ImageObject","inLanguage":"tr-TR","@id":"https:\/\/hakmarfrance.online\/tr\/#\/schema\/logo\/image\/","url":"https:\/\/hakmarfrance.online\/wp-content\/uploads\/2025\/06\/logo-hakmarfrance.png","contentUrl":"https:\/\/hakmarfrance.online\/wp-content\/uploads\/2025\/06\/logo-hakmarfrance.png","width":528,"height":232,"caption":"hakmarfrance.online"},"image":{"@id":"https:\/\/hakmarfrance.online\/tr\/#\/schema\/logo\/image\/"},"sameAs":["https:\/\/www.facebook.com\/HakmarFranceSupermarche\/?locale=fr_FR","https:\/\/www.instagram.com\/hakmarfrancesupermarche\/"]}]}},"_links":{"self":[{"href":"https:\/\/hakmarfrance.online\/tr\/wp-json\/wp\/v2\/product\/18247","targetHints":{"allow":["GET"]}}],"collection":[{"href":"https:\/\/hakmarfrance.online\/tr\/wp-json\/wp\/v2\/product"}],"about":[{"href":"https:\/\/hakmarfrance.online\/tr\/wp-json\/wp\/v2\/types\/product"}],"replies":[{"embeddable":true,"href":"https:\/\/hakmarfrance.online\/tr\/wp-json\/wp\/v2\/comments?post=18247"}],"version-history":[{"count":0,"href":"https:\/\/hakmarfrance.online\/tr\/wp-json\/wp\/v2\/product\/18247\/revisions"}],"wp:featuredmedia":[{"embeddable":true,"href":"https:\/\/hakmarfrance.online\/tr\/wp-json\/wp\/v2\/media\/18248"}],"wp:attachment":[{"href":"https:\/\/hakmarfrance.online\/tr\/wp-json\/wp\/v2\/media?parent=18247"}],"wp:term":[{"taxonomy":"product_brand","embeddable":true,"href":"https:\/\/hakmarfrance.online\/tr\/wp-json\/wp\/v2\/product_brand?post=18247"},{"taxonomy":"product_cat","embeddable":true,"href":"https:\/\/hakmarfrance.online\/tr\/wp-json\/wp\/v2\/product_cat?post=18247"},{"taxonomy":"product_tag","embeddable":true,"href":"https:\/\/hakmarfrance.online\/tr\/wp-json\/wp\/v2\/product_tag?post=18247"}],"curies":[{"name":"wp","href":"https:\/\/api.w.org\/{rel}","templated":true}]}}