{"id":18251,"date":"2025-07-09T08:16:22","date_gmt":"2025-07-09T08:16:22","guid":{"rendered":"https:\/\/hakmarfrance.online\/produit\/argeta-katkisiz-tavuklu-helal-surulebilir-95g\/"},"modified":"2025-07-09T08:16:22","modified_gmt":"2025-07-09T08:16:22","slug":"argeta-katkisiz-tavuklu-helal-surulebilir-95g","status":"publish","type":"product","link":"https:\/\/hakmarfrance.online\/tr\/produit\/argeta-katkisiz-tavuklu-helal-surulebilir-95g\/","title":{"rendered":"Argeta Katk\u0131s\u0131z Tavuklu Helal S\u00fcr\u00fclebilir 95g"},"content":{"rendered":"<p data-start=\"250\" data-end=\"601\"><strong data-start=\"332\" data-end=\"359\">Argeta Helal Tavuk 95g<\/strong> s\u00fcr\u00fclebilirini ke\u015ffedin, helal sertifikal\u0131 tavuk etinden yap\u0131lan kremams\u0131 bir tarif. Sa\u011fl\u0131kl\u0131 sandvi\u00e7ler veya lezzetli at\u0131\u015ft\u0131rmal\u0131klar i\u00e7in ideal olup, katk\u0131 maddesi veya koruyucu i\u00e7ermez. G\u00fcn\u00fcn her an\u0131nda k\u00fc\u00e7\u00fckten b\u00fcy\u00fc\u011fe herkes i\u00e7in ger\u00e7ek bir keyif!  <\/p>\n<p data-start=\"603\" data-end=\"639\">\u2705 <strong data-start=\"605\" data-end=\"637\">Ana \u00f6zellikler<\/strong>:<\/p>\n<ul data-start=\"640\" data-end=\"807\">\n<li data-start=\"640\" data-end=\"687\">\n<p data-start=\"642\" data-end=\"687\">Helal sertifikal\u0131 kremams\u0131 tavuk s\u00fcr\u00fclebilir<\/p>\n<\/li>\n<li data-start=\"688\" data-end=\"722\">\n<p data-start=\"690\" data-end=\"722\">Katk\u0131 maddesi ve koruyucu i\u00e7ermez<\/p>\n<\/li>\n<li data-start=\"723\" data-end=\"750\">\n<p data-start=\"725\" data-end=\"750\">Kolay s\u00fcr\u00fclebilir doku<\/p>\n<\/li>\n<li data-start=\"751\" data-end=\"777\">\n<p data-start=\"753\" data-end=\"777\">Kullan\u0131\u015fl\u0131 95g format<\/p>\n<\/li>\n<li data-start=\"778\" data-end=\"807\">\n<p data-start=\"780\" data-end=\"807\">T\u00fcm aile i\u00e7in uygun<\/p>\n<\/li>\n<\/ul>\n","protected":false},"excerpt":{"rendered":"<p><strong data-start=\"1208\" data-end=\"1238\">Argeta helal tavuk 95g<\/strong> s\u00fcr\u00fclebilir: kremams\u0131, katk\u0131s\u0131z, sandvi\u00e7ler ve lezzetli at\u0131\u015ft\u0131rmal\u0131klar i\u00e7in m\u00fckemmel.<\/p>\n","protected":false},"featured_media":18252,"comment_status":"open","ping_status":"closed","template":"","meta":{"iawp_total_views":0},"product_brand":[],"product_cat":[293,286,225,288],"product_tag":[],"class_list":{"0":"post-18251","1":"product","2":"type-product","3":"status-publish","4":"has-post-thumbnail","6":"product_cat-baharatlar-cesniler","7":"product_cat-dogu-marketi","8":"product_cat-tum-urunlerimiz","9":"product_cat-tuzlu-gidalar","11":"first","12":"instock","13":"shipping-taxable","14":"purchasable","15":"product-type-simple"},"yoast_head":"<!-- This site is optimized with the Yoast SEO plugin v27.3 - https:\/\/yoast.com\/product\/yoast-seo-wordpress\/ -->\n<title>Argeta Katk\u0131s\u0131z Tavuklu Helal S\u00fcr\u00fclebilir 95g - hakmarfrance.online<\/title>\n<meta name=\"robots\" content=\"index, follow, max-snippet:-1, max-image-preview:large, max-video-preview:-1\" \/>\n<link rel=\"canonical\" href=\"https:\/\/hakmarfrance.online\/tr\/produit\/argeta-katkisiz-tavuklu-helal-surulebilir-95g\/\" \/>\n<meta property=\"og:locale\" content=\"tr_TR\" \/>\n<meta property=\"og:type\" content=\"article\" \/>\n<meta property=\"og:title\" content=\"Argeta Katk\u0131s\u0131z Tavuklu Helal S\u00fcr\u00fclebilir 95g - hakmarfrance.online\" \/>\n<meta property=\"og:description\" content=\"Argeta helal tavuk 95g s\u00fcr\u00fclebilir: kremams\u0131, katk\u0131s\u0131z, sandvi\u00e7ler ve lezzetli at\u0131\u015ft\u0131rmal\u0131klar i\u00e7in m\u00fckemmel.\" \/>\n<meta property=\"og:url\" content=\"https:\/\/hakmarfrance.online\/tr\/produit\/argeta-katkisiz-tavuklu-helal-surulebilir-95g\/\" \/>\n<meta property=\"og:site_name\" content=\"hakmarfrance.online\" \/>\n<meta property=\"article:publisher\" content=\"https:\/\/www.facebook.com\/HakmarFranceSupermarche\/?locale=fr_FR\" \/>\n<meta property=\"og:image\" content=\"https:\/\/hakmarfrance.online\/wp-content\/uploads\/2025\/07\/argeta-halal-poulet-tartinade-95g.avif\" \/>\n\t<meta property=\"og:image:width\" content=\"1000\" \/>\n\t<meta property=\"og:image:height\" content=\"800\" \/>\n\t<meta property=\"og:image:type\" content=\"image\/png\" \/>\n<meta name=\"twitter:card\" content=\"summary_large_image\" \/>\n<script type=\"application\/ld+json\" class=\"yoast-schema-graph\">{\"@context\":\"https:\\\/\\\/schema.org\",\"@graph\":[{\"@type\":\"WebPage\",\"@id\":\"https:\\\/\\\/hakmarfrance.online\\\/tr\\\/produit\\\/argeta-katkisiz-tavuklu-helal-surulebilir-95g\\\/\",\"url\":\"https:\\\/\\\/hakmarfrance.online\\\/tr\\\/produit\\\/argeta-katkisiz-tavuklu-helal-surulebilir-95g\\\/\",\"name\":\"Argeta Katk\u0131s\u0131z Tavuklu Helal S\u00fcr\u00fclebilir 95g - hakmarfrance.online\",\"isPartOf\":{\"@id\":\"https:\\\/\\\/hakmarfrance.online\\\/tr\\\/#website\"},\"primaryImageOfPage\":{\"@id\":\"https:\\\/\\\/hakmarfrance.online\\\/tr\\\/produit\\\/argeta-katkisiz-tavuklu-helal-surulebilir-95g\\\/#primaryimage\"},\"image\":{\"@id\":\"https:\\\/\\\/hakmarfrance.online\\\/tr\\\/produit\\\/argeta-katkisiz-tavuklu-helal-surulebilir-95g\\\/#primaryimage\"},\"thumbnailUrl\":\"https:\\\/\\\/hakmarfrance.online\\\/wp-content\\\/uploads\\\/2025\\\/07\\\/argeta-halal-poulet-tartinade-95g.avif\",\"datePublished\":\"2025-07-09T08:16:22+00:00\",\"breadcrumb\":{\"@id\":\"https:\\\/\\\/hakmarfrance.online\\\/tr\\\/produit\\\/argeta-katkisiz-tavuklu-helal-surulebilir-95g\\\/#breadcrumb\"},\"inLanguage\":\"tr-TR\",\"potentialAction\":[{\"@type\":\"ReadAction\",\"target\":[\"https:\\\/\\\/hakmarfrance.online\\\/tr\\\/produit\\\/argeta-katkisiz-tavuklu-helal-surulebilir-95g\\\/\"]}]},{\"@type\":\"ImageObject\",\"inLanguage\":\"tr-TR\",\"@id\":\"https:\\\/\\\/hakmarfrance.online\\\/tr\\\/produit\\\/argeta-katkisiz-tavuklu-helal-surulebilir-95g\\\/#primaryimage\",\"url\":\"https:\\\/\\\/hakmarfrance.online\\\/wp-content\\\/uploads\\\/2025\\\/07\\\/argeta-halal-poulet-tartinade-95g.avif\",\"contentUrl\":\"https:\\\/\\\/hakmarfrance.online\\\/wp-content\\\/uploads\\\/2025\\\/07\\\/argeta-halal-poulet-tartinade-95g.avif\",\"width\":1000,\"height\":800,\"caption\":\"Argeta \u2013 Helal Tavuklu S\u00fcr\u00fclebilir 95g, sandvi\u00e7ler ve at\u0131\u015ft\u0131rmal\u0131klar i\u00e7in ideal\"},{\"@type\":\"BreadcrumbList\",\"@id\":\"https:\\\/\\\/hakmarfrance.online\\\/tr\\\/produit\\\/argeta-katkisiz-tavuklu-helal-surulebilir-95g\\\/#breadcrumb\",\"itemListElement\":[{\"@type\":\"ListItem\",\"position\":1,\"name\":\"Accueil\",\"item\":\"https:\\\/\\\/hakmarfrance.online\\\/tr\\\/\"},{\"@type\":\"ListItem\",\"position\":2,\"name\":\"Ma\u011faza\",\"item\":\"https:\\\/\\\/hakmarfrance.online\\\/tr\\\/magaza\\\/\"},{\"@type\":\"ListItem\",\"position\":3,\"name\":\"Argeta Katk\u0131s\u0131z Tavuklu Helal S\u00fcr\u00fclebilir 95g\"}]},{\"@type\":\"WebSite\",\"@id\":\"https:\\\/\\\/hakmarfrance.online\\\/tr\\\/#website\",\"url\":\"https:\\\/\\\/hakmarfrance.online\\\/tr\\\/\",\"name\":\"hakmarfrance.online\",\"description\":\"\",\"publisher\":{\"@id\":\"https:\\\/\\\/hakmarfrance.online\\\/tr\\\/#organization\"},\"potentialAction\":[{\"@type\":\"SearchAction\",\"target\":{\"@type\":\"EntryPoint\",\"urlTemplate\":\"https:\\\/\\\/hakmarfrance.online\\\/tr\\\/?s={search_term_string}\"},\"query-input\":{\"@type\":\"PropertyValueSpecification\",\"valueRequired\":true,\"valueName\":\"search_term_string\"}}],\"inLanguage\":\"tr-TR\"},{\"@type\":\"Organization\",\"@id\":\"https:\\\/\\\/hakmarfrance.online\\\/tr\\\/#organization\",\"name\":\"hakmarfrance.online\",\"url\":\"https:\\\/\\\/hakmarfrance.online\\\/tr\\\/\",\"logo\":{\"@type\":\"ImageObject\",\"inLanguage\":\"tr-TR\",\"@id\":\"https:\\\/\\\/hakmarfrance.online\\\/tr\\\/#\\\/schema\\\/logo\\\/image\\\/\",\"url\":\"https:\\\/\\\/hakmarfrance.online\\\/wp-content\\\/uploads\\\/2025\\\/06\\\/logo-hakmarfrance.png\",\"contentUrl\":\"https:\\\/\\\/hakmarfrance.online\\\/wp-content\\\/uploads\\\/2025\\\/06\\\/logo-hakmarfrance.png\",\"width\":528,\"height\":232,\"caption\":\"hakmarfrance.online\"},\"image\":{\"@id\":\"https:\\\/\\\/hakmarfrance.online\\\/tr\\\/#\\\/schema\\\/logo\\\/image\\\/\"},\"sameAs\":[\"https:\\\/\\\/www.facebook.com\\\/HakmarFranceSupermarche\\\/?locale=fr_FR\",\"https:\\\/\\\/www.instagram.com\\\/hakmarfrancesupermarche\\\/\"]}]}<\/script>\n<!-- \/ Yoast SEO plugin. -->","yoast_head_json":{"title":"Argeta Katk\u0131s\u0131z Tavuklu Helal S\u00fcr\u00fclebilir 95g - hakmarfrance.online","robots":{"index":"index","follow":"follow","max-snippet":"max-snippet:-1","max-image-preview":"max-image-preview:large","max-video-preview":"max-video-preview:-1"},"canonical":"https:\/\/hakmarfrance.online\/tr\/produit\/argeta-katkisiz-tavuklu-helal-surulebilir-95g\/","og_locale":"tr_TR","og_type":"article","og_title":"Argeta Katk\u0131s\u0131z Tavuklu Helal S\u00fcr\u00fclebilir 95g - hakmarfrance.online","og_description":"Argeta helal tavuk 95g s\u00fcr\u00fclebilir: kremams\u0131, katk\u0131s\u0131z, sandvi\u00e7ler ve lezzetli at\u0131\u015ft\u0131rmal\u0131klar i\u00e7in m\u00fckemmel.","og_url":"https:\/\/hakmarfrance.online\/tr\/produit\/argeta-katkisiz-tavuklu-helal-surulebilir-95g\/","og_site_name":"hakmarfrance.online","article_publisher":"https:\/\/www.facebook.com\/HakmarFranceSupermarche\/?locale=fr_FR","og_image":[{"width":1000,"height":800,"url":"https:\/\/hakmarfrance.online\/wp-content\/uploads\/2025\/07\/argeta-halal-poulet-tartinade-95g.avif","type":"image\/png"}],"twitter_card":"summary_large_image","schema":{"@context":"https:\/\/schema.org","@graph":[{"@type":"WebPage","@id":"https:\/\/hakmarfrance.online\/tr\/produit\/argeta-katkisiz-tavuklu-helal-surulebilir-95g\/","url":"https:\/\/hakmarfrance.online\/tr\/produit\/argeta-katkisiz-tavuklu-helal-surulebilir-95g\/","name":"Argeta Katk\u0131s\u0131z Tavuklu Helal S\u00fcr\u00fclebilir 95g - hakmarfrance.online","isPartOf":{"@id":"https:\/\/hakmarfrance.online\/tr\/#website"},"primaryImageOfPage":{"@id":"https:\/\/hakmarfrance.online\/tr\/produit\/argeta-katkisiz-tavuklu-helal-surulebilir-95g\/#primaryimage"},"image":{"@id":"https:\/\/hakmarfrance.online\/tr\/produit\/argeta-katkisiz-tavuklu-helal-surulebilir-95g\/#primaryimage"},"thumbnailUrl":"https:\/\/hakmarfrance.online\/wp-content\/uploads\/2025\/07\/argeta-halal-poulet-tartinade-95g.avif","datePublished":"2025-07-09T08:16:22+00:00","breadcrumb":{"@id":"https:\/\/hakmarfrance.online\/tr\/produit\/argeta-katkisiz-tavuklu-helal-surulebilir-95g\/#breadcrumb"},"inLanguage":"tr-TR","potentialAction":[{"@type":"ReadAction","target":["https:\/\/hakmarfrance.online\/tr\/produit\/argeta-katkisiz-tavuklu-helal-surulebilir-95g\/"]}]},{"@type":"ImageObject","inLanguage":"tr-TR","@id":"https:\/\/hakmarfrance.online\/tr\/produit\/argeta-katkisiz-tavuklu-helal-surulebilir-95g\/#primaryimage","url":"https:\/\/hakmarfrance.online\/wp-content\/uploads\/2025\/07\/argeta-halal-poulet-tartinade-95g.avif","contentUrl":"https:\/\/hakmarfrance.online\/wp-content\/uploads\/2025\/07\/argeta-halal-poulet-tartinade-95g.avif","width":1000,"height":800,"caption":"Argeta \u2013 Helal Tavuklu S\u00fcr\u00fclebilir 95g, sandvi\u00e7ler ve at\u0131\u015ft\u0131rmal\u0131klar i\u00e7in ideal"},{"@type":"BreadcrumbList","@id":"https:\/\/hakmarfrance.online\/tr\/produit\/argeta-katkisiz-tavuklu-helal-surulebilir-95g\/#breadcrumb","itemListElement":[{"@type":"ListItem","position":1,"name":"Accueil","item":"https:\/\/hakmarfrance.online\/tr\/"},{"@type":"ListItem","position":2,"name":"Ma\u011faza","item":"https:\/\/hakmarfrance.online\/tr\/magaza\/"},{"@type":"ListItem","position":3,"name":"Argeta Katk\u0131s\u0131z Tavuklu Helal S\u00fcr\u00fclebilir 95g"}]},{"@type":"WebSite","@id":"https:\/\/hakmarfrance.online\/tr\/#website","url":"https:\/\/hakmarfrance.online\/tr\/","name":"hakmarfrance.online","description":"","publisher":{"@id":"https:\/\/hakmarfrance.online\/tr\/#organization"},"potentialAction":[{"@type":"SearchAction","target":{"@type":"EntryPoint","urlTemplate":"https:\/\/hakmarfrance.online\/tr\/?s={search_term_string}"},"query-input":{"@type":"PropertyValueSpecification","valueRequired":true,"valueName":"search_term_string"}}],"inLanguage":"tr-TR"},{"@type":"Organization","@id":"https:\/\/hakmarfrance.online\/tr\/#organization","name":"hakmarfrance.online","url":"https:\/\/hakmarfrance.online\/tr\/","logo":{"@type":"ImageObject","inLanguage":"tr-TR","@id":"https:\/\/hakmarfrance.online\/tr\/#\/schema\/logo\/image\/","url":"https:\/\/hakmarfrance.online\/wp-content\/uploads\/2025\/06\/logo-hakmarfrance.png","contentUrl":"https:\/\/hakmarfrance.online\/wp-content\/uploads\/2025\/06\/logo-hakmarfrance.png","width":528,"height":232,"caption":"hakmarfrance.online"},"image":{"@id":"https:\/\/hakmarfrance.online\/tr\/#\/schema\/logo\/image\/"},"sameAs":["https:\/\/www.facebook.com\/HakmarFranceSupermarche\/?locale=fr_FR","https:\/\/www.instagram.com\/hakmarfrancesupermarche\/"]}]}},"_links":{"self":[{"href":"https:\/\/hakmarfrance.online\/tr\/wp-json\/wp\/v2\/product\/18251","targetHints":{"allow":["GET"]}}],"collection":[{"href":"https:\/\/hakmarfrance.online\/tr\/wp-json\/wp\/v2\/product"}],"about":[{"href":"https:\/\/hakmarfrance.online\/tr\/wp-json\/wp\/v2\/types\/product"}],"replies":[{"embeddable":true,"href":"https:\/\/hakmarfrance.online\/tr\/wp-json\/wp\/v2\/comments?post=18251"}],"version-history":[{"count":0,"href":"https:\/\/hakmarfrance.online\/tr\/wp-json\/wp\/v2\/product\/18251\/revisions"}],"wp:featuredmedia":[{"embeddable":true,"href":"https:\/\/hakmarfrance.online\/tr\/wp-json\/wp\/v2\/media\/18252"}],"wp:attachment":[{"href":"https:\/\/hakmarfrance.online\/tr\/wp-json\/wp\/v2\/media?parent=18251"}],"wp:term":[{"taxonomy":"product_brand","embeddable":true,"href":"https:\/\/hakmarfrance.online\/tr\/wp-json\/wp\/v2\/product_brand?post=18251"},{"taxonomy":"product_cat","embeddable":true,"href":"https:\/\/hakmarfrance.online\/tr\/wp-json\/wp\/v2\/product_cat?post=18251"},{"taxonomy":"product_tag","embeddable":true,"href":"https:\/\/hakmarfrance.online\/tr\/wp-json\/wp\/v2\/product_tag?post=18251"}],"curies":[{"name":"wp","href":"https:\/\/api.w.org\/{rel}","templated":true}]}}