{"id":18253,"date":"2025-07-09T08:20:28","date_gmt":"2025-07-09T08:20:28","guid":{"rendered":"https:\/\/hakmarfrance.online\/produit\/ekstra-tuzlu-ay-cekirdegi-200g-delikatessa\/"},"modified":"2025-07-09T08:20:28","modified_gmt":"2025-07-09T08:20:28","slug":"ekstra-tuzlu-ay-cekirdegi-200g-delikatessa","status":"publish","type":"product","link":"https:\/\/hakmarfrance.online\/tr\/produit\/ekstra-tuzlu-ay-cekirdegi-200g-delikatessa\/","title":{"rendered":"Ekstra Tuzlu Ay \u00c7ekirde\u011fi 200g \u2013 Delikatessa"},"content":{"rendered":"<p data-start=\"278\" data-end=\"625\"><strong data-start=\"389\" data-end=\"438\">Delikatessa ekstra tuzlu ay \u00e7ekirdekleri<\/strong> ile kendinize daha da yo\u011fun bir keyif ya\u015fat\u0131n! \u00c7\u0131t\u0131r \u00e7\u0131t\u0131r, lezzet dolu ve bolca baharatl\u0131 bu \u00e7ekirdekler, g\u00fc\u00e7l\u00fc tatlar\u0131 sevenler i\u00e7in ideal. Arkada\u015flarla yap\u0131lan at\u0131\u015ft\u0131rmal\u0131klar veya lezzetli molalar i\u00e7in m\u00fckemmel. <\/p>\n<p data-start=\"627\" data-end=\"663\">\u2705 <strong data-start=\"629\" data-end=\"661\">Ana \u00f6zellikler<\/strong>:<\/p>\n<ul data-start=\"664\" data-end=\"843\">\n<li data-start=\"664\" data-end=\"699\">\n<p data-start=\"666\" data-end=\"699\">Kabuklu ay \u00e7ekirde\u011fi<\/p>\n<\/li>\n<li data-start=\"700\" data-end=\"738\">\n<p data-start=\"702\" data-end=\"738\">Ekstra tuz ile kavrulmu\u015f<\/p>\n<\/li>\n<li data-start=\"739\" data-end=\"763\">\n<p data-start=\"741\" data-end=\"763\">Pratik 200g format\u0131<\/p>\n<\/li>\n<li data-start=\"764\" data-end=\"810\">\n<p data-start=\"766\" data-end=\"810\">Tuz sevenler i\u00e7in daha yo\u011fun lezzet<\/p>\n<\/li>\n<li data-start=\"811\" data-end=\"843\">\n<p data-start=\"813\" data-end=\"843\">Hava ge\u00e7irmez ve renkli ambalaj<\/p>\n<\/li>\n<\/ul>\n","protected":false},"excerpt":{"rendered":"<p>Lezzet dolu molalar i\u00e7in <strong data-start=\"1304\" data-end=\"1334\">Delikatessa 200g<\/strong> ay \u00e7ekirde\u011fi, ekstra tuzlu, \u00e7\u0131t\u0131r ve yo\u011fun.<\/p>\n","protected":false},"featured_media":18254,"comment_status":"open","ping_status":"closed","template":"","meta":{"iawp_total_views":0},"product_brand":[207],"product_cat":[292,286,227,225,288],"product_tag":[],"class_list":{"0":"post-18253","1":"product","2":"type-product","3":"status-publish","4":"has-post-thumbnail","6":"product_brand-delikatessa","7":"product_cat-atistirmaliklar-sekerlemeler","8":"product_cat-dogu-marketi","9":"product_cat-geleneksel-turk-urunleri","10":"product_cat-tum-urunlerimiz","11":"product_cat-tuzlu-gidalar","13":"first","14":"instock","15":"shipping-taxable","16":"purchasable","17":"product-type-simple"},"yoast_head":"<!-- This site is optimized with the Yoast SEO plugin v27.3 - https:\/\/yoast.com\/product\/yoast-seo-wordpress\/ -->\n<title>Ekstra Tuzlu Ay \u00c7ekirde\u011fi 200g \u2013 Delikatessa - hakmarfrance.online<\/title>\n<meta name=\"robots\" content=\"index, follow, max-snippet:-1, max-image-preview:large, max-video-preview:-1\" \/>\n<link rel=\"canonical\" href=\"https:\/\/hakmarfrance.online\/tr\/produit\/ekstra-tuzlu-ay-cekirdegi-200g-delikatessa\/\" \/>\n<meta property=\"og:locale\" content=\"tr_TR\" \/>\n<meta property=\"og:type\" content=\"article\" \/>\n<meta property=\"og:title\" content=\"Ekstra Tuzlu Ay \u00c7ekirde\u011fi 200g \u2013 Delikatessa - hakmarfrance.online\" \/>\n<meta property=\"og:description\" content=\"Lezzet dolu molalar i\u00e7in Delikatessa 200g ay \u00e7ekirde\u011fi, ekstra tuzlu, \u00e7\u0131t\u0131r ve yo\u011fun.\" \/>\n<meta property=\"og:url\" content=\"https:\/\/hakmarfrance.online\/tr\/produit\/ekstra-tuzlu-ay-cekirdegi-200g-delikatessa\/\" \/>\n<meta property=\"og:site_name\" content=\"hakmarfrance.online\" \/>\n<meta property=\"article:publisher\" content=\"https:\/\/www.facebook.com\/HakmarFranceSupermarche\/?locale=fr_FR\" \/>\n<meta property=\"og:image\" content=\"https:\/\/hakmarfrance.online\/wp-content\/uploads\/2025\/07\/delikatessa-graines-tournesol-extra-sel-200g.avif\" \/>\n\t<meta property=\"og:image:width\" content=\"1000\" \/>\n\t<meta property=\"og:image:height\" content=\"800\" \/>\n\t<meta property=\"og:image:type\" content=\"image\/png\" \/>\n<meta name=\"twitter:card\" content=\"summary_large_image\" \/>\n<script type=\"application\/ld+json\" class=\"yoast-schema-graph\">{\"@context\":\"https:\\\/\\\/schema.org\",\"@graph\":[{\"@type\":\"WebPage\",\"@id\":\"https:\\\/\\\/hakmarfrance.online\\\/tr\\\/produit\\\/ekstra-tuzlu-ay-cekirdegi-200g-delikatessa\\\/\",\"url\":\"https:\\\/\\\/hakmarfrance.online\\\/tr\\\/produit\\\/ekstra-tuzlu-ay-cekirdegi-200g-delikatessa\\\/\",\"name\":\"Ekstra Tuzlu Ay \u00c7ekirde\u011fi 200g \u2013 Delikatessa - hakmarfrance.online\",\"isPartOf\":{\"@id\":\"https:\\\/\\\/hakmarfrance.online\\\/tr\\\/#website\"},\"primaryImageOfPage\":{\"@id\":\"https:\\\/\\\/hakmarfrance.online\\\/tr\\\/produit\\\/ekstra-tuzlu-ay-cekirdegi-200g-delikatessa\\\/#primaryimage\"},\"image\":{\"@id\":\"https:\\\/\\\/hakmarfrance.online\\\/tr\\\/produit\\\/ekstra-tuzlu-ay-cekirdegi-200g-delikatessa\\\/#primaryimage\"},\"thumbnailUrl\":\"https:\\\/\\\/hakmarfrance.online\\\/wp-content\\\/uploads\\\/2025\\\/07\\\/delikatessa-graines-tournesol-extra-sel-200g.avif\",\"datePublished\":\"2025-07-09T08:20:28+00:00\",\"breadcrumb\":{\"@id\":\"https:\\\/\\\/hakmarfrance.online\\\/tr\\\/produit\\\/ekstra-tuzlu-ay-cekirdegi-200g-delikatessa\\\/#breadcrumb\"},\"inLanguage\":\"tr-TR\",\"potentialAction\":[{\"@type\":\"ReadAction\",\"target\":[\"https:\\\/\\\/hakmarfrance.online\\\/tr\\\/produit\\\/ekstra-tuzlu-ay-cekirdegi-200g-delikatessa\\\/\"]}]},{\"@type\":\"ImageObject\",\"inLanguage\":\"tr-TR\",\"@id\":\"https:\\\/\\\/hakmarfrance.online\\\/tr\\\/produit\\\/ekstra-tuzlu-ay-cekirdegi-200g-delikatessa\\\/#primaryimage\",\"url\":\"https:\\\/\\\/hakmarfrance.online\\\/wp-content\\\/uploads\\\/2025\\\/07\\\/delikatessa-graines-tournesol-extra-sel-200g.avif\",\"contentUrl\":\"https:\\\/\\\/hakmarfrance.online\\\/wp-content\\\/uploads\\\/2025\\\/07\\\/delikatessa-graines-tournesol-extra-sel-200g.avif\",\"width\":1000,\"height\":800,\"caption\":\"Delikatessa \u2013 Kabuklu ekstra tuzlu ay \u00e7ekirde\u011fi, 200g'l\u0131k paket\"},{\"@type\":\"BreadcrumbList\",\"@id\":\"https:\\\/\\\/hakmarfrance.online\\\/tr\\\/produit\\\/ekstra-tuzlu-ay-cekirdegi-200g-delikatessa\\\/#breadcrumb\",\"itemListElement\":[{\"@type\":\"ListItem\",\"position\":1,\"name\":\"Accueil\",\"item\":\"https:\\\/\\\/hakmarfrance.online\\\/tr\\\/\"},{\"@type\":\"ListItem\",\"position\":2,\"name\":\"Ma\u011faza\",\"item\":\"https:\\\/\\\/hakmarfrance.online\\\/tr\\\/magaza\\\/\"},{\"@type\":\"ListItem\",\"position\":3,\"name\":\"Ekstra Tuzlu Ay \u00c7ekirde\u011fi 200g \u2013 Delikatessa\"}]},{\"@type\":\"WebSite\",\"@id\":\"https:\\\/\\\/hakmarfrance.online\\\/tr\\\/#website\",\"url\":\"https:\\\/\\\/hakmarfrance.online\\\/tr\\\/\",\"name\":\"hakmarfrance.online\",\"description\":\"\",\"publisher\":{\"@id\":\"https:\\\/\\\/hakmarfrance.online\\\/tr\\\/#organization\"},\"potentialAction\":[{\"@type\":\"SearchAction\",\"target\":{\"@type\":\"EntryPoint\",\"urlTemplate\":\"https:\\\/\\\/hakmarfrance.online\\\/tr\\\/?s={search_term_string}\"},\"query-input\":{\"@type\":\"PropertyValueSpecification\",\"valueRequired\":true,\"valueName\":\"search_term_string\"}}],\"inLanguage\":\"tr-TR\"},{\"@type\":\"Organization\",\"@id\":\"https:\\\/\\\/hakmarfrance.online\\\/tr\\\/#organization\",\"name\":\"hakmarfrance.online\",\"url\":\"https:\\\/\\\/hakmarfrance.online\\\/tr\\\/\",\"logo\":{\"@type\":\"ImageObject\",\"inLanguage\":\"tr-TR\",\"@id\":\"https:\\\/\\\/hakmarfrance.online\\\/tr\\\/#\\\/schema\\\/logo\\\/image\\\/\",\"url\":\"https:\\\/\\\/hakmarfrance.online\\\/wp-content\\\/uploads\\\/2025\\\/06\\\/logo-hakmarfrance.png\",\"contentUrl\":\"https:\\\/\\\/hakmarfrance.online\\\/wp-content\\\/uploads\\\/2025\\\/06\\\/logo-hakmarfrance.png\",\"width\":528,\"height\":232,\"caption\":\"hakmarfrance.online\"},\"image\":{\"@id\":\"https:\\\/\\\/hakmarfrance.online\\\/tr\\\/#\\\/schema\\\/logo\\\/image\\\/\"},\"sameAs\":[\"https:\\\/\\\/www.facebook.com\\\/HakmarFranceSupermarche\\\/?locale=fr_FR\",\"https:\\\/\\\/www.instagram.com\\\/hakmarfrancesupermarche\\\/\"]}]}<\/script>\n<!-- \/ Yoast SEO plugin. -->","yoast_head_json":{"title":"Ekstra Tuzlu Ay \u00c7ekirde\u011fi 200g \u2013 Delikatessa - hakmarfrance.online","robots":{"index":"index","follow":"follow","max-snippet":"max-snippet:-1","max-image-preview":"max-image-preview:large","max-video-preview":"max-video-preview:-1"},"canonical":"https:\/\/hakmarfrance.online\/tr\/produit\/ekstra-tuzlu-ay-cekirdegi-200g-delikatessa\/","og_locale":"tr_TR","og_type":"article","og_title":"Ekstra Tuzlu Ay \u00c7ekirde\u011fi 200g \u2013 Delikatessa - hakmarfrance.online","og_description":"Lezzet dolu molalar i\u00e7in Delikatessa 200g ay \u00e7ekirde\u011fi, ekstra tuzlu, \u00e7\u0131t\u0131r ve yo\u011fun.","og_url":"https:\/\/hakmarfrance.online\/tr\/produit\/ekstra-tuzlu-ay-cekirdegi-200g-delikatessa\/","og_site_name":"hakmarfrance.online","article_publisher":"https:\/\/www.facebook.com\/HakmarFranceSupermarche\/?locale=fr_FR","og_image":[{"width":1000,"height":800,"url":"https:\/\/hakmarfrance.online\/wp-content\/uploads\/2025\/07\/delikatessa-graines-tournesol-extra-sel-200g.avif","type":"image\/png"}],"twitter_card":"summary_large_image","schema":{"@context":"https:\/\/schema.org","@graph":[{"@type":"WebPage","@id":"https:\/\/hakmarfrance.online\/tr\/produit\/ekstra-tuzlu-ay-cekirdegi-200g-delikatessa\/","url":"https:\/\/hakmarfrance.online\/tr\/produit\/ekstra-tuzlu-ay-cekirdegi-200g-delikatessa\/","name":"Ekstra Tuzlu Ay \u00c7ekirde\u011fi 200g \u2013 Delikatessa - hakmarfrance.online","isPartOf":{"@id":"https:\/\/hakmarfrance.online\/tr\/#website"},"primaryImageOfPage":{"@id":"https:\/\/hakmarfrance.online\/tr\/produit\/ekstra-tuzlu-ay-cekirdegi-200g-delikatessa\/#primaryimage"},"image":{"@id":"https:\/\/hakmarfrance.online\/tr\/produit\/ekstra-tuzlu-ay-cekirdegi-200g-delikatessa\/#primaryimage"},"thumbnailUrl":"https:\/\/hakmarfrance.online\/wp-content\/uploads\/2025\/07\/delikatessa-graines-tournesol-extra-sel-200g.avif","datePublished":"2025-07-09T08:20:28+00:00","breadcrumb":{"@id":"https:\/\/hakmarfrance.online\/tr\/produit\/ekstra-tuzlu-ay-cekirdegi-200g-delikatessa\/#breadcrumb"},"inLanguage":"tr-TR","potentialAction":[{"@type":"ReadAction","target":["https:\/\/hakmarfrance.online\/tr\/produit\/ekstra-tuzlu-ay-cekirdegi-200g-delikatessa\/"]}]},{"@type":"ImageObject","inLanguage":"tr-TR","@id":"https:\/\/hakmarfrance.online\/tr\/produit\/ekstra-tuzlu-ay-cekirdegi-200g-delikatessa\/#primaryimage","url":"https:\/\/hakmarfrance.online\/wp-content\/uploads\/2025\/07\/delikatessa-graines-tournesol-extra-sel-200g.avif","contentUrl":"https:\/\/hakmarfrance.online\/wp-content\/uploads\/2025\/07\/delikatessa-graines-tournesol-extra-sel-200g.avif","width":1000,"height":800,"caption":"Delikatessa \u2013 Kabuklu ekstra tuzlu ay \u00e7ekirde\u011fi, 200g'l\u0131k paket"},{"@type":"BreadcrumbList","@id":"https:\/\/hakmarfrance.online\/tr\/produit\/ekstra-tuzlu-ay-cekirdegi-200g-delikatessa\/#breadcrumb","itemListElement":[{"@type":"ListItem","position":1,"name":"Accueil","item":"https:\/\/hakmarfrance.online\/tr\/"},{"@type":"ListItem","position":2,"name":"Ma\u011faza","item":"https:\/\/hakmarfrance.online\/tr\/magaza\/"},{"@type":"ListItem","position":3,"name":"Ekstra Tuzlu Ay \u00c7ekirde\u011fi 200g \u2013 Delikatessa"}]},{"@type":"WebSite","@id":"https:\/\/hakmarfrance.online\/tr\/#website","url":"https:\/\/hakmarfrance.online\/tr\/","name":"hakmarfrance.online","description":"","publisher":{"@id":"https:\/\/hakmarfrance.online\/tr\/#organization"},"potentialAction":[{"@type":"SearchAction","target":{"@type":"EntryPoint","urlTemplate":"https:\/\/hakmarfrance.online\/tr\/?s={search_term_string}"},"query-input":{"@type":"PropertyValueSpecification","valueRequired":true,"valueName":"search_term_string"}}],"inLanguage":"tr-TR"},{"@type":"Organization","@id":"https:\/\/hakmarfrance.online\/tr\/#organization","name":"hakmarfrance.online","url":"https:\/\/hakmarfrance.online\/tr\/","logo":{"@type":"ImageObject","inLanguage":"tr-TR","@id":"https:\/\/hakmarfrance.online\/tr\/#\/schema\/logo\/image\/","url":"https:\/\/hakmarfrance.online\/wp-content\/uploads\/2025\/06\/logo-hakmarfrance.png","contentUrl":"https:\/\/hakmarfrance.online\/wp-content\/uploads\/2025\/06\/logo-hakmarfrance.png","width":528,"height":232,"caption":"hakmarfrance.online"},"image":{"@id":"https:\/\/hakmarfrance.online\/tr\/#\/schema\/logo\/image\/"},"sameAs":["https:\/\/www.facebook.com\/HakmarFranceSupermarche\/?locale=fr_FR","https:\/\/www.instagram.com\/hakmarfrancesupermarche\/"]}]}},"_links":{"self":[{"href":"https:\/\/hakmarfrance.online\/tr\/wp-json\/wp\/v2\/product\/18253","targetHints":{"allow":["GET"]}}],"collection":[{"href":"https:\/\/hakmarfrance.online\/tr\/wp-json\/wp\/v2\/product"}],"about":[{"href":"https:\/\/hakmarfrance.online\/tr\/wp-json\/wp\/v2\/types\/product"}],"replies":[{"embeddable":true,"href":"https:\/\/hakmarfrance.online\/tr\/wp-json\/wp\/v2\/comments?post=18253"}],"version-history":[{"count":0,"href":"https:\/\/hakmarfrance.online\/tr\/wp-json\/wp\/v2\/product\/18253\/revisions"}],"wp:featuredmedia":[{"embeddable":true,"href":"https:\/\/hakmarfrance.online\/tr\/wp-json\/wp\/v2\/media\/18254"}],"wp:attachment":[{"href":"https:\/\/hakmarfrance.online\/tr\/wp-json\/wp\/v2\/media?parent=18253"}],"wp:term":[{"taxonomy":"product_brand","embeddable":true,"href":"https:\/\/hakmarfrance.online\/tr\/wp-json\/wp\/v2\/product_brand?post=18253"},{"taxonomy":"product_cat","embeddable":true,"href":"https:\/\/hakmarfrance.online\/tr\/wp-json\/wp\/v2\/product_cat?post=18253"},{"taxonomy":"product_tag","embeddable":true,"href":"https:\/\/hakmarfrance.online\/tr\/wp-json\/wp\/v2\/product_tag?post=18253"}],"curies":[{"name":"wp","href":"https:\/\/api.w.org\/{rel}","templated":true}]}}