{"id":18255,"date":"2025-07-09T07:33:39","date_gmt":"2025-07-09T07:33:39","guid":{"rendered":"https:\/\/hakmarfrance.online\/produit\/colona-tatli-barbeku-sosu-sweet-barbecue-500-ml\/"},"modified":"2025-07-09T07:33:39","modified_gmt":"2025-07-09T07:33:39","slug":"colona-tatli-barbeku-sosu-sweet-barbecue-500-ml","status":"publish","type":"product","link":"https:\/\/hakmarfrance.online\/tr\/produit\/colona-tatli-barbeku-sosu-sweet-barbecue-500-ml\/","title":{"rendered":"Colona Tatl\u0131 Barbek\u00fc Sosu \u2013 Sweet Barbecue \u2013 500 ml"},"content":{"rendered":"<p data-start=\"255\" data-end=\"564\">Colona Sweet Barbecue sosu ile Amerikan barbek\u00fc lezzetinin ger\u00e7ekli\u011fini tad\u0131n! Tatl\u0131, hafif dumanl\u0131 ve \u015fekerli tarifi, t\u00fcm \u0131zgara etlerinizi, burgerlerinizi ve patates k\u0131zartmalar\u0131n\u0131z\u0131 m\u00fckemmelle\u015ftirir. Samimi ve lezzetli mutfak severleri i\u00e7in g\u00fcvenilir bir se\u00e7im.  <\/p>\n<p data-start=\"566\" data-end=\"676\">\ud83d\udd25 Tipik dumanl\u0131 tatl\u0131 lezzet<br data-start=\"592\" data-end=\"595\">\ud83c\udf54 Burger, kaburga, nugget i\u00e7in ideal<br data-start=\"632\" data-end=\"635\">\ud83c\udde7\ud83c\uddea Bel\u00e7ika&#8217;da uzmanl\u0131kla \u00fcretilmi\u015f<\/p>\n<p data-start=\"678\" data-end=\"714\">\u2705 <strong data-start=\"680\" data-end=\"712\">Ana \u00f6zellikler<\/strong>:<\/p>\n<ul data-start=\"716\" data-end=\"904\">\n<li data-start=\"716\" data-end=\"739\">\n<p data-start=\"718\" data-end=\"739\">\u0130\u00e7erik: 500 ml<\/p>\n<\/li>\n<li data-start=\"740\" data-end=\"786\">\n<p data-start=\"742\" data-end=\"786\">Tatl\u0131 ve hafif \u015fekerli barbek\u00fc lezzeti<\/p>\n<\/li>\n<li data-start=\"787\" data-end=\"820\">\n<p data-start=\"789\" data-end=\"820\">Kremsi ve kaplayan doku<\/p>\n<\/li>\n<li data-start=\"821\" data-end=\"866\">\n<p data-start=\"823\" data-end=\"866\">Et, sandvi\u00e7, patates k\u0131zartmas\u0131 i\u00e7in m\u00fckemmel<\/p>\n<\/li>\n<li data-start=\"867\" data-end=\"904\">\n<p data-start=\"869\" data-end=\"904\">K\u0131rm\u0131z\u0131 kapakl\u0131 esnek \u015fi\u015fe<\/p>\n<\/li>\n<\/ul>\n","protected":false},"excerpt":{"rendered":"<p><strong data-start=\"1325\" data-end=\"1356\">Tatl\u0131 barbek\u00fc sosu 500 ml<\/strong>: Lezzetli \u0131zgaralar i\u00e7in, et ve burgerlerle m\u00fckemmel olan dumanl\u0131 ve tatl\u0131 lezzetli Colona barbek\u00fc sosunu tercih edin.<\/p>\n","protected":false},"featured_media":18256,"comment_status":"open","ping_status":"closed","template":"","meta":{"iawp_total_views":0},"product_brand":[],"product_cat":[293,286,306,225],"product_tag":[],"class_list":{"0":"post-18255","1":"product","2":"type-product","3":"status-publish","4":"has-post-thumbnail","6":"product_cat-baharatlar-cesniler","7":"product_cat-dogu-marketi","8":"product_cat-soslar-cesniler","9":"product_cat-tum-urunlerimiz","11":"first","12":"instock","13":"shipping-taxable","14":"purchasable","15":"product-type-simple"},"yoast_head":"<!-- This site is optimized with the Yoast SEO plugin v27.3 - https:\/\/yoast.com\/product\/yoast-seo-wordpress\/ -->\n<title>Colona Tatl\u0131 Barbek\u00fc Sosu \u2013 Sweet Barbecue \u2013 500 ml - hakmarfrance.online<\/title>\n<meta name=\"robots\" content=\"index, follow, max-snippet:-1, max-image-preview:large, max-video-preview:-1\" \/>\n<link rel=\"canonical\" href=\"https:\/\/hakmarfrance.online\/tr\/produit\/colona-tatli-barbeku-sosu-sweet-barbecue-500-ml\/\" \/>\n<meta property=\"og:locale\" content=\"tr_TR\" \/>\n<meta property=\"og:type\" content=\"article\" \/>\n<meta property=\"og:title\" content=\"Colona Tatl\u0131 Barbek\u00fc Sosu \u2013 Sweet Barbecue \u2013 500 ml - hakmarfrance.online\" \/>\n<meta property=\"og:description\" content=\"Tatl\u0131 barbek\u00fc sosu 500 ml: Lezzetli \u0131zgaralar i\u00e7in, et ve burgerlerle m\u00fckemmel olan dumanl\u0131 ve tatl\u0131 lezzetli Colona barbek\u00fc sosunu tercih edin.\" \/>\n<meta property=\"og:url\" content=\"https:\/\/hakmarfrance.online\/tr\/produit\/colona-tatli-barbeku-sosu-sweet-barbecue-500-ml\/\" \/>\n<meta property=\"og:site_name\" content=\"hakmarfrance.online\" \/>\n<meta property=\"article:publisher\" content=\"https:\/\/www.facebook.com\/HakmarFranceSupermarche\/?locale=fr_FR\" \/>\n<meta property=\"og:image\" content=\"https:\/\/hakmarfrance.online\/wp-content\/uploads\/2025\/07\/sauce-barbecue-douce-colona-500ml.avif\" \/>\n\t<meta property=\"og:image:width\" content=\"1000\" \/>\n\t<meta property=\"og:image:height\" content=\"800\" \/>\n\t<meta property=\"og:image:type\" content=\"image\/png\" \/>\n<meta name=\"twitter:card\" content=\"summary_large_image\" \/>\n<script type=\"application\/ld+json\" class=\"yoast-schema-graph\">{\"@context\":\"https:\\\/\\\/schema.org\",\"@graph\":[{\"@type\":\"WebPage\",\"@id\":\"https:\\\/\\\/hakmarfrance.online\\\/tr\\\/produit\\\/colona-tatli-barbeku-sosu-sweet-barbecue-500-ml\\\/\",\"url\":\"https:\\\/\\\/hakmarfrance.online\\\/tr\\\/produit\\\/colona-tatli-barbeku-sosu-sweet-barbecue-500-ml\\\/\",\"name\":\"Colona Tatl\u0131 Barbek\u00fc Sosu \u2013 Sweet Barbecue \u2013 500 ml - hakmarfrance.online\",\"isPartOf\":{\"@id\":\"https:\\\/\\\/hakmarfrance.online\\\/tr\\\/#website\"},\"primaryImageOfPage\":{\"@id\":\"https:\\\/\\\/hakmarfrance.online\\\/tr\\\/produit\\\/colona-tatli-barbeku-sosu-sweet-barbecue-500-ml\\\/#primaryimage\"},\"image\":{\"@id\":\"https:\\\/\\\/hakmarfrance.online\\\/tr\\\/produit\\\/colona-tatli-barbeku-sosu-sweet-barbecue-500-ml\\\/#primaryimage\"},\"thumbnailUrl\":\"https:\\\/\\\/hakmarfrance.online\\\/wp-content\\\/uploads\\\/2025\\\/07\\\/sauce-barbecue-douce-colona-500ml.avif\",\"datePublished\":\"2025-07-09T07:33:39+00:00\",\"breadcrumb\":{\"@id\":\"https:\\\/\\\/hakmarfrance.online\\\/tr\\\/produit\\\/colona-tatli-barbeku-sosu-sweet-barbecue-500-ml\\\/#breadcrumb\"},\"inLanguage\":\"tr-TR\",\"potentialAction\":[{\"@type\":\"ReadAction\",\"target\":[\"https:\\\/\\\/hakmarfrance.online\\\/tr\\\/produit\\\/colona-tatli-barbeku-sosu-sweet-barbecue-500-ml\\\/\"]}]},{\"@type\":\"ImageObject\",\"inLanguage\":\"tr-TR\",\"@id\":\"https:\\\/\\\/hakmarfrance.online\\\/tr\\\/produit\\\/colona-tatli-barbeku-sosu-sweet-barbecue-500-ml\\\/#primaryimage\",\"url\":\"https:\\\/\\\/hakmarfrance.online\\\/wp-content\\\/uploads\\\/2025\\\/07\\\/sauce-barbecue-douce-colona-500ml.avif\",\"contentUrl\":\"https:\\\/\\\/hakmarfrance.online\\\/wp-content\\\/uploads\\\/2025\\\/07\\\/sauce-barbecue-douce-colona-500ml.avif\",\"width\":1000,\"height\":800,\"caption\":\"Colona \u2013 Tatl\u0131 barbek\u00fc sosu \u2013 500 ml \u2013 Dumanl\u0131 ve tatl\u0131 lezzet\"},{\"@type\":\"BreadcrumbList\",\"@id\":\"https:\\\/\\\/hakmarfrance.online\\\/tr\\\/produit\\\/colona-tatli-barbeku-sosu-sweet-barbecue-500-ml\\\/#breadcrumb\",\"itemListElement\":[{\"@type\":\"ListItem\",\"position\":1,\"name\":\"Accueil\",\"item\":\"https:\\\/\\\/hakmarfrance.online\\\/tr\\\/\"},{\"@type\":\"ListItem\",\"position\":2,\"name\":\"Ma\u011faza\",\"item\":\"https:\\\/\\\/hakmarfrance.online\\\/tr\\\/magaza\\\/\"},{\"@type\":\"ListItem\",\"position\":3,\"name\":\"Colona Tatl\u0131 Barbek\u00fc Sosu \u2013 Sweet Barbecue \u2013 500 ml\"}]},{\"@type\":\"WebSite\",\"@id\":\"https:\\\/\\\/hakmarfrance.online\\\/tr\\\/#website\",\"url\":\"https:\\\/\\\/hakmarfrance.online\\\/tr\\\/\",\"name\":\"hakmarfrance.online\",\"description\":\"\",\"publisher\":{\"@id\":\"https:\\\/\\\/hakmarfrance.online\\\/tr\\\/#organization\"},\"potentialAction\":[{\"@type\":\"SearchAction\",\"target\":{\"@type\":\"EntryPoint\",\"urlTemplate\":\"https:\\\/\\\/hakmarfrance.online\\\/tr\\\/?s={search_term_string}\"},\"query-input\":{\"@type\":\"PropertyValueSpecification\",\"valueRequired\":true,\"valueName\":\"search_term_string\"}}],\"inLanguage\":\"tr-TR\"},{\"@type\":\"Organization\",\"@id\":\"https:\\\/\\\/hakmarfrance.online\\\/tr\\\/#organization\",\"name\":\"hakmarfrance.online\",\"url\":\"https:\\\/\\\/hakmarfrance.online\\\/tr\\\/\",\"logo\":{\"@type\":\"ImageObject\",\"inLanguage\":\"tr-TR\",\"@id\":\"https:\\\/\\\/hakmarfrance.online\\\/tr\\\/#\\\/schema\\\/logo\\\/image\\\/\",\"url\":\"https:\\\/\\\/hakmarfrance.online\\\/wp-content\\\/uploads\\\/2025\\\/06\\\/logo-hakmarfrance.png\",\"contentUrl\":\"https:\\\/\\\/hakmarfrance.online\\\/wp-content\\\/uploads\\\/2025\\\/06\\\/logo-hakmarfrance.png\",\"width\":528,\"height\":232,\"caption\":\"hakmarfrance.online\"},\"image\":{\"@id\":\"https:\\\/\\\/hakmarfrance.online\\\/tr\\\/#\\\/schema\\\/logo\\\/image\\\/\"},\"sameAs\":[\"https:\\\/\\\/www.facebook.com\\\/HakmarFranceSupermarche\\\/?locale=fr_FR\",\"https:\\\/\\\/www.instagram.com\\\/hakmarfrancesupermarche\\\/\"]}]}<\/script>\n<!-- \/ Yoast SEO plugin. -->","yoast_head_json":{"title":"Colona Tatl\u0131 Barbek\u00fc Sosu \u2013 Sweet Barbecue \u2013 500 ml - hakmarfrance.online","robots":{"index":"index","follow":"follow","max-snippet":"max-snippet:-1","max-image-preview":"max-image-preview:large","max-video-preview":"max-video-preview:-1"},"canonical":"https:\/\/hakmarfrance.online\/tr\/produit\/colona-tatli-barbeku-sosu-sweet-barbecue-500-ml\/","og_locale":"tr_TR","og_type":"article","og_title":"Colona Tatl\u0131 Barbek\u00fc Sosu \u2013 Sweet Barbecue \u2013 500 ml - hakmarfrance.online","og_description":"Tatl\u0131 barbek\u00fc sosu 500 ml: Lezzetli \u0131zgaralar i\u00e7in, et ve burgerlerle m\u00fckemmel olan dumanl\u0131 ve tatl\u0131 lezzetli Colona barbek\u00fc sosunu tercih edin.","og_url":"https:\/\/hakmarfrance.online\/tr\/produit\/colona-tatli-barbeku-sosu-sweet-barbecue-500-ml\/","og_site_name":"hakmarfrance.online","article_publisher":"https:\/\/www.facebook.com\/HakmarFranceSupermarche\/?locale=fr_FR","og_image":[{"width":1000,"height":800,"url":"https:\/\/hakmarfrance.online\/wp-content\/uploads\/2025\/07\/sauce-barbecue-douce-colona-500ml.avif","type":"image\/png"}],"twitter_card":"summary_large_image","schema":{"@context":"https:\/\/schema.org","@graph":[{"@type":"WebPage","@id":"https:\/\/hakmarfrance.online\/tr\/produit\/colona-tatli-barbeku-sosu-sweet-barbecue-500-ml\/","url":"https:\/\/hakmarfrance.online\/tr\/produit\/colona-tatli-barbeku-sosu-sweet-barbecue-500-ml\/","name":"Colona Tatl\u0131 Barbek\u00fc Sosu \u2013 Sweet Barbecue \u2013 500 ml - hakmarfrance.online","isPartOf":{"@id":"https:\/\/hakmarfrance.online\/tr\/#website"},"primaryImageOfPage":{"@id":"https:\/\/hakmarfrance.online\/tr\/produit\/colona-tatli-barbeku-sosu-sweet-barbecue-500-ml\/#primaryimage"},"image":{"@id":"https:\/\/hakmarfrance.online\/tr\/produit\/colona-tatli-barbeku-sosu-sweet-barbecue-500-ml\/#primaryimage"},"thumbnailUrl":"https:\/\/hakmarfrance.online\/wp-content\/uploads\/2025\/07\/sauce-barbecue-douce-colona-500ml.avif","datePublished":"2025-07-09T07:33:39+00:00","breadcrumb":{"@id":"https:\/\/hakmarfrance.online\/tr\/produit\/colona-tatli-barbeku-sosu-sweet-barbecue-500-ml\/#breadcrumb"},"inLanguage":"tr-TR","potentialAction":[{"@type":"ReadAction","target":["https:\/\/hakmarfrance.online\/tr\/produit\/colona-tatli-barbeku-sosu-sweet-barbecue-500-ml\/"]}]},{"@type":"ImageObject","inLanguage":"tr-TR","@id":"https:\/\/hakmarfrance.online\/tr\/produit\/colona-tatli-barbeku-sosu-sweet-barbecue-500-ml\/#primaryimage","url":"https:\/\/hakmarfrance.online\/wp-content\/uploads\/2025\/07\/sauce-barbecue-douce-colona-500ml.avif","contentUrl":"https:\/\/hakmarfrance.online\/wp-content\/uploads\/2025\/07\/sauce-barbecue-douce-colona-500ml.avif","width":1000,"height":800,"caption":"Colona \u2013 Tatl\u0131 barbek\u00fc sosu \u2013 500 ml \u2013 Dumanl\u0131 ve tatl\u0131 lezzet"},{"@type":"BreadcrumbList","@id":"https:\/\/hakmarfrance.online\/tr\/produit\/colona-tatli-barbeku-sosu-sweet-barbecue-500-ml\/#breadcrumb","itemListElement":[{"@type":"ListItem","position":1,"name":"Accueil","item":"https:\/\/hakmarfrance.online\/tr\/"},{"@type":"ListItem","position":2,"name":"Ma\u011faza","item":"https:\/\/hakmarfrance.online\/tr\/magaza\/"},{"@type":"ListItem","position":3,"name":"Colona Tatl\u0131 Barbek\u00fc Sosu \u2013 Sweet Barbecue \u2013 500 ml"}]},{"@type":"WebSite","@id":"https:\/\/hakmarfrance.online\/tr\/#website","url":"https:\/\/hakmarfrance.online\/tr\/","name":"hakmarfrance.online","description":"","publisher":{"@id":"https:\/\/hakmarfrance.online\/tr\/#organization"},"potentialAction":[{"@type":"SearchAction","target":{"@type":"EntryPoint","urlTemplate":"https:\/\/hakmarfrance.online\/tr\/?s={search_term_string}"},"query-input":{"@type":"PropertyValueSpecification","valueRequired":true,"valueName":"search_term_string"}}],"inLanguage":"tr-TR"},{"@type":"Organization","@id":"https:\/\/hakmarfrance.online\/tr\/#organization","name":"hakmarfrance.online","url":"https:\/\/hakmarfrance.online\/tr\/","logo":{"@type":"ImageObject","inLanguage":"tr-TR","@id":"https:\/\/hakmarfrance.online\/tr\/#\/schema\/logo\/image\/","url":"https:\/\/hakmarfrance.online\/wp-content\/uploads\/2025\/06\/logo-hakmarfrance.png","contentUrl":"https:\/\/hakmarfrance.online\/wp-content\/uploads\/2025\/06\/logo-hakmarfrance.png","width":528,"height":232,"caption":"hakmarfrance.online"},"image":{"@id":"https:\/\/hakmarfrance.online\/tr\/#\/schema\/logo\/image\/"},"sameAs":["https:\/\/www.facebook.com\/HakmarFranceSupermarche\/?locale=fr_FR","https:\/\/www.instagram.com\/hakmarfrancesupermarche\/"]}]}},"_links":{"self":[{"href":"https:\/\/hakmarfrance.online\/tr\/wp-json\/wp\/v2\/product\/18255","targetHints":{"allow":["GET"]}}],"collection":[{"href":"https:\/\/hakmarfrance.online\/tr\/wp-json\/wp\/v2\/product"}],"about":[{"href":"https:\/\/hakmarfrance.online\/tr\/wp-json\/wp\/v2\/types\/product"}],"replies":[{"embeddable":true,"href":"https:\/\/hakmarfrance.online\/tr\/wp-json\/wp\/v2\/comments?post=18255"}],"version-history":[{"count":0,"href":"https:\/\/hakmarfrance.online\/tr\/wp-json\/wp\/v2\/product\/18255\/revisions"}],"wp:featuredmedia":[{"embeddable":true,"href":"https:\/\/hakmarfrance.online\/tr\/wp-json\/wp\/v2\/media\/18256"}],"wp:attachment":[{"href":"https:\/\/hakmarfrance.online\/tr\/wp-json\/wp\/v2\/media?parent=18255"}],"wp:term":[{"taxonomy":"product_brand","embeddable":true,"href":"https:\/\/hakmarfrance.online\/tr\/wp-json\/wp\/v2\/product_brand?post=18255"},{"taxonomy":"product_cat","embeddable":true,"href":"https:\/\/hakmarfrance.online\/tr\/wp-json\/wp\/v2\/product_cat?post=18255"},{"taxonomy":"product_tag","embeddable":true,"href":"https:\/\/hakmarfrance.online\/tr\/wp-json\/wp\/v2\/product_tag?post=18255"}],"curies":[{"name":"wp","href":"https:\/\/api.w.org\/{rel}","templated":true}]}}