{"id":18257,"date":"2025-07-09T07:40:11","date_gmt":"2025-07-09T07:40:11","guid":{"rendered":"https:\/\/hakmarfrance.online\/produit\/yorem-tam-yagli-sut-35-uht-uzun-omurlu-1-litre\/"},"modified":"2025-07-09T07:40:11","modified_gmt":"2025-07-09T07:40:11","slug":"yorem-tam-yagli-sut-35-uht-uzun-omurlu-1-litre","status":"publish","type":"product","link":"https:\/\/hakmarfrance.online\/tr\/produit\/yorem-tam-yagli-sut-35-uht-uzun-omurlu-1-litre\/","title":{"rendered":"Y\u00f6rem Tam Ya\u011fl\u0131 S\u00fct %3,5 &#8211; UHT Uzun \u00d6m\u00fcrl\u00fc &#8211; 1 Litre"},"content":{"rendered":"<p data-start=\"257\" data-end=\"643\"><strong data-start=\"319\" data-end=\"346\">Y\u00f6rem %3,5 tam ya\u011fl\u0131 s\u00fct<\/strong>, kahvalt\u0131lar\u0131n\u0131z, tarifleriniz veya s\u0131cak i\u00e7ecekleriniz i\u00e7in ideal, lezzetli ve zengin bir s\u00fctt\u00fcr. %3,5 ya\u011f oran\u0131, otantik tat severler i\u00e7in m\u00fckemmel olan kremsi bir s\u00fct yapar. UHT sterilizasyonu, kaliteden \u00f6d\u00fcn vermeden uzun \u00f6m\u00fcrl\u00fc saklama garantisi verir.  <\/p>\n<p data-start=\"645\" data-end=\"681\">\u2705 <strong data-start=\"647\" data-end=\"679\">Ana \u00f6zellikler<\/strong>:<\/p>\n<ul data-start=\"683\" data-end=\"850\">\n<li data-start=\"683\" data-end=\"712\">\n<p data-start=\"685\" data-end=\"712\">UHT sterilize tam ya\u011fl\u0131 s\u00fct<\/p>\n<\/li>\n<li data-start=\"713\" data-end=\"740\">\n<p data-start=\"715\" data-end=\"740\">%3,5 ya\u011f oran\u0131<\/p>\n<\/li>\n<li data-start=\"741\" data-end=\"786\">\n<p data-start=\"743\" data-end=\"786\">Yeniden kapat\u0131labilir kapakl\u0131 1 litrelik kutu<\/p>\n<\/li>\n<li data-start=\"787\" data-end=\"805\">\n<p data-start=\"789\" data-end=\"805\">Marka: Y\u00f6rem<\/p>\n<\/li>\n<li data-start=\"806\" data-end=\"828\">\n<p data-start=\"808\" data-end=\"828\">Avrupa men\u015feli<\/p>\n<\/li>\n<li data-start=\"829\" data-end=\"850\">\n<p data-start=\"831\" data-end=\"850\">Uzun \u00f6m\u00fcrl\u00fc<\/p>\n<\/li>\n<\/ul>\n","protected":false},"excerpt":{"rendered":"<p><strong data-start=\"1229\" data-end=\"1264\">Y\u00f6rem UHT %3,5 Tam Ya\u011fl\u0131 S\u00fct 1 L<\/strong>: T\u00fcm aile i\u00e7in ideal, zengin ve kremsi bir s\u00fct. Oda s\u0131cakl\u0131\u011f\u0131nda saklan\u0131r, her an t\u00fcketmeye haz\u0131r. <\/p>\n","protected":false},"featured_media":18258,"comment_status":"open","ping_status":"closed","template":"","meta":{"iawp_total_views":0},"product_brand":[173],"product_cat":[283,228,287,225],"product_tag":[],"class_list":{"0":"post-18257","1":"product","2":"type-product","3":"status-publish","4":"has-post-thumbnail","6":"product_brand-yorem","7":"product_cat-et-balik-sarkuteri","8":"product_cat-icecekler","9":"product_cat-taze-urunler-sut-urunleri-mandira","10":"product_cat-tum-urunlerimiz","12":"first","13":"instock","14":"shipping-taxable","15":"purchasable","16":"product-type-simple"},"yoast_head":"<!-- This site is optimized with the Yoast SEO plugin v27.3 - https:\/\/yoast.com\/product\/yoast-seo-wordpress\/ -->\n<title>Y\u00f6rem Tam Ya\u011fl\u0131 S\u00fct %3,5 - UHT Uzun \u00d6m\u00fcrl\u00fc - 1 Litre - hakmarfrance.online<\/title>\n<meta name=\"robots\" content=\"index, follow, max-snippet:-1, max-image-preview:large, max-video-preview:-1\" \/>\n<link rel=\"canonical\" href=\"https:\/\/hakmarfrance.online\/tr\/produit\/yorem-tam-yagli-sut-35-uht-uzun-omurlu-1-litre\/\" \/>\n<meta property=\"og:locale\" content=\"tr_TR\" \/>\n<meta property=\"og:type\" content=\"article\" \/>\n<meta property=\"og:title\" content=\"Y\u00f6rem Tam Ya\u011fl\u0131 S\u00fct %3,5 - UHT Uzun \u00d6m\u00fcrl\u00fc - 1 Litre - hakmarfrance.online\" \/>\n<meta property=\"og:description\" content=\"Y\u00f6rem UHT %3,5 Tam Ya\u011fl\u0131 S\u00fct 1 L: T\u00fcm aile i\u00e7in ideal, zengin ve kremsi bir s\u00fct. Oda s\u0131cakl\u0131\u011f\u0131nda saklan\u0131r, her an t\u00fcketmeye haz\u0131r.\" \/>\n<meta property=\"og:url\" content=\"https:\/\/hakmarfrance.online\/tr\/produit\/yorem-tam-yagli-sut-35-uht-uzun-omurlu-1-litre\/\" \/>\n<meta property=\"og:site_name\" content=\"hakmarfrance.online\" \/>\n<meta property=\"article:publisher\" content=\"https:\/\/www.facebook.com\/HakmarFranceSupermarche\/?locale=fr_FR\" \/>\n<meta property=\"og:image\" content=\"https:\/\/hakmarfrance.online\/wp-content\/uploads\/2025\/07\/lait-entier-yorem-uht-3-5-1l.avif\" \/>\n\t<meta property=\"og:image:width\" content=\"1000\" \/>\n\t<meta property=\"og:image:height\" content=\"800\" \/>\n\t<meta property=\"og:image:type\" content=\"image\/png\" \/>\n<meta name=\"twitter:card\" content=\"summary_large_image\" \/>\n<script type=\"application\/ld+json\" class=\"yoast-schema-graph\">{\"@context\":\"https:\\\/\\\/schema.org\",\"@graph\":[{\"@type\":\"WebPage\",\"@id\":\"https:\\\/\\\/hakmarfrance.online\\\/tr\\\/produit\\\/yorem-tam-yagli-sut-35-uht-uzun-omurlu-1-litre\\\/\",\"url\":\"https:\\\/\\\/hakmarfrance.online\\\/tr\\\/produit\\\/yorem-tam-yagli-sut-35-uht-uzun-omurlu-1-litre\\\/\",\"name\":\"Y\u00f6rem Tam Ya\u011fl\u0131 S\u00fct %3,5 - UHT Uzun \u00d6m\u00fcrl\u00fc - 1 Litre - hakmarfrance.online\",\"isPartOf\":{\"@id\":\"https:\\\/\\\/hakmarfrance.online\\\/tr\\\/#website\"},\"primaryImageOfPage\":{\"@id\":\"https:\\\/\\\/hakmarfrance.online\\\/tr\\\/produit\\\/yorem-tam-yagli-sut-35-uht-uzun-omurlu-1-litre\\\/#primaryimage\"},\"image\":{\"@id\":\"https:\\\/\\\/hakmarfrance.online\\\/tr\\\/produit\\\/yorem-tam-yagli-sut-35-uht-uzun-omurlu-1-litre\\\/#primaryimage\"},\"thumbnailUrl\":\"https:\\\/\\\/hakmarfrance.online\\\/wp-content\\\/uploads\\\/2025\\\/07\\\/lait-entier-yorem-uht-3-5-1l.avif\",\"datePublished\":\"2025-07-09T07:40:11+00:00\",\"breadcrumb\":{\"@id\":\"https:\\\/\\\/hakmarfrance.online\\\/tr\\\/produit\\\/yorem-tam-yagli-sut-35-uht-uzun-omurlu-1-litre\\\/#breadcrumb\"},\"inLanguage\":\"tr-TR\",\"potentialAction\":[{\"@type\":\"ReadAction\",\"target\":[\"https:\\\/\\\/hakmarfrance.online\\\/tr\\\/produit\\\/yorem-tam-yagli-sut-35-uht-uzun-omurlu-1-litre\\\/\"]}]},{\"@type\":\"ImageObject\",\"inLanguage\":\"tr-TR\",\"@id\":\"https:\\\/\\\/hakmarfrance.online\\\/tr\\\/produit\\\/yorem-tam-yagli-sut-35-uht-uzun-omurlu-1-litre\\\/#primaryimage\",\"url\":\"https:\\\/\\\/hakmarfrance.online\\\/wp-content\\\/uploads\\\/2025\\\/07\\\/lait-entier-yorem-uht-3-5-1l.avif\",\"contentUrl\":\"https:\\\/\\\/hakmarfrance.online\\\/wp-content\\\/uploads\\\/2025\\\/07\\\/lait-entier-yorem-uht-3-5-1l.avif\",\"width\":1000,\"height\":800,\"caption\":\"Y\u00f6rem UHT Tam Ya\u011fl\u0131 S\u00fct %3,5 - 1 L - Zengin ve kremsi tat\"},{\"@type\":\"BreadcrumbList\",\"@id\":\"https:\\\/\\\/hakmarfrance.online\\\/tr\\\/produit\\\/yorem-tam-yagli-sut-35-uht-uzun-omurlu-1-litre\\\/#breadcrumb\",\"itemListElement\":[{\"@type\":\"ListItem\",\"position\":1,\"name\":\"Accueil\",\"item\":\"https:\\\/\\\/hakmarfrance.online\\\/tr\\\/\"},{\"@type\":\"ListItem\",\"position\":2,\"name\":\"Ma\u011faza\",\"item\":\"https:\\\/\\\/hakmarfrance.online\\\/tr\\\/magaza\\\/\"},{\"@type\":\"ListItem\",\"position\":3,\"name\":\"Y\u00f6rem Tam Ya\u011fl\u0131 S\u00fct %3,5 &#8211; UHT Uzun \u00d6m\u00fcrl\u00fc &#8211; 1 Litre\"}]},{\"@type\":\"WebSite\",\"@id\":\"https:\\\/\\\/hakmarfrance.online\\\/tr\\\/#website\",\"url\":\"https:\\\/\\\/hakmarfrance.online\\\/tr\\\/\",\"name\":\"hakmarfrance.online\",\"description\":\"\",\"publisher\":{\"@id\":\"https:\\\/\\\/hakmarfrance.online\\\/tr\\\/#organization\"},\"potentialAction\":[{\"@type\":\"SearchAction\",\"target\":{\"@type\":\"EntryPoint\",\"urlTemplate\":\"https:\\\/\\\/hakmarfrance.online\\\/tr\\\/?s={search_term_string}\"},\"query-input\":{\"@type\":\"PropertyValueSpecification\",\"valueRequired\":true,\"valueName\":\"search_term_string\"}}],\"inLanguage\":\"tr-TR\"},{\"@type\":\"Organization\",\"@id\":\"https:\\\/\\\/hakmarfrance.online\\\/tr\\\/#organization\",\"name\":\"hakmarfrance.online\",\"url\":\"https:\\\/\\\/hakmarfrance.online\\\/tr\\\/\",\"logo\":{\"@type\":\"ImageObject\",\"inLanguage\":\"tr-TR\",\"@id\":\"https:\\\/\\\/hakmarfrance.online\\\/tr\\\/#\\\/schema\\\/logo\\\/image\\\/\",\"url\":\"https:\\\/\\\/hakmarfrance.online\\\/wp-content\\\/uploads\\\/2025\\\/06\\\/logo-hakmarfrance.png\",\"contentUrl\":\"https:\\\/\\\/hakmarfrance.online\\\/wp-content\\\/uploads\\\/2025\\\/06\\\/logo-hakmarfrance.png\",\"width\":528,\"height\":232,\"caption\":\"hakmarfrance.online\"},\"image\":{\"@id\":\"https:\\\/\\\/hakmarfrance.online\\\/tr\\\/#\\\/schema\\\/logo\\\/image\\\/\"},\"sameAs\":[\"https:\\\/\\\/www.facebook.com\\\/HakmarFranceSupermarche\\\/?locale=fr_FR\",\"https:\\\/\\\/www.instagram.com\\\/hakmarfrancesupermarche\\\/\"]}]}<\/script>\n<!-- \/ Yoast SEO plugin. -->","yoast_head_json":{"title":"Y\u00f6rem Tam Ya\u011fl\u0131 S\u00fct %3,5 - UHT Uzun \u00d6m\u00fcrl\u00fc - 1 Litre - hakmarfrance.online","robots":{"index":"index","follow":"follow","max-snippet":"max-snippet:-1","max-image-preview":"max-image-preview:large","max-video-preview":"max-video-preview:-1"},"canonical":"https:\/\/hakmarfrance.online\/tr\/produit\/yorem-tam-yagli-sut-35-uht-uzun-omurlu-1-litre\/","og_locale":"tr_TR","og_type":"article","og_title":"Y\u00f6rem Tam Ya\u011fl\u0131 S\u00fct %3,5 - UHT Uzun \u00d6m\u00fcrl\u00fc - 1 Litre - hakmarfrance.online","og_description":"Y\u00f6rem UHT %3,5 Tam Ya\u011fl\u0131 S\u00fct 1 L: T\u00fcm aile i\u00e7in ideal, zengin ve kremsi bir s\u00fct. Oda s\u0131cakl\u0131\u011f\u0131nda saklan\u0131r, her an t\u00fcketmeye haz\u0131r.","og_url":"https:\/\/hakmarfrance.online\/tr\/produit\/yorem-tam-yagli-sut-35-uht-uzun-omurlu-1-litre\/","og_site_name":"hakmarfrance.online","article_publisher":"https:\/\/www.facebook.com\/HakmarFranceSupermarche\/?locale=fr_FR","og_image":[{"width":1000,"height":800,"url":"https:\/\/hakmarfrance.online\/wp-content\/uploads\/2025\/07\/lait-entier-yorem-uht-3-5-1l.avif","type":"image\/png"}],"twitter_card":"summary_large_image","schema":{"@context":"https:\/\/schema.org","@graph":[{"@type":"WebPage","@id":"https:\/\/hakmarfrance.online\/tr\/produit\/yorem-tam-yagli-sut-35-uht-uzun-omurlu-1-litre\/","url":"https:\/\/hakmarfrance.online\/tr\/produit\/yorem-tam-yagli-sut-35-uht-uzun-omurlu-1-litre\/","name":"Y\u00f6rem Tam Ya\u011fl\u0131 S\u00fct %3,5 - UHT Uzun \u00d6m\u00fcrl\u00fc - 1 Litre - hakmarfrance.online","isPartOf":{"@id":"https:\/\/hakmarfrance.online\/tr\/#website"},"primaryImageOfPage":{"@id":"https:\/\/hakmarfrance.online\/tr\/produit\/yorem-tam-yagli-sut-35-uht-uzun-omurlu-1-litre\/#primaryimage"},"image":{"@id":"https:\/\/hakmarfrance.online\/tr\/produit\/yorem-tam-yagli-sut-35-uht-uzun-omurlu-1-litre\/#primaryimage"},"thumbnailUrl":"https:\/\/hakmarfrance.online\/wp-content\/uploads\/2025\/07\/lait-entier-yorem-uht-3-5-1l.avif","datePublished":"2025-07-09T07:40:11+00:00","breadcrumb":{"@id":"https:\/\/hakmarfrance.online\/tr\/produit\/yorem-tam-yagli-sut-35-uht-uzun-omurlu-1-litre\/#breadcrumb"},"inLanguage":"tr-TR","potentialAction":[{"@type":"ReadAction","target":["https:\/\/hakmarfrance.online\/tr\/produit\/yorem-tam-yagli-sut-35-uht-uzun-omurlu-1-litre\/"]}]},{"@type":"ImageObject","inLanguage":"tr-TR","@id":"https:\/\/hakmarfrance.online\/tr\/produit\/yorem-tam-yagli-sut-35-uht-uzun-omurlu-1-litre\/#primaryimage","url":"https:\/\/hakmarfrance.online\/wp-content\/uploads\/2025\/07\/lait-entier-yorem-uht-3-5-1l.avif","contentUrl":"https:\/\/hakmarfrance.online\/wp-content\/uploads\/2025\/07\/lait-entier-yorem-uht-3-5-1l.avif","width":1000,"height":800,"caption":"Y\u00f6rem UHT Tam Ya\u011fl\u0131 S\u00fct %3,5 - 1 L - Zengin ve kremsi tat"},{"@type":"BreadcrumbList","@id":"https:\/\/hakmarfrance.online\/tr\/produit\/yorem-tam-yagli-sut-35-uht-uzun-omurlu-1-litre\/#breadcrumb","itemListElement":[{"@type":"ListItem","position":1,"name":"Accueil","item":"https:\/\/hakmarfrance.online\/tr\/"},{"@type":"ListItem","position":2,"name":"Ma\u011faza","item":"https:\/\/hakmarfrance.online\/tr\/magaza\/"},{"@type":"ListItem","position":3,"name":"Y\u00f6rem Tam Ya\u011fl\u0131 S\u00fct %3,5 &#8211; UHT Uzun \u00d6m\u00fcrl\u00fc &#8211; 1 Litre"}]},{"@type":"WebSite","@id":"https:\/\/hakmarfrance.online\/tr\/#website","url":"https:\/\/hakmarfrance.online\/tr\/","name":"hakmarfrance.online","description":"","publisher":{"@id":"https:\/\/hakmarfrance.online\/tr\/#organization"},"potentialAction":[{"@type":"SearchAction","target":{"@type":"EntryPoint","urlTemplate":"https:\/\/hakmarfrance.online\/tr\/?s={search_term_string}"},"query-input":{"@type":"PropertyValueSpecification","valueRequired":true,"valueName":"search_term_string"}}],"inLanguage":"tr-TR"},{"@type":"Organization","@id":"https:\/\/hakmarfrance.online\/tr\/#organization","name":"hakmarfrance.online","url":"https:\/\/hakmarfrance.online\/tr\/","logo":{"@type":"ImageObject","inLanguage":"tr-TR","@id":"https:\/\/hakmarfrance.online\/tr\/#\/schema\/logo\/image\/","url":"https:\/\/hakmarfrance.online\/wp-content\/uploads\/2025\/06\/logo-hakmarfrance.png","contentUrl":"https:\/\/hakmarfrance.online\/wp-content\/uploads\/2025\/06\/logo-hakmarfrance.png","width":528,"height":232,"caption":"hakmarfrance.online"},"image":{"@id":"https:\/\/hakmarfrance.online\/tr\/#\/schema\/logo\/image\/"},"sameAs":["https:\/\/www.facebook.com\/HakmarFranceSupermarche\/?locale=fr_FR","https:\/\/www.instagram.com\/hakmarfrancesupermarche\/"]}]}},"_links":{"self":[{"href":"https:\/\/hakmarfrance.online\/tr\/wp-json\/wp\/v2\/product\/18257","targetHints":{"allow":["GET"]}}],"collection":[{"href":"https:\/\/hakmarfrance.online\/tr\/wp-json\/wp\/v2\/product"}],"about":[{"href":"https:\/\/hakmarfrance.online\/tr\/wp-json\/wp\/v2\/types\/product"}],"replies":[{"embeddable":true,"href":"https:\/\/hakmarfrance.online\/tr\/wp-json\/wp\/v2\/comments?post=18257"}],"version-history":[{"count":0,"href":"https:\/\/hakmarfrance.online\/tr\/wp-json\/wp\/v2\/product\/18257\/revisions"}],"wp:featuredmedia":[{"embeddable":true,"href":"https:\/\/hakmarfrance.online\/tr\/wp-json\/wp\/v2\/media\/18258"}],"wp:attachment":[{"href":"https:\/\/hakmarfrance.online\/tr\/wp-json\/wp\/v2\/media?parent=18257"}],"wp:term":[{"taxonomy":"product_brand","embeddable":true,"href":"https:\/\/hakmarfrance.online\/tr\/wp-json\/wp\/v2\/product_brand?post=18257"},{"taxonomy":"product_cat","embeddable":true,"href":"https:\/\/hakmarfrance.online\/tr\/wp-json\/wp\/v2\/product_cat?post=18257"},{"taxonomy":"product_tag","embeddable":true,"href":"https:\/\/hakmarfrance.online\/tr\/wp-json\/wp\/v2\/product_tag?post=18257"}],"curies":[{"name":"wp","href":"https:\/\/api.w.org\/{rel}","templated":true}]}}