{"id":18259,"date":"2025-07-09T07:29:37","date_gmt":"2025-07-09T07:29:37","guid":{"rendered":"https:\/\/hakmarfrance.online\/produit\/oncu-aci-sos-kirmizi-aci-biber-sosu-330-g\/"},"modified":"2025-07-09T07:29:37","modified_gmt":"2025-07-09T07:29:37","slug":"oncu-aci-sos-kirmizi-aci-biber-sosu-330-g","status":"publish","type":"product","link":"https:\/\/hakmarfrance.online\/tr\/produit\/oncu-aci-sos-kirmizi-aci-biber-sosu-330-g\/","title":{"rendered":"\u00d6nc\u00fc Ac\u0131 Sos \u2013 K\u0131rm\u0131z\u0131 Ac\u0131 Biber Sosu \u2013 330 g"},"content":{"rendered":"<p data-start=\"254\" data-end=\"642\">\u00d6nc\u00fc Ac\u0131 Sos ile yemeklerinize lezzet kat\u0131n! Bu k\u0131rm\u0131z\u0131 biber sosu, \u0131zgaralar\u0131n\u0131z\u0131, kebaplar\u0131n\u0131z\u0131, burgerlerinizi ve di\u011fer tariflerinizi canland\u0131rmak i\u00e7in m\u00fckemmeldir. G\u00fc\u00e7l\u00fc tatlar\u0131 sevenler i\u00e7in ideal olan bu sos, otantik bir tat ve kontroll\u00fc bir yo\u011funluk sunar. Esnek format\u0131 sayesinde g\u00fcnl\u00fck kullan\u0131mda kolayl\u0131k sa\u011flar.   <\/p>\n<p data-start=\"644\" data-end=\"765\">\ud83c\udf36 Tabakta ate\u015fi sevenler i\u00e7in<br data-start=\"690\" data-end=\"693\">\ud83c\uddf9\ud83c\uddf7 Kaliteli T\u00fcrk \u00fcretimi<br data-start=\"727\" data-end=\"730\">\ud83d\udcaa Kremams\u0131 doku, g\u00fc\u00e7l\u00fc tat<\/p>\n<p data-start=\"767\" data-end=\"803\">\u2705 <strong data-start=\"769\" data-end=\"801\">Ana \u00f6zellikler<\/strong>:<\/p>\n<ul data-start=\"805\" data-end=\"980\">\n<li data-start=\"805\" data-end=\"826\">\n<p data-start=\"807\" data-end=\"826\">Net a\u011f\u0131rl\u0131k: 330 g<\/p>\n<\/li>\n<li data-start=\"827\" data-end=\"857\">\n<p data-start=\"829\" data-end=\"857\">G\u00fc\u00e7l\u00fc k\u0131rm\u0131z\u0131 biber sosu<\/p>\n<\/li>\n<li data-start=\"858\" data-end=\"898\">\n<p data-start=\"860\" data-end=\"898\">\u00d6l\u00e7ekli kapakl\u0131 esnek \u015fi\u015fe<\/p>\n<\/li>\n<li data-start=\"899\" data-end=\"947\">\n<p data-start=\"901\" data-end=\"947\">Etler, sandvi\u00e7ler ve patates k\u0131zartmalar\u0131 i\u00e7in ideal<\/p>\n<\/li>\n<li data-start=\"948\" data-end=\"980\">\n<p data-start=\"950\" data-end=\"980\">Yapay koruyucu i\u00e7ermez<\/p>\n<\/li>\n<\/ul>\n","protected":false},"excerpt":{"rendered":"<p><strong data-start=\"1396\" data-end=\"1443\">\u00d6nc\u00fc K\u0131rm\u0131z\u0131 Biber Ac\u0131 Sos \u2013 330 g<\/strong>: Yemeklerinize yo\u011funluk ve lezzet katmak i\u00e7in vazge\u00e7ilmez bir ac\u0131 sos. Baharatl\u0131 mutfak sevenler i\u00e7in ideal. <\/p>\n","protected":false},"featured_media":18260,"comment_status":"open","ping_status":"closed","template":"","meta":{"iawp_total_views":0},"product_brand":[],"product_cat":[293,225,288],"product_tag":[],"class_list":{"0":"post-18259","1":"product","2":"type-product","3":"status-publish","4":"has-post-thumbnail","6":"product_cat-baharatlar-cesniler","7":"product_cat-tum-urunlerimiz","8":"product_cat-tuzlu-gidalar","10":"first","11":"instock","12":"shipping-taxable","13":"purchasable","14":"product-type-simple"},"yoast_head":"<!-- This site is optimized with the Yoast SEO plugin v27.3 - https:\/\/yoast.com\/product\/yoast-seo-wordpress\/ -->\n<title>\u00d6nc\u00fc Ac\u0131 Sos \u2013 K\u0131rm\u0131z\u0131 Ac\u0131 Biber Sosu \u2013 330 g - hakmarfrance.online<\/title>\n<meta name=\"robots\" content=\"index, follow, max-snippet:-1, max-image-preview:large, max-video-preview:-1\" \/>\n<link rel=\"canonical\" href=\"https:\/\/hakmarfrance.online\/tr\/produit\/oncu-aci-sos-kirmizi-aci-biber-sosu-330-g\/\" \/>\n<meta property=\"og:locale\" content=\"tr_TR\" \/>\n<meta property=\"og:type\" content=\"article\" \/>\n<meta property=\"og:title\" content=\"\u00d6nc\u00fc Ac\u0131 Sos \u2013 K\u0131rm\u0131z\u0131 Ac\u0131 Biber Sosu \u2013 330 g - hakmarfrance.online\" \/>\n<meta property=\"og:description\" content=\"\u00d6nc\u00fc K\u0131rm\u0131z\u0131 Biber Ac\u0131 Sos \u2013 330 g: Yemeklerinize yo\u011funluk ve lezzet katmak i\u00e7in vazge\u00e7ilmez bir ac\u0131 sos. Baharatl\u0131 mutfak sevenler i\u00e7in ideal.\" \/>\n<meta property=\"og:url\" content=\"https:\/\/hakmarfrance.online\/tr\/produit\/oncu-aci-sos-kirmizi-aci-biber-sosu-330-g\/\" \/>\n<meta property=\"og:site_name\" content=\"hakmarfrance.online\" \/>\n<meta property=\"article:publisher\" content=\"https:\/\/www.facebook.com\/HakmarFranceSupermarche\/?locale=fr_FR\" \/>\n<meta property=\"og:image\" content=\"https:\/\/hakmarfrance.online\/wp-content\/uploads\/2025\/07\/sauce-piquante-oncu-aci-sos-330g.avif\" \/>\n\t<meta property=\"og:image:width\" content=\"1000\" \/>\n\t<meta property=\"og:image:height\" content=\"800\" \/>\n\t<meta property=\"og:image:type\" content=\"image\/png\" \/>\n<meta name=\"twitter:card\" content=\"summary_large_image\" \/>\n<meta name=\"twitter:label1\" content=\"Tahmini okuma s\u00fcresi\" \/>\n\t<meta name=\"twitter:data1\" content=\"1 minute\" \/>\n<script type=\"application\/ld+json\" class=\"yoast-schema-graph\">{\"@context\":\"https:\\\/\\\/schema.org\",\"@graph\":[{\"@type\":\"WebPage\",\"@id\":\"https:\\\/\\\/hakmarfrance.online\\\/tr\\\/produit\\\/oncu-aci-sos-kirmizi-aci-biber-sosu-330-g\\\/\",\"url\":\"https:\\\/\\\/hakmarfrance.online\\\/tr\\\/produit\\\/oncu-aci-sos-kirmizi-aci-biber-sosu-330-g\\\/\",\"name\":\"\u00d6nc\u00fc Ac\u0131 Sos \u2013 K\u0131rm\u0131z\u0131 Ac\u0131 Biber Sosu \u2013 330 g - hakmarfrance.online\",\"isPartOf\":{\"@id\":\"https:\\\/\\\/hakmarfrance.online\\\/tr\\\/#website\"},\"primaryImageOfPage\":{\"@id\":\"https:\\\/\\\/hakmarfrance.online\\\/tr\\\/produit\\\/oncu-aci-sos-kirmizi-aci-biber-sosu-330-g\\\/#primaryimage\"},\"image\":{\"@id\":\"https:\\\/\\\/hakmarfrance.online\\\/tr\\\/produit\\\/oncu-aci-sos-kirmizi-aci-biber-sosu-330-g\\\/#primaryimage\"},\"thumbnailUrl\":\"https:\\\/\\\/hakmarfrance.online\\\/wp-content\\\/uploads\\\/2025\\\/07\\\/sauce-piquante-oncu-aci-sos-330g.avif\",\"datePublished\":\"2025-07-09T07:29:37+00:00\",\"breadcrumb\":{\"@id\":\"https:\\\/\\\/hakmarfrance.online\\\/tr\\\/produit\\\/oncu-aci-sos-kirmizi-aci-biber-sosu-330-g\\\/#breadcrumb\"},\"inLanguage\":\"tr-TR\",\"potentialAction\":[{\"@type\":\"ReadAction\",\"target\":[\"https:\\\/\\\/hakmarfrance.online\\\/tr\\\/produit\\\/oncu-aci-sos-kirmizi-aci-biber-sosu-330-g\\\/\"]}]},{\"@type\":\"ImageObject\",\"inLanguage\":\"tr-TR\",\"@id\":\"https:\\\/\\\/hakmarfrance.online\\\/tr\\\/produit\\\/oncu-aci-sos-kirmizi-aci-biber-sosu-330-g\\\/#primaryimage\",\"url\":\"https:\\\/\\\/hakmarfrance.online\\\/wp-content\\\/uploads\\\/2025\\\/07\\\/sauce-piquante-oncu-aci-sos-330g.avif\",\"contentUrl\":\"https:\\\/\\\/hakmarfrance.online\\\/wp-content\\\/uploads\\\/2025\\\/07\\\/sauce-piquante-oncu-aci-sos-330g.avif\",\"width\":1000,\"height\":800,\"caption\":\"\u00d6nc\u00fc Ac\u0131 Sos \u2013 Yo\u011fun K\u0131rm\u0131z\u0131 Biber \u2013 330 g \u015ei\u015fe\"},{\"@type\":\"BreadcrumbList\",\"@id\":\"https:\\\/\\\/hakmarfrance.online\\\/tr\\\/produit\\\/oncu-aci-sos-kirmizi-aci-biber-sosu-330-g\\\/#breadcrumb\",\"itemListElement\":[{\"@type\":\"ListItem\",\"position\":1,\"name\":\"Accueil\",\"item\":\"https:\\\/\\\/hakmarfrance.online\\\/tr\\\/\"},{\"@type\":\"ListItem\",\"position\":2,\"name\":\"Ma\u011faza\",\"item\":\"https:\\\/\\\/hakmarfrance.online\\\/tr\\\/magaza\\\/\"},{\"@type\":\"ListItem\",\"position\":3,\"name\":\"\u00d6nc\u00fc Ac\u0131 Sos \u2013 K\u0131rm\u0131z\u0131 Ac\u0131 Biber Sosu \u2013 330 g\"}]},{\"@type\":\"WebSite\",\"@id\":\"https:\\\/\\\/hakmarfrance.online\\\/tr\\\/#website\",\"url\":\"https:\\\/\\\/hakmarfrance.online\\\/tr\\\/\",\"name\":\"hakmarfrance.online\",\"description\":\"\",\"publisher\":{\"@id\":\"https:\\\/\\\/hakmarfrance.online\\\/tr\\\/#organization\"},\"potentialAction\":[{\"@type\":\"SearchAction\",\"target\":{\"@type\":\"EntryPoint\",\"urlTemplate\":\"https:\\\/\\\/hakmarfrance.online\\\/tr\\\/?s={search_term_string}\"},\"query-input\":{\"@type\":\"PropertyValueSpecification\",\"valueRequired\":true,\"valueName\":\"search_term_string\"}}],\"inLanguage\":\"tr-TR\"},{\"@type\":\"Organization\",\"@id\":\"https:\\\/\\\/hakmarfrance.online\\\/tr\\\/#organization\",\"name\":\"hakmarfrance.online\",\"url\":\"https:\\\/\\\/hakmarfrance.online\\\/tr\\\/\",\"logo\":{\"@type\":\"ImageObject\",\"inLanguage\":\"tr-TR\",\"@id\":\"https:\\\/\\\/hakmarfrance.online\\\/tr\\\/#\\\/schema\\\/logo\\\/image\\\/\",\"url\":\"https:\\\/\\\/hakmarfrance.online\\\/wp-content\\\/uploads\\\/2025\\\/06\\\/logo-hakmarfrance.png\",\"contentUrl\":\"https:\\\/\\\/hakmarfrance.online\\\/wp-content\\\/uploads\\\/2025\\\/06\\\/logo-hakmarfrance.png\",\"width\":528,\"height\":232,\"caption\":\"hakmarfrance.online\"},\"image\":{\"@id\":\"https:\\\/\\\/hakmarfrance.online\\\/tr\\\/#\\\/schema\\\/logo\\\/image\\\/\"},\"sameAs\":[\"https:\\\/\\\/www.facebook.com\\\/HakmarFranceSupermarche\\\/?locale=fr_FR\",\"https:\\\/\\\/www.instagram.com\\\/hakmarfrancesupermarche\\\/\"]}]}<\/script>\n<!-- \/ Yoast SEO plugin. -->","yoast_head_json":{"title":"\u00d6nc\u00fc Ac\u0131 Sos \u2013 K\u0131rm\u0131z\u0131 Ac\u0131 Biber Sosu \u2013 330 g - hakmarfrance.online","robots":{"index":"index","follow":"follow","max-snippet":"max-snippet:-1","max-image-preview":"max-image-preview:large","max-video-preview":"max-video-preview:-1"},"canonical":"https:\/\/hakmarfrance.online\/tr\/produit\/oncu-aci-sos-kirmizi-aci-biber-sosu-330-g\/","og_locale":"tr_TR","og_type":"article","og_title":"\u00d6nc\u00fc Ac\u0131 Sos \u2013 K\u0131rm\u0131z\u0131 Ac\u0131 Biber Sosu \u2013 330 g - hakmarfrance.online","og_description":"\u00d6nc\u00fc K\u0131rm\u0131z\u0131 Biber Ac\u0131 Sos \u2013 330 g: Yemeklerinize yo\u011funluk ve lezzet katmak i\u00e7in vazge\u00e7ilmez bir ac\u0131 sos. Baharatl\u0131 mutfak sevenler i\u00e7in ideal.","og_url":"https:\/\/hakmarfrance.online\/tr\/produit\/oncu-aci-sos-kirmizi-aci-biber-sosu-330-g\/","og_site_name":"hakmarfrance.online","article_publisher":"https:\/\/www.facebook.com\/HakmarFranceSupermarche\/?locale=fr_FR","og_image":[{"width":1000,"height":800,"url":"https:\/\/hakmarfrance.online\/wp-content\/uploads\/2025\/07\/sauce-piquante-oncu-aci-sos-330g.avif","type":"image\/png"}],"twitter_card":"summary_large_image","twitter_misc":{"Tahmini okuma s\u00fcresi":"1 minute"},"schema":{"@context":"https:\/\/schema.org","@graph":[{"@type":"WebPage","@id":"https:\/\/hakmarfrance.online\/tr\/produit\/oncu-aci-sos-kirmizi-aci-biber-sosu-330-g\/","url":"https:\/\/hakmarfrance.online\/tr\/produit\/oncu-aci-sos-kirmizi-aci-biber-sosu-330-g\/","name":"\u00d6nc\u00fc Ac\u0131 Sos \u2013 K\u0131rm\u0131z\u0131 Ac\u0131 Biber Sosu \u2013 330 g - hakmarfrance.online","isPartOf":{"@id":"https:\/\/hakmarfrance.online\/tr\/#website"},"primaryImageOfPage":{"@id":"https:\/\/hakmarfrance.online\/tr\/produit\/oncu-aci-sos-kirmizi-aci-biber-sosu-330-g\/#primaryimage"},"image":{"@id":"https:\/\/hakmarfrance.online\/tr\/produit\/oncu-aci-sos-kirmizi-aci-biber-sosu-330-g\/#primaryimage"},"thumbnailUrl":"https:\/\/hakmarfrance.online\/wp-content\/uploads\/2025\/07\/sauce-piquante-oncu-aci-sos-330g.avif","datePublished":"2025-07-09T07:29:37+00:00","breadcrumb":{"@id":"https:\/\/hakmarfrance.online\/tr\/produit\/oncu-aci-sos-kirmizi-aci-biber-sosu-330-g\/#breadcrumb"},"inLanguage":"tr-TR","potentialAction":[{"@type":"ReadAction","target":["https:\/\/hakmarfrance.online\/tr\/produit\/oncu-aci-sos-kirmizi-aci-biber-sosu-330-g\/"]}]},{"@type":"ImageObject","inLanguage":"tr-TR","@id":"https:\/\/hakmarfrance.online\/tr\/produit\/oncu-aci-sos-kirmizi-aci-biber-sosu-330-g\/#primaryimage","url":"https:\/\/hakmarfrance.online\/wp-content\/uploads\/2025\/07\/sauce-piquante-oncu-aci-sos-330g.avif","contentUrl":"https:\/\/hakmarfrance.online\/wp-content\/uploads\/2025\/07\/sauce-piquante-oncu-aci-sos-330g.avif","width":1000,"height":800,"caption":"\u00d6nc\u00fc Ac\u0131 Sos \u2013 Yo\u011fun K\u0131rm\u0131z\u0131 Biber \u2013 330 g \u015ei\u015fe"},{"@type":"BreadcrumbList","@id":"https:\/\/hakmarfrance.online\/tr\/produit\/oncu-aci-sos-kirmizi-aci-biber-sosu-330-g\/#breadcrumb","itemListElement":[{"@type":"ListItem","position":1,"name":"Accueil","item":"https:\/\/hakmarfrance.online\/tr\/"},{"@type":"ListItem","position":2,"name":"Ma\u011faza","item":"https:\/\/hakmarfrance.online\/tr\/magaza\/"},{"@type":"ListItem","position":3,"name":"\u00d6nc\u00fc Ac\u0131 Sos \u2013 K\u0131rm\u0131z\u0131 Ac\u0131 Biber Sosu \u2013 330 g"}]},{"@type":"WebSite","@id":"https:\/\/hakmarfrance.online\/tr\/#website","url":"https:\/\/hakmarfrance.online\/tr\/","name":"hakmarfrance.online","description":"","publisher":{"@id":"https:\/\/hakmarfrance.online\/tr\/#organization"},"potentialAction":[{"@type":"SearchAction","target":{"@type":"EntryPoint","urlTemplate":"https:\/\/hakmarfrance.online\/tr\/?s={search_term_string}"},"query-input":{"@type":"PropertyValueSpecification","valueRequired":true,"valueName":"search_term_string"}}],"inLanguage":"tr-TR"},{"@type":"Organization","@id":"https:\/\/hakmarfrance.online\/tr\/#organization","name":"hakmarfrance.online","url":"https:\/\/hakmarfrance.online\/tr\/","logo":{"@type":"ImageObject","inLanguage":"tr-TR","@id":"https:\/\/hakmarfrance.online\/tr\/#\/schema\/logo\/image\/","url":"https:\/\/hakmarfrance.online\/wp-content\/uploads\/2025\/06\/logo-hakmarfrance.png","contentUrl":"https:\/\/hakmarfrance.online\/wp-content\/uploads\/2025\/06\/logo-hakmarfrance.png","width":528,"height":232,"caption":"hakmarfrance.online"},"image":{"@id":"https:\/\/hakmarfrance.online\/tr\/#\/schema\/logo\/image\/"},"sameAs":["https:\/\/www.facebook.com\/HakmarFranceSupermarche\/?locale=fr_FR","https:\/\/www.instagram.com\/hakmarfrancesupermarche\/"]}]}},"_links":{"self":[{"href":"https:\/\/hakmarfrance.online\/tr\/wp-json\/wp\/v2\/product\/18259","targetHints":{"allow":["GET"]}}],"collection":[{"href":"https:\/\/hakmarfrance.online\/tr\/wp-json\/wp\/v2\/product"}],"about":[{"href":"https:\/\/hakmarfrance.online\/tr\/wp-json\/wp\/v2\/types\/product"}],"replies":[{"embeddable":true,"href":"https:\/\/hakmarfrance.online\/tr\/wp-json\/wp\/v2\/comments?post=18259"}],"version-history":[{"count":0,"href":"https:\/\/hakmarfrance.online\/tr\/wp-json\/wp\/v2\/product\/18259\/revisions"}],"wp:featuredmedia":[{"embeddable":true,"href":"https:\/\/hakmarfrance.online\/tr\/wp-json\/wp\/v2\/media\/18260"}],"wp:attachment":[{"href":"https:\/\/hakmarfrance.online\/tr\/wp-json\/wp\/v2\/media?parent=18259"}],"wp:term":[{"taxonomy":"product_brand","embeddable":true,"href":"https:\/\/hakmarfrance.online\/tr\/wp-json\/wp\/v2\/product_brand?post=18259"},{"taxonomy":"product_cat","embeddable":true,"href":"https:\/\/hakmarfrance.online\/tr\/wp-json\/wp\/v2\/product_cat?post=18259"},{"taxonomy":"product_tag","embeddable":true,"href":"https:\/\/hakmarfrance.online\/tr\/wp-json\/wp\/v2\/product_tag?post=18259"}],"curies":[{"name":"wp","href":"https:\/\/api.w.org\/{rel}","templated":true}]}}