{"id":18261,"date":"2025-07-09T07:37:53","date_gmt":"2025-07-09T07:37:53","guid":{"rendered":"https:\/\/hakmarfrance.online\/produit\/sweet-chef-amerikan-hardali-hafif-tatli-ve-lezzetli-500-ml\/"},"modified":"2025-07-09T07:37:53","modified_gmt":"2025-07-09T07:37:53","slug":"sweet-chef-amerikan-hardali-hafif-tatli-ve-lezzetli-500-ml","status":"publish","type":"product","link":"https:\/\/hakmarfrance.online\/tr\/produit\/sweet-chef-amerikan-hardali-hafif-tatli-ve-lezzetli-500-ml\/","title":{"rendered":"Sweet Chef Amerikan Hardal\u0131 \u2013 Hafif tatl\u0131 ve lezzetli \u2013 500 ml"},"content":{"rendered":"<p data-start=\"271\" data-end=\"574\"><strong data-start=\"343\" data-end=\"377\">Sweet Chef Amerikan hardal\u0131<\/strong>n\u0131 ke\u015ffet: hot dog, burger, patates k\u0131zartmas\u0131 veya \u0131zgaralar\u0131na \u00e7ok yak\u0131\u015fan, kremsi ve hafif tatl\u0131 bir sos. Yumu\u015fak ve lezzetli tad\u0131yla ailece yemeklerde ve barbek\u00fclerde herkesin favorisi olur. <\/p>\n<p data-start=\"576\" data-end=\"666\">\ud83c\udf2d Tipik Amerikan lezzeti<br data-start=\"601\" data-end=\"604\">\ud83d\udc4c Ac\u0131s\u0131z, kremsi doku<br data-start=\"637\" data-end=\"640\">\ud83c\udde7\ud83c\uddea Bel\u00e7ika \u00fcretimi<\/p>\n<p data-start=\"668\" data-end=\"704\">\u2705 <strong data-start=\"670\" data-end=\"702\">Ana \u00f6zellikler<\/strong>:<\/p>\n<ul data-start=\"706\" data-end=\"911\">\n<li data-start=\"706\" data-end=\"729\">\n<p data-start=\"708\" data-end=\"729\">\u0130\u00e7erik: 500 ml<\/p>\n<\/li>\n<li data-start=\"730\" data-end=\"772\">\n<p data-start=\"732\" data-end=\"772\">Amerikan tip hardal, hafif tatl\u0131 tat<\/p>\n<\/li>\n<li data-start=\"773\" data-end=\"821\">\n<p data-start=\"775\" data-end=\"821\">Hot dog, burger ve sandvi\u00e7ler i\u00e7in ideal<\/p>\n<\/li>\n<li data-start=\"822\" data-end=\"868\">\n<p data-start=\"824\" data-end=\"868\">Pratik d\u00f6kme a\u011f\u0131zl\u0131, yumu\u015fak \u015fi\u015fe<\/p>\n<\/li>\n<li data-start=\"869\" data-end=\"911\">\n<p data-start=\"871\" data-end=\"911\">Sweet Chef \u00fcretimi \u2013 Bel\u00e7ika kalitesi<\/p>\n<\/li>\n<\/ul>\n","protected":false},"excerpt":{"rendered":"<p><strong data-start=\"1298\" data-end=\"1328\">Amerikan hardal\u0131 500 ml<\/strong>: Hot dog ve burgerler i\u00e7in uygun, yumu\u015fak ve kremsi bir sos. Otantik lezzet, ac\u0131s\u0131z; t\u00fcm aile i\u00e7in ideal. <\/p>\n","protected":false},"featured_media":18262,"comment_status":"open","ping_status":"closed","template":"","meta":{"iawp_total_views":0},"product_brand":[191],"product_cat":[293,286,306,225,288],"product_tag":[],"class_list":{"0":"post-18261","1":"product","2":"type-product","3":"status-publish","4":"has-post-thumbnail","6":"product_brand-sweet","7":"product_cat-baharatlar-cesniler","8":"product_cat-dogu-marketi","9":"product_cat-soslar-cesniler","10":"product_cat-tum-urunlerimiz","11":"product_cat-tuzlu-gidalar","13":"first","14":"instock","15":"shipping-taxable","16":"purchasable","17":"product-type-simple"},"yoast_head":"<!-- This site is optimized with the Yoast SEO plugin v27.3 - https:\/\/yoast.com\/product\/yoast-seo-wordpress\/ -->\n<title>Sweet Chef Amerikan Hardal\u0131 \u2013 Hafif tatl\u0131 ve lezzetli \u2013 500 ml - hakmarfrance.online<\/title>\n<meta name=\"robots\" content=\"index, follow, max-snippet:-1, max-image-preview:large, max-video-preview:-1\" \/>\n<link rel=\"canonical\" href=\"https:\/\/hakmarfrance.online\/tr\/produit\/sweet-chef-amerikan-hardali-hafif-tatli-ve-lezzetli-500-ml\/\" \/>\n<meta property=\"og:locale\" content=\"tr_TR\" \/>\n<meta property=\"og:type\" content=\"article\" \/>\n<meta property=\"og:title\" content=\"Sweet Chef Amerikan Hardal\u0131 \u2013 Hafif tatl\u0131 ve lezzetli \u2013 500 ml - hakmarfrance.online\" \/>\n<meta property=\"og:description\" content=\"Amerikan hardal\u0131 500 ml: Hot dog ve burgerler i\u00e7in uygun, yumu\u015fak ve kremsi bir sos. Otantik lezzet, ac\u0131s\u0131z; t\u00fcm aile i\u00e7in ideal.\" \/>\n<meta property=\"og:url\" content=\"https:\/\/hakmarfrance.online\/tr\/produit\/sweet-chef-amerikan-hardali-hafif-tatli-ve-lezzetli-500-ml\/\" \/>\n<meta property=\"og:site_name\" content=\"hakmarfrance.online\" \/>\n<meta property=\"article:publisher\" content=\"https:\/\/www.facebook.com\/HakmarFranceSupermarche\/?locale=fr_FR\" \/>\n<meta property=\"og:image\" content=\"https:\/\/hakmarfrance.online\/wp-content\/uploads\/2025\/07\/moutarde-americaine-sweet-chef-500ml.avif\" \/>\n\t<meta property=\"og:image:width\" content=\"1000\" \/>\n\t<meta property=\"og:image:height\" content=\"800\" \/>\n\t<meta property=\"og:image:type\" content=\"image\/png\" \/>\n<meta name=\"twitter:card\" content=\"summary_large_image\" \/>\n<script type=\"application\/ld+json\" class=\"yoast-schema-graph\">{\"@context\":\"https:\\\/\\\/schema.org\",\"@graph\":[{\"@type\":\"WebPage\",\"@id\":\"https:\\\/\\\/hakmarfrance.online\\\/tr\\\/produit\\\/sweet-chef-amerikan-hardali-hafif-tatli-ve-lezzetli-500-ml\\\/\",\"url\":\"https:\\\/\\\/hakmarfrance.online\\\/tr\\\/produit\\\/sweet-chef-amerikan-hardali-hafif-tatli-ve-lezzetli-500-ml\\\/\",\"name\":\"Sweet Chef Amerikan Hardal\u0131 \u2013 Hafif tatl\u0131 ve lezzetli \u2013 500 ml - hakmarfrance.online\",\"isPartOf\":{\"@id\":\"https:\\\/\\\/hakmarfrance.online\\\/tr\\\/#website\"},\"primaryImageOfPage\":{\"@id\":\"https:\\\/\\\/hakmarfrance.online\\\/tr\\\/produit\\\/sweet-chef-amerikan-hardali-hafif-tatli-ve-lezzetli-500-ml\\\/#primaryimage\"},\"image\":{\"@id\":\"https:\\\/\\\/hakmarfrance.online\\\/tr\\\/produit\\\/sweet-chef-amerikan-hardali-hafif-tatli-ve-lezzetli-500-ml\\\/#primaryimage\"},\"thumbnailUrl\":\"https:\\\/\\\/hakmarfrance.online\\\/wp-content\\\/uploads\\\/2025\\\/07\\\/moutarde-americaine-sweet-chef-500ml.avif\",\"datePublished\":\"2025-07-09T07:37:53+00:00\",\"breadcrumb\":{\"@id\":\"https:\\\/\\\/hakmarfrance.online\\\/tr\\\/produit\\\/sweet-chef-amerikan-hardali-hafif-tatli-ve-lezzetli-500-ml\\\/#breadcrumb\"},\"inLanguage\":\"tr-TR\",\"potentialAction\":[{\"@type\":\"ReadAction\",\"target\":[\"https:\\\/\\\/hakmarfrance.online\\\/tr\\\/produit\\\/sweet-chef-amerikan-hardali-hafif-tatli-ve-lezzetli-500-ml\\\/\"]}]},{\"@type\":\"ImageObject\",\"inLanguage\":\"tr-TR\",\"@id\":\"https:\\\/\\\/hakmarfrance.online\\\/tr\\\/produit\\\/sweet-chef-amerikan-hardali-hafif-tatli-ve-lezzetli-500-ml\\\/#primaryimage\",\"url\":\"https:\\\/\\\/hakmarfrance.online\\\/wp-content\\\/uploads\\\/2025\\\/07\\\/moutarde-americaine-sweet-chef-500ml.avif\",\"contentUrl\":\"https:\\\/\\\/hakmarfrance.online\\\/wp-content\\\/uploads\\\/2025\\\/07\\\/moutarde-americaine-sweet-chef-500ml.avif\",\"width\":1000,\"height\":800,\"caption\":\"Sweet Chef Amerikan Hardal Sosu \u2013 500 ml \u2013 Yumu\u015fak ve lezzetli\"},{\"@type\":\"BreadcrumbList\",\"@id\":\"https:\\\/\\\/hakmarfrance.online\\\/tr\\\/produit\\\/sweet-chef-amerikan-hardali-hafif-tatli-ve-lezzetli-500-ml\\\/#breadcrumb\",\"itemListElement\":[{\"@type\":\"ListItem\",\"position\":1,\"name\":\"Accueil\",\"item\":\"https:\\\/\\\/hakmarfrance.online\\\/tr\\\/\"},{\"@type\":\"ListItem\",\"position\":2,\"name\":\"Ma\u011faza\",\"item\":\"https:\\\/\\\/hakmarfrance.online\\\/tr\\\/magaza\\\/\"},{\"@type\":\"ListItem\",\"position\":3,\"name\":\"Sweet Chef Amerikan Hardal\u0131 \u2013 Hafif tatl\u0131 ve lezzetli \u2013 500 ml\"}]},{\"@type\":\"WebSite\",\"@id\":\"https:\\\/\\\/hakmarfrance.online\\\/tr\\\/#website\",\"url\":\"https:\\\/\\\/hakmarfrance.online\\\/tr\\\/\",\"name\":\"hakmarfrance.online\",\"description\":\"\",\"publisher\":{\"@id\":\"https:\\\/\\\/hakmarfrance.online\\\/tr\\\/#organization\"},\"potentialAction\":[{\"@type\":\"SearchAction\",\"target\":{\"@type\":\"EntryPoint\",\"urlTemplate\":\"https:\\\/\\\/hakmarfrance.online\\\/tr\\\/?s={search_term_string}\"},\"query-input\":{\"@type\":\"PropertyValueSpecification\",\"valueRequired\":true,\"valueName\":\"search_term_string\"}}],\"inLanguage\":\"tr-TR\"},{\"@type\":\"Organization\",\"@id\":\"https:\\\/\\\/hakmarfrance.online\\\/tr\\\/#organization\",\"name\":\"hakmarfrance.online\",\"url\":\"https:\\\/\\\/hakmarfrance.online\\\/tr\\\/\",\"logo\":{\"@type\":\"ImageObject\",\"inLanguage\":\"tr-TR\",\"@id\":\"https:\\\/\\\/hakmarfrance.online\\\/tr\\\/#\\\/schema\\\/logo\\\/image\\\/\",\"url\":\"https:\\\/\\\/hakmarfrance.online\\\/wp-content\\\/uploads\\\/2025\\\/06\\\/logo-hakmarfrance.png\",\"contentUrl\":\"https:\\\/\\\/hakmarfrance.online\\\/wp-content\\\/uploads\\\/2025\\\/06\\\/logo-hakmarfrance.png\",\"width\":528,\"height\":232,\"caption\":\"hakmarfrance.online\"},\"image\":{\"@id\":\"https:\\\/\\\/hakmarfrance.online\\\/tr\\\/#\\\/schema\\\/logo\\\/image\\\/\"},\"sameAs\":[\"https:\\\/\\\/www.facebook.com\\\/HakmarFranceSupermarche\\\/?locale=fr_FR\",\"https:\\\/\\\/www.instagram.com\\\/hakmarfrancesupermarche\\\/\"]}]}<\/script>\n<!-- \/ Yoast SEO plugin. -->","yoast_head_json":{"title":"Sweet Chef Amerikan Hardal\u0131 \u2013 Hafif tatl\u0131 ve lezzetli \u2013 500 ml - hakmarfrance.online","robots":{"index":"index","follow":"follow","max-snippet":"max-snippet:-1","max-image-preview":"max-image-preview:large","max-video-preview":"max-video-preview:-1"},"canonical":"https:\/\/hakmarfrance.online\/tr\/produit\/sweet-chef-amerikan-hardali-hafif-tatli-ve-lezzetli-500-ml\/","og_locale":"tr_TR","og_type":"article","og_title":"Sweet Chef Amerikan Hardal\u0131 \u2013 Hafif tatl\u0131 ve lezzetli \u2013 500 ml - hakmarfrance.online","og_description":"Amerikan hardal\u0131 500 ml: Hot dog ve burgerler i\u00e7in uygun, yumu\u015fak ve kremsi bir sos. Otantik lezzet, ac\u0131s\u0131z; t\u00fcm aile i\u00e7in ideal.","og_url":"https:\/\/hakmarfrance.online\/tr\/produit\/sweet-chef-amerikan-hardali-hafif-tatli-ve-lezzetli-500-ml\/","og_site_name":"hakmarfrance.online","article_publisher":"https:\/\/www.facebook.com\/HakmarFranceSupermarche\/?locale=fr_FR","og_image":[{"width":1000,"height":800,"url":"https:\/\/hakmarfrance.online\/wp-content\/uploads\/2025\/07\/moutarde-americaine-sweet-chef-500ml.avif","type":"image\/png"}],"twitter_card":"summary_large_image","schema":{"@context":"https:\/\/schema.org","@graph":[{"@type":"WebPage","@id":"https:\/\/hakmarfrance.online\/tr\/produit\/sweet-chef-amerikan-hardali-hafif-tatli-ve-lezzetli-500-ml\/","url":"https:\/\/hakmarfrance.online\/tr\/produit\/sweet-chef-amerikan-hardali-hafif-tatli-ve-lezzetli-500-ml\/","name":"Sweet Chef Amerikan Hardal\u0131 \u2013 Hafif tatl\u0131 ve lezzetli \u2013 500 ml - hakmarfrance.online","isPartOf":{"@id":"https:\/\/hakmarfrance.online\/tr\/#website"},"primaryImageOfPage":{"@id":"https:\/\/hakmarfrance.online\/tr\/produit\/sweet-chef-amerikan-hardali-hafif-tatli-ve-lezzetli-500-ml\/#primaryimage"},"image":{"@id":"https:\/\/hakmarfrance.online\/tr\/produit\/sweet-chef-amerikan-hardali-hafif-tatli-ve-lezzetli-500-ml\/#primaryimage"},"thumbnailUrl":"https:\/\/hakmarfrance.online\/wp-content\/uploads\/2025\/07\/moutarde-americaine-sweet-chef-500ml.avif","datePublished":"2025-07-09T07:37:53+00:00","breadcrumb":{"@id":"https:\/\/hakmarfrance.online\/tr\/produit\/sweet-chef-amerikan-hardali-hafif-tatli-ve-lezzetli-500-ml\/#breadcrumb"},"inLanguage":"tr-TR","potentialAction":[{"@type":"ReadAction","target":["https:\/\/hakmarfrance.online\/tr\/produit\/sweet-chef-amerikan-hardali-hafif-tatli-ve-lezzetli-500-ml\/"]}]},{"@type":"ImageObject","inLanguage":"tr-TR","@id":"https:\/\/hakmarfrance.online\/tr\/produit\/sweet-chef-amerikan-hardali-hafif-tatli-ve-lezzetli-500-ml\/#primaryimage","url":"https:\/\/hakmarfrance.online\/wp-content\/uploads\/2025\/07\/moutarde-americaine-sweet-chef-500ml.avif","contentUrl":"https:\/\/hakmarfrance.online\/wp-content\/uploads\/2025\/07\/moutarde-americaine-sweet-chef-500ml.avif","width":1000,"height":800,"caption":"Sweet Chef Amerikan Hardal Sosu \u2013 500 ml \u2013 Yumu\u015fak ve lezzetli"},{"@type":"BreadcrumbList","@id":"https:\/\/hakmarfrance.online\/tr\/produit\/sweet-chef-amerikan-hardali-hafif-tatli-ve-lezzetli-500-ml\/#breadcrumb","itemListElement":[{"@type":"ListItem","position":1,"name":"Accueil","item":"https:\/\/hakmarfrance.online\/tr\/"},{"@type":"ListItem","position":2,"name":"Ma\u011faza","item":"https:\/\/hakmarfrance.online\/tr\/magaza\/"},{"@type":"ListItem","position":3,"name":"Sweet Chef Amerikan Hardal\u0131 \u2013 Hafif tatl\u0131 ve lezzetli \u2013 500 ml"}]},{"@type":"WebSite","@id":"https:\/\/hakmarfrance.online\/tr\/#website","url":"https:\/\/hakmarfrance.online\/tr\/","name":"hakmarfrance.online","description":"","publisher":{"@id":"https:\/\/hakmarfrance.online\/tr\/#organization"},"potentialAction":[{"@type":"SearchAction","target":{"@type":"EntryPoint","urlTemplate":"https:\/\/hakmarfrance.online\/tr\/?s={search_term_string}"},"query-input":{"@type":"PropertyValueSpecification","valueRequired":true,"valueName":"search_term_string"}}],"inLanguage":"tr-TR"},{"@type":"Organization","@id":"https:\/\/hakmarfrance.online\/tr\/#organization","name":"hakmarfrance.online","url":"https:\/\/hakmarfrance.online\/tr\/","logo":{"@type":"ImageObject","inLanguage":"tr-TR","@id":"https:\/\/hakmarfrance.online\/tr\/#\/schema\/logo\/image\/","url":"https:\/\/hakmarfrance.online\/wp-content\/uploads\/2025\/06\/logo-hakmarfrance.png","contentUrl":"https:\/\/hakmarfrance.online\/wp-content\/uploads\/2025\/06\/logo-hakmarfrance.png","width":528,"height":232,"caption":"hakmarfrance.online"},"image":{"@id":"https:\/\/hakmarfrance.online\/tr\/#\/schema\/logo\/image\/"},"sameAs":["https:\/\/www.facebook.com\/HakmarFranceSupermarche\/?locale=fr_FR","https:\/\/www.instagram.com\/hakmarfrancesupermarche\/"]}]}},"_links":{"self":[{"href":"https:\/\/hakmarfrance.online\/tr\/wp-json\/wp\/v2\/product\/18261","targetHints":{"allow":["GET"]}}],"collection":[{"href":"https:\/\/hakmarfrance.online\/tr\/wp-json\/wp\/v2\/product"}],"about":[{"href":"https:\/\/hakmarfrance.online\/tr\/wp-json\/wp\/v2\/types\/product"}],"replies":[{"embeddable":true,"href":"https:\/\/hakmarfrance.online\/tr\/wp-json\/wp\/v2\/comments?post=18261"}],"version-history":[{"count":0,"href":"https:\/\/hakmarfrance.online\/tr\/wp-json\/wp\/v2\/product\/18261\/revisions"}],"wp:featuredmedia":[{"embeddable":true,"href":"https:\/\/hakmarfrance.online\/tr\/wp-json\/wp\/v2\/media\/18262"}],"wp:attachment":[{"href":"https:\/\/hakmarfrance.online\/tr\/wp-json\/wp\/v2\/media?parent=18261"}],"wp:term":[{"taxonomy":"product_brand","embeddable":true,"href":"https:\/\/hakmarfrance.online\/tr\/wp-json\/wp\/v2\/product_brand?post=18261"},{"taxonomy":"product_cat","embeddable":true,"href":"https:\/\/hakmarfrance.online\/tr\/wp-json\/wp\/v2\/product_cat?post=18261"},{"taxonomy":"product_tag","embeddable":true,"href":"https:\/\/hakmarfrance.online\/tr\/wp-json\/wp\/v2\/product_tag?post=18261"}],"curies":[{"name":"wp","href":"https:\/\/api.w.org\/{rel}","templated":true}]}}