{"id":18266,"date":"2025-07-09T07:24:27","date_gmt":"2025-07-09T07:24:27","guid":{"rendered":"https:\/\/hakmarfrance.online\/produit\/sweet-baharatli-fas-sosu-500-ml\/"},"modified":"2025-07-09T07:24:27","modified_gmt":"2025-07-09T07:24:27","slug":"sweet-baharatli-fas-sosu-500-ml","status":"publish","type":"product","link":"https:\/\/hakmarfrance.online\/tr\/produit\/sweet-baharatli-fas-sosu-500-ml\/","title":{"rendered":"Sweet &#8211; Baharatl\u0131 Fas Sosu &#8211; 500 ml"},"content":{"rendered":"<p data-start=\"299\" data-end=\"553\">Sweet Fas sosu ile yemeklerinize Do\u011fu lezzeti kat\u0131n. Ma\u011frip b\u00f6lgesine \u00f6zg\u00fc otlar ve baharatlarla hafif baharatl\u0131 ve aromal\u0131 tad\u0131, \u0131zgara etler, sandvi\u00e7ler, kebaplar, patates k\u0131zartmas\u0131 ve daha fazlas\u0131 i\u00e7in ideal bir e\u015flik\u00e7idir. <\/p>\n<p data-start=\"555\" data-end=\"721\">\ud83c\udf36 Otantik Fas lezzetleri<br data-start=\"589\" data-end=\"592\">\ud83e\udd59 Izgara, et ve d\u00fcr\u00fcmler i\u00e7in ideal<br data-start=\"634\" data-end=\"637\">\ud83c\udde7\ud83c\uddea Bel\u00e7ika&#8217;da \u00fcretilmi\u015f, premium kalite<br data-start=\"680\" data-end=\"683\">\ud83c\udf45 Kremsi doku ve dengeli tat<\/p>\n<p data-start=\"723\" data-end=\"759\">\u2705 <strong data-start=\"725\" data-end=\"757\">Ana \u00f6zellikler<\/strong>:<\/p>\n<ul data-start=\"761\" data-end=\"960\">\n<li data-start=\"761\" data-end=\"784\">\n<p data-start=\"763\" data-end=\"784\">\u0130\u00e7erik: 500 ml<\/p>\n<\/li>\n<li data-start=\"785\" data-end=\"823\">\n<p data-start=\"787\" data-end=\"823\">Doku: kremsi, kolay dozlanabilir<\/p>\n<\/li>\n<li data-start=\"824\" data-end=\"887\">\n<p data-start=\"826\" data-end=\"887\">Lezzet: hafif baharatl\u0131, do\u011fu otlar\u0131 ve baharatlar\u0131 ile<\/p>\n<\/li>\n<li data-start=\"888\" data-end=\"921\">\n<p data-start=\"890\" data-end=\"921\">Dozaj kapakl\u0131 \u015fi\u015fe<\/p>\n<\/li>\n<li data-start=\"922\" data-end=\"960\">\n<p data-start=\"924\" data-end=\"960\">A\u00e7\u0131ld\u0131ktan sonra serin yerde saklanmal\u0131d\u0131r<\/p>\n<\/li>\n<\/ul>\n","protected":false},"excerpt":{"rendered":"<p>Etler, kebaplar ve sandvi\u00e7ler i\u00e7in m\u00fckemmel, kremsi ve baharatl\u0131 Fas sosu. 500 ml dozaj kapakl\u0131 \u015fi\u015fe. <\/p>\n","protected":false},"featured_media":18267,"comment_status":"open","ping_status":"closed","template":"","meta":{"iawp_total_views":0},"product_brand":[191],"product_cat":[293,225,288],"product_tag":[],"class_list":{"0":"post-18266","1":"product","2":"type-product","3":"status-publish","4":"has-post-thumbnail","6":"product_brand-sweet","7":"product_cat-baharatlar-cesniler","8":"product_cat-tum-urunlerimiz","9":"product_cat-tuzlu-gidalar","11":"first","12":"instock","13":"shipping-taxable","14":"purchasable","15":"product-type-simple"},"yoast_head":"<!-- This site is optimized with the Yoast SEO plugin v27.3 - https:\/\/yoast.com\/product\/yoast-seo-wordpress\/ -->\n<title>Sweet - Baharatl\u0131 Fas Sosu - 500 ml - hakmarfrance.online<\/title>\n<meta name=\"robots\" content=\"index, follow, max-snippet:-1, max-image-preview:large, max-video-preview:-1\" \/>\n<link rel=\"canonical\" href=\"https:\/\/hakmarfrance.online\/tr\/produit\/sweet-baharatli-fas-sosu-500-ml\/\" \/>\n<meta property=\"og:locale\" content=\"tr_TR\" \/>\n<meta property=\"og:type\" content=\"article\" \/>\n<meta property=\"og:title\" content=\"Sweet - Baharatl\u0131 Fas Sosu - 500 ml - hakmarfrance.online\" \/>\n<meta property=\"og:description\" content=\"Etler, kebaplar ve sandvi\u00e7ler i\u00e7in m\u00fckemmel, kremsi ve baharatl\u0131 Fas sosu. 500 ml dozaj kapakl\u0131 \u015fi\u015fe.\" \/>\n<meta property=\"og:url\" content=\"https:\/\/hakmarfrance.online\/tr\/produit\/sweet-baharatli-fas-sosu-500-ml\/\" \/>\n<meta property=\"og:site_name\" content=\"hakmarfrance.online\" \/>\n<meta property=\"article:publisher\" content=\"https:\/\/www.facebook.com\/HakmarFranceSupermarche\/?locale=fr_FR\" \/>\n<meta property=\"og:image\" content=\"https:\/\/hakmarfrance.online\/wp-content\/uploads\/2025\/07\/sauce-marocaine-sweet-baby-500ml.avif\" \/>\n\t<meta property=\"og:image:width\" content=\"1000\" \/>\n\t<meta property=\"og:image:height\" content=\"800\" \/>\n\t<meta property=\"og:image:type\" content=\"image\/png\" \/>\n<meta name=\"twitter:card\" content=\"summary_large_image\" \/>\n<script type=\"application\/ld+json\" class=\"yoast-schema-graph\">{\"@context\":\"https:\\\/\\\/schema.org\",\"@graph\":[{\"@type\":\"WebPage\",\"@id\":\"https:\\\/\\\/hakmarfrance.online\\\/tr\\\/produit\\\/sweet-baharatli-fas-sosu-500-ml\\\/\",\"url\":\"https:\\\/\\\/hakmarfrance.online\\\/tr\\\/produit\\\/sweet-baharatli-fas-sosu-500-ml\\\/\",\"name\":\"Sweet - Baharatl\u0131 Fas Sosu - 500 ml - hakmarfrance.online\",\"isPartOf\":{\"@id\":\"https:\\\/\\\/hakmarfrance.online\\\/tr\\\/#website\"},\"primaryImageOfPage\":{\"@id\":\"https:\\\/\\\/hakmarfrance.online\\\/tr\\\/produit\\\/sweet-baharatli-fas-sosu-500-ml\\\/#primaryimage\"},\"image\":{\"@id\":\"https:\\\/\\\/hakmarfrance.online\\\/tr\\\/produit\\\/sweet-baharatli-fas-sosu-500-ml\\\/#primaryimage\"},\"thumbnailUrl\":\"https:\\\/\\\/hakmarfrance.online\\\/wp-content\\\/uploads\\\/2025\\\/07\\\/sauce-marocaine-sweet-baby-500ml.avif\",\"datePublished\":\"2025-07-09T07:24:27+00:00\",\"breadcrumb\":{\"@id\":\"https:\\\/\\\/hakmarfrance.online\\\/tr\\\/produit\\\/sweet-baharatli-fas-sosu-500-ml\\\/#breadcrumb\"},\"inLanguage\":\"tr-TR\",\"potentialAction\":[{\"@type\":\"ReadAction\",\"target\":[\"https:\\\/\\\/hakmarfrance.online\\\/tr\\\/produit\\\/sweet-baharatli-fas-sosu-500-ml\\\/\"]}]},{\"@type\":\"ImageObject\",\"inLanguage\":\"tr-TR\",\"@id\":\"https:\\\/\\\/hakmarfrance.online\\\/tr\\\/produit\\\/sweet-baharatli-fas-sosu-500-ml\\\/#primaryimage\",\"url\":\"https:\\\/\\\/hakmarfrance.online\\\/wp-content\\\/uploads\\\/2025\\\/07\\\/sauce-marocaine-sweet-baby-500ml.avif\",\"contentUrl\":\"https:\\\/\\\/hakmarfrance.online\\\/wp-content\\\/uploads\\\/2025\\\/07\\\/sauce-marocaine-sweet-baby-500ml.avif\",\"width\":1000,\"height\":800,\"caption\":\"Sweet Baby Fas Sosu - 500 ml - kebaplar ve \u0131zgaralar i\u00e7in ideal\"},{\"@type\":\"BreadcrumbList\",\"@id\":\"https:\\\/\\\/hakmarfrance.online\\\/tr\\\/produit\\\/sweet-baharatli-fas-sosu-500-ml\\\/#breadcrumb\",\"itemListElement\":[{\"@type\":\"ListItem\",\"position\":1,\"name\":\"Accueil\",\"item\":\"https:\\\/\\\/hakmarfrance.online\\\/tr\\\/\"},{\"@type\":\"ListItem\",\"position\":2,\"name\":\"Ma\u011faza\",\"item\":\"https:\\\/\\\/hakmarfrance.online\\\/tr\\\/magaza\\\/\"},{\"@type\":\"ListItem\",\"position\":3,\"name\":\"Sweet &#8211; Baharatl\u0131 Fas Sosu &#8211; 500 ml\"}]},{\"@type\":\"WebSite\",\"@id\":\"https:\\\/\\\/hakmarfrance.online\\\/tr\\\/#website\",\"url\":\"https:\\\/\\\/hakmarfrance.online\\\/tr\\\/\",\"name\":\"hakmarfrance.online\",\"description\":\"\",\"publisher\":{\"@id\":\"https:\\\/\\\/hakmarfrance.online\\\/tr\\\/#organization\"},\"potentialAction\":[{\"@type\":\"SearchAction\",\"target\":{\"@type\":\"EntryPoint\",\"urlTemplate\":\"https:\\\/\\\/hakmarfrance.online\\\/tr\\\/?s={search_term_string}\"},\"query-input\":{\"@type\":\"PropertyValueSpecification\",\"valueRequired\":true,\"valueName\":\"search_term_string\"}}],\"inLanguage\":\"tr-TR\"},{\"@type\":\"Organization\",\"@id\":\"https:\\\/\\\/hakmarfrance.online\\\/tr\\\/#organization\",\"name\":\"hakmarfrance.online\",\"url\":\"https:\\\/\\\/hakmarfrance.online\\\/tr\\\/\",\"logo\":{\"@type\":\"ImageObject\",\"inLanguage\":\"tr-TR\",\"@id\":\"https:\\\/\\\/hakmarfrance.online\\\/tr\\\/#\\\/schema\\\/logo\\\/image\\\/\",\"url\":\"https:\\\/\\\/hakmarfrance.online\\\/wp-content\\\/uploads\\\/2025\\\/06\\\/logo-hakmarfrance.png\",\"contentUrl\":\"https:\\\/\\\/hakmarfrance.online\\\/wp-content\\\/uploads\\\/2025\\\/06\\\/logo-hakmarfrance.png\",\"width\":528,\"height\":232,\"caption\":\"hakmarfrance.online\"},\"image\":{\"@id\":\"https:\\\/\\\/hakmarfrance.online\\\/tr\\\/#\\\/schema\\\/logo\\\/image\\\/\"},\"sameAs\":[\"https:\\\/\\\/www.facebook.com\\\/HakmarFranceSupermarche\\\/?locale=fr_FR\",\"https:\\\/\\\/www.instagram.com\\\/hakmarfrancesupermarche\\\/\"]}]}<\/script>\n<!-- \/ Yoast SEO plugin. -->","yoast_head_json":{"title":"Sweet - Baharatl\u0131 Fas Sosu - 500 ml - hakmarfrance.online","robots":{"index":"index","follow":"follow","max-snippet":"max-snippet:-1","max-image-preview":"max-image-preview:large","max-video-preview":"max-video-preview:-1"},"canonical":"https:\/\/hakmarfrance.online\/tr\/produit\/sweet-baharatli-fas-sosu-500-ml\/","og_locale":"tr_TR","og_type":"article","og_title":"Sweet - Baharatl\u0131 Fas Sosu - 500 ml - hakmarfrance.online","og_description":"Etler, kebaplar ve sandvi\u00e7ler i\u00e7in m\u00fckemmel, kremsi ve baharatl\u0131 Fas sosu. 500 ml dozaj kapakl\u0131 \u015fi\u015fe.","og_url":"https:\/\/hakmarfrance.online\/tr\/produit\/sweet-baharatli-fas-sosu-500-ml\/","og_site_name":"hakmarfrance.online","article_publisher":"https:\/\/www.facebook.com\/HakmarFranceSupermarche\/?locale=fr_FR","og_image":[{"width":1000,"height":800,"url":"https:\/\/hakmarfrance.online\/wp-content\/uploads\/2025\/07\/sauce-marocaine-sweet-baby-500ml.avif","type":"image\/png"}],"twitter_card":"summary_large_image","schema":{"@context":"https:\/\/schema.org","@graph":[{"@type":"WebPage","@id":"https:\/\/hakmarfrance.online\/tr\/produit\/sweet-baharatli-fas-sosu-500-ml\/","url":"https:\/\/hakmarfrance.online\/tr\/produit\/sweet-baharatli-fas-sosu-500-ml\/","name":"Sweet - Baharatl\u0131 Fas Sosu - 500 ml - hakmarfrance.online","isPartOf":{"@id":"https:\/\/hakmarfrance.online\/tr\/#website"},"primaryImageOfPage":{"@id":"https:\/\/hakmarfrance.online\/tr\/produit\/sweet-baharatli-fas-sosu-500-ml\/#primaryimage"},"image":{"@id":"https:\/\/hakmarfrance.online\/tr\/produit\/sweet-baharatli-fas-sosu-500-ml\/#primaryimage"},"thumbnailUrl":"https:\/\/hakmarfrance.online\/wp-content\/uploads\/2025\/07\/sauce-marocaine-sweet-baby-500ml.avif","datePublished":"2025-07-09T07:24:27+00:00","breadcrumb":{"@id":"https:\/\/hakmarfrance.online\/tr\/produit\/sweet-baharatli-fas-sosu-500-ml\/#breadcrumb"},"inLanguage":"tr-TR","potentialAction":[{"@type":"ReadAction","target":["https:\/\/hakmarfrance.online\/tr\/produit\/sweet-baharatli-fas-sosu-500-ml\/"]}]},{"@type":"ImageObject","inLanguage":"tr-TR","@id":"https:\/\/hakmarfrance.online\/tr\/produit\/sweet-baharatli-fas-sosu-500-ml\/#primaryimage","url":"https:\/\/hakmarfrance.online\/wp-content\/uploads\/2025\/07\/sauce-marocaine-sweet-baby-500ml.avif","contentUrl":"https:\/\/hakmarfrance.online\/wp-content\/uploads\/2025\/07\/sauce-marocaine-sweet-baby-500ml.avif","width":1000,"height":800,"caption":"Sweet Baby Fas Sosu - 500 ml - kebaplar ve \u0131zgaralar i\u00e7in ideal"},{"@type":"BreadcrumbList","@id":"https:\/\/hakmarfrance.online\/tr\/produit\/sweet-baharatli-fas-sosu-500-ml\/#breadcrumb","itemListElement":[{"@type":"ListItem","position":1,"name":"Accueil","item":"https:\/\/hakmarfrance.online\/tr\/"},{"@type":"ListItem","position":2,"name":"Ma\u011faza","item":"https:\/\/hakmarfrance.online\/tr\/magaza\/"},{"@type":"ListItem","position":3,"name":"Sweet &#8211; Baharatl\u0131 Fas Sosu &#8211; 500 ml"}]},{"@type":"WebSite","@id":"https:\/\/hakmarfrance.online\/tr\/#website","url":"https:\/\/hakmarfrance.online\/tr\/","name":"hakmarfrance.online","description":"","publisher":{"@id":"https:\/\/hakmarfrance.online\/tr\/#organization"},"potentialAction":[{"@type":"SearchAction","target":{"@type":"EntryPoint","urlTemplate":"https:\/\/hakmarfrance.online\/tr\/?s={search_term_string}"},"query-input":{"@type":"PropertyValueSpecification","valueRequired":true,"valueName":"search_term_string"}}],"inLanguage":"tr-TR"},{"@type":"Organization","@id":"https:\/\/hakmarfrance.online\/tr\/#organization","name":"hakmarfrance.online","url":"https:\/\/hakmarfrance.online\/tr\/","logo":{"@type":"ImageObject","inLanguage":"tr-TR","@id":"https:\/\/hakmarfrance.online\/tr\/#\/schema\/logo\/image\/","url":"https:\/\/hakmarfrance.online\/wp-content\/uploads\/2025\/06\/logo-hakmarfrance.png","contentUrl":"https:\/\/hakmarfrance.online\/wp-content\/uploads\/2025\/06\/logo-hakmarfrance.png","width":528,"height":232,"caption":"hakmarfrance.online"},"image":{"@id":"https:\/\/hakmarfrance.online\/tr\/#\/schema\/logo\/image\/"},"sameAs":["https:\/\/www.facebook.com\/HakmarFranceSupermarche\/?locale=fr_FR","https:\/\/www.instagram.com\/hakmarfrancesupermarche\/"]}]}},"_links":{"self":[{"href":"https:\/\/hakmarfrance.online\/tr\/wp-json\/wp\/v2\/product\/18266","targetHints":{"allow":["GET"]}}],"collection":[{"href":"https:\/\/hakmarfrance.online\/tr\/wp-json\/wp\/v2\/product"}],"about":[{"href":"https:\/\/hakmarfrance.online\/tr\/wp-json\/wp\/v2\/types\/product"}],"replies":[{"embeddable":true,"href":"https:\/\/hakmarfrance.online\/tr\/wp-json\/wp\/v2\/comments?post=18266"}],"version-history":[{"count":0,"href":"https:\/\/hakmarfrance.online\/tr\/wp-json\/wp\/v2\/product\/18266\/revisions"}],"wp:featuredmedia":[{"embeddable":true,"href":"https:\/\/hakmarfrance.online\/tr\/wp-json\/wp\/v2\/media\/18267"}],"wp:attachment":[{"href":"https:\/\/hakmarfrance.online\/tr\/wp-json\/wp\/v2\/media?parent=18266"}],"wp:term":[{"taxonomy":"product_brand","embeddable":true,"href":"https:\/\/hakmarfrance.online\/tr\/wp-json\/wp\/v2\/product_brand?post=18266"},{"taxonomy":"product_cat","embeddable":true,"href":"https:\/\/hakmarfrance.online\/tr\/wp-json\/wp\/v2\/product_cat?post=18266"},{"taxonomy":"product_tag","embeddable":true,"href":"https:\/\/hakmarfrance.online\/tr\/wp-json\/wp\/v2\/product_tag?post=18266"}],"curies":[{"name":"wp","href":"https:\/\/api.w.org\/{rel}","templated":true}]}}