{"id":18268,"date":"2025-07-09T07:28:13","date_gmt":"2025-07-09T07:28:13","guid":{"rendered":"https:\/\/hakmarfrance.online\/produit\/pinar-hardal-koruyucu-madde-icermez-300-g\/"},"modified":"2025-07-09T07:28:13","modified_gmt":"2025-07-09T07:28:13","slug":"pinar-hardal-koruyucu-madde-icermez-300-g","status":"publish","type":"product","link":"https:\/\/hakmarfrance.online\/tr\/produit\/pinar-hardal-koruyucu-madde-icermez-300-g\/","title":{"rendered":"P\u0131nar Hardal \u2013 Koruyucu madde i\u00e7ermez \u2013 300 g"},"content":{"rendered":"<p data-start=\"248\" data-end=\"591\">\u00d6zenle se\u00e7ilmi\u015f hardal tohumlar\u0131ndan \u00fcretilen P\u0131nar Hardal&#8217;\u0131 ke\u015ffedin. Bu tatl\u0131 ve lezzetli hardal, etler, sandvi\u00e7ler veya ev yap\u0131m\u0131 soslar i\u00e7in idealdir. Koruyucu madde veya katk\u0131 maddesi i\u00e7ermedi\u011finden, otantik lezzet sevenleri memnun edecektir.  <\/p>\n<p data-start=\"593\" data-end=\"734\">\ud83c\udf31 Do\u011fal hardal tohumlar\u0131ndan \u00fcretilmi\u015ftir<br data-start=\"647\" data-end=\"650\">\ud83e\uddf4 Pratik kapakl\u0131 yumu\u015fak \u015fi\u015fe<br data-start=\"688\" data-end=\"691\">\ud83c\uddf9\ud83c\uddf7 P\u0131nar markas\u0131 taraf\u0131ndan T\u00fcrkiye&#8217;de \u00fcretilmi\u015ftir<\/p>\n<p data-start=\"736\" data-end=\"772\">\u2705 <strong data-start=\"738\" data-end=\"770\">Ana \u00f6zellikler<\/strong>:<\/p>\n<ul data-start=\"774\" data-end=\"928\">\n<li data-start=\"774\" data-end=\"795\">\n<p data-start=\"776\" data-end=\"795\">Net a\u011f\u0131rl\u0131k: 300 g<\/p>\n<\/li>\n<li data-start=\"796\" data-end=\"831\">\n<p data-start=\"798\" data-end=\"831\">P\u00fcr\u00fczs\u00fcz doku ve dengeli lezzet<\/p>\n<\/li>\n<li data-start=\"832\" data-end=\"866\">\n<p data-start=\"834\" data-end=\"866\">Katk\u0131 maddesi ve koruyucu madde i\u00e7ermez<\/p>\n<\/li>\n<li data-start=\"867\" data-end=\"928\">\n<p data-start=\"869\" data-end=\"928\">Burgerler, sosisli sandvi\u00e7ler, so\u011fuk veya \u0131zgara etler i\u00e7in m\u00fckemmel<\/p>\n<\/li>\n<\/ul>\n","protected":false},"excerpt":{"rendered":"<p><strong data-start=\"1363\" data-end=\"1418\">Do\u011fal, koruyucusuz P\u0131nar Hardal \u2013 300 g<\/strong>: G\u00fcnl\u00fck yemeklerinize e\u015flik edecek, kaliteli tohumlardan yap\u0131lm\u0131\u015f tatl\u0131 ve lezzetli bir hardal.<\/p>\n","protected":false},"featured_media":18269,"comment_status":"open","ping_status":"closed","template":"","meta":{"iawp_total_views":0},"product_brand":[],"product_cat":[225],"product_tag":[],"class_list":{"0":"post-18268","1":"product","2":"type-product","3":"status-publish","4":"has-post-thumbnail","6":"product_cat-tum-urunlerimiz","8":"first","9":"instock","10":"shipping-taxable","11":"purchasable","12":"product-type-simple"},"yoast_head":"<!-- This site is optimized with the Yoast SEO plugin v27.3 - https:\/\/yoast.com\/product\/yoast-seo-wordpress\/ -->\n<title>P\u0131nar Hardal \u2013 Koruyucu madde i\u00e7ermez \u2013 300 g - hakmarfrance.online<\/title>\n<meta name=\"robots\" content=\"index, follow, max-snippet:-1, max-image-preview:large, max-video-preview:-1\" \/>\n<link rel=\"canonical\" href=\"https:\/\/hakmarfrance.online\/tr\/produit\/pinar-hardal-koruyucu-madde-icermez-300-g\/\" \/>\n<meta property=\"og:locale\" content=\"tr_TR\" \/>\n<meta property=\"og:type\" content=\"article\" \/>\n<meta property=\"og:title\" content=\"P\u0131nar Hardal \u2013 Koruyucu madde i\u00e7ermez \u2013 300 g - hakmarfrance.online\" \/>\n<meta property=\"og:description\" content=\"Do\u011fal, koruyucusuz P\u0131nar Hardal \u2013 300 g: G\u00fcnl\u00fck yemeklerinize e\u015flik edecek, kaliteli tohumlardan yap\u0131lm\u0131\u015f tatl\u0131 ve lezzetli bir hardal.\" \/>\n<meta property=\"og:url\" content=\"https:\/\/hakmarfrance.online\/tr\/produit\/pinar-hardal-koruyucu-madde-icermez-300-g\/\" \/>\n<meta property=\"og:site_name\" content=\"hakmarfrance.online\" \/>\n<meta property=\"article:publisher\" content=\"https:\/\/www.facebook.com\/HakmarFranceSupermarche\/?locale=fr_FR\" \/>\n<meta property=\"og:image\" content=\"https:\/\/hakmarfrance.online\/wp-content\/uploads\/2025\/07\/moutarde-pinar-hardal-squeeze-300g.avif\" \/>\n\t<meta property=\"og:image:width\" content=\"1000\" \/>\n\t<meta property=\"og:image:height\" content=\"800\" \/>\n\t<meta property=\"og:image:type\" content=\"image\/png\" \/>\n<meta name=\"twitter:card\" content=\"summary_large_image\" \/>\n<script type=\"application\/ld+json\" class=\"yoast-schema-graph\">{\"@context\":\"https:\\\/\\\/schema.org\",\"@graph\":[{\"@type\":\"WebPage\",\"@id\":\"https:\\\/\\\/hakmarfrance.online\\\/tr\\\/produit\\\/pinar-hardal-koruyucu-madde-icermez-300-g\\\/\",\"url\":\"https:\\\/\\\/hakmarfrance.online\\\/tr\\\/produit\\\/pinar-hardal-koruyucu-madde-icermez-300-g\\\/\",\"name\":\"P\u0131nar Hardal \u2013 Koruyucu madde i\u00e7ermez \u2013 300 g - hakmarfrance.online\",\"isPartOf\":{\"@id\":\"https:\\\/\\\/hakmarfrance.online\\\/tr\\\/#website\"},\"primaryImageOfPage\":{\"@id\":\"https:\\\/\\\/hakmarfrance.online\\\/tr\\\/produit\\\/pinar-hardal-koruyucu-madde-icermez-300-g\\\/#primaryimage\"},\"image\":{\"@id\":\"https:\\\/\\\/hakmarfrance.online\\\/tr\\\/produit\\\/pinar-hardal-koruyucu-madde-icermez-300-g\\\/#primaryimage\"},\"thumbnailUrl\":\"https:\\\/\\\/hakmarfrance.online\\\/wp-content\\\/uploads\\\/2025\\\/07\\\/moutarde-pinar-hardal-squeeze-300g.avif\",\"datePublished\":\"2025-07-09T07:28:13+00:00\",\"breadcrumb\":{\"@id\":\"https:\\\/\\\/hakmarfrance.online\\\/tr\\\/produit\\\/pinar-hardal-koruyucu-madde-icermez-300-g\\\/#breadcrumb\"},\"inLanguage\":\"tr-TR\",\"potentialAction\":[{\"@type\":\"ReadAction\",\"target\":[\"https:\\\/\\\/hakmarfrance.online\\\/tr\\\/produit\\\/pinar-hardal-koruyucu-madde-icermez-300-g\\\/\"]}]},{\"@type\":\"ImageObject\",\"inLanguage\":\"tr-TR\",\"@id\":\"https:\\\/\\\/hakmarfrance.online\\\/tr\\\/produit\\\/pinar-hardal-koruyucu-madde-icermez-300-g\\\/#primaryimage\",\"url\":\"https:\\\/\\\/hakmarfrance.online\\\/wp-content\\\/uploads\\\/2025\\\/07\\\/moutarde-pinar-hardal-squeeze-300g.avif\",\"contentUrl\":\"https:\\\/\\\/hakmarfrance.online\\\/wp-content\\\/uploads\\\/2025\\\/07\\\/moutarde-pinar-hardal-squeeze-300g.avif\",\"width\":1000,\"height\":800,\"caption\":\"P\u0131nar Hardal \u2013 Tatl\u0131 ve do\u011fal hardal \u2013 300 g \u015fi\u015fe\"},{\"@type\":\"BreadcrumbList\",\"@id\":\"https:\\\/\\\/hakmarfrance.online\\\/tr\\\/produit\\\/pinar-hardal-koruyucu-madde-icermez-300-g\\\/#breadcrumb\",\"itemListElement\":[{\"@type\":\"ListItem\",\"position\":1,\"name\":\"Accueil\",\"item\":\"https:\\\/\\\/hakmarfrance.online\\\/tr\\\/\"},{\"@type\":\"ListItem\",\"position\":2,\"name\":\"Ma\u011faza\",\"item\":\"https:\\\/\\\/hakmarfrance.online\\\/tr\\\/magaza\\\/\"},{\"@type\":\"ListItem\",\"position\":3,\"name\":\"P\u0131nar Hardal \u2013 Koruyucu madde i\u00e7ermez \u2013 300 g\"}]},{\"@type\":\"WebSite\",\"@id\":\"https:\\\/\\\/hakmarfrance.online\\\/tr\\\/#website\",\"url\":\"https:\\\/\\\/hakmarfrance.online\\\/tr\\\/\",\"name\":\"hakmarfrance.online\",\"description\":\"\",\"publisher\":{\"@id\":\"https:\\\/\\\/hakmarfrance.online\\\/tr\\\/#organization\"},\"potentialAction\":[{\"@type\":\"SearchAction\",\"target\":{\"@type\":\"EntryPoint\",\"urlTemplate\":\"https:\\\/\\\/hakmarfrance.online\\\/tr\\\/?s={search_term_string}\"},\"query-input\":{\"@type\":\"PropertyValueSpecification\",\"valueRequired\":true,\"valueName\":\"search_term_string\"}}],\"inLanguage\":\"tr-TR\"},{\"@type\":\"Organization\",\"@id\":\"https:\\\/\\\/hakmarfrance.online\\\/tr\\\/#organization\",\"name\":\"hakmarfrance.online\",\"url\":\"https:\\\/\\\/hakmarfrance.online\\\/tr\\\/\",\"logo\":{\"@type\":\"ImageObject\",\"inLanguage\":\"tr-TR\",\"@id\":\"https:\\\/\\\/hakmarfrance.online\\\/tr\\\/#\\\/schema\\\/logo\\\/image\\\/\",\"url\":\"https:\\\/\\\/hakmarfrance.online\\\/wp-content\\\/uploads\\\/2025\\\/06\\\/logo-hakmarfrance.png\",\"contentUrl\":\"https:\\\/\\\/hakmarfrance.online\\\/wp-content\\\/uploads\\\/2025\\\/06\\\/logo-hakmarfrance.png\",\"width\":528,\"height\":232,\"caption\":\"hakmarfrance.online\"},\"image\":{\"@id\":\"https:\\\/\\\/hakmarfrance.online\\\/tr\\\/#\\\/schema\\\/logo\\\/image\\\/\"},\"sameAs\":[\"https:\\\/\\\/www.facebook.com\\\/HakmarFranceSupermarche\\\/?locale=fr_FR\",\"https:\\\/\\\/www.instagram.com\\\/hakmarfrancesupermarche\\\/\"]}]}<\/script>\n<!-- \/ Yoast SEO plugin. -->","yoast_head_json":{"title":"P\u0131nar Hardal \u2013 Koruyucu madde i\u00e7ermez \u2013 300 g - hakmarfrance.online","robots":{"index":"index","follow":"follow","max-snippet":"max-snippet:-1","max-image-preview":"max-image-preview:large","max-video-preview":"max-video-preview:-1"},"canonical":"https:\/\/hakmarfrance.online\/tr\/produit\/pinar-hardal-koruyucu-madde-icermez-300-g\/","og_locale":"tr_TR","og_type":"article","og_title":"P\u0131nar Hardal \u2013 Koruyucu madde i\u00e7ermez \u2013 300 g - hakmarfrance.online","og_description":"Do\u011fal, koruyucusuz P\u0131nar Hardal \u2013 300 g: G\u00fcnl\u00fck yemeklerinize e\u015flik edecek, kaliteli tohumlardan yap\u0131lm\u0131\u015f tatl\u0131 ve lezzetli bir hardal.","og_url":"https:\/\/hakmarfrance.online\/tr\/produit\/pinar-hardal-koruyucu-madde-icermez-300-g\/","og_site_name":"hakmarfrance.online","article_publisher":"https:\/\/www.facebook.com\/HakmarFranceSupermarche\/?locale=fr_FR","og_image":[{"width":1000,"height":800,"url":"https:\/\/hakmarfrance.online\/wp-content\/uploads\/2025\/07\/moutarde-pinar-hardal-squeeze-300g.avif","type":"image\/png"}],"twitter_card":"summary_large_image","schema":{"@context":"https:\/\/schema.org","@graph":[{"@type":"WebPage","@id":"https:\/\/hakmarfrance.online\/tr\/produit\/pinar-hardal-koruyucu-madde-icermez-300-g\/","url":"https:\/\/hakmarfrance.online\/tr\/produit\/pinar-hardal-koruyucu-madde-icermez-300-g\/","name":"P\u0131nar Hardal \u2013 Koruyucu madde i\u00e7ermez \u2013 300 g - hakmarfrance.online","isPartOf":{"@id":"https:\/\/hakmarfrance.online\/tr\/#website"},"primaryImageOfPage":{"@id":"https:\/\/hakmarfrance.online\/tr\/produit\/pinar-hardal-koruyucu-madde-icermez-300-g\/#primaryimage"},"image":{"@id":"https:\/\/hakmarfrance.online\/tr\/produit\/pinar-hardal-koruyucu-madde-icermez-300-g\/#primaryimage"},"thumbnailUrl":"https:\/\/hakmarfrance.online\/wp-content\/uploads\/2025\/07\/moutarde-pinar-hardal-squeeze-300g.avif","datePublished":"2025-07-09T07:28:13+00:00","breadcrumb":{"@id":"https:\/\/hakmarfrance.online\/tr\/produit\/pinar-hardal-koruyucu-madde-icermez-300-g\/#breadcrumb"},"inLanguage":"tr-TR","potentialAction":[{"@type":"ReadAction","target":["https:\/\/hakmarfrance.online\/tr\/produit\/pinar-hardal-koruyucu-madde-icermez-300-g\/"]}]},{"@type":"ImageObject","inLanguage":"tr-TR","@id":"https:\/\/hakmarfrance.online\/tr\/produit\/pinar-hardal-koruyucu-madde-icermez-300-g\/#primaryimage","url":"https:\/\/hakmarfrance.online\/wp-content\/uploads\/2025\/07\/moutarde-pinar-hardal-squeeze-300g.avif","contentUrl":"https:\/\/hakmarfrance.online\/wp-content\/uploads\/2025\/07\/moutarde-pinar-hardal-squeeze-300g.avif","width":1000,"height":800,"caption":"P\u0131nar Hardal \u2013 Tatl\u0131 ve do\u011fal hardal \u2013 300 g \u015fi\u015fe"},{"@type":"BreadcrumbList","@id":"https:\/\/hakmarfrance.online\/tr\/produit\/pinar-hardal-koruyucu-madde-icermez-300-g\/#breadcrumb","itemListElement":[{"@type":"ListItem","position":1,"name":"Accueil","item":"https:\/\/hakmarfrance.online\/tr\/"},{"@type":"ListItem","position":2,"name":"Ma\u011faza","item":"https:\/\/hakmarfrance.online\/tr\/magaza\/"},{"@type":"ListItem","position":3,"name":"P\u0131nar Hardal \u2013 Koruyucu madde i\u00e7ermez \u2013 300 g"}]},{"@type":"WebSite","@id":"https:\/\/hakmarfrance.online\/tr\/#website","url":"https:\/\/hakmarfrance.online\/tr\/","name":"hakmarfrance.online","description":"","publisher":{"@id":"https:\/\/hakmarfrance.online\/tr\/#organization"},"potentialAction":[{"@type":"SearchAction","target":{"@type":"EntryPoint","urlTemplate":"https:\/\/hakmarfrance.online\/tr\/?s={search_term_string}"},"query-input":{"@type":"PropertyValueSpecification","valueRequired":true,"valueName":"search_term_string"}}],"inLanguage":"tr-TR"},{"@type":"Organization","@id":"https:\/\/hakmarfrance.online\/tr\/#organization","name":"hakmarfrance.online","url":"https:\/\/hakmarfrance.online\/tr\/","logo":{"@type":"ImageObject","inLanguage":"tr-TR","@id":"https:\/\/hakmarfrance.online\/tr\/#\/schema\/logo\/image\/","url":"https:\/\/hakmarfrance.online\/wp-content\/uploads\/2025\/06\/logo-hakmarfrance.png","contentUrl":"https:\/\/hakmarfrance.online\/wp-content\/uploads\/2025\/06\/logo-hakmarfrance.png","width":528,"height":232,"caption":"hakmarfrance.online"},"image":{"@id":"https:\/\/hakmarfrance.online\/tr\/#\/schema\/logo\/image\/"},"sameAs":["https:\/\/www.facebook.com\/HakmarFranceSupermarche\/?locale=fr_FR","https:\/\/www.instagram.com\/hakmarfrancesupermarche\/"]}]}},"_links":{"self":[{"href":"https:\/\/hakmarfrance.online\/tr\/wp-json\/wp\/v2\/product\/18268","targetHints":{"allow":["GET"]}}],"collection":[{"href":"https:\/\/hakmarfrance.online\/tr\/wp-json\/wp\/v2\/product"}],"about":[{"href":"https:\/\/hakmarfrance.online\/tr\/wp-json\/wp\/v2\/types\/product"}],"replies":[{"embeddable":true,"href":"https:\/\/hakmarfrance.online\/tr\/wp-json\/wp\/v2\/comments?post=18268"}],"version-history":[{"count":0,"href":"https:\/\/hakmarfrance.online\/tr\/wp-json\/wp\/v2\/product\/18268\/revisions"}],"wp:featuredmedia":[{"embeddable":true,"href":"https:\/\/hakmarfrance.online\/tr\/wp-json\/wp\/v2\/media\/18269"}],"wp:attachment":[{"href":"https:\/\/hakmarfrance.online\/tr\/wp-json\/wp\/v2\/media?parent=18268"}],"wp:term":[{"taxonomy":"product_brand","embeddable":true,"href":"https:\/\/hakmarfrance.online\/tr\/wp-json\/wp\/v2\/product_brand?post=18268"},{"taxonomy":"product_cat","embeddable":true,"href":"https:\/\/hakmarfrance.online\/tr\/wp-json\/wp\/v2\/product_cat?post=18268"},{"taxonomy":"product_tag","embeddable":true,"href":"https:\/\/hakmarfrance.online\/tr\/wp-json\/wp\/v2\/product_tag?post=18268"}],"curies":[{"name":"wp","href":"https:\/\/api.w.org\/{rel}","templated":true}]}}