{"id":18272,"date":"2025-06-13T11:20:16","date_gmt":"2025-06-13T11:20:16","guid":{"rendered":"https:\/\/hakmarfrance.online\/produit\/taze-demet-sogan\/"},"modified":"2025-06-13T11:20:16","modified_gmt":"2025-06-13T11:20:16","slug":"taze-demet-sogan","status":"publish","type":"product","link":"https:\/\/hakmarfrance.online\/tr\/produit\/taze-demet-sogan\/","title":{"rendered":"Taze Demet So\u011fan"},"content":{"rendered":"","protected":false},"excerpt":{"rendered":"<p data-start=\"406\" data-end=\"632\"><strong data-start=\"410\" data-end=\"436\">Taze demet so\u011fanlar\u0131m\u0131z<\/strong>, ayn\u0131 zamanda <strong data-start=\"456\" data-end=\"476\">ye\u015fil so\u011fan<\/strong> olarak da bilinir, yumu\u015fak, tatl\u0131 ve \u00e7ok aromatiktir. Hem \u00e7i\u011f olarak salatalarda ince do\u011franm\u0131\u015f \u015fekilde hem de pi\u015fmi\u015f olarak yahnilerinizde, omletlerinizde, soslar\u0131n\u0131zda veya tajinlerinizde t\u00fcketilebilirler. <\/p>\n<p data-start=\"634\" data-end=\"729\">Klasik kuru so\u011fandan daha ince bir lezzete sahip olup, t\u00fcm tariflerinize zarif bir dokunu\u015f katar.<\/p>\n<p data-start=\"731\" data-end=\"824\">\ud83e\uddc5 \u0130pucu: Yemeklerinize lezzet katmak i\u00e7in ye\u015fil sap\u0131n\u0131 da frenk so\u011fan\u0131 gibi t\u00fcketin.<\/p>\n<p data-start=\"826\" data-end=\"1019\">\u27a4 <strong data-start=\"836\" data-end=\"858\">Adet olarak sat\u0131l\u0131r (1 demet)<\/strong><br data-start=\"858\" data-end=\"861\">\u27a4 H\u0131zla t\u00fcketilmeli \u2013 \u00e7ok taze \u00fcr\u00fcn<br data-start=\"906\" data-end=\"909\">\u27a4 Do\u011fu mutfa\u011f\u0131, Akdeniz mutfa\u011f\u0131 ve mevsimsel tarifler i\u00e7in ideal<br data-start=\"979\" data-end=\"982\">\u27a4 \u0130\u015flem g\u00f6rmemi\u015f \u2013 g\u00fcnl\u00fck tazelik<\/p>\n<p data-start=\"1021\" data-end=\"1093\">\ud83d\ude9a <strong data-start=\"1049\" data-end=\"1074\">Mulhouse ve \u00e7evresine<\/strong> ev teslimat\u0131 \u2013 kalite garantisi<\/p>\n","protected":false},"featured_media":16553,"comment_status":"open","ping_status":"closed","template":"","meta":{"iawp_total_views":0},"product_brand":[],"product_cat":[308,309,310,225],"product_tag":[],"class_list":{"0":"post-18272","1":"product","2":"type-product","3":"status-publish","4":"has-post-thumbnail","6":"product_cat-meyve-sebze","7":"product_cat-taze-otlar","8":"product_cat-taze-sebzeler","9":"product_cat-tum-urunlerimiz","11":"first","12":"instock","13":"shipping-taxable","14":"purchasable","15":"product-type-simple"},"yoast_head":"<!-- This site is optimized with the Yoast SEO plugin v27.3 - https:\/\/yoast.com\/product\/yoast-seo-wordpress\/ -->\n<title>Taze Demet So\u011fan - hakmarfrance.online<\/title>\n<meta name=\"robots\" content=\"index, follow, max-snippet:-1, max-image-preview:large, max-video-preview:-1\" \/>\n<link rel=\"canonical\" href=\"https:\/\/hakmarfrance.online\/tr\/produit\/taze-demet-sogan\/\" \/>\n<meta property=\"og:locale\" content=\"tr_TR\" \/>\n<meta property=\"og:type\" content=\"article\" \/>\n<meta property=\"og:title\" content=\"Taze Demet So\u011fan - hakmarfrance.online\" \/>\n<meta property=\"og:description\" content=\"Taze demet so\u011fanlar\u0131m\u0131z, ayn\u0131 zamanda ye\u015fil so\u011fan olarak da bilinir, yumu\u015fak, tatl\u0131 ve \u00e7ok aromatiktir. Hem \u00e7i\u011f olarak salatalarda ince do\u011franm\u0131\u015f \u015fekilde hem de pi\u015fmi\u015f olarak yahnilerinizde, omletlerinizde, soslar\u0131n\u0131zda veya tajinlerinizde t\u00fcketilebilirler. Klasik kuru so\u011fandan daha ince bir lezzete sahip olup, t\u00fcm tariflerinize zarif bir dokunu\u015f katar. \ud83e\uddc5 \u0130pucu: Yemeklerinize lezzet katmak i\u00e7in ye\u015fil sap\u0131n\u0131 da frenk so\u011fan\u0131 gibi t\u00fcketin. \u27a4 Adet olarak sat\u0131l\u0131r (1 demet)\u27a4 H\u0131zla t\u00fcketilmeli \u2013 \u00e7ok taze \u00fcr\u00fcn\u27a4 Do\u011fu mutfa\u011f\u0131, Akdeniz mutfa\u011f\u0131 ve mevsimsel tarifler i\u00e7in ideal\u27a4 \u0130\u015flem g\u00f6rmemi\u015f \u2013 g\u00fcnl\u00fck tazelik \ud83d\ude9a Mulhouse ve \u00e7evresine ev teslimat\u0131 \u2013 kalite garantisi\" \/>\n<meta property=\"og:url\" content=\"https:\/\/hakmarfrance.online\/tr\/produit\/taze-demet-sogan\/\" \/>\n<meta property=\"og:site_name\" content=\"hakmarfrance.online\" \/>\n<meta property=\"article:publisher\" content=\"https:\/\/www.facebook.com\/HakmarFranceSupermarche\/?locale=fr_FR\" \/>\n<meta property=\"og:image\" content=\"https:\/\/hakmarfrance.online\/wp-content\/uploads\/2025\/06\/botte-oignons.png\" \/>\n\t<meta property=\"og:image:width\" content=\"1000\" \/>\n\t<meta property=\"og:image:height\" content=\"800\" \/>\n\t<meta property=\"og:image:type\" content=\"image\/png\" \/>\n<meta name=\"twitter:card\" content=\"summary_large_image\" \/>\n<script type=\"application\/ld+json\" class=\"yoast-schema-graph\">{\"@context\":\"https:\\\/\\\/schema.org\",\"@graph\":[{\"@type\":\"WebPage\",\"@id\":\"https:\\\/\\\/hakmarfrance.online\\\/tr\\\/produit\\\/taze-demet-sogan\\\/\",\"url\":\"https:\\\/\\\/hakmarfrance.online\\\/tr\\\/produit\\\/taze-demet-sogan\\\/\",\"name\":\"Taze Demet So\u011fan - hakmarfrance.online\",\"isPartOf\":{\"@id\":\"https:\\\/\\\/hakmarfrance.online\\\/tr\\\/#website\"},\"primaryImageOfPage\":{\"@id\":\"https:\\\/\\\/hakmarfrance.online\\\/tr\\\/produit\\\/taze-demet-sogan\\\/#primaryimage\"},\"image\":{\"@id\":\"https:\\\/\\\/hakmarfrance.online\\\/tr\\\/produit\\\/taze-demet-sogan\\\/#primaryimage\"},\"thumbnailUrl\":\"https:\\\/\\\/hakmarfrance.online\\\/wp-content\\\/uploads\\\/2025\\\/06\\\/botte-oignons.png\",\"datePublished\":\"2025-06-13T11:20:16+00:00\",\"breadcrumb\":{\"@id\":\"https:\\\/\\\/hakmarfrance.online\\\/tr\\\/produit\\\/taze-demet-sogan\\\/#breadcrumb\"},\"inLanguage\":\"tr-TR\",\"potentialAction\":[{\"@type\":\"ReadAction\",\"target\":[\"https:\\\/\\\/hakmarfrance.online\\\/tr\\\/produit\\\/taze-demet-sogan\\\/\"]}]},{\"@type\":\"ImageObject\",\"inLanguage\":\"tr-TR\",\"@id\":\"https:\\\/\\\/hakmarfrance.online\\\/tr\\\/produit\\\/taze-demet-sogan\\\/#primaryimage\",\"url\":\"https:\\\/\\\/hakmarfrance.online\\\/wp-content\\\/uploads\\\/2025\\\/06\\\/botte-oignons.png\",\"contentUrl\":\"https:\\\/\\\/hakmarfrance.online\\\/wp-content\\\/uploads\\\/2025\\\/06\\\/botte-oignons.png\",\"width\":1000,\"height\":800},{\"@type\":\"BreadcrumbList\",\"@id\":\"https:\\\/\\\/hakmarfrance.online\\\/tr\\\/produit\\\/taze-demet-sogan\\\/#breadcrumb\",\"itemListElement\":[{\"@type\":\"ListItem\",\"position\":1,\"name\":\"Accueil\",\"item\":\"https:\\\/\\\/hakmarfrance.online\\\/tr\\\/\"},{\"@type\":\"ListItem\",\"position\":2,\"name\":\"Ma\u011faza\",\"item\":\"https:\\\/\\\/hakmarfrance.online\\\/tr\\\/magaza\\\/\"},{\"@type\":\"ListItem\",\"position\":3,\"name\":\"Taze Demet So\u011fan\"}]},{\"@type\":\"WebSite\",\"@id\":\"https:\\\/\\\/hakmarfrance.online\\\/tr\\\/#website\",\"url\":\"https:\\\/\\\/hakmarfrance.online\\\/tr\\\/\",\"name\":\"hakmarfrance.online\",\"description\":\"\",\"publisher\":{\"@id\":\"https:\\\/\\\/hakmarfrance.online\\\/tr\\\/#organization\"},\"potentialAction\":[{\"@type\":\"SearchAction\",\"target\":{\"@type\":\"EntryPoint\",\"urlTemplate\":\"https:\\\/\\\/hakmarfrance.online\\\/tr\\\/?s={search_term_string}\"},\"query-input\":{\"@type\":\"PropertyValueSpecification\",\"valueRequired\":true,\"valueName\":\"search_term_string\"}}],\"inLanguage\":\"tr-TR\"},{\"@type\":\"Organization\",\"@id\":\"https:\\\/\\\/hakmarfrance.online\\\/tr\\\/#organization\",\"name\":\"hakmarfrance.online\",\"url\":\"https:\\\/\\\/hakmarfrance.online\\\/tr\\\/\",\"logo\":{\"@type\":\"ImageObject\",\"inLanguage\":\"tr-TR\",\"@id\":\"https:\\\/\\\/hakmarfrance.online\\\/tr\\\/#\\\/schema\\\/logo\\\/image\\\/\",\"url\":\"https:\\\/\\\/hakmarfrance.online\\\/wp-content\\\/uploads\\\/2025\\\/06\\\/logo-hakmarfrance.png\",\"contentUrl\":\"https:\\\/\\\/hakmarfrance.online\\\/wp-content\\\/uploads\\\/2025\\\/06\\\/logo-hakmarfrance.png\",\"width\":528,\"height\":232,\"caption\":\"hakmarfrance.online\"},\"image\":{\"@id\":\"https:\\\/\\\/hakmarfrance.online\\\/tr\\\/#\\\/schema\\\/logo\\\/image\\\/\"},\"sameAs\":[\"https:\\\/\\\/www.facebook.com\\\/HakmarFranceSupermarche\\\/?locale=fr_FR\",\"https:\\\/\\\/www.instagram.com\\\/hakmarfrancesupermarche\\\/\"]}]}<\/script>\n<!-- \/ Yoast SEO plugin. -->","yoast_head_json":{"title":"Taze Demet So\u011fan - hakmarfrance.online","robots":{"index":"index","follow":"follow","max-snippet":"max-snippet:-1","max-image-preview":"max-image-preview:large","max-video-preview":"max-video-preview:-1"},"canonical":"https:\/\/hakmarfrance.online\/tr\/produit\/taze-demet-sogan\/","og_locale":"tr_TR","og_type":"article","og_title":"Taze Demet So\u011fan - hakmarfrance.online","og_description":"Taze demet so\u011fanlar\u0131m\u0131z, ayn\u0131 zamanda ye\u015fil so\u011fan olarak da bilinir, yumu\u015fak, tatl\u0131 ve \u00e7ok aromatiktir. Hem \u00e7i\u011f olarak salatalarda ince do\u011franm\u0131\u015f \u015fekilde hem de pi\u015fmi\u015f olarak yahnilerinizde, omletlerinizde, soslar\u0131n\u0131zda veya tajinlerinizde t\u00fcketilebilirler. Klasik kuru so\u011fandan daha ince bir lezzete sahip olup, t\u00fcm tariflerinize zarif bir dokunu\u015f katar. \ud83e\uddc5 \u0130pucu: Yemeklerinize lezzet katmak i\u00e7in ye\u015fil sap\u0131n\u0131 da frenk so\u011fan\u0131 gibi t\u00fcketin. \u27a4 Adet olarak sat\u0131l\u0131r (1 demet)\u27a4 H\u0131zla t\u00fcketilmeli \u2013 \u00e7ok taze \u00fcr\u00fcn\u27a4 Do\u011fu mutfa\u011f\u0131, Akdeniz mutfa\u011f\u0131 ve mevsimsel tarifler i\u00e7in ideal\u27a4 \u0130\u015flem g\u00f6rmemi\u015f \u2013 g\u00fcnl\u00fck tazelik \ud83d\ude9a Mulhouse ve \u00e7evresine ev teslimat\u0131 \u2013 kalite garantisi","og_url":"https:\/\/hakmarfrance.online\/tr\/produit\/taze-demet-sogan\/","og_site_name":"hakmarfrance.online","article_publisher":"https:\/\/www.facebook.com\/HakmarFranceSupermarche\/?locale=fr_FR","og_image":[{"width":1000,"height":800,"url":"https:\/\/hakmarfrance.online\/wp-content\/uploads\/2025\/06\/botte-oignons.png","type":"image\/png"}],"twitter_card":"summary_large_image","schema":{"@context":"https:\/\/schema.org","@graph":[{"@type":"WebPage","@id":"https:\/\/hakmarfrance.online\/tr\/produit\/taze-demet-sogan\/","url":"https:\/\/hakmarfrance.online\/tr\/produit\/taze-demet-sogan\/","name":"Taze Demet So\u011fan - hakmarfrance.online","isPartOf":{"@id":"https:\/\/hakmarfrance.online\/tr\/#website"},"primaryImageOfPage":{"@id":"https:\/\/hakmarfrance.online\/tr\/produit\/taze-demet-sogan\/#primaryimage"},"image":{"@id":"https:\/\/hakmarfrance.online\/tr\/produit\/taze-demet-sogan\/#primaryimage"},"thumbnailUrl":"https:\/\/hakmarfrance.online\/wp-content\/uploads\/2025\/06\/botte-oignons.png","datePublished":"2025-06-13T11:20:16+00:00","breadcrumb":{"@id":"https:\/\/hakmarfrance.online\/tr\/produit\/taze-demet-sogan\/#breadcrumb"},"inLanguage":"tr-TR","potentialAction":[{"@type":"ReadAction","target":["https:\/\/hakmarfrance.online\/tr\/produit\/taze-demet-sogan\/"]}]},{"@type":"ImageObject","inLanguage":"tr-TR","@id":"https:\/\/hakmarfrance.online\/tr\/produit\/taze-demet-sogan\/#primaryimage","url":"https:\/\/hakmarfrance.online\/wp-content\/uploads\/2025\/06\/botte-oignons.png","contentUrl":"https:\/\/hakmarfrance.online\/wp-content\/uploads\/2025\/06\/botte-oignons.png","width":1000,"height":800},{"@type":"BreadcrumbList","@id":"https:\/\/hakmarfrance.online\/tr\/produit\/taze-demet-sogan\/#breadcrumb","itemListElement":[{"@type":"ListItem","position":1,"name":"Accueil","item":"https:\/\/hakmarfrance.online\/tr\/"},{"@type":"ListItem","position":2,"name":"Ma\u011faza","item":"https:\/\/hakmarfrance.online\/tr\/magaza\/"},{"@type":"ListItem","position":3,"name":"Taze Demet So\u011fan"}]},{"@type":"WebSite","@id":"https:\/\/hakmarfrance.online\/tr\/#website","url":"https:\/\/hakmarfrance.online\/tr\/","name":"hakmarfrance.online","description":"","publisher":{"@id":"https:\/\/hakmarfrance.online\/tr\/#organization"},"potentialAction":[{"@type":"SearchAction","target":{"@type":"EntryPoint","urlTemplate":"https:\/\/hakmarfrance.online\/tr\/?s={search_term_string}"},"query-input":{"@type":"PropertyValueSpecification","valueRequired":true,"valueName":"search_term_string"}}],"inLanguage":"tr-TR"},{"@type":"Organization","@id":"https:\/\/hakmarfrance.online\/tr\/#organization","name":"hakmarfrance.online","url":"https:\/\/hakmarfrance.online\/tr\/","logo":{"@type":"ImageObject","inLanguage":"tr-TR","@id":"https:\/\/hakmarfrance.online\/tr\/#\/schema\/logo\/image\/","url":"https:\/\/hakmarfrance.online\/wp-content\/uploads\/2025\/06\/logo-hakmarfrance.png","contentUrl":"https:\/\/hakmarfrance.online\/wp-content\/uploads\/2025\/06\/logo-hakmarfrance.png","width":528,"height":232,"caption":"hakmarfrance.online"},"image":{"@id":"https:\/\/hakmarfrance.online\/tr\/#\/schema\/logo\/image\/"},"sameAs":["https:\/\/www.facebook.com\/HakmarFranceSupermarche\/?locale=fr_FR","https:\/\/www.instagram.com\/hakmarfrancesupermarche\/"]}]}},"_links":{"self":[{"href":"https:\/\/hakmarfrance.online\/tr\/wp-json\/wp\/v2\/product\/18272","targetHints":{"allow":["GET"]}}],"collection":[{"href":"https:\/\/hakmarfrance.online\/tr\/wp-json\/wp\/v2\/product"}],"about":[{"href":"https:\/\/hakmarfrance.online\/tr\/wp-json\/wp\/v2\/types\/product"}],"replies":[{"embeddable":true,"href":"https:\/\/hakmarfrance.online\/tr\/wp-json\/wp\/v2\/comments?post=18272"}],"version-history":[{"count":0,"href":"https:\/\/hakmarfrance.online\/tr\/wp-json\/wp\/v2\/product\/18272\/revisions"}],"wp:featuredmedia":[{"embeddable":true,"href":"https:\/\/hakmarfrance.online\/tr\/wp-json\/wp\/v2\/media\/16553"}],"wp:attachment":[{"href":"https:\/\/hakmarfrance.online\/tr\/wp-json\/wp\/v2\/media?parent=18272"}],"wp:term":[{"taxonomy":"product_brand","embeddable":true,"href":"https:\/\/hakmarfrance.online\/tr\/wp-json\/wp\/v2\/product_brand?post=18272"},{"taxonomy":"product_cat","embeddable":true,"href":"https:\/\/hakmarfrance.online\/tr\/wp-json\/wp\/v2\/product_cat?post=18272"},{"taxonomy":"product_tag","embeddable":true,"href":"https:\/\/hakmarfrance.online\/tr\/wp-json\/wp\/v2\/product_tag?post=18272"}],"curies":[{"name":"wp","href":"https:\/\/api.w.org\/{rel}","templated":true}]}}