{"id":18281,"date":"2025-06-16T08:17:23","date_gmt":"2025-06-16T08:17:23","guid":{"rendered":"https:\/\/hakmarfrance.online\/produit\/sohbet-turk-siyah-cayi-500-g-metal-kutuda-otantik-lezzet\/"},"modified":"2025-06-16T08:17:23","modified_gmt":"2025-06-16T08:17:23","slug":"sohbet-turk-siyah-cayi-500-g-metal-kutuda-otantik-lezzet","status":"publish","type":"product","link":"https:\/\/hakmarfrance.online\/tr\/produit\/sohbet-turk-siyah-cayi-500-g-metal-kutuda-otantik-lezzet\/","title":{"rendered":"Sohbet T\u00fcrk Siyah \u00c7ay\u0131 500 g &#8211; Metal Kutuda Otantik Lezzet"},"content":{"rendered":"","protected":false},"excerpt":{"rendered":"<p>Karadeniz \u00e7ay bah\u00e7elerinden gelen karakteristik bir siyah \u00e7ay olan Sohbet \u00c7ay\u0131 ile T\u00fcrk \u00e7ay rit\u00fcelinin tad\u0131n\u0131 \u00e7\u0131kar\u0131n. Aroma ve gelenek a\u00e7\u0131s\u0131ndan zengin olan bu \u00e7ay, g\u00fcn\u00fcn her saatinde keyifle i\u00e7ilebilir. 500 g&#8217;l\u0131k metal kutuda sunulan bu \u00e7ay, tazeli\u011fini ve benzersiz lezzetini korur, keyifli anlar i\u00e7in m\u00fckemmeldir.  <\/p>\n","protected":false},"featured_media":18283,"comment_status":"open","ping_status":"closed","template":"","meta":{"iawp_total_views":0},"product_brand":[],"product_cat":[286,227,228,225,295],"product_tag":[],"class_list":{"0":"post-18281","1":"product","2":"type-product","3":"status-publish","4":"has-post-thumbnail","6":"product_cat-dogu-marketi","7":"product_cat-geleneksel-turk-urunleri","8":"product_cat-icecekler","9":"product_cat-tum-urunlerimiz","10":"product_cat-turk-cayi-bitki-caylari","12":"first","13":"instock","14":"shipping-taxable","15":"purchasable","16":"product-type-simple"},"yoast_head":"<!-- This site is optimized with the Yoast SEO plugin v27.3 - https:\/\/yoast.com\/product\/yoast-seo-wordpress\/ -->\n<title>Sohbet T\u00fcrk Siyah \u00c7ay\u0131 500 g - Metal Kutuda Otantik Lezzet - hakmarfrance.online<\/title>\n<meta name=\"robots\" content=\"index, follow, max-snippet:-1, max-image-preview:large, max-video-preview:-1\" \/>\n<link rel=\"canonical\" href=\"https:\/\/hakmarfrance.online\/tr\/produit\/sohbet-turk-siyah-cayi-500-g-metal-kutuda-otantik-lezzet\/\" \/>\n<meta property=\"og:locale\" content=\"tr_TR\" \/>\n<meta property=\"og:type\" content=\"article\" \/>\n<meta property=\"og:title\" content=\"Sohbet T\u00fcrk Siyah \u00c7ay\u0131 500 g - Metal Kutuda Otantik Lezzet - hakmarfrance.online\" \/>\n<meta property=\"og:description\" content=\"Karadeniz \u00e7ay bah\u00e7elerinden gelen karakteristik bir siyah \u00e7ay olan Sohbet \u00c7ay\u0131 ile T\u00fcrk \u00e7ay rit\u00fcelinin tad\u0131n\u0131 \u00e7\u0131kar\u0131n. Aroma ve gelenek a\u00e7\u0131s\u0131ndan zengin olan bu \u00e7ay, g\u00fcn\u00fcn her saatinde keyifle i\u00e7ilebilir. 500 g&#039;l\u0131k metal kutuda sunulan bu \u00e7ay, tazeli\u011fini ve benzersiz lezzetini korur, keyifli anlar i\u00e7in m\u00fckemmeldir.\" \/>\n<meta property=\"og:url\" content=\"https:\/\/hakmarfrance.online\/tr\/produit\/sohbet-turk-siyah-cayi-500-g-metal-kutuda-otantik-lezzet\/\" \/>\n<meta property=\"og:site_name\" content=\"hakmarfrance.online\" \/>\n<meta property=\"article:publisher\" content=\"https:\/\/www.facebook.com\/HakmarFranceSupermarche\/?locale=fr_FR\" \/>\n<meta property=\"og:image\" content=\"https:\/\/hakmarfrance.online\/wp-content\/uploads\/2025\/06\/The-Noir-Turc-500g-Marque-Sohbet.png\" \/>\n\t<meta property=\"og:image:width\" content=\"1000\" \/>\n\t<meta property=\"og:image:height\" content=\"800\" \/>\n\t<meta property=\"og:image:type\" content=\"image\/png\" \/>\n<meta name=\"twitter:card\" content=\"summary_large_image\" \/>\n<script type=\"application\/ld+json\" class=\"yoast-schema-graph\">{\"@context\":\"https:\\\/\\\/schema.org\",\"@graph\":[{\"@type\":\"WebPage\",\"@id\":\"https:\\\/\\\/hakmarfrance.online\\\/tr\\\/produit\\\/sohbet-turk-siyah-cayi-500-g-metal-kutuda-otantik-lezzet\\\/\",\"url\":\"https:\\\/\\\/hakmarfrance.online\\\/tr\\\/produit\\\/sohbet-turk-siyah-cayi-500-g-metal-kutuda-otantik-lezzet\\\/\",\"name\":\"Sohbet T\u00fcrk Siyah \u00c7ay\u0131 500 g - Metal Kutuda Otantik Lezzet - hakmarfrance.online\",\"isPartOf\":{\"@id\":\"https:\\\/\\\/hakmarfrance.online\\\/tr\\\/#website\"},\"primaryImageOfPage\":{\"@id\":\"https:\\\/\\\/hakmarfrance.online\\\/tr\\\/produit\\\/sohbet-turk-siyah-cayi-500-g-metal-kutuda-otantik-lezzet\\\/#primaryimage\"},\"image\":{\"@id\":\"https:\\\/\\\/hakmarfrance.online\\\/tr\\\/produit\\\/sohbet-turk-siyah-cayi-500-g-metal-kutuda-otantik-lezzet\\\/#primaryimage\"},\"thumbnailUrl\":\"https:\\\/\\\/hakmarfrance.online\\\/wp-content\\\/uploads\\\/2025\\\/06\\\/The-Noir-Turc-500g-Marque-Sohbet.png\",\"datePublished\":\"2025-06-16T08:17:23+00:00\",\"breadcrumb\":{\"@id\":\"https:\\\/\\\/hakmarfrance.online\\\/tr\\\/produit\\\/sohbet-turk-siyah-cayi-500-g-metal-kutuda-otantik-lezzet\\\/#breadcrumb\"},\"inLanguage\":\"tr-TR\",\"potentialAction\":[{\"@type\":\"ReadAction\",\"target\":[\"https:\\\/\\\/hakmarfrance.online\\\/tr\\\/produit\\\/sohbet-turk-siyah-cayi-500-g-metal-kutuda-otantik-lezzet\\\/\"]}]},{\"@type\":\"ImageObject\",\"inLanguage\":\"tr-TR\",\"@id\":\"https:\\\/\\\/hakmarfrance.online\\\/tr\\\/produit\\\/sohbet-turk-siyah-cayi-500-g-metal-kutuda-otantik-lezzet\\\/#primaryimage\",\"url\":\"https:\\\/\\\/hakmarfrance.online\\\/wp-content\\\/uploads\\\/2025\\\/06\\\/The-Noir-Turc-500g-Marque-Sohbet.png\",\"contentUrl\":\"https:\\\/\\\/hakmarfrance.online\\\/wp-content\\\/uploads\\\/2025\\\/06\\\/The-Noir-Turc-500g-Marque-Sohbet.png\",\"width\":1000,\"height\":800},{\"@type\":\"BreadcrumbList\",\"@id\":\"https:\\\/\\\/hakmarfrance.online\\\/tr\\\/produit\\\/sohbet-turk-siyah-cayi-500-g-metal-kutuda-otantik-lezzet\\\/#breadcrumb\",\"itemListElement\":[{\"@type\":\"ListItem\",\"position\":1,\"name\":\"Accueil\",\"item\":\"https:\\\/\\\/hakmarfrance.online\\\/tr\\\/\"},{\"@type\":\"ListItem\",\"position\":2,\"name\":\"Ma\u011faza\",\"item\":\"https:\\\/\\\/hakmarfrance.online\\\/tr\\\/magaza\\\/\"},{\"@type\":\"ListItem\",\"position\":3,\"name\":\"Sohbet T\u00fcrk Siyah \u00c7ay\u0131 500 g &#8211; Metal Kutuda Otantik Lezzet\"}]},{\"@type\":\"WebSite\",\"@id\":\"https:\\\/\\\/hakmarfrance.online\\\/tr\\\/#website\",\"url\":\"https:\\\/\\\/hakmarfrance.online\\\/tr\\\/\",\"name\":\"hakmarfrance.online\",\"description\":\"\",\"publisher\":{\"@id\":\"https:\\\/\\\/hakmarfrance.online\\\/tr\\\/#organization\"},\"potentialAction\":[{\"@type\":\"SearchAction\",\"target\":{\"@type\":\"EntryPoint\",\"urlTemplate\":\"https:\\\/\\\/hakmarfrance.online\\\/tr\\\/?s={search_term_string}\"},\"query-input\":{\"@type\":\"PropertyValueSpecification\",\"valueRequired\":true,\"valueName\":\"search_term_string\"}}],\"inLanguage\":\"tr-TR\"},{\"@type\":\"Organization\",\"@id\":\"https:\\\/\\\/hakmarfrance.online\\\/tr\\\/#organization\",\"name\":\"hakmarfrance.online\",\"url\":\"https:\\\/\\\/hakmarfrance.online\\\/tr\\\/\",\"logo\":{\"@type\":\"ImageObject\",\"inLanguage\":\"tr-TR\",\"@id\":\"https:\\\/\\\/hakmarfrance.online\\\/tr\\\/#\\\/schema\\\/logo\\\/image\\\/\",\"url\":\"https:\\\/\\\/hakmarfrance.online\\\/wp-content\\\/uploads\\\/2025\\\/06\\\/logo-hakmarfrance.png\",\"contentUrl\":\"https:\\\/\\\/hakmarfrance.online\\\/wp-content\\\/uploads\\\/2025\\\/06\\\/logo-hakmarfrance.png\",\"width\":528,\"height\":232,\"caption\":\"hakmarfrance.online\"},\"image\":{\"@id\":\"https:\\\/\\\/hakmarfrance.online\\\/tr\\\/#\\\/schema\\\/logo\\\/image\\\/\"},\"sameAs\":[\"https:\\\/\\\/www.facebook.com\\\/HakmarFranceSupermarche\\\/?locale=fr_FR\",\"https:\\\/\\\/www.instagram.com\\\/hakmarfrancesupermarche\\\/\"]}]}<\/script>\n<!-- \/ Yoast SEO plugin. -->","yoast_head_json":{"title":"Sohbet T\u00fcrk Siyah \u00c7ay\u0131 500 g - Metal Kutuda Otantik Lezzet - hakmarfrance.online","robots":{"index":"index","follow":"follow","max-snippet":"max-snippet:-1","max-image-preview":"max-image-preview:large","max-video-preview":"max-video-preview:-1"},"canonical":"https:\/\/hakmarfrance.online\/tr\/produit\/sohbet-turk-siyah-cayi-500-g-metal-kutuda-otantik-lezzet\/","og_locale":"tr_TR","og_type":"article","og_title":"Sohbet T\u00fcrk Siyah \u00c7ay\u0131 500 g - Metal Kutuda Otantik Lezzet - hakmarfrance.online","og_description":"Karadeniz \u00e7ay bah\u00e7elerinden gelen karakteristik bir siyah \u00e7ay olan Sohbet \u00c7ay\u0131 ile T\u00fcrk \u00e7ay rit\u00fcelinin tad\u0131n\u0131 \u00e7\u0131kar\u0131n. Aroma ve gelenek a\u00e7\u0131s\u0131ndan zengin olan bu \u00e7ay, g\u00fcn\u00fcn her saatinde keyifle i\u00e7ilebilir. 500 g'l\u0131k metal kutuda sunulan bu \u00e7ay, tazeli\u011fini ve benzersiz lezzetini korur, keyifli anlar i\u00e7in m\u00fckemmeldir.","og_url":"https:\/\/hakmarfrance.online\/tr\/produit\/sohbet-turk-siyah-cayi-500-g-metal-kutuda-otantik-lezzet\/","og_site_name":"hakmarfrance.online","article_publisher":"https:\/\/www.facebook.com\/HakmarFranceSupermarche\/?locale=fr_FR","og_image":[{"width":1000,"height":800,"url":"https:\/\/hakmarfrance.online\/wp-content\/uploads\/2025\/06\/The-Noir-Turc-500g-Marque-Sohbet.png","type":"image\/png"}],"twitter_card":"summary_large_image","schema":{"@context":"https:\/\/schema.org","@graph":[{"@type":"WebPage","@id":"https:\/\/hakmarfrance.online\/tr\/produit\/sohbet-turk-siyah-cayi-500-g-metal-kutuda-otantik-lezzet\/","url":"https:\/\/hakmarfrance.online\/tr\/produit\/sohbet-turk-siyah-cayi-500-g-metal-kutuda-otantik-lezzet\/","name":"Sohbet T\u00fcrk Siyah \u00c7ay\u0131 500 g - Metal Kutuda Otantik Lezzet - hakmarfrance.online","isPartOf":{"@id":"https:\/\/hakmarfrance.online\/tr\/#website"},"primaryImageOfPage":{"@id":"https:\/\/hakmarfrance.online\/tr\/produit\/sohbet-turk-siyah-cayi-500-g-metal-kutuda-otantik-lezzet\/#primaryimage"},"image":{"@id":"https:\/\/hakmarfrance.online\/tr\/produit\/sohbet-turk-siyah-cayi-500-g-metal-kutuda-otantik-lezzet\/#primaryimage"},"thumbnailUrl":"https:\/\/hakmarfrance.online\/wp-content\/uploads\/2025\/06\/The-Noir-Turc-500g-Marque-Sohbet.png","datePublished":"2025-06-16T08:17:23+00:00","breadcrumb":{"@id":"https:\/\/hakmarfrance.online\/tr\/produit\/sohbet-turk-siyah-cayi-500-g-metal-kutuda-otantik-lezzet\/#breadcrumb"},"inLanguage":"tr-TR","potentialAction":[{"@type":"ReadAction","target":["https:\/\/hakmarfrance.online\/tr\/produit\/sohbet-turk-siyah-cayi-500-g-metal-kutuda-otantik-lezzet\/"]}]},{"@type":"ImageObject","inLanguage":"tr-TR","@id":"https:\/\/hakmarfrance.online\/tr\/produit\/sohbet-turk-siyah-cayi-500-g-metal-kutuda-otantik-lezzet\/#primaryimage","url":"https:\/\/hakmarfrance.online\/wp-content\/uploads\/2025\/06\/The-Noir-Turc-500g-Marque-Sohbet.png","contentUrl":"https:\/\/hakmarfrance.online\/wp-content\/uploads\/2025\/06\/The-Noir-Turc-500g-Marque-Sohbet.png","width":1000,"height":800},{"@type":"BreadcrumbList","@id":"https:\/\/hakmarfrance.online\/tr\/produit\/sohbet-turk-siyah-cayi-500-g-metal-kutuda-otantik-lezzet\/#breadcrumb","itemListElement":[{"@type":"ListItem","position":1,"name":"Accueil","item":"https:\/\/hakmarfrance.online\/tr\/"},{"@type":"ListItem","position":2,"name":"Ma\u011faza","item":"https:\/\/hakmarfrance.online\/tr\/magaza\/"},{"@type":"ListItem","position":3,"name":"Sohbet T\u00fcrk Siyah \u00c7ay\u0131 500 g &#8211; Metal Kutuda Otantik Lezzet"}]},{"@type":"WebSite","@id":"https:\/\/hakmarfrance.online\/tr\/#website","url":"https:\/\/hakmarfrance.online\/tr\/","name":"hakmarfrance.online","description":"","publisher":{"@id":"https:\/\/hakmarfrance.online\/tr\/#organization"},"potentialAction":[{"@type":"SearchAction","target":{"@type":"EntryPoint","urlTemplate":"https:\/\/hakmarfrance.online\/tr\/?s={search_term_string}"},"query-input":{"@type":"PropertyValueSpecification","valueRequired":true,"valueName":"search_term_string"}}],"inLanguage":"tr-TR"},{"@type":"Organization","@id":"https:\/\/hakmarfrance.online\/tr\/#organization","name":"hakmarfrance.online","url":"https:\/\/hakmarfrance.online\/tr\/","logo":{"@type":"ImageObject","inLanguage":"tr-TR","@id":"https:\/\/hakmarfrance.online\/tr\/#\/schema\/logo\/image\/","url":"https:\/\/hakmarfrance.online\/wp-content\/uploads\/2025\/06\/logo-hakmarfrance.png","contentUrl":"https:\/\/hakmarfrance.online\/wp-content\/uploads\/2025\/06\/logo-hakmarfrance.png","width":528,"height":232,"caption":"hakmarfrance.online"},"image":{"@id":"https:\/\/hakmarfrance.online\/tr\/#\/schema\/logo\/image\/"},"sameAs":["https:\/\/www.facebook.com\/HakmarFranceSupermarche\/?locale=fr_FR","https:\/\/www.instagram.com\/hakmarfrancesupermarche\/"]}]}},"_links":{"self":[{"href":"https:\/\/hakmarfrance.online\/tr\/wp-json\/wp\/v2\/product\/18281","targetHints":{"allow":["GET"]}}],"collection":[{"href":"https:\/\/hakmarfrance.online\/tr\/wp-json\/wp\/v2\/product"}],"about":[{"href":"https:\/\/hakmarfrance.online\/tr\/wp-json\/wp\/v2\/types\/product"}],"replies":[{"embeddable":true,"href":"https:\/\/hakmarfrance.online\/tr\/wp-json\/wp\/v2\/comments?post=18281"}],"version-history":[{"count":0,"href":"https:\/\/hakmarfrance.online\/tr\/wp-json\/wp\/v2\/product\/18281\/revisions"}],"wp:featuredmedia":[{"embeddable":true,"href":"https:\/\/hakmarfrance.online\/tr\/wp-json\/wp\/v2\/media\/18283"}],"wp:attachment":[{"href":"https:\/\/hakmarfrance.online\/tr\/wp-json\/wp\/v2\/media?parent=18281"}],"wp:term":[{"taxonomy":"product_brand","embeddable":true,"href":"https:\/\/hakmarfrance.online\/tr\/wp-json\/wp\/v2\/product_brand?post=18281"},{"taxonomy":"product_cat","embeddable":true,"href":"https:\/\/hakmarfrance.online\/tr\/wp-json\/wp\/v2\/product_cat?post=18281"},{"taxonomy":"product_tag","embeddable":true,"href":"https:\/\/hakmarfrance.online\/tr\/wp-json\/wp\/v2\/product_tag?post=18281"}],"curies":[{"name":"wp","href":"https:\/\/api.w.org\/{rel}","templated":true}]}}