{"id":18287,"date":"2025-06-11T12:06:53","date_gmt":"2025-06-11T12:06:53","guid":{"rendered":"https:\/\/hakmarfrance.online\/produit\/cafe-minas-ince-ogutulmus-kahve-500gr\/"},"modified":"2025-06-11T12:06:53","modified_gmt":"2025-06-11T12:06:53","slug":"cafe-minas-ince-ogutulmus-kahve-500gr","status":"publish","type":"product","link":"https:\/\/hakmarfrance.online\/tr\/produit\/cafe-minas-ince-ogutulmus-kahve-500gr\/","title":{"rendered":"Caf\u00e9 Minas &#8211; \u0130nce \u00d6\u011f\u00fct\u00fclm\u00fc\u015f Kahve 500gr"},"content":{"rendered":"<p>Geleneksel T\u00fcrk veya Balkan y\u00f6ntemiyle m\u00fckemmel bir demleme i\u00e7in \u00e7ok ince \u00f6\u011f\u00fct\u00fclm\u00fc\u015f Caf\u00e9 Minas&#8217;\u0131n derin aromas\u0131n\u0131n ve inceli\u011finin tad\u0131n\u0131 \u00e7\u0131kar\u0131n. Yo\u011fun, lezzet dolu ve \u00f6zenle kavrulmu\u015f bu kahve, t\u00fcm lezzetini ortaya \u00e7\u0131karmak i\u00e7in cezve ile haz\u0131rlan\u0131r. 200g paket.  <\/p>\n","protected":false},"excerpt":{"rendered":"<p>T\u00fcrk veya Balkan kahvesi geleneksel haz\u0131rlan\u0131\u015f\u0131 i\u00e7in ideal, \u00e7ok ince \u00f6\u011f\u00fct\u00fclm\u00fc\u015f kahve.<\/p>\n","protected":false},"featured_media":18289,"comment_status":"open","ping_status":"closed","template":"","meta":{"iawp_total_views":0},"product_brand":[],"product_cat":[228,225,295],"product_tag":[],"class_list":{"0":"post-18287","1":"product","2":"type-product","3":"status-publish","4":"has-post-thumbnail","6":"product_cat-icecekler","7":"product_cat-tum-urunlerimiz","8":"product_cat-turk-cayi-bitki-caylari","10":"first","11":"instock","12":"shipping-taxable","13":"purchasable","14":"product-type-simple"},"yoast_head":"<!-- This site is optimized with the Yoast SEO plugin v27.3 - https:\/\/yoast.com\/product\/yoast-seo-wordpress\/ -->\n<title>Caf\u00e9 Minas - \u0130nce \u00d6\u011f\u00fct\u00fclm\u00fc\u015f Kahve 500gr - hakmarfrance.online<\/title>\n<meta name=\"robots\" content=\"index, follow, max-snippet:-1, max-image-preview:large, max-video-preview:-1\" \/>\n<link rel=\"canonical\" href=\"https:\/\/hakmarfrance.online\/tr\/produit\/cafe-minas-ince-ogutulmus-kahve-500gr\/\" \/>\n<meta property=\"og:locale\" content=\"tr_TR\" \/>\n<meta property=\"og:type\" content=\"article\" \/>\n<meta property=\"og:title\" content=\"Caf\u00e9 Minas - \u0130nce \u00d6\u011f\u00fct\u00fclm\u00fc\u015f Kahve 500gr - hakmarfrance.online\" \/>\n<meta property=\"og:description\" content=\"T\u00fcrk veya Balkan kahvesi geleneksel haz\u0131rlan\u0131\u015f\u0131 i\u00e7in ideal, \u00e7ok ince \u00f6\u011f\u00fct\u00fclm\u00fc\u015f kahve.\" \/>\n<meta property=\"og:url\" content=\"https:\/\/hakmarfrance.online\/tr\/produit\/cafe-minas-ince-ogutulmus-kahve-500gr\/\" \/>\n<meta property=\"og:site_name\" content=\"hakmarfrance.online\" \/>\n<meta property=\"article:publisher\" content=\"https:\/\/www.facebook.com\/HakmarFranceSupermarche\/?locale=fr_FR\" \/>\n<meta property=\"og:image\" content=\"https:\/\/hakmarfrance.online\/wp-content\/uploads\/2025\/06\/cafe-minas-kava-moulu-finement-200g.webp\" \/>\n\t<meta property=\"og:image:width\" content=\"1000\" \/>\n\t<meta property=\"og:image:height\" content=\"1000\" \/>\n\t<meta property=\"og:image:type\" content=\"image\/webp\" \/>\n<meta name=\"twitter:card\" content=\"summary_large_image\" \/>\n<script type=\"application\/ld+json\" class=\"yoast-schema-graph\">{\"@context\":\"https:\\\/\\\/schema.org\",\"@graph\":[{\"@type\":\"WebPage\",\"@id\":\"https:\\\/\\\/hakmarfrance.online\\\/tr\\\/produit\\\/cafe-minas-ince-ogutulmus-kahve-500gr\\\/\",\"url\":\"https:\\\/\\\/hakmarfrance.online\\\/tr\\\/produit\\\/cafe-minas-ince-ogutulmus-kahve-500gr\\\/\",\"name\":\"Caf\u00e9 Minas - \u0130nce \u00d6\u011f\u00fct\u00fclm\u00fc\u015f Kahve 500gr - hakmarfrance.online\",\"isPartOf\":{\"@id\":\"https:\\\/\\\/hakmarfrance.online\\\/tr\\\/#website\"},\"primaryImageOfPage\":{\"@id\":\"https:\\\/\\\/hakmarfrance.online\\\/tr\\\/produit\\\/cafe-minas-ince-ogutulmus-kahve-500gr\\\/#primaryimage\"},\"image\":{\"@id\":\"https:\\\/\\\/hakmarfrance.online\\\/tr\\\/produit\\\/cafe-minas-ince-ogutulmus-kahve-500gr\\\/#primaryimage\"},\"thumbnailUrl\":\"https:\\\/\\\/hakmarfrance.online\\\/wp-content\\\/uploads\\\/2025\\\/06\\\/cafe-minas-kava-moulu-finement-200g.webp\",\"datePublished\":\"2025-06-11T12:06:53+00:00\",\"breadcrumb\":{\"@id\":\"https:\\\/\\\/hakmarfrance.online\\\/tr\\\/produit\\\/cafe-minas-ince-ogutulmus-kahve-500gr\\\/#breadcrumb\"},\"inLanguage\":\"tr-TR\",\"potentialAction\":[{\"@type\":\"ReadAction\",\"target\":[\"https:\\\/\\\/hakmarfrance.online\\\/tr\\\/produit\\\/cafe-minas-ince-ogutulmus-kahve-500gr\\\/\"]}]},{\"@type\":\"ImageObject\",\"inLanguage\":\"tr-TR\",\"@id\":\"https:\\\/\\\/hakmarfrance.online\\\/tr\\\/produit\\\/cafe-minas-ince-ogutulmus-kahve-500gr\\\/#primaryimage\",\"url\":\"https:\\\/\\\/hakmarfrance.online\\\/wp-content\\\/uploads\\\/2025\\\/06\\\/cafe-minas-kava-moulu-finement-200g.webp\",\"contentUrl\":\"https:\\\/\\\/hakmarfrance.online\\\/wp-content\\\/uploads\\\/2025\\\/06\\\/cafe-minas-kava-moulu-finement-200g.webp\",\"width\":1000,\"height\":1000},{\"@type\":\"BreadcrumbList\",\"@id\":\"https:\\\/\\\/hakmarfrance.online\\\/tr\\\/produit\\\/cafe-minas-ince-ogutulmus-kahve-500gr\\\/#breadcrumb\",\"itemListElement\":[{\"@type\":\"ListItem\",\"position\":1,\"name\":\"Accueil\",\"item\":\"https:\\\/\\\/hakmarfrance.online\\\/tr\\\/\"},{\"@type\":\"ListItem\",\"position\":2,\"name\":\"Ma\u011faza\",\"item\":\"https:\\\/\\\/hakmarfrance.online\\\/tr\\\/magaza\\\/\"},{\"@type\":\"ListItem\",\"position\":3,\"name\":\"Caf\u00e9 Minas &#8211; \u0130nce \u00d6\u011f\u00fct\u00fclm\u00fc\u015f Kahve 500gr\"}]},{\"@type\":\"WebSite\",\"@id\":\"https:\\\/\\\/hakmarfrance.online\\\/tr\\\/#website\",\"url\":\"https:\\\/\\\/hakmarfrance.online\\\/tr\\\/\",\"name\":\"hakmarfrance.online\",\"description\":\"\",\"publisher\":{\"@id\":\"https:\\\/\\\/hakmarfrance.online\\\/tr\\\/#organization\"},\"potentialAction\":[{\"@type\":\"SearchAction\",\"target\":{\"@type\":\"EntryPoint\",\"urlTemplate\":\"https:\\\/\\\/hakmarfrance.online\\\/tr\\\/?s={search_term_string}\"},\"query-input\":{\"@type\":\"PropertyValueSpecification\",\"valueRequired\":true,\"valueName\":\"search_term_string\"}}],\"inLanguage\":\"tr-TR\"},{\"@type\":\"Organization\",\"@id\":\"https:\\\/\\\/hakmarfrance.online\\\/tr\\\/#organization\",\"name\":\"hakmarfrance.online\",\"url\":\"https:\\\/\\\/hakmarfrance.online\\\/tr\\\/\",\"logo\":{\"@type\":\"ImageObject\",\"inLanguage\":\"tr-TR\",\"@id\":\"https:\\\/\\\/hakmarfrance.online\\\/tr\\\/#\\\/schema\\\/logo\\\/image\\\/\",\"url\":\"https:\\\/\\\/hakmarfrance.online\\\/wp-content\\\/uploads\\\/2025\\\/06\\\/logo-hakmarfrance.png\",\"contentUrl\":\"https:\\\/\\\/hakmarfrance.online\\\/wp-content\\\/uploads\\\/2025\\\/06\\\/logo-hakmarfrance.png\",\"width\":528,\"height\":232,\"caption\":\"hakmarfrance.online\"},\"image\":{\"@id\":\"https:\\\/\\\/hakmarfrance.online\\\/tr\\\/#\\\/schema\\\/logo\\\/image\\\/\"},\"sameAs\":[\"https:\\\/\\\/www.facebook.com\\\/HakmarFranceSupermarche\\\/?locale=fr_FR\",\"https:\\\/\\\/www.instagram.com\\\/hakmarfrancesupermarche\\\/\"]}]}<\/script>\n<!-- \/ Yoast SEO plugin. -->","yoast_head_json":{"title":"Caf\u00e9 Minas - \u0130nce \u00d6\u011f\u00fct\u00fclm\u00fc\u015f Kahve 500gr - hakmarfrance.online","robots":{"index":"index","follow":"follow","max-snippet":"max-snippet:-1","max-image-preview":"max-image-preview:large","max-video-preview":"max-video-preview:-1"},"canonical":"https:\/\/hakmarfrance.online\/tr\/produit\/cafe-minas-ince-ogutulmus-kahve-500gr\/","og_locale":"tr_TR","og_type":"article","og_title":"Caf\u00e9 Minas - \u0130nce \u00d6\u011f\u00fct\u00fclm\u00fc\u015f Kahve 500gr - hakmarfrance.online","og_description":"T\u00fcrk veya Balkan kahvesi geleneksel haz\u0131rlan\u0131\u015f\u0131 i\u00e7in ideal, \u00e7ok ince \u00f6\u011f\u00fct\u00fclm\u00fc\u015f kahve.","og_url":"https:\/\/hakmarfrance.online\/tr\/produit\/cafe-minas-ince-ogutulmus-kahve-500gr\/","og_site_name":"hakmarfrance.online","article_publisher":"https:\/\/www.facebook.com\/HakmarFranceSupermarche\/?locale=fr_FR","og_image":[{"width":1000,"height":1000,"url":"https:\/\/hakmarfrance.online\/wp-content\/uploads\/2025\/06\/cafe-minas-kava-moulu-finement-200g.webp","type":"image\/webp"}],"twitter_card":"summary_large_image","schema":{"@context":"https:\/\/schema.org","@graph":[{"@type":"WebPage","@id":"https:\/\/hakmarfrance.online\/tr\/produit\/cafe-minas-ince-ogutulmus-kahve-500gr\/","url":"https:\/\/hakmarfrance.online\/tr\/produit\/cafe-minas-ince-ogutulmus-kahve-500gr\/","name":"Caf\u00e9 Minas - \u0130nce \u00d6\u011f\u00fct\u00fclm\u00fc\u015f Kahve 500gr - hakmarfrance.online","isPartOf":{"@id":"https:\/\/hakmarfrance.online\/tr\/#website"},"primaryImageOfPage":{"@id":"https:\/\/hakmarfrance.online\/tr\/produit\/cafe-minas-ince-ogutulmus-kahve-500gr\/#primaryimage"},"image":{"@id":"https:\/\/hakmarfrance.online\/tr\/produit\/cafe-minas-ince-ogutulmus-kahve-500gr\/#primaryimage"},"thumbnailUrl":"https:\/\/hakmarfrance.online\/wp-content\/uploads\/2025\/06\/cafe-minas-kava-moulu-finement-200g.webp","datePublished":"2025-06-11T12:06:53+00:00","breadcrumb":{"@id":"https:\/\/hakmarfrance.online\/tr\/produit\/cafe-minas-ince-ogutulmus-kahve-500gr\/#breadcrumb"},"inLanguage":"tr-TR","potentialAction":[{"@type":"ReadAction","target":["https:\/\/hakmarfrance.online\/tr\/produit\/cafe-minas-ince-ogutulmus-kahve-500gr\/"]}]},{"@type":"ImageObject","inLanguage":"tr-TR","@id":"https:\/\/hakmarfrance.online\/tr\/produit\/cafe-minas-ince-ogutulmus-kahve-500gr\/#primaryimage","url":"https:\/\/hakmarfrance.online\/wp-content\/uploads\/2025\/06\/cafe-minas-kava-moulu-finement-200g.webp","contentUrl":"https:\/\/hakmarfrance.online\/wp-content\/uploads\/2025\/06\/cafe-minas-kava-moulu-finement-200g.webp","width":1000,"height":1000},{"@type":"BreadcrumbList","@id":"https:\/\/hakmarfrance.online\/tr\/produit\/cafe-minas-ince-ogutulmus-kahve-500gr\/#breadcrumb","itemListElement":[{"@type":"ListItem","position":1,"name":"Accueil","item":"https:\/\/hakmarfrance.online\/tr\/"},{"@type":"ListItem","position":2,"name":"Ma\u011faza","item":"https:\/\/hakmarfrance.online\/tr\/magaza\/"},{"@type":"ListItem","position":3,"name":"Caf\u00e9 Minas &#8211; \u0130nce \u00d6\u011f\u00fct\u00fclm\u00fc\u015f Kahve 500gr"}]},{"@type":"WebSite","@id":"https:\/\/hakmarfrance.online\/tr\/#website","url":"https:\/\/hakmarfrance.online\/tr\/","name":"hakmarfrance.online","description":"","publisher":{"@id":"https:\/\/hakmarfrance.online\/tr\/#organization"},"potentialAction":[{"@type":"SearchAction","target":{"@type":"EntryPoint","urlTemplate":"https:\/\/hakmarfrance.online\/tr\/?s={search_term_string}"},"query-input":{"@type":"PropertyValueSpecification","valueRequired":true,"valueName":"search_term_string"}}],"inLanguage":"tr-TR"},{"@type":"Organization","@id":"https:\/\/hakmarfrance.online\/tr\/#organization","name":"hakmarfrance.online","url":"https:\/\/hakmarfrance.online\/tr\/","logo":{"@type":"ImageObject","inLanguage":"tr-TR","@id":"https:\/\/hakmarfrance.online\/tr\/#\/schema\/logo\/image\/","url":"https:\/\/hakmarfrance.online\/wp-content\/uploads\/2025\/06\/logo-hakmarfrance.png","contentUrl":"https:\/\/hakmarfrance.online\/wp-content\/uploads\/2025\/06\/logo-hakmarfrance.png","width":528,"height":232,"caption":"hakmarfrance.online"},"image":{"@id":"https:\/\/hakmarfrance.online\/tr\/#\/schema\/logo\/image\/"},"sameAs":["https:\/\/www.facebook.com\/HakmarFranceSupermarche\/?locale=fr_FR","https:\/\/www.instagram.com\/hakmarfrancesupermarche\/"]}]}},"_links":{"self":[{"href":"https:\/\/hakmarfrance.online\/tr\/wp-json\/wp\/v2\/product\/18287","targetHints":{"allow":["GET"]}}],"collection":[{"href":"https:\/\/hakmarfrance.online\/tr\/wp-json\/wp\/v2\/product"}],"about":[{"href":"https:\/\/hakmarfrance.online\/tr\/wp-json\/wp\/v2\/types\/product"}],"replies":[{"embeddable":true,"href":"https:\/\/hakmarfrance.online\/tr\/wp-json\/wp\/v2\/comments?post=18287"}],"version-history":[{"count":0,"href":"https:\/\/hakmarfrance.online\/tr\/wp-json\/wp\/v2\/product\/18287\/revisions"}],"wp:featuredmedia":[{"embeddable":true,"href":"https:\/\/hakmarfrance.online\/tr\/wp-json\/wp\/v2\/media\/18289"}],"wp:attachment":[{"href":"https:\/\/hakmarfrance.online\/tr\/wp-json\/wp\/v2\/media?parent=18287"}],"wp:term":[{"taxonomy":"product_brand","embeddable":true,"href":"https:\/\/hakmarfrance.online\/tr\/wp-json\/wp\/v2\/product_brand?post=18287"},{"taxonomy":"product_cat","embeddable":true,"href":"https:\/\/hakmarfrance.online\/tr\/wp-json\/wp\/v2\/product_cat?post=18287"},{"taxonomy":"product_tag","embeddable":true,"href":"https:\/\/hakmarfrance.online\/tr\/wp-json\/wp\/v2\/product_tag?post=18287"}],"curies":[{"name":"wp","href":"https:\/\/api.w.org\/{rel}","templated":true}]}}