{"id":18298,"date":"2025-07-09T07:26:40","date_gmt":"2025-07-09T07:26:40","guid":{"rendered":"https:\/\/hakmarfrance.online\/produit\/sweet-chef-biberli-sos-ozel-burgerler-icin-500-ml\/"},"modified":"2025-07-09T07:26:40","modified_gmt":"2025-07-09T07:26:40","slug":"sweet-chef-biberli-sos-ozel-burgerler-icin-500-ml","status":"publish","type":"product","link":"https:\/\/hakmarfrance.online\/tr\/produit\/sweet-chef-biberli-sos-ozel-burgerler-icin-500-ml\/","title":{"rendered":"Sweet Chef Biberli Sos \u2013 \u00d6zel Burgerler \u0130\u00e7in \u2013 500 ml"},"content":{"rendered":"<p data-start=\"254\" data-end=\"644\">Sweet Chef Biberli Sos ile yemeklerinize lezzetli ve baharatl\u0131 bir dokunu\u015f kat\u0131n. Burgerleriniz, \u0131zgara etleriniz veya patates k\u0131zartmalar\u0131n\u0131z i\u00e7in ideal olan bu kremsi siyah biber sosu, tatl\u0131l\u0131k ve ac\u0131l\u0131k aras\u0131nda m\u00fckemmel bir denge sunarak sizi cezbedecek. 500 ml&#8217;lik c\u00f6mert boyutu, hem evde hem de at\u0131\u015ft\u0131rmal\u0131klar i\u00e7in m\u00fckemmeldir.  <\/p>\n<p data-start=\"646\" data-end=\"771\">\ud83c\udf54 E\u015fsiz biberli tat, kremsi ve baharatl\u0131<br data-start=\"686\" data-end=\"689\">\ud83d\udc4c Burgerler, sandvi\u00e7ler ve patates k\u0131zartmalar\u0131 i\u00e7in m\u00fckemmel<br data-start=\"733\" data-end=\"736\">\ud83c\udde7\ud83c\uddea \u00d6zenle Bel\u00e7ika&#8217;da \u00fcretilmi\u015ftir<\/p>\n<p data-start=\"773\" data-end=\"809\">\u2705 <strong data-start=\"775\" data-end=\"807\">Ana \u00f6zellikler<\/strong>:<\/p>\n<ul data-start=\"811\" data-end=\"950\">\n<li data-start=\"811\" data-end=\"834\">\n<p data-start=\"813\" data-end=\"834\">\u0130\u00e7erik: 500 ml<\/p>\n<\/li>\n<li data-start=\"835\" data-end=\"870\">\n<p data-start=\"837\" data-end=\"870\">Kremsi doku ve biberli tat<\/p>\n<\/li>\n<li data-start=\"871\" data-end=\"911\">\n<p data-start=\"873\" data-end=\"911\">Dozaj kapakl\u0131 esnek \u015fi\u015fe<\/p>\n<\/li>\n<li data-start=\"912\" data-end=\"950\">\n<p data-start=\"914\" data-end=\"950\">A\u00e7\u0131ld\u0131ktan sonra serin yerde saklanmal\u0131d\u0131r<\/p>\n<\/li>\n<\/ul>\n","protected":false},"excerpt":{"rendered":"<p><strong data-start=\"1370\" data-end=\"1414\">Sweet Chef Biberli Burger Sosu 500 ml<\/strong> \u2013 Ev yap\u0131m\u0131 yemeklerinize baharatl\u0131 bir dokunu\u015f katmak i\u00e7in ideal olan bu kremsi biber sosu ile burgerlerinizi zenginle\u015ftirin.<\/p>\n","protected":false},"featured_media":18299,"comment_status":"open","ping_status":"closed","template":"","meta":{"iawp_total_views":0},"product_brand":[],"product_cat":[293,286,225,288],"product_tag":[],"class_list":{"0":"post-18298","1":"product","2":"type-product","3":"status-publish","4":"has-post-thumbnail","6":"product_cat-baharatlar-cesniler","7":"product_cat-dogu-marketi","8":"product_cat-tum-urunlerimiz","9":"product_cat-tuzlu-gidalar","11":"first","12":"instock","13":"shipping-taxable","14":"purchasable","15":"product-type-simple"},"yoast_head":"<!-- This site is optimized with the Yoast SEO plugin v27.3 - https:\/\/yoast.com\/product\/yoast-seo-wordpress\/ -->\n<title>Sweet Chef Biberli Sos \u2013 \u00d6zel Burgerler \u0130\u00e7in \u2013 500 ml - hakmarfrance.online<\/title>\n<meta name=\"robots\" content=\"index, follow, max-snippet:-1, max-image-preview:large, max-video-preview:-1\" \/>\n<link rel=\"canonical\" href=\"https:\/\/hakmarfrance.online\/tr\/produit\/sweet-chef-biberli-sos-ozel-burgerler-icin-500-ml\/\" \/>\n<meta property=\"og:locale\" content=\"tr_TR\" \/>\n<meta property=\"og:type\" content=\"article\" \/>\n<meta property=\"og:title\" content=\"Sweet Chef Biberli Sos \u2013 \u00d6zel Burgerler \u0130\u00e7in \u2013 500 ml - hakmarfrance.online\" \/>\n<meta property=\"og:description\" content=\"Sweet Chef Biberli Burger Sosu 500 ml \u2013 Ev yap\u0131m\u0131 yemeklerinize baharatl\u0131 bir dokunu\u015f katmak i\u00e7in ideal olan bu kremsi biber sosu ile burgerlerinizi zenginle\u015ftirin.\" \/>\n<meta property=\"og:url\" content=\"https:\/\/hakmarfrance.online\/tr\/produit\/sweet-chef-biberli-sos-ozel-burgerler-icin-500-ml\/\" \/>\n<meta property=\"og:site_name\" content=\"hakmarfrance.online\" \/>\n<meta property=\"article:publisher\" content=\"https:\/\/www.facebook.com\/HakmarFranceSupermarche\/?locale=fr_FR\" \/>\n<meta property=\"og:image\" content=\"https:\/\/hakmarfrance.online\/wp-content\/uploads\/2025\/07\/sauce-pepper-burger-sweet-chef-500ml.avif\" \/>\n\t<meta property=\"og:image:width\" content=\"1000\" \/>\n\t<meta property=\"og:image:height\" content=\"800\" \/>\n\t<meta property=\"og:image:type\" content=\"image\/png\" \/>\n<meta name=\"twitter:card\" content=\"summary_large_image\" \/>\n<meta name=\"twitter:label1\" content=\"Tahmini okuma s\u00fcresi\" \/>\n\t<meta name=\"twitter:data1\" content=\"1 minute\" \/>\n<script type=\"application\/ld+json\" class=\"yoast-schema-graph\">{\"@context\":\"https:\\\/\\\/schema.org\",\"@graph\":[{\"@type\":\"WebPage\",\"@id\":\"https:\\\/\\\/hakmarfrance.online\\\/tr\\\/produit\\\/sweet-chef-biberli-sos-ozel-burgerler-icin-500-ml\\\/\",\"url\":\"https:\\\/\\\/hakmarfrance.online\\\/tr\\\/produit\\\/sweet-chef-biberli-sos-ozel-burgerler-icin-500-ml\\\/\",\"name\":\"Sweet Chef Biberli Sos \u2013 \u00d6zel Burgerler \u0130\u00e7in \u2013 500 ml - hakmarfrance.online\",\"isPartOf\":{\"@id\":\"https:\\\/\\\/hakmarfrance.online\\\/tr\\\/#website\"},\"primaryImageOfPage\":{\"@id\":\"https:\\\/\\\/hakmarfrance.online\\\/tr\\\/produit\\\/sweet-chef-biberli-sos-ozel-burgerler-icin-500-ml\\\/#primaryimage\"},\"image\":{\"@id\":\"https:\\\/\\\/hakmarfrance.online\\\/tr\\\/produit\\\/sweet-chef-biberli-sos-ozel-burgerler-icin-500-ml\\\/#primaryimage\"},\"thumbnailUrl\":\"https:\\\/\\\/hakmarfrance.online\\\/wp-content\\\/uploads\\\/2025\\\/07\\\/sauce-pepper-burger-sweet-chef-500ml.avif\",\"datePublished\":\"2025-07-09T07:26:40+00:00\",\"breadcrumb\":{\"@id\":\"https:\\\/\\\/hakmarfrance.online\\\/tr\\\/produit\\\/sweet-chef-biberli-sos-ozel-burgerler-icin-500-ml\\\/#breadcrumb\"},\"inLanguage\":\"tr-TR\",\"potentialAction\":[{\"@type\":\"ReadAction\",\"target\":[\"https:\\\/\\\/hakmarfrance.online\\\/tr\\\/produit\\\/sweet-chef-biberli-sos-ozel-burgerler-icin-500-ml\\\/\"]}]},{\"@type\":\"ImageObject\",\"inLanguage\":\"tr-TR\",\"@id\":\"https:\\\/\\\/hakmarfrance.online\\\/tr\\\/produit\\\/sweet-chef-biberli-sos-ozel-burgerler-icin-500-ml\\\/#primaryimage\",\"url\":\"https:\\\/\\\/hakmarfrance.online\\\/wp-content\\\/uploads\\\/2025\\\/07\\\/sauce-pepper-burger-sweet-chef-500ml.avif\",\"contentUrl\":\"https:\\\/\\\/hakmarfrance.online\\\/wp-content\\\/uploads\\\/2025\\\/07\\\/sauce-pepper-burger-sweet-chef-500ml.avif\",\"width\":1000,\"height\":800,\"caption\":\"Sweet Chef Biberli Sos \u2013 500 ml Format\u0131, burgerleriniz i\u00e7in ideal\"},{\"@type\":\"BreadcrumbList\",\"@id\":\"https:\\\/\\\/hakmarfrance.online\\\/tr\\\/produit\\\/sweet-chef-biberli-sos-ozel-burgerler-icin-500-ml\\\/#breadcrumb\",\"itemListElement\":[{\"@type\":\"ListItem\",\"position\":1,\"name\":\"Accueil\",\"item\":\"https:\\\/\\\/hakmarfrance.online\\\/tr\\\/\"},{\"@type\":\"ListItem\",\"position\":2,\"name\":\"Ma\u011faza\",\"item\":\"https:\\\/\\\/hakmarfrance.online\\\/tr\\\/magaza\\\/\"},{\"@type\":\"ListItem\",\"position\":3,\"name\":\"Sweet Chef Biberli Sos \u2013 \u00d6zel Burgerler \u0130\u00e7in \u2013 500 ml\"}]},{\"@type\":\"WebSite\",\"@id\":\"https:\\\/\\\/hakmarfrance.online\\\/tr\\\/#website\",\"url\":\"https:\\\/\\\/hakmarfrance.online\\\/tr\\\/\",\"name\":\"hakmarfrance.online\",\"description\":\"\",\"publisher\":{\"@id\":\"https:\\\/\\\/hakmarfrance.online\\\/tr\\\/#organization\"},\"potentialAction\":[{\"@type\":\"SearchAction\",\"target\":{\"@type\":\"EntryPoint\",\"urlTemplate\":\"https:\\\/\\\/hakmarfrance.online\\\/tr\\\/?s={search_term_string}\"},\"query-input\":{\"@type\":\"PropertyValueSpecification\",\"valueRequired\":true,\"valueName\":\"search_term_string\"}}],\"inLanguage\":\"tr-TR\"},{\"@type\":\"Organization\",\"@id\":\"https:\\\/\\\/hakmarfrance.online\\\/tr\\\/#organization\",\"name\":\"hakmarfrance.online\",\"url\":\"https:\\\/\\\/hakmarfrance.online\\\/tr\\\/\",\"logo\":{\"@type\":\"ImageObject\",\"inLanguage\":\"tr-TR\",\"@id\":\"https:\\\/\\\/hakmarfrance.online\\\/tr\\\/#\\\/schema\\\/logo\\\/image\\\/\",\"url\":\"https:\\\/\\\/hakmarfrance.online\\\/wp-content\\\/uploads\\\/2025\\\/06\\\/logo-hakmarfrance.png\",\"contentUrl\":\"https:\\\/\\\/hakmarfrance.online\\\/wp-content\\\/uploads\\\/2025\\\/06\\\/logo-hakmarfrance.png\",\"width\":528,\"height\":232,\"caption\":\"hakmarfrance.online\"},\"image\":{\"@id\":\"https:\\\/\\\/hakmarfrance.online\\\/tr\\\/#\\\/schema\\\/logo\\\/image\\\/\"},\"sameAs\":[\"https:\\\/\\\/www.facebook.com\\\/HakmarFranceSupermarche\\\/?locale=fr_FR\",\"https:\\\/\\\/www.instagram.com\\\/hakmarfrancesupermarche\\\/\"]}]}<\/script>\n<!-- \/ Yoast SEO plugin. -->","yoast_head_json":{"title":"Sweet Chef Biberli Sos \u2013 \u00d6zel Burgerler \u0130\u00e7in \u2013 500 ml - hakmarfrance.online","robots":{"index":"index","follow":"follow","max-snippet":"max-snippet:-1","max-image-preview":"max-image-preview:large","max-video-preview":"max-video-preview:-1"},"canonical":"https:\/\/hakmarfrance.online\/tr\/produit\/sweet-chef-biberli-sos-ozel-burgerler-icin-500-ml\/","og_locale":"tr_TR","og_type":"article","og_title":"Sweet Chef Biberli Sos \u2013 \u00d6zel Burgerler \u0130\u00e7in \u2013 500 ml - hakmarfrance.online","og_description":"Sweet Chef Biberli Burger Sosu 500 ml \u2013 Ev yap\u0131m\u0131 yemeklerinize baharatl\u0131 bir dokunu\u015f katmak i\u00e7in ideal olan bu kremsi biber sosu ile burgerlerinizi zenginle\u015ftirin.","og_url":"https:\/\/hakmarfrance.online\/tr\/produit\/sweet-chef-biberli-sos-ozel-burgerler-icin-500-ml\/","og_site_name":"hakmarfrance.online","article_publisher":"https:\/\/www.facebook.com\/HakmarFranceSupermarche\/?locale=fr_FR","og_image":[{"width":1000,"height":800,"url":"https:\/\/hakmarfrance.online\/wp-content\/uploads\/2025\/07\/sauce-pepper-burger-sweet-chef-500ml.avif","type":"image\/png"}],"twitter_card":"summary_large_image","twitter_misc":{"Tahmini okuma s\u00fcresi":"1 minute"},"schema":{"@context":"https:\/\/schema.org","@graph":[{"@type":"WebPage","@id":"https:\/\/hakmarfrance.online\/tr\/produit\/sweet-chef-biberli-sos-ozel-burgerler-icin-500-ml\/","url":"https:\/\/hakmarfrance.online\/tr\/produit\/sweet-chef-biberli-sos-ozel-burgerler-icin-500-ml\/","name":"Sweet Chef Biberli Sos \u2013 \u00d6zel Burgerler \u0130\u00e7in \u2013 500 ml - hakmarfrance.online","isPartOf":{"@id":"https:\/\/hakmarfrance.online\/tr\/#website"},"primaryImageOfPage":{"@id":"https:\/\/hakmarfrance.online\/tr\/produit\/sweet-chef-biberli-sos-ozel-burgerler-icin-500-ml\/#primaryimage"},"image":{"@id":"https:\/\/hakmarfrance.online\/tr\/produit\/sweet-chef-biberli-sos-ozel-burgerler-icin-500-ml\/#primaryimage"},"thumbnailUrl":"https:\/\/hakmarfrance.online\/wp-content\/uploads\/2025\/07\/sauce-pepper-burger-sweet-chef-500ml.avif","datePublished":"2025-07-09T07:26:40+00:00","breadcrumb":{"@id":"https:\/\/hakmarfrance.online\/tr\/produit\/sweet-chef-biberli-sos-ozel-burgerler-icin-500-ml\/#breadcrumb"},"inLanguage":"tr-TR","potentialAction":[{"@type":"ReadAction","target":["https:\/\/hakmarfrance.online\/tr\/produit\/sweet-chef-biberli-sos-ozel-burgerler-icin-500-ml\/"]}]},{"@type":"ImageObject","inLanguage":"tr-TR","@id":"https:\/\/hakmarfrance.online\/tr\/produit\/sweet-chef-biberli-sos-ozel-burgerler-icin-500-ml\/#primaryimage","url":"https:\/\/hakmarfrance.online\/wp-content\/uploads\/2025\/07\/sauce-pepper-burger-sweet-chef-500ml.avif","contentUrl":"https:\/\/hakmarfrance.online\/wp-content\/uploads\/2025\/07\/sauce-pepper-burger-sweet-chef-500ml.avif","width":1000,"height":800,"caption":"Sweet Chef Biberli Sos \u2013 500 ml Format\u0131, burgerleriniz i\u00e7in ideal"},{"@type":"BreadcrumbList","@id":"https:\/\/hakmarfrance.online\/tr\/produit\/sweet-chef-biberli-sos-ozel-burgerler-icin-500-ml\/#breadcrumb","itemListElement":[{"@type":"ListItem","position":1,"name":"Accueil","item":"https:\/\/hakmarfrance.online\/tr\/"},{"@type":"ListItem","position":2,"name":"Ma\u011faza","item":"https:\/\/hakmarfrance.online\/tr\/magaza\/"},{"@type":"ListItem","position":3,"name":"Sweet Chef Biberli Sos \u2013 \u00d6zel Burgerler \u0130\u00e7in \u2013 500 ml"}]},{"@type":"WebSite","@id":"https:\/\/hakmarfrance.online\/tr\/#website","url":"https:\/\/hakmarfrance.online\/tr\/","name":"hakmarfrance.online","description":"","publisher":{"@id":"https:\/\/hakmarfrance.online\/tr\/#organization"},"potentialAction":[{"@type":"SearchAction","target":{"@type":"EntryPoint","urlTemplate":"https:\/\/hakmarfrance.online\/tr\/?s={search_term_string}"},"query-input":{"@type":"PropertyValueSpecification","valueRequired":true,"valueName":"search_term_string"}}],"inLanguage":"tr-TR"},{"@type":"Organization","@id":"https:\/\/hakmarfrance.online\/tr\/#organization","name":"hakmarfrance.online","url":"https:\/\/hakmarfrance.online\/tr\/","logo":{"@type":"ImageObject","inLanguage":"tr-TR","@id":"https:\/\/hakmarfrance.online\/tr\/#\/schema\/logo\/image\/","url":"https:\/\/hakmarfrance.online\/wp-content\/uploads\/2025\/06\/logo-hakmarfrance.png","contentUrl":"https:\/\/hakmarfrance.online\/wp-content\/uploads\/2025\/06\/logo-hakmarfrance.png","width":528,"height":232,"caption":"hakmarfrance.online"},"image":{"@id":"https:\/\/hakmarfrance.online\/tr\/#\/schema\/logo\/image\/"},"sameAs":["https:\/\/www.facebook.com\/HakmarFranceSupermarche\/?locale=fr_FR","https:\/\/www.instagram.com\/hakmarfrancesupermarche\/"]}]}},"_links":{"self":[{"href":"https:\/\/hakmarfrance.online\/tr\/wp-json\/wp\/v2\/product\/18298","targetHints":{"allow":["GET"]}}],"collection":[{"href":"https:\/\/hakmarfrance.online\/tr\/wp-json\/wp\/v2\/product"}],"about":[{"href":"https:\/\/hakmarfrance.online\/tr\/wp-json\/wp\/v2\/types\/product"}],"replies":[{"embeddable":true,"href":"https:\/\/hakmarfrance.online\/tr\/wp-json\/wp\/v2\/comments?post=18298"}],"version-history":[{"count":0,"href":"https:\/\/hakmarfrance.online\/tr\/wp-json\/wp\/v2\/product\/18298\/revisions"}],"wp:featuredmedia":[{"embeddable":true,"href":"https:\/\/hakmarfrance.online\/tr\/wp-json\/wp\/v2\/media\/18299"}],"wp:attachment":[{"href":"https:\/\/hakmarfrance.online\/tr\/wp-json\/wp\/v2\/media?parent=18298"}],"wp:term":[{"taxonomy":"product_brand","embeddable":true,"href":"https:\/\/hakmarfrance.online\/tr\/wp-json\/wp\/v2\/product_brand?post=18298"},{"taxonomy":"product_cat","embeddable":true,"href":"https:\/\/hakmarfrance.online\/tr\/wp-json\/wp\/v2\/product_cat?post=18298"},{"taxonomy":"product_tag","embeddable":true,"href":"https:\/\/hakmarfrance.online\/tr\/wp-json\/wp\/v2\/product_tag?post=18298"}],"curies":[{"name":"wp","href":"https:\/\/api.w.org\/{rel}","templated":true}]}}