{"id":18320,"date":"2025-06-11T11:39:01","date_gmt":"2025-06-11T11:39:01","guid":{"rendered":"https:\/\/hakmarfrance.online\/produit\/sweet-chef-hindistan-cevizi-kori-sosu-150g\/"},"modified":"2025-06-11T11:39:01","modified_gmt":"2025-06-11T11:39:01","slug":"sweet-chef-hindistan-cevizi-kori-sosu-150g","status":"publish","type":"product","link":"https:\/\/hakmarfrance.online\/tr\/produit\/sweet-chef-hindistan-cevizi-kori-sosu-150g\/","title":{"rendered":"Sweet Chef Hindistan Cevizi K\u00f6ri Sosu &#8211; 150g"},"content":{"rendered":"<p>Sweet Chef Hindistan Cevizi K\u00f6ri Sosu ile yemeklerinize egzotik bir lezzet kat\u0131n. Kremsi Hindistan cevizi s\u00fct\u00fc ve hafif baharatl\u0131 k\u00f6ri ile haz\u0131rlanan bu sos, beyaz et, sote sebzeler, karides veya pilav i\u00e7in m\u00fckemmel bir e\u015flik\u00e7idir. Kullan\u0131ma haz\u0131r 150g&#8217;l\u0131k kavanozda, g\u00f6z a\u00e7\u0131p kapay\u0131ncaya kadar lezzetli ve egzotik yemekler i\u00e7in idealdir.  <\/p>\n","protected":false},"excerpt":{"rendered":"<p>Hindistan cevizi s\u00fct\u00fc ve k\u00f6ri ile haz\u0131rlanan kremsi sos, egzotik yemekler ve yarat\u0131c\u0131 tarifler i\u00e7in ideal.<\/p>\n","protected":false},"featured_media":18321,"comment_status":"open","ping_status":"closed","template":"","meta":{"iawp_total_views":0},"product_brand":[191],"product_cat":[225],"product_tag":[],"class_list":{"0":"post-18320","1":"product","2":"type-product","3":"status-publish","4":"has-post-thumbnail","6":"product_brand-sweet","7":"product_cat-tum-urunlerimiz","9":"first","10":"instock","11":"shipping-taxable","12":"purchasable","13":"product-type-simple"},"yoast_head":"<!-- This site is optimized with the Yoast SEO plugin v27.3 - https:\/\/yoast.com\/product\/yoast-seo-wordpress\/ -->\n<title>Sweet Chef Hindistan Cevizi K\u00f6ri Sosu - 150g - hakmarfrance.online<\/title>\n<meta name=\"robots\" content=\"index, follow, max-snippet:-1, max-image-preview:large, max-video-preview:-1\" \/>\n<link rel=\"canonical\" href=\"https:\/\/hakmarfrance.online\/tr\/produit\/sweet-chef-hindistan-cevizi-kori-sosu-150g\/\" \/>\n<meta property=\"og:locale\" content=\"tr_TR\" \/>\n<meta property=\"og:type\" content=\"article\" \/>\n<meta property=\"og:title\" content=\"Sweet Chef Hindistan Cevizi K\u00f6ri Sosu - 150g - hakmarfrance.online\" \/>\n<meta property=\"og:description\" content=\"Hindistan cevizi s\u00fct\u00fc ve k\u00f6ri ile haz\u0131rlanan kremsi sos, egzotik yemekler ve yarat\u0131c\u0131 tarifler i\u00e7in ideal.\" \/>\n<meta property=\"og:url\" content=\"https:\/\/hakmarfrance.online\/tr\/produit\/sweet-chef-hindistan-cevizi-kori-sosu-150g\/\" \/>\n<meta property=\"og:site_name\" content=\"hakmarfrance.online\" \/>\n<meta property=\"article:publisher\" content=\"https:\/\/www.facebook.com\/HakmarFranceSupermarche\/?locale=fr_FR\" \/>\n<meta property=\"og:image\" content=\"https:\/\/hakmarfrance.online\/wp-content\/uploads\/2025\/06\/Sweet-Chef-Coco-Curry-150g-\u2013-Sauce-Cremeuse-au-Lait-de-Coco-et-Curry.avif\" \/>\n\t<meta property=\"og:image:width\" content=\"1000\" \/>\n\t<meta property=\"og:image:height\" content=\"800\" \/>\n\t<meta property=\"og:image:type\" content=\"image\/png\" \/>\n<meta name=\"twitter:card\" content=\"summary_large_image\" \/>\n<script type=\"application\/ld+json\" class=\"yoast-schema-graph\">{\"@context\":\"https:\\\/\\\/schema.org\",\"@graph\":[{\"@type\":\"WebPage\",\"@id\":\"https:\\\/\\\/hakmarfrance.online\\\/tr\\\/produit\\\/sweet-chef-hindistan-cevizi-kori-sosu-150g\\\/\",\"url\":\"https:\\\/\\\/hakmarfrance.online\\\/tr\\\/produit\\\/sweet-chef-hindistan-cevizi-kori-sosu-150g\\\/\",\"name\":\"Sweet Chef Hindistan Cevizi K\u00f6ri Sosu - 150g - hakmarfrance.online\",\"isPartOf\":{\"@id\":\"https:\\\/\\\/hakmarfrance.online\\\/tr\\\/#website\"},\"primaryImageOfPage\":{\"@id\":\"https:\\\/\\\/hakmarfrance.online\\\/tr\\\/produit\\\/sweet-chef-hindistan-cevizi-kori-sosu-150g\\\/#primaryimage\"},\"image\":{\"@id\":\"https:\\\/\\\/hakmarfrance.online\\\/tr\\\/produit\\\/sweet-chef-hindistan-cevizi-kori-sosu-150g\\\/#primaryimage\"},\"thumbnailUrl\":\"https:\\\/\\\/hakmarfrance.online\\\/wp-content\\\/uploads\\\/2025\\\/06\\\/Sweet-Chef-Coco-Curry-150g-\u2013-Sauce-Cremeuse-au-Lait-de-Coco-et-Curry.avif\",\"datePublished\":\"2025-06-11T11:39:01+00:00\",\"breadcrumb\":{\"@id\":\"https:\\\/\\\/hakmarfrance.online\\\/tr\\\/produit\\\/sweet-chef-hindistan-cevizi-kori-sosu-150g\\\/#breadcrumb\"},\"inLanguage\":\"tr-TR\",\"potentialAction\":[{\"@type\":\"ReadAction\",\"target\":[\"https:\\\/\\\/hakmarfrance.online\\\/tr\\\/produit\\\/sweet-chef-hindistan-cevizi-kori-sosu-150g\\\/\"]}]},{\"@type\":\"ImageObject\",\"inLanguage\":\"tr-TR\",\"@id\":\"https:\\\/\\\/hakmarfrance.online\\\/tr\\\/produit\\\/sweet-chef-hindistan-cevizi-kori-sosu-150g\\\/#primaryimage\",\"url\":\"https:\\\/\\\/hakmarfrance.online\\\/wp-content\\\/uploads\\\/2025\\\/06\\\/Sweet-Chef-Coco-Curry-150g-\u2013-Sauce-Cremeuse-au-Lait-de-Coco-et-Curry.avif\",\"contentUrl\":\"https:\\\/\\\/hakmarfrance.online\\\/wp-content\\\/uploads\\\/2025\\\/06\\\/Sweet-Chef-Coco-Curry-150g-\u2013-Sauce-Cremeuse-au-Lait-de-Coco-et-Curry.avif\",\"width\":1000,\"height\":800},{\"@type\":\"BreadcrumbList\",\"@id\":\"https:\\\/\\\/hakmarfrance.online\\\/tr\\\/produit\\\/sweet-chef-hindistan-cevizi-kori-sosu-150g\\\/#breadcrumb\",\"itemListElement\":[{\"@type\":\"ListItem\",\"position\":1,\"name\":\"Accueil\",\"item\":\"https:\\\/\\\/hakmarfrance.online\\\/tr\\\/\"},{\"@type\":\"ListItem\",\"position\":2,\"name\":\"Ma\u011faza\",\"item\":\"https:\\\/\\\/hakmarfrance.online\\\/tr\\\/magaza\\\/\"},{\"@type\":\"ListItem\",\"position\":3,\"name\":\"Sweet Chef Hindistan Cevizi K\u00f6ri Sosu &#8211; 150g\"}]},{\"@type\":\"WebSite\",\"@id\":\"https:\\\/\\\/hakmarfrance.online\\\/tr\\\/#website\",\"url\":\"https:\\\/\\\/hakmarfrance.online\\\/tr\\\/\",\"name\":\"hakmarfrance.online\",\"description\":\"\",\"publisher\":{\"@id\":\"https:\\\/\\\/hakmarfrance.online\\\/tr\\\/#organization\"},\"potentialAction\":[{\"@type\":\"SearchAction\",\"target\":{\"@type\":\"EntryPoint\",\"urlTemplate\":\"https:\\\/\\\/hakmarfrance.online\\\/tr\\\/?s={search_term_string}\"},\"query-input\":{\"@type\":\"PropertyValueSpecification\",\"valueRequired\":true,\"valueName\":\"search_term_string\"}}],\"inLanguage\":\"tr-TR\"},{\"@type\":\"Organization\",\"@id\":\"https:\\\/\\\/hakmarfrance.online\\\/tr\\\/#organization\",\"name\":\"hakmarfrance.online\",\"url\":\"https:\\\/\\\/hakmarfrance.online\\\/tr\\\/\",\"logo\":{\"@type\":\"ImageObject\",\"inLanguage\":\"tr-TR\",\"@id\":\"https:\\\/\\\/hakmarfrance.online\\\/tr\\\/#\\\/schema\\\/logo\\\/image\\\/\",\"url\":\"https:\\\/\\\/hakmarfrance.online\\\/wp-content\\\/uploads\\\/2025\\\/06\\\/logo-hakmarfrance.png\",\"contentUrl\":\"https:\\\/\\\/hakmarfrance.online\\\/wp-content\\\/uploads\\\/2025\\\/06\\\/logo-hakmarfrance.png\",\"width\":528,\"height\":232,\"caption\":\"hakmarfrance.online\"},\"image\":{\"@id\":\"https:\\\/\\\/hakmarfrance.online\\\/tr\\\/#\\\/schema\\\/logo\\\/image\\\/\"},\"sameAs\":[\"https:\\\/\\\/www.facebook.com\\\/HakmarFranceSupermarche\\\/?locale=fr_FR\",\"https:\\\/\\\/www.instagram.com\\\/hakmarfrancesupermarche\\\/\"]}]}<\/script>\n<!-- \/ Yoast SEO plugin. -->","yoast_head_json":{"title":"Sweet Chef Hindistan Cevizi K\u00f6ri Sosu - 150g - hakmarfrance.online","robots":{"index":"index","follow":"follow","max-snippet":"max-snippet:-1","max-image-preview":"max-image-preview:large","max-video-preview":"max-video-preview:-1"},"canonical":"https:\/\/hakmarfrance.online\/tr\/produit\/sweet-chef-hindistan-cevizi-kori-sosu-150g\/","og_locale":"tr_TR","og_type":"article","og_title":"Sweet Chef Hindistan Cevizi K\u00f6ri Sosu - 150g - hakmarfrance.online","og_description":"Hindistan cevizi s\u00fct\u00fc ve k\u00f6ri ile haz\u0131rlanan kremsi sos, egzotik yemekler ve yarat\u0131c\u0131 tarifler i\u00e7in ideal.","og_url":"https:\/\/hakmarfrance.online\/tr\/produit\/sweet-chef-hindistan-cevizi-kori-sosu-150g\/","og_site_name":"hakmarfrance.online","article_publisher":"https:\/\/www.facebook.com\/HakmarFranceSupermarche\/?locale=fr_FR","og_image":[{"width":1000,"height":800,"url":"https:\/\/hakmarfrance.online\/wp-content\/uploads\/2025\/06\/Sweet-Chef-Coco-Curry-150g-\u2013-Sauce-Cremeuse-au-Lait-de-Coco-et-Curry.avif","type":"image\/png"}],"twitter_card":"summary_large_image","schema":{"@context":"https:\/\/schema.org","@graph":[{"@type":"WebPage","@id":"https:\/\/hakmarfrance.online\/tr\/produit\/sweet-chef-hindistan-cevizi-kori-sosu-150g\/","url":"https:\/\/hakmarfrance.online\/tr\/produit\/sweet-chef-hindistan-cevizi-kori-sosu-150g\/","name":"Sweet Chef Hindistan Cevizi K\u00f6ri Sosu - 150g - hakmarfrance.online","isPartOf":{"@id":"https:\/\/hakmarfrance.online\/tr\/#website"},"primaryImageOfPage":{"@id":"https:\/\/hakmarfrance.online\/tr\/produit\/sweet-chef-hindistan-cevizi-kori-sosu-150g\/#primaryimage"},"image":{"@id":"https:\/\/hakmarfrance.online\/tr\/produit\/sweet-chef-hindistan-cevizi-kori-sosu-150g\/#primaryimage"},"thumbnailUrl":"https:\/\/hakmarfrance.online\/wp-content\/uploads\/2025\/06\/Sweet-Chef-Coco-Curry-150g-\u2013-Sauce-Cremeuse-au-Lait-de-Coco-et-Curry.avif","datePublished":"2025-06-11T11:39:01+00:00","breadcrumb":{"@id":"https:\/\/hakmarfrance.online\/tr\/produit\/sweet-chef-hindistan-cevizi-kori-sosu-150g\/#breadcrumb"},"inLanguage":"tr-TR","potentialAction":[{"@type":"ReadAction","target":["https:\/\/hakmarfrance.online\/tr\/produit\/sweet-chef-hindistan-cevizi-kori-sosu-150g\/"]}]},{"@type":"ImageObject","inLanguage":"tr-TR","@id":"https:\/\/hakmarfrance.online\/tr\/produit\/sweet-chef-hindistan-cevizi-kori-sosu-150g\/#primaryimage","url":"https:\/\/hakmarfrance.online\/wp-content\/uploads\/2025\/06\/Sweet-Chef-Coco-Curry-150g-\u2013-Sauce-Cremeuse-au-Lait-de-Coco-et-Curry.avif","contentUrl":"https:\/\/hakmarfrance.online\/wp-content\/uploads\/2025\/06\/Sweet-Chef-Coco-Curry-150g-\u2013-Sauce-Cremeuse-au-Lait-de-Coco-et-Curry.avif","width":1000,"height":800},{"@type":"BreadcrumbList","@id":"https:\/\/hakmarfrance.online\/tr\/produit\/sweet-chef-hindistan-cevizi-kori-sosu-150g\/#breadcrumb","itemListElement":[{"@type":"ListItem","position":1,"name":"Accueil","item":"https:\/\/hakmarfrance.online\/tr\/"},{"@type":"ListItem","position":2,"name":"Ma\u011faza","item":"https:\/\/hakmarfrance.online\/tr\/magaza\/"},{"@type":"ListItem","position":3,"name":"Sweet Chef Hindistan Cevizi K\u00f6ri Sosu &#8211; 150g"}]},{"@type":"WebSite","@id":"https:\/\/hakmarfrance.online\/tr\/#website","url":"https:\/\/hakmarfrance.online\/tr\/","name":"hakmarfrance.online","description":"","publisher":{"@id":"https:\/\/hakmarfrance.online\/tr\/#organization"},"potentialAction":[{"@type":"SearchAction","target":{"@type":"EntryPoint","urlTemplate":"https:\/\/hakmarfrance.online\/tr\/?s={search_term_string}"},"query-input":{"@type":"PropertyValueSpecification","valueRequired":true,"valueName":"search_term_string"}}],"inLanguage":"tr-TR"},{"@type":"Organization","@id":"https:\/\/hakmarfrance.online\/tr\/#organization","name":"hakmarfrance.online","url":"https:\/\/hakmarfrance.online\/tr\/","logo":{"@type":"ImageObject","inLanguage":"tr-TR","@id":"https:\/\/hakmarfrance.online\/tr\/#\/schema\/logo\/image\/","url":"https:\/\/hakmarfrance.online\/wp-content\/uploads\/2025\/06\/logo-hakmarfrance.png","contentUrl":"https:\/\/hakmarfrance.online\/wp-content\/uploads\/2025\/06\/logo-hakmarfrance.png","width":528,"height":232,"caption":"hakmarfrance.online"},"image":{"@id":"https:\/\/hakmarfrance.online\/tr\/#\/schema\/logo\/image\/"},"sameAs":["https:\/\/www.facebook.com\/HakmarFranceSupermarche\/?locale=fr_FR","https:\/\/www.instagram.com\/hakmarfrancesupermarche\/"]}]}},"_links":{"self":[{"href":"https:\/\/hakmarfrance.online\/tr\/wp-json\/wp\/v2\/product\/18320","targetHints":{"allow":["GET"]}}],"collection":[{"href":"https:\/\/hakmarfrance.online\/tr\/wp-json\/wp\/v2\/product"}],"about":[{"href":"https:\/\/hakmarfrance.online\/tr\/wp-json\/wp\/v2\/types\/product"}],"replies":[{"embeddable":true,"href":"https:\/\/hakmarfrance.online\/tr\/wp-json\/wp\/v2\/comments?post=18320"}],"version-history":[{"count":0,"href":"https:\/\/hakmarfrance.online\/tr\/wp-json\/wp\/v2\/product\/18320\/revisions"}],"wp:featuredmedia":[{"embeddable":true,"href":"https:\/\/hakmarfrance.online\/tr\/wp-json\/wp\/v2\/media\/18321"}],"wp:attachment":[{"href":"https:\/\/hakmarfrance.online\/tr\/wp-json\/wp\/v2\/media?parent=18320"}],"wp:term":[{"taxonomy":"product_brand","embeddable":true,"href":"https:\/\/hakmarfrance.online\/tr\/wp-json\/wp\/v2\/product_brand?post=18320"},{"taxonomy":"product_cat","embeddable":true,"href":"https:\/\/hakmarfrance.online\/tr\/wp-json\/wp\/v2\/product_cat?post=18320"},{"taxonomy":"product_tag","embeddable":true,"href":"https:\/\/hakmarfrance.online\/tr\/wp-json\/wp\/v2\/product_tag?post=18320"}],"curies":[{"name":"wp","href":"https:\/\/api.w.org\/{rel}","templated":true}]}}