{"id":18324,"date":"2025-06-11T11:32:31","date_gmt":"2025-06-11T11:32:31","guid":{"rendered":"https:\/\/hakmarfrance.online\/produit\/muah-dubai-sutlu-cikolata-fistikli-kunefe-30g\/"},"modified":"2025-06-11T11:32:31","modified_gmt":"2025-06-11T11:32:31","slug":"muah-dubai-sutlu-cikolata-fistikli-kunefe-30g","status":"publish","type":"product","link":"https:\/\/hakmarfrance.online\/tr\/produit\/muah-dubai-sutlu-cikolata-fistikli-kunefe-30g\/","title":{"rendered":"Muah Dubai S\u00fctl\u00fc \u00c7ikolata &#8211; F\u0131st\u0131kl\u0131 K\u00fcnefe 30g"},"content":{"rendered":"<p>Muah Dubai F\u0131st\u0131kl\u0131 K\u00fcnefe ile yumu\u015fak s\u00fctl\u00fc \u00e7ikolatan\u0131n ve do\u011fu tatl\u0131l\u0131\u011f\u0131n\u0131n cesur birle\u015fimini ke\u015ffedin. Bu 30g&#8217;l\u0131k lezzetli kare, Orta Do\u011fu&#8217;nun simgesel tatl\u0131s\u0131 k\u00fcnefenin i\u00e7inde, \u00e7\u0131t\u0131r f\u0131st\u0131k par\u00e7ac\u0131klar\u0131yla s\u00fcslenmi\u015f bir kalp bar\u0131nd\u0131r\u0131yor. Her an tad\u0131n\u0131 \u00e7\u0131karabilece\u011finiz benzersiz ve rafine bir deneyim.  <\/p>\n","protected":false},"excerpt":{"rendered":"<p>K\u00fcnefe dolgulu ve f\u0131st\u0131k par\u00e7ac\u0131kl\u0131 lezzetli s\u00fctl\u00fc \u00e7ikolata, 30g format.<\/p>\n","protected":false},"featured_media":18325,"comment_status":"open","ping_status":"closed","template":"","meta":{"iawp_total_views":0},"product_brand":[179],"product_cat":[292,289,225],"product_tag":[],"class_list":{"0":"post-18324","1":"product","2":"type-product","3":"status-publish","4":"has-post-thumbnail","6":"product_brand-muah","7":"product_cat-atistirmaliklar-sekerlemeler","8":"product_cat-cikolatalar-lokumlar-tatli-barlar","9":"product_cat-tum-urunlerimiz","11":"first","12":"instock","13":"shipping-taxable","14":"purchasable","15":"product-type-simple"},"yoast_head":"<!-- This site is optimized with the Yoast SEO plugin v27.3 - https:\/\/yoast.com\/product\/yoast-seo-wordpress\/ -->\n<title>Muah Dubai S\u00fctl\u00fc \u00c7ikolata - F\u0131st\u0131kl\u0131 K\u00fcnefe 30g - hakmarfrance.online<\/title>\n<meta name=\"robots\" content=\"index, follow, max-snippet:-1, max-image-preview:large, max-video-preview:-1\" \/>\n<link rel=\"canonical\" href=\"https:\/\/hakmarfrance.online\/tr\/produit\/muah-dubai-sutlu-cikolata-fistikli-kunefe-30g\/\" \/>\n<meta property=\"og:locale\" content=\"tr_TR\" \/>\n<meta property=\"og:type\" content=\"article\" \/>\n<meta property=\"og:title\" content=\"Muah Dubai S\u00fctl\u00fc \u00c7ikolata - F\u0131st\u0131kl\u0131 K\u00fcnefe 30g - hakmarfrance.online\" \/>\n<meta property=\"og:description\" content=\"K\u00fcnefe dolgulu ve f\u0131st\u0131k par\u00e7ac\u0131kl\u0131 lezzetli s\u00fctl\u00fc \u00e7ikolata, 30g format.\" \/>\n<meta property=\"og:url\" content=\"https:\/\/hakmarfrance.online\/tr\/produit\/muah-dubai-sutlu-cikolata-fistikli-kunefe-30g\/\" \/>\n<meta property=\"og:site_name\" content=\"hakmarfrance.online\" \/>\n<meta property=\"article:publisher\" content=\"https:\/\/www.facebook.com\/HakmarFranceSupermarche\/?locale=fr_FR\" \/>\n<meta property=\"og:image\" content=\"https:\/\/hakmarfrance.online\/wp-content\/uploads\/2025\/06\/chocolat-au-lait-muah-dubai-kunefe-pistache-30g.avif\" \/>\n\t<meta property=\"og:image:width\" content=\"1000\" \/>\n\t<meta property=\"og:image:height\" content=\"800\" \/>\n\t<meta property=\"og:image:type\" content=\"image\/png\" \/>\n<meta name=\"twitter:card\" content=\"summary_large_image\" \/>\n<script type=\"application\/ld+json\" class=\"yoast-schema-graph\">{\"@context\":\"https:\\\/\\\/schema.org\",\"@graph\":[{\"@type\":\"WebPage\",\"@id\":\"https:\\\/\\\/hakmarfrance.online\\\/tr\\\/produit\\\/muah-dubai-sutlu-cikolata-fistikli-kunefe-30g\\\/\",\"url\":\"https:\\\/\\\/hakmarfrance.online\\\/tr\\\/produit\\\/muah-dubai-sutlu-cikolata-fistikli-kunefe-30g\\\/\",\"name\":\"Muah Dubai S\u00fctl\u00fc \u00c7ikolata - F\u0131st\u0131kl\u0131 K\u00fcnefe 30g - hakmarfrance.online\",\"isPartOf\":{\"@id\":\"https:\\\/\\\/hakmarfrance.online\\\/tr\\\/#website\"},\"primaryImageOfPage\":{\"@id\":\"https:\\\/\\\/hakmarfrance.online\\\/tr\\\/produit\\\/muah-dubai-sutlu-cikolata-fistikli-kunefe-30g\\\/#primaryimage\"},\"image\":{\"@id\":\"https:\\\/\\\/hakmarfrance.online\\\/tr\\\/produit\\\/muah-dubai-sutlu-cikolata-fistikli-kunefe-30g\\\/#primaryimage\"},\"thumbnailUrl\":\"https:\\\/\\\/hakmarfrance.online\\\/wp-content\\\/uploads\\\/2025\\\/06\\\/chocolat-au-lait-muah-dubai-kunefe-pistache-30g.avif\",\"datePublished\":\"2025-06-11T11:32:31+00:00\",\"breadcrumb\":{\"@id\":\"https:\\\/\\\/hakmarfrance.online\\\/tr\\\/produit\\\/muah-dubai-sutlu-cikolata-fistikli-kunefe-30g\\\/#breadcrumb\"},\"inLanguage\":\"tr-TR\",\"potentialAction\":[{\"@type\":\"ReadAction\",\"target\":[\"https:\\\/\\\/hakmarfrance.online\\\/tr\\\/produit\\\/muah-dubai-sutlu-cikolata-fistikli-kunefe-30g\\\/\"]}]},{\"@type\":\"ImageObject\",\"inLanguage\":\"tr-TR\",\"@id\":\"https:\\\/\\\/hakmarfrance.online\\\/tr\\\/produit\\\/muah-dubai-sutlu-cikolata-fistikli-kunefe-30g\\\/#primaryimage\",\"url\":\"https:\\\/\\\/hakmarfrance.online\\\/wp-content\\\/uploads\\\/2025\\\/06\\\/chocolat-au-lait-muah-dubai-kunefe-pistache-30g.avif\",\"contentUrl\":\"https:\\\/\\\/hakmarfrance.online\\\/wp-content\\\/uploads\\\/2025\\\/06\\\/chocolat-au-lait-muah-dubai-kunefe-pistache-30g.avif\",\"width\":1000,\"height\":800},{\"@type\":\"BreadcrumbList\",\"@id\":\"https:\\\/\\\/hakmarfrance.online\\\/tr\\\/produit\\\/muah-dubai-sutlu-cikolata-fistikli-kunefe-30g\\\/#breadcrumb\",\"itemListElement\":[{\"@type\":\"ListItem\",\"position\":1,\"name\":\"Accueil\",\"item\":\"https:\\\/\\\/hakmarfrance.online\\\/tr\\\/\"},{\"@type\":\"ListItem\",\"position\":2,\"name\":\"Ma\u011faza\",\"item\":\"https:\\\/\\\/hakmarfrance.online\\\/tr\\\/magaza\\\/\"},{\"@type\":\"ListItem\",\"position\":3,\"name\":\"Muah Dubai S\u00fctl\u00fc \u00c7ikolata &#8211; F\u0131st\u0131kl\u0131 K\u00fcnefe 30g\"}]},{\"@type\":\"WebSite\",\"@id\":\"https:\\\/\\\/hakmarfrance.online\\\/tr\\\/#website\",\"url\":\"https:\\\/\\\/hakmarfrance.online\\\/tr\\\/\",\"name\":\"hakmarfrance.online\",\"description\":\"\",\"publisher\":{\"@id\":\"https:\\\/\\\/hakmarfrance.online\\\/tr\\\/#organization\"},\"potentialAction\":[{\"@type\":\"SearchAction\",\"target\":{\"@type\":\"EntryPoint\",\"urlTemplate\":\"https:\\\/\\\/hakmarfrance.online\\\/tr\\\/?s={search_term_string}\"},\"query-input\":{\"@type\":\"PropertyValueSpecification\",\"valueRequired\":true,\"valueName\":\"search_term_string\"}}],\"inLanguage\":\"tr-TR\"},{\"@type\":\"Organization\",\"@id\":\"https:\\\/\\\/hakmarfrance.online\\\/tr\\\/#organization\",\"name\":\"hakmarfrance.online\",\"url\":\"https:\\\/\\\/hakmarfrance.online\\\/tr\\\/\",\"logo\":{\"@type\":\"ImageObject\",\"inLanguage\":\"tr-TR\",\"@id\":\"https:\\\/\\\/hakmarfrance.online\\\/tr\\\/#\\\/schema\\\/logo\\\/image\\\/\",\"url\":\"https:\\\/\\\/hakmarfrance.online\\\/wp-content\\\/uploads\\\/2025\\\/06\\\/logo-hakmarfrance.png\",\"contentUrl\":\"https:\\\/\\\/hakmarfrance.online\\\/wp-content\\\/uploads\\\/2025\\\/06\\\/logo-hakmarfrance.png\",\"width\":528,\"height\":232,\"caption\":\"hakmarfrance.online\"},\"image\":{\"@id\":\"https:\\\/\\\/hakmarfrance.online\\\/tr\\\/#\\\/schema\\\/logo\\\/image\\\/\"},\"sameAs\":[\"https:\\\/\\\/www.facebook.com\\\/HakmarFranceSupermarche\\\/?locale=fr_FR\",\"https:\\\/\\\/www.instagram.com\\\/hakmarfrancesupermarche\\\/\"]}]}<\/script>\n<!-- \/ Yoast SEO plugin. -->","yoast_head_json":{"title":"Muah Dubai S\u00fctl\u00fc \u00c7ikolata - F\u0131st\u0131kl\u0131 K\u00fcnefe 30g - hakmarfrance.online","robots":{"index":"index","follow":"follow","max-snippet":"max-snippet:-1","max-image-preview":"max-image-preview:large","max-video-preview":"max-video-preview:-1"},"canonical":"https:\/\/hakmarfrance.online\/tr\/produit\/muah-dubai-sutlu-cikolata-fistikli-kunefe-30g\/","og_locale":"tr_TR","og_type":"article","og_title":"Muah Dubai S\u00fctl\u00fc \u00c7ikolata - F\u0131st\u0131kl\u0131 K\u00fcnefe 30g - hakmarfrance.online","og_description":"K\u00fcnefe dolgulu ve f\u0131st\u0131k par\u00e7ac\u0131kl\u0131 lezzetli s\u00fctl\u00fc \u00e7ikolata, 30g format.","og_url":"https:\/\/hakmarfrance.online\/tr\/produit\/muah-dubai-sutlu-cikolata-fistikli-kunefe-30g\/","og_site_name":"hakmarfrance.online","article_publisher":"https:\/\/www.facebook.com\/HakmarFranceSupermarche\/?locale=fr_FR","og_image":[{"width":1000,"height":800,"url":"https:\/\/hakmarfrance.online\/wp-content\/uploads\/2025\/06\/chocolat-au-lait-muah-dubai-kunefe-pistache-30g.avif","type":"image\/png"}],"twitter_card":"summary_large_image","schema":{"@context":"https:\/\/schema.org","@graph":[{"@type":"WebPage","@id":"https:\/\/hakmarfrance.online\/tr\/produit\/muah-dubai-sutlu-cikolata-fistikli-kunefe-30g\/","url":"https:\/\/hakmarfrance.online\/tr\/produit\/muah-dubai-sutlu-cikolata-fistikli-kunefe-30g\/","name":"Muah Dubai S\u00fctl\u00fc \u00c7ikolata - F\u0131st\u0131kl\u0131 K\u00fcnefe 30g - hakmarfrance.online","isPartOf":{"@id":"https:\/\/hakmarfrance.online\/tr\/#website"},"primaryImageOfPage":{"@id":"https:\/\/hakmarfrance.online\/tr\/produit\/muah-dubai-sutlu-cikolata-fistikli-kunefe-30g\/#primaryimage"},"image":{"@id":"https:\/\/hakmarfrance.online\/tr\/produit\/muah-dubai-sutlu-cikolata-fistikli-kunefe-30g\/#primaryimage"},"thumbnailUrl":"https:\/\/hakmarfrance.online\/wp-content\/uploads\/2025\/06\/chocolat-au-lait-muah-dubai-kunefe-pistache-30g.avif","datePublished":"2025-06-11T11:32:31+00:00","breadcrumb":{"@id":"https:\/\/hakmarfrance.online\/tr\/produit\/muah-dubai-sutlu-cikolata-fistikli-kunefe-30g\/#breadcrumb"},"inLanguage":"tr-TR","potentialAction":[{"@type":"ReadAction","target":["https:\/\/hakmarfrance.online\/tr\/produit\/muah-dubai-sutlu-cikolata-fistikli-kunefe-30g\/"]}]},{"@type":"ImageObject","inLanguage":"tr-TR","@id":"https:\/\/hakmarfrance.online\/tr\/produit\/muah-dubai-sutlu-cikolata-fistikli-kunefe-30g\/#primaryimage","url":"https:\/\/hakmarfrance.online\/wp-content\/uploads\/2025\/06\/chocolat-au-lait-muah-dubai-kunefe-pistache-30g.avif","contentUrl":"https:\/\/hakmarfrance.online\/wp-content\/uploads\/2025\/06\/chocolat-au-lait-muah-dubai-kunefe-pistache-30g.avif","width":1000,"height":800},{"@type":"BreadcrumbList","@id":"https:\/\/hakmarfrance.online\/tr\/produit\/muah-dubai-sutlu-cikolata-fistikli-kunefe-30g\/#breadcrumb","itemListElement":[{"@type":"ListItem","position":1,"name":"Accueil","item":"https:\/\/hakmarfrance.online\/tr\/"},{"@type":"ListItem","position":2,"name":"Ma\u011faza","item":"https:\/\/hakmarfrance.online\/tr\/magaza\/"},{"@type":"ListItem","position":3,"name":"Muah Dubai S\u00fctl\u00fc \u00c7ikolata &#8211; F\u0131st\u0131kl\u0131 K\u00fcnefe 30g"}]},{"@type":"WebSite","@id":"https:\/\/hakmarfrance.online\/tr\/#website","url":"https:\/\/hakmarfrance.online\/tr\/","name":"hakmarfrance.online","description":"","publisher":{"@id":"https:\/\/hakmarfrance.online\/tr\/#organization"},"potentialAction":[{"@type":"SearchAction","target":{"@type":"EntryPoint","urlTemplate":"https:\/\/hakmarfrance.online\/tr\/?s={search_term_string}"},"query-input":{"@type":"PropertyValueSpecification","valueRequired":true,"valueName":"search_term_string"}}],"inLanguage":"tr-TR"},{"@type":"Organization","@id":"https:\/\/hakmarfrance.online\/tr\/#organization","name":"hakmarfrance.online","url":"https:\/\/hakmarfrance.online\/tr\/","logo":{"@type":"ImageObject","inLanguage":"tr-TR","@id":"https:\/\/hakmarfrance.online\/tr\/#\/schema\/logo\/image\/","url":"https:\/\/hakmarfrance.online\/wp-content\/uploads\/2025\/06\/logo-hakmarfrance.png","contentUrl":"https:\/\/hakmarfrance.online\/wp-content\/uploads\/2025\/06\/logo-hakmarfrance.png","width":528,"height":232,"caption":"hakmarfrance.online"},"image":{"@id":"https:\/\/hakmarfrance.online\/tr\/#\/schema\/logo\/image\/"},"sameAs":["https:\/\/www.facebook.com\/HakmarFranceSupermarche\/?locale=fr_FR","https:\/\/www.instagram.com\/hakmarfrancesupermarche\/"]}]}},"_links":{"self":[{"href":"https:\/\/hakmarfrance.online\/tr\/wp-json\/wp\/v2\/product\/18324","targetHints":{"allow":["GET"]}}],"collection":[{"href":"https:\/\/hakmarfrance.online\/tr\/wp-json\/wp\/v2\/product"}],"about":[{"href":"https:\/\/hakmarfrance.online\/tr\/wp-json\/wp\/v2\/types\/product"}],"replies":[{"embeddable":true,"href":"https:\/\/hakmarfrance.online\/tr\/wp-json\/wp\/v2\/comments?post=18324"}],"version-history":[{"count":0,"href":"https:\/\/hakmarfrance.online\/tr\/wp-json\/wp\/v2\/product\/18324\/revisions"}],"wp:featuredmedia":[{"embeddable":true,"href":"https:\/\/hakmarfrance.online\/tr\/wp-json\/wp\/v2\/media\/18325"}],"wp:attachment":[{"href":"https:\/\/hakmarfrance.online\/tr\/wp-json\/wp\/v2\/media?parent=18324"}],"wp:term":[{"taxonomy":"product_brand","embeddable":true,"href":"https:\/\/hakmarfrance.online\/tr\/wp-json\/wp\/v2\/product_brand?post=18324"},{"taxonomy":"product_cat","embeddable":true,"href":"https:\/\/hakmarfrance.online\/tr\/wp-json\/wp\/v2\/product_cat?post=18324"},{"taxonomy":"product_tag","embeddable":true,"href":"https:\/\/hakmarfrance.online\/tr\/wp-json\/wp\/v2\/product_tag?post=18324"}],"curies":[{"name":"wp","href":"https:\/\/api.w.org\/{rel}","templated":true}]}}