{"id":18358,"date":"2025-05-26T08:40:10","date_gmt":"2025-05-26T08:40:10","guid":{"rendered":"https:\/\/hakmarfrance.online\/produit\/ifri-limonlu-gazli-icecek-125l-koruyucu-icermez\/"},"modified":"2025-05-26T08:40:10","modified_gmt":"2025-05-26T08:40:10","slug":"ifri-limonlu-gazli-icecek-125l-koruyucu-icermez","status":"publish","type":"product","link":"https:\/\/hakmarfrance.online\/tr\/produit\/ifri-limonlu-gazli-icecek-125l-koruyucu-icermez\/","title":{"rendered":"Ifri Limonlu Gazl\u0131 \u0130\u00e7ecek \u2013 1,25L \u2013 Koruyucu \u0130\u00e7ermez"},"content":{"rendered":"","protected":false},"excerpt":{"rendered":"<p data-start=\"318\" data-end=\"463\"><strong data-start=\"342\" data-end=\"376\">Ifri limonlu gazl\u0131 i\u00e7ecek<\/strong> ile serinleyin, her t\u00fcrl\u00fc ferahlat\u0131c\u0131 iste\u011finiz i\u00e7in m\u00fckemmel, ek\u015fimsi tada sahip k\u00f6p\u00fckl\u00fc bir i\u00e7ecek.<\/p>\n<p data-start=\"465\" data-end=\"627\">\u2714\ufe0f Canl\u0131 ve ferahlat\u0131c\u0131 limon lezzeti<br data-start=\"505\" data-end=\"508\">\u2714\ufe0f Koruyucu i\u00e7ermez ve do\u011fal aromalar i\u00e7erir<br data-start=\"553\" data-end=\"556\">\u2714\ufe0f 1,25L \u015fi\u015fe \u2013 payla\u015fmak i\u00e7in ideal<br data-start=\"597\" data-end=\"600\">\u2714\ufe0f So\u011fuk olarak t\u00fcketilmelidir<\/p>\n<p data-start=\"629\" data-end=\"731\">Yaz i\u00e7in, aile yemekleri i\u00e7in veya g\u00fcn boyunca vitaminli bir mola i\u00e7in vazge\u00e7ilmez bir i\u00e7ecek!<\/p>\n","protected":false},"featured_media":18561,"comment_status":"open","ping_status":"closed","template":"","meta":{"iawp_total_views":0},"product_brand":[],"product_cat":[228,229,225],"product_tag":[],"class_list":{"0":"post-18358","1":"product","2":"type-product","3":"status-publish","4":"has-post-thumbnail","6":"product_cat-icecekler","7":"product_cat-soguk-icecek","8":"product_cat-tum-urunlerimiz","10":"first","11":"instock","12":"shipping-taxable","13":"purchasable","14":"product-type-simple"},"yoast_head":"<!-- This site is optimized with the Yoast SEO plugin v27.3 - https:\/\/yoast.com\/product\/yoast-seo-wordpress\/ -->\n<title>Ifri Limonlu Gazl\u0131 \u0130\u00e7ecek \u2013 1,25L \u2013 Koruyucu \u0130\u00e7ermez - hakmarfrance.online<\/title>\n<meta name=\"robots\" content=\"index, follow, max-snippet:-1, max-image-preview:large, max-video-preview:-1\" \/>\n<link rel=\"canonical\" href=\"https:\/\/hakmarfrance.online\/tr\/produit\/ifri-limonlu-gazli-icecek-125l-koruyucu-icermez\/\" \/>\n<meta property=\"og:locale\" content=\"tr_TR\" \/>\n<meta property=\"og:type\" content=\"article\" \/>\n<meta property=\"og:title\" content=\"Ifri Limonlu Gazl\u0131 \u0130\u00e7ecek \u2013 1,25L \u2013 Koruyucu \u0130\u00e7ermez - hakmarfrance.online\" \/>\n<meta property=\"og:description\" content=\"Ifri limonlu gazl\u0131 i\u00e7ecek ile serinleyin, her t\u00fcrl\u00fc ferahlat\u0131c\u0131 iste\u011finiz i\u00e7in m\u00fckemmel, ek\u015fimsi tada sahip k\u00f6p\u00fckl\u00fc bir i\u00e7ecek. \u2714\ufe0f Canl\u0131 ve ferahlat\u0131c\u0131 limon lezzeti\u2714\ufe0f Koruyucu i\u00e7ermez ve do\u011fal aromalar i\u00e7erir\u2714\ufe0f 1,25L \u015fi\u015fe \u2013 payla\u015fmak i\u00e7in ideal\u2714\ufe0f So\u011fuk olarak t\u00fcketilmelidir Yaz i\u00e7in, aile yemekleri i\u00e7in veya g\u00fcn boyunca vitaminli bir mola i\u00e7in vazge\u00e7ilmez bir i\u00e7ecek!\" \/>\n<meta property=\"og:url\" content=\"https:\/\/hakmarfrance.online\/tr\/produit\/ifri-limonlu-gazli-icecek-125l-koruyucu-icermez\/\" \/>\n<meta property=\"og:site_name\" content=\"hakmarfrance.online\" \/>\n<meta property=\"article:publisher\" content=\"https:\/\/www.facebook.com\/HakmarFranceSupermarche\/?locale=fr_FR\" \/>\n<meta property=\"og:image\" content=\"https:\/\/hakmarfrance.online\/wp-content\/uploads\/2025\/05\/ifri_citron.avif\" \/>\n\t<meta property=\"og:image:width\" content=\"1000\" \/>\n\t<meta property=\"og:image:height\" content=\"800\" \/>\n\t<meta property=\"og:image:type\" content=\"image\/png\" \/>\n<meta name=\"twitter:card\" content=\"summary_large_image\" \/>\n<script type=\"application\/ld+json\" class=\"yoast-schema-graph\">{\"@context\":\"https:\\\/\\\/schema.org\",\"@graph\":[{\"@type\":\"WebPage\",\"@id\":\"https:\\\/\\\/hakmarfrance.online\\\/tr\\\/produit\\\/ifri-limonlu-gazli-icecek-125l-koruyucu-icermez\\\/\",\"url\":\"https:\\\/\\\/hakmarfrance.online\\\/tr\\\/produit\\\/ifri-limonlu-gazli-icecek-125l-koruyucu-icermez\\\/\",\"name\":\"Ifri Limonlu Gazl\u0131 \u0130\u00e7ecek \u2013 1,25L \u2013 Koruyucu \u0130\u00e7ermez - hakmarfrance.online\",\"isPartOf\":{\"@id\":\"https:\\\/\\\/hakmarfrance.online\\\/tr\\\/#website\"},\"primaryImageOfPage\":{\"@id\":\"https:\\\/\\\/hakmarfrance.online\\\/tr\\\/produit\\\/ifri-limonlu-gazli-icecek-125l-koruyucu-icermez\\\/#primaryimage\"},\"image\":{\"@id\":\"https:\\\/\\\/hakmarfrance.online\\\/tr\\\/produit\\\/ifri-limonlu-gazli-icecek-125l-koruyucu-icermez\\\/#primaryimage\"},\"thumbnailUrl\":\"https:\\\/\\\/hakmarfrance.online\\\/wp-content\\\/uploads\\\/2025\\\/05\\\/ifri_citron.avif\",\"datePublished\":\"2025-05-26T08:40:10+00:00\",\"breadcrumb\":{\"@id\":\"https:\\\/\\\/hakmarfrance.online\\\/tr\\\/produit\\\/ifri-limonlu-gazli-icecek-125l-koruyucu-icermez\\\/#breadcrumb\"},\"inLanguage\":\"tr-TR\",\"potentialAction\":[{\"@type\":\"ReadAction\",\"target\":[\"https:\\\/\\\/hakmarfrance.online\\\/tr\\\/produit\\\/ifri-limonlu-gazli-icecek-125l-koruyucu-icermez\\\/\"]}]},{\"@type\":\"ImageObject\",\"inLanguage\":\"tr-TR\",\"@id\":\"https:\\\/\\\/hakmarfrance.online\\\/tr\\\/produit\\\/ifri-limonlu-gazli-icecek-125l-koruyucu-icermez\\\/#primaryimage\",\"url\":\"https:\\\/\\\/hakmarfrance.online\\\/wp-content\\\/uploads\\\/2025\\\/05\\\/ifri_citron.avif\",\"contentUrl\":\"https:\\\/\\\/hakmarfrance.online\\\/wp-content\\\/uploads\\\/2025\\\/05\\\/ifri_citron.avif\",\"width\":1000,\"height\":800},{\"@type\":\"BreadcrumbList\",\"@id\":\"https:\\\/\\\/hakmarfrance.online\\\/tr\\\/produit\\\/ifri-limonlu-gazli-icecek-125l-koruyucu-icermez\\\/#breadcrumb\",\"itemListElement\":[{\"@type\":\"ListItem\",\"position\":1,\"name\":\"Accueil\",\"item\":\"https:\\\/\\\/hakmarfrance.online\\\/tr\\\/\"},{\"@type\":\"ListItem\",\"position\":2,\"name\":\"Ma\u011faza\",\"item\":\"https:\\\/\\\/hakmarfrance.online\\\/tr\\\/magaza\\\/\"},{\"@type\":\"ListItem\",\"position\":3,\"name\":\"Ifri Limonlu Gazl\u0131 \u0130\u00e7ecek \u2013 1,25L \u2013 Koruyucu \u0130\u00e7ermez\"}]},{\"@type\":\"WebSite\",\"@id\":\"https:\\\/\\\/hakmarfrance.online\\\/tr\\\/#website\",\"url\":\"https:\\\/\\\/hakmarfrance.online\\\/tr\\\/\",\"name\":\"hakmarfrance.online\",\"description\":\"\",\"publisher\":{\"@id\":\"https:\\\/\\\/hakmarfrance.online\\\/tr\\\/#organization\"},\"potentialAction\":[{\"@type\":\"SearchAction\",\"target\":{\"@type\":\"EntryPoint\",\"urlTemplate\":\"https:\\\/\\\/hakmarfrance.online\\\/tr\\\/?s={search_term_string}\"},\"query-input\":{\"@type\":\"PropertyValueSpecification\",\"valueRequired\":true,\"valueName\":\"search_term_string\"}}],\"inLanguage\":\"tr-TR\"},{\"@type\":\"Organization\",\"@id\":\"https:\\\/\\\/hakmarfrance.online\\\/tr\\\/#organization\",\"name\":\"hakmarfrance.online\",\"url\":\"https:\\\/\\\/hakmarfrance.online\\\/tr\\\/\",\"logo\":{\"@type\":\"ImageObject\",\"inLanguage\":\"tr-TR\",\"@id\":\"https:\\\/\\\/hakmarfrance.online\\\/tr\\\/#\\\/schema\\\/logo\\\/image\\\/\",\"url\":\"https:\\\/\\\/hakmarfrance.online\\\/wp-content\\\/uploads\\\/2025\\\/06\\\/logo-hakmarfrance.png\",\"contentUrl\":\"https:\\\/\\\/hakmarfrance.online\\\/wp-content\\\/uploads\\\/2025\\\/06\\\/logo-hakmarfrance.png\",\"width\":528,\"height\":232,\"caption\":\"hakmarfrance.online\"},\"image\":{\"@id\":\"https:\\\/\\\/hakmarfrance.online\\\/tr\\\/#\\\/schema\\\/logo\\\/image\\\/\"},\"sameAs\":[\"https:\\\/\\\/www.facebook.com\\\/HakmarFranceSupermarche\\\/?locale=fr_FR\",\"https:\\\/\\\/www.instagram.com\\\/hakmarfrancesupermarche\\\/\"]}]}<\/script>\n<!-- \/ Yoast SEO plugin. -->","yoast_head_json":{"title":"Ifri Limonlu Gazl\u0131 \u0130\u00e7ecek \u2013 1,25L \u2013 Koruyucu \u0130\u00e7ermez - hakmarfrance.online","robots":{"index":"index","follow":"follow","max-snippet":"max-snippet:-1","max-image-preview":"max-image-preview:large","max-video-preview":"max-video-preview:-1"},"canonical":"https:\/\/hakmarfrance.online\/tr\/produit\/ifri-limonlu-gazli-icecek-125l-koruyucu-icermez\/","og_locale":"tr_TR","og_type":"article","og_title":"Ifri Limonlu Gazl\u0131 \u0130\u00e7ecek \u2013 1,25L \u2013 Koruyucu \u0130\u00e7ermez - hakmarfrance.online","og_description":"Ifri limonlu gazl\u0131 i\u00e7ecek ile serinleyin, her t\u00fcrl\u00fc ferahlat\u0131c\u0131 iste\u011finiz i\u00e7in m\u00fckemmel, ek\u015fimsi tada sahip k\u00f6p\u00fckl\u00fc bir i\u00e7ecek. \u2714\ufe0f Canl\u0131 ve ferahlat\u0131c\u0131 limon lezzeti\u2714\ufe0f Koruyucu i\u00e7ermez ve do\u011fal aromalar i\u00e7erir\u2714\ufe0f 1,25L \u015fi\u015fe \u2013 payla\u015fmak i\u00e7in ideal\u2714\ufe0f So\u011fuk olarak t\u00fcketilmelidir Yaz i\u00e7in, aile yemekleri i\u00e7in veya g\u00fcn boyunca vitaminli bir mola i\u00e7in vazge\u00e7ilmez bir i\u00e7ecek!","og_url":"https:\/\/hakmarfrance.online\/tr\/produit\/ifri-limonlu-gazli-icecek-125l-koruyucu-icermez\/","og_site_name":"hakmarfrance.online","article_publisher":"https:\/\/www.facebook.com\/HakmarFranceSupermarche\/?locale=fr_FR","og_image":[{"width":1000,"height":800,"url":"https:\/\/hakmarfrance.online\/wp-content\/uploads\/2025\/05\/ifri_citron.avif","type":"image\/png"}],"twitter_card":"summary_large_image","schema":{"@context":"https:\/\/schema.org","@graph":[{"@type":"WebPage","@id":"https:\/\/hakmarfrance.online\/tr\/produit\/ifri-limonlu-gazli-icecek-125l-koruyucu-icermez\/","url":"https:\/\/hakmarfrance.online\/tr\/produit\/ifri-limonlu-gazli-icecek-125l-koruyucu-icermez\/","name":"Ifri Limonlu Gazl\u0131 \u0130\u00e7ecek \u2013 1,25L \u2013 Koruyucu \u0130\u00e7ermez - hakmarfrance.online","isPartOf":{"@id":"https:\/\/hakmarfrance.online\/tr\/#website"},"primaryImageOfPage":{"@id":"https:\/\/hakmarfrance.online\/tr\/produit\/ifri-limonlu-gazli-icecek-125l-koruyucu-icermez\/#primaryimage"},"image":{"@id":"https:\/\/hakmarfrance.online\/tr\/produit\/ifri-limonlu-gazli-icecek-125l-koruyucu-icermez\/#primaryimage"},"thumbnailUrl":"https:\/\/hakmarfrance.online\/wp-content\/uploads\/2025\/05\/ifri_citron.avif","datePublished":"2025-05-26T08:40:10+00:00","breadcrumb":{"@id":"https:\/\/hakmarfrance.online\/tr\/produit\/ifri-limonlu-gazli-icecek-125l-koruyucu-icermez\/#breadcrumb"},"inLanguage":"tr-TR","potentialAction":[{"@type":"ReadAction","target":["https:\/\/hakmarfrance.online\/tr\/produit\/ifri-limonlu-gazli-icecek-125l-koruyucu-icermez\/"]}]},{"@type":"ImageObject","inLanguage":"tr-TR","@id":"https:\/\/hakmarfrance.online\/tr\/produit\/ifri-limonlu-gazli-icecek-125l-koruyucu-icermez\/#primaryimage","url":"https:\/\/hakmarfrance.online\/wp-content\/uploads\/2025\/05\/ifri_citron.avif","contentUrl":"https:\/\/hakmarfrance.online\/wp-content\/uploads\/2025\/05\/ifri_citron.avif","width":1000,"height":800},{"@type":"BreadcrumbList","@id":"https:\/\/hakmarfrance.online\/tr\/produit\/ifri-limonlu-gazli-icecek-125l-koruyucu-icermez\/#breadcrumb","itemListElement":[{"@type":"ListItem","position":1,"name":"Accueil","item":"https:\/\/hakmarfrance.online\/tr\/"},{"@type":"ListItem","position":2,"name":"Ma\u011faza","item":"https:\/\/hakmarfrance.online\/tr\/magaza\/"},{"@type":"ListItem","position":3,"name":"Ifri Limonlu Gazl\u0131 \u0130\u00e7ecek \u2013 1,25L \u2013 Koruyucu \u0130\u00e7ermez"}]},{"@type":"WebSite","@id":"https:\/\/hakmarfrance.online\/tr\/#website","url":"https:\/\/hakmarfrance.online\/tr\/","name":"hakmarfrance.online","description":"","publisher":{"@id":"https:\/\/hakmarfrance.online\/tr\/#organization"},"potentialAction":[{"@type":"SearchAction","target":{"@type":"EntryPoint","urlTemplate":"https:\/\/hakmarfrance.online\/tr\/?s={search_term_string}"},"query-input":{"@type":"PropertyValueSpecification","valueRequired":true,"valueName":"search_term_string"}}],"inLanguage":"tr-TR"},{"@type":"Organization","@id":"https:\/\/hakmarfrance.online\/tr\/#organization","name":"hakmarfrance.online","url":"https:\/\/hakmarfrance.online\/tr\/","logo":{"@type":"ImageObject","inLanguage":"tr-TR","@id":"https:\/\/hakmarfrance.online\/tr\/#\/schema\/logo\/image\/","url":"https:\/\/hakmarfrance.online\/wp-content\/uploads\/2025\/06\/logo-hakmarfrance.png","contentUrl":"https:\/\/hakmarfrance.online\/wp-content\/uploads\/2025\/06\/logo-hakmarfrance.png","width":528,"height":232,"caption":"hakmarfrance.online"},"image":{"@id":"https:\/\/hakmarfrance.online\/tr\/#\/schema\/logo\/image\/"},"sameAs":["https:\/\/www.facebook.com\/HakmarFranceSupermarche\/?locale=fr_FR","https:\/\/www.instagram.com\/hakmarfrancesupermarche\/"]}]}},"_links":{"self":[{"href":"https:\/\/hakmarfrance.online\/tr\/wp-json\/wp\/v2\/product\/18358","targetHints":{"allow":["GET"]}}],"collection":[{"href":"https:\/\/hakmarfrance.online\/tr\/wp-json\/wp\/v2\/product"}],"about":[{"href":"https:\/\/hakmarfrance.online\/tr\/wp-json\/wp\/v2\/types\/product"}],"replies":[{"embeddable":true,"href":"https:\/\/hakmarfrance.online\/tr\/wp-json\/wp\/v2\/comments?post=18358"}],"version-history":[{"count":0,"href":"https:\/\/hakmarfrance.online\/tr\/wp-json\/wp\/v2\/product\/18358\/revisions"}],"wp:featuredmedia":[{"embeddable":true,"href":"https:\/\/hakmarfrance.online\/tr\/wp-json\/wp\/v2\/media\/18561"}],"wp:attachment":[{"href":"https:\/\/hakmarfrance.online\/tr\/wp-json\/wp\/v2\/media?parent=18358"}],"wp:term":[{"taxonomy":"product_brand","embeddable":true,"href":"https:\/\/hakmarfrance.online\/tr\/wp-json\/wp\/v2\/product_brand?post=18358"},{"taxonomy":"product_cat","embeddable":true,"href":"https:\/\/hakmarfrance.online\/tr\/wp-json\/wp\/v2\/product_cat?post=18358"},{"taxonomy":"product_tag","embeddable":true,"href":"https:\/\/hakmarfrance.online\/tr\/wp-json\/wp\/v2\/product_tag?post=18358"}],"curies":[{"name":"wp","href":"https:\/\/api.w.org\/{rel}","templated":true}]}}