{"id":18360,"date":"2025-05-26T08:42:32","date_gmt":"2025-05-26T08:42:32","guid":{"rendered":"https:\/\/hakmarfrance.online\/produit\/caykur-rize-turist-cayi-geleneksel-dokme-turk-siyah-cayi-1-kg\/"},"modified":"2025-05-26T08:42:32","modified_gmt":"2025-05-26T08:42:32","slug":"caykur-rize-turist-cayi-geleneksel-dokme-turk-siyah-cayi-1-kg","status":"publish","type":"product","link":"https:\/\/hakmarfrance.online\/tr\/produit\/caykur-rize-turist-cayi-geleneksel-dokme-turk-siyah-cayi-1-kg\/","title":{"rendered":"\u00c7aykur Rize Turist \u00c7ay\u0131 \u2013 Geleneksel d\u00f6kme T\u00fcrk siyah \u00e7ay\u0131 \u2013 1 kg"},"content":{"rendered":"<p>Karadeniz k\u0131y\u0131s\u0131ndaki yemye\u015fil Rize b\u00f6lgesinden toplanan <strong data-start=\"442\" data-end=\"483\">\u00c7aykur Rize Turist \u00c7ay\u0131<\/strong>n\u0131n \u00f6zg\u00fcn tad\u0131n\u0131n keyfini \u00e7\u0131kar. Do\u011fal ve mis kokulu bu \u00e7ay, s\u0131cak sohbetlerin ideal e\u015flik\u00e7isidir. C\u00f6mert <g id=\"gid_1\">1 kg<\/g> d\u00f6kme ambalaj\u0131yla ailece ya da arkada\u015flarla pek \u00e7ok fincan \u00e7ay demleyebilirsin. Dengeli aromas\u0131 ve koyu k\u0131rm\u0131z\u0131 rengiyle geleneksel T\u00fcrk \u00e7ay\u0131 sevenlerin favorisidir.   <\/p>\n","protected":false},"excerpt":{"rendered":"<ul>\n<li data-start=\"886\" data-end=\"1040\">\n<p data-start=\"888\" data-end=\"1040\">T\u00fcrk siyah \u00e7ay\u0131 <strong data-start=\"938\" data-end=\"965\">\u00c7aykur Rize Turist \u00c7ay\u0131<\/strong>, 1 kg paket. Zengin ve otantik lezzet; samimi \u00e7ay saatleri i\u00e7in ideal. <\/p>\n<\/li>\n<li data-start=\"1042\" data-end=\"1306\">\n<p data-start=\"1044\" data-end=\"1083\">\ud83d\udccb <strong data-start=\"1047\" data-end=\"1079\">Temel \u00d6zellikler<\/strong>:<\/p>\n<ul data-start=\"1086\" data-end=\"1306\">\n<li data-start=\"1086\" data-end=\"1111\">\n<p data-start=\"1088\" data-end=\"1111\">D\u00f6kme T\u00fcrk siyah \u00e7ay\u0131<\/p>\n<\/li>\n<li data-start=\"1114\" data-end=\"1140\">\n<p data-start=\"1116\" data-end=\"1140\">Marka: \u00c7aykur (Rize)<\/p>\n<\/li>\n<li data-start=\"1143\" data-end=\"1163\">\n<p data-start=\"1145\" data-end=\"1163\">Net a\u011f\u0131rl\u0131k: 1 kg<\/p>\n<\/li>\n<li data-start=\"1166\" data-end=\"1197\">\n<p data-start=\"1168\" data-end=\"1197\">%100 do\u011fal, katk\u0131s\u0131z<\/p>\n<\/li>\n<li data-start=\"1200\" data-end=\"1240\">\n<p data-start=\"1202\" data-end=\"1240\">Zengin tat ve derin k\u0131rm\u0131z\u0131 renk<\/p>\n<\/li>\n<li data-start=\"1243\" data-end=\"1306\">\n<p data-start=\"1245\" data-end=\"1306\">Geleneksel \u00e7aydanl\u0131k servisleri i\u00e7in ideal<\/p>\n<\/li>\n<\/ul>\n<\/li>\n<\/ul>\n","protected":false},"featured_media":18361,"comment_status":"open","ping_status":"closed","template":"","meta":{"iawp_total_views":1},"product_brand":[],"product_cat":[228,225,295],"product_tag":[],"class_list":{"0":"post-18360","1":"product","2":"type-product","3":"status-publish","4":"has-post-thumbnail","6":"product_cat-icecekler","7":"product_cat-tum-urunlerimiz","8":"product_cat-turk-cayi-bitki-caylari","10":"first","11":"instock","12":"shipping-taxable","13":"purchasable","14":"product-type-simple"},"yoast_head":"<!-- This site is optimized with the Yoast SEO plugin v27.3 - https:\/\/yoast.com\/product\/yoast-seo-wordpress\/ -->\n<title>\u00c7aykur Rize Turist \u00c7ay\u0131 \u2013 Geleneksel d\u00f6kme T\u00fcrk siyah \u00e7ay\u0131 \u2013 1 kg - hakmarfrance.online<\/title>\n<meta name=\"robots\" content=\"index, follow, max-snippet:-1, max-image-preview:large, max-video-preview:-1\" \/>\n<link rel=\"canonical\" href=\"https:\/\/hakmarfrance.online\/tr\/produit\/caykur-rize-turist-cayi-geleneksel-dokme-turk-siyah-cayi-1-kg\/\" \/>\n<meta property=\"og:locale\" content=\"tr_TR\" \/>\n<meta property=\"og:type\" content=\"article\" \/>\n<meta property=\"og:title\" content=\"\u00c7aykur Rize Turist \u00c7ay\u0131 \u2013 Geleneksel d\u00f6kme T\u00fcrk siyah \u00e7ay\u0131 \u2013 1 kg - hakmarfrance.online\" \/>\n<meta property=\"og:description\" content=\"T\u00fcrk siyah \u00e7ay\u0131 \u00c7aykur Rize Turist \u00c7ay\u0131, 1 kg paket. Zengin ve otantik lezzet; samimi \u00e7ay saatleri i\u00e7in ideal.   \ud83d\udccb Temel \u00d6zellikler:   D\u00f6kme T\u00fcrk siyah \u00e7ay\u0131   Marka: \u00c7aykur (Rize)   Net a\u011f\u0131rl\u0131k: 1 kg   %100 do\u011fal, katk\u0131s\u0131z   Zengin tat ve derin k\u0131rm\u0131z\u0131 renk   Geleneksel \u00e7aydanl\u0131k servisleri i\u00e7in ideal\" \/>\n<meta property=\"og:url\" content=\"https:\/\/hakmarfrance.online\/tr\/produit\/caykur-rize-turist-cayi-geleneksel-dokme-turk-siyah-cayi-1-kg\/\" \/>\n<meta property=\"og:site_name\" content=\"hakmarfrance.online\" \/>\n<meta property=\"article:publisher\" content=\"https:\/\/www.facebook.com\/HakmarFranceSupermarche\/?locale=fr_FR\" \/>\n<meta property=\"og:image\" content=\"https:\/\/hakmarfrance.online\/wp-content\/uploads\/2025\/05\/The-Rize-1kg-CAYKUR.png\" \/>\n\t<meta property=\"og:image:width\" content=\"600\" \/>\n\t<meta property=\"og:image:height\" content=\"600\" \/>\n\t<meta property=\"og:image:type\" content=\"image\/png\" \/>\n<meta name=\"twitter:card\" content=\"summary_large_image\" \/>\n<script type=\"application\/ld+json\" class=\"yoast-schema-graph\">{\"@context\":\"https:\\\/\\\/schema.org\",\"@graph\":[{\"@type\":\"WebPage\",\"@id\":\"https:\\\/\\\/hakmarfrance.online\\\/tr\\\/produit\\\/caykur-rize-turist-cayi-geleneksel-dokme-turk-siyah-cayi-1-kg\\\/\",\"url\":\"https:\\\/\\\/hakmarfrance.online\\\/tr\\\/produit\\\/caykur-rize-turist-cayi-geleneksel-dokme-turk-siyah-cayi-1-kg\\\/\",\"name\":\"\u00c7aykur Rize Turist \u00c7ay\u0131 \u2013 Geleneksel d\u00f6kme T\u00fcrk siyah \u00e7ay\u0131 \u2013 1 kg - hakmarfrance.online\",\"isPartOf\":{\"@id\":\"https:\\\/\\\/hakmarfrance.online\\\/tr\\\/#website\"},\"primaryImageOfPage\":{\"@id\":\"https:\\\/\\\/hakmarfrance.online\\\/tr\\\/produit\\\/caykur-rize-turist-cayi-geleneksel-dokme-turk-siyah-cayi-1-kg\\\/#primaryimage\"},\"image\":{\"@id\":\"https:\\\/\\\/hakmarfrance.online\\\/tr\\\/produit\\\/caykur-rize-turist-cayi-geleneksel-dokme-turk-siyah-cayi-1-kg\\\/#primaryimage\"},\"thumbnailUrl\":\"https:\\\/\\\/hakmarfrance.online\\\/wp-content\\\/uploads\\\/2025\\\/05\\\/The-Rize-1kg-CAYKUR.png\",\"datePublished\":\"2025-05-26T08:42:32+00:00\",\"breadcrumb\":{\"@id\":\"https:\\\/\\\/hakmarfrance.online\\\/tr\\\/produit\\\/caykur-rize-turist-cayi-geleneksel-dokme-turk-siyah-cayi-1-kg\\\/#breadcrumb\"},\"inLanguage\":\"tr-TR\",\"potentialAction\":[{\"@type\":\"ReadAction\",\"target\":[\"https:\\\/\\\/hakmarfrance.online\\\/tr\\\/produit\\\/caykur-rize-turist-cayi-geleneksel-dokme-turk-siyah-cayi-1-kg\\\/\"]}]},{\"@type\":\"ImageObject\",\"inLanguage\":\"tr-TR\",\"@id\":\"https:\\\/\\\/hakmarfrance.online\\\/tr\\\/produit\\\/caykur-rize-turist-cayi-geleneksel-dokme-turk-siyah-cayi-1-kg\\\/#primaryimage\",\"url\":\"https:\\\/\\\/hakmarfrance.online\\\/wp-content\\\/uploads\\\/2025\\\/05\\\/The-Rize-1kg-CAYKUR.png\",\"contentUrl\":\"https:\\\/\\\/hakmarfrance.online\\\/wp-content\\\/uploads\\\/2025\\\/05\\\/The-Rize-1kg-CAYKUR.png\",\"width\":600,\"height\":600,\"caption\":\"T\u00fcrk siyah \u00e7ay\u0131 \u00c7aykur Rize Turist \u00c7ay\u0131 \u2013 1 kg paket\"},{\"@type\":\"BreadcrumbList\",\"@id\":\"https:\\\/\\\/hakmarfrance.online\\\/tr\\\/produit\\\/caykur-rize-turist-cayi-geleneksel-dokme-turk-siyah-cayi-1-kg\\\/#breadcrumb\",\"itemListElement\":[{\"@type\":\"ListItem\",\"position\":1,\"name\":\"Accueil\",\"item\":\"https:\\\/\\\/hakmarfrance.online\\\/tr\\\/\"},{\"@type\":\"ListItem\",\"position\":2,\"name\":\"Ma\u011faza\",\"item\":\"https:\\\/\\\/hakmarfrance.online\\\/tr\\\/magaza\\\/\"},{\"@type\":\"ListItem\",\"position\":3,\"name\":\"\u00c7aykur Rize Turist \u00c7ay\u0131 \u2013 Geleneksel d\u00f6kme T\u00fcrk siyah \u00e7ay\u0131 \u2013 1 kg\"}]},{\"@type\":\"WebSite\",\"@id\":\"https:\\\/\\\/hakmarfrance.online\\\/tr\\\/#website\",\"url\":\"https:\\\/\\\/hakmarfrance.online\\\/tr\\\/\",\"name\":\"hakmarfrance.online\",\"description\":\"\",\"publisher\":{\"@id\":\"https:\\\/\\\/hakmarfrance.online\\\/tr\\\/#organization\"},\"potentialAction\":[{\"@type\":\"SearchAction\",\"target\":{\"@type\":\"EntryPoint\",\"urlTemplate\":\"https:\\\/\\\/hakmarfrance.online\\\/tr\\\/?s={search_term_string}\"},\"query-input\":{\"@type\":\"PropertyValueSpecification\",\"valueRequired\":true,\"valueName\":\"search_term_string\"}}],\"inLanguage\":\"tr-TR\"},{\"@type\":\"Organization\",\"@id\":\"https:\\\/\\\/hakmarfrance.online\\\/tr\\\/#organization\",\"name\":\"hakmarfrance.online\",\"url\":\"https:\\\/\\\/hakmarfrance.online\\\/tr\\\/\",\"logo\":{\"@type\":\"ImageObject\",\"inLanguage\":\"tr-TR\",\"@id\":\"https:\\\/\\\/hakmarfrance.online\\\/tr\\\/#\\\/schema\\\/logo\\\/image\\\/\",\"url\":\"https:\\\/\\\/hakmarfrance.online\\\/wp-content\\\/uploads\\\/2025\\\/06\\\/logo-hakmarfrance.png\",\"contentUrl\":\"https:\\\/\\\/hakmarfrance.online\\\/wp-content\\\/uploads\\\/2025\\\/06\\\/logo-hakmarfrance.png\",\"width\":528,\"height\":232,\"caption\":\"hakmarfrance.online\"},\"image\":{\"@id\":\"https:\\\/\\\/hakmarfrance.online\\\/tr\\\/#\\\/schema\\\/logo\\\/image\\\/\"},\"sameAs\":[\"https:\\\/\\\/www.facebook.com\\\/HakmarFranceSupermarche\\\/?locale=fr_FR\",\"https:\\\/\\\/www.instagram.com\\\/hakmarfrancesupermarche\\\/\"]}]}<\/script>\n<!-- \/ Yoast SEO plugin. -->","yoast_head_json":{"title":"\u00c7aykur Rize Turist \u00c7ay\u0131 \u2013 Geleneksel d\u00f6kme T\u00fcrk siyah \u00e7ay\u0131 \u2013 1 kg - hakmarfrance.online","robots":{"index":"index","follow":"follow","max-snippet":"max-snippet:-1","max-image-preview":"max-image-preview:large","max-video-preview":"max-video-preview:-1"},"canonical":"https:\/\/hakmarfrance.online\/tr\/produit\/caykur-rize-turist-cayi-geleneksel-dokme-turk-siyah-cayi-1-kg\/","og_locale":"tr_TR","og_type":"article","og_title":"\u00c7aykur Rize Turist \u00c7ay\u0131 \u2013 Geleneksel d\u00f6kme T\u00fcrk siyah \u00e7ay\u0131 \u2013 1 kg - hakmarfrance.online","og_description":"T\u00fcrk siyah \u00e7ay\u0131 \u00c7aykur Rize Turist \u00c7ay\u0131, 1 kg paket. Zengin ve otantik lezzet; samimi \u00e7ay saatleri i\u00e7in ideal.   \ud83d\udccb Temel \u00d6zellikler:   D\u00f6kme T\u00fcrk siyah \u00e7ay\u0131   Marka: \u00c7aykur (Rize)   Net a\u011f\u0131rl\u0131k: 1 kg   %100 do\u011fal, katk\u0131s\u0131z   Zengin tat ve derin k\u0131rm\u0131z\u0131 renk   Geleneksel \u00e7aydanl\u0131k servisleri i\u00e7in ideal","og_url":"https:\/\/hakmarfrance.online\/tr\/produit\/caykur-rize-turist-cayi-geleneksel-dokme-turk-siyah-cayi-1-kg\/","og_site_name":"hakmarfrance.online","article_publisher":"https:\/\/www.facebook.com\/HakmarFranceSupermarche\/?locale=fr_FR","og_image":[{"width":600,"height":600,"url":"https:\/\/hakmarfrance.online\/wp-content\/uploads\/2025\/05\/The-Rize-1kg-CAYKUR.png","type":"image\/png"}],"twitter_card":"summary_large_image","schema":{"@context":"https:\/\/schema.org","@graph":[{"@type":"WebPage","@id":"https:\/\/hakmarfrance.online\/tr\/produit\/caykur-rize-turist-cayi-geleneksel-dokme-turk-siyah-cayi-1-kg\/","url":"https:\/\/hakmarfrance.online\/tr\/produit\/caykur-rize-turist-cayi-geleneksel-dokme-turk-siyah-cayi-1-kg\/","name":"\u00c7aykur Rize Turist \u00c7ay\u0131 \u2013 Geleneksel d\u00f6kme T\u00fcrk siyah \u00e7ay\u0131 \u2013 1 kg - hakmarfrance.online","isPartOf":{"@id":"https:\/\/hakmarfrance.online\/tr\/#website"},"primaryImageOfPage":{"@id":"https:\/\/hakmarfrance.online\/tr\/produit\/caykur-rize-turist-cayi-geleneksel-dokme-turk-siyah-cayi-1-kg\/#primaryimage"},"image":{"@id":"https:\/\/hakmarfrance.online\/tr\/produit\/caykur-rize-turist-cayi-geleneksel-dokme-turk-siyah-cayi-1-kg\/#primaryimage"},"thumbnailUrl":"https:\/\/hakmarfrance.online\/wp-content\/uploads\/2025\/05\/The-Rize-1kg-CAYKUR.png","datePublished":"2025-05-26T08:42:32+00:00","breadcrumb":{"@id":"https:\/\/hakmarfrance.online\/tr\/produit\/caykur-rize-turist-cayi-geleneksel-dokme-turk-siyah-cayi-1-kg\/#breadcrumb"},"inLanguage":"tr-TR","potentialAction":[{"@type":"ReadAction","target":["https:\/\/hakmarfrance.online\/tr\/produit\/caykur-rize-turist-cayi-geleneksel-dokme-turk-siyah-cayi-1-kg\/"]}]},{"@type":"ImageObject","inLanguage":"tr-TR","@id":"https:\/\/hakmarfrance.online\/tr\/produit\/caykur-rize-turist-cayi-geleneksel-dokme-turk-siyah-cayi-1-kg\/#primaryimage","url":"https:\/\/hakmarfrance.online\/wp-content\/uploads\/2025\/05\/The-Rize-1kg-CAYKUR.png","contentUrl":"https:\/\/hakmarfrance.online\/wp-content\/uploads\/2025\/05\/The-Rize-1kg-CAYKUR.png","width":600,"height":600,"caption":"T\u00fcrk siyah \u00e7ay\u0131 \u00c7aykur Rize Turist \u00c7ay\u0131 \u2013 1 kg paket"},{"@type":"BreadcrumbList","@id":"https:\/\/hakmarfrance.online\/tr\/produit\/caykur-rize-turist-cayi-geleneksel-dokme-turk-siyah-cayi-1-kg\/#breadcrumb","itemListElement":[{"@type":"ListItem","position":1,"name":"Accueil","item":"https:\/\/hakmarfrance.online\/tr\/"},{"@type":"ListItem","position":2,"name":"Ma\u011faza","item":"https:\/\/hakmarfrance.online\/tr\/magaza\/"},{"@type":"ListItem","position":3,"name":"\u00c7aykur Rize Turist \u00c7ay\u0131 \u2013 Geleneksel d\u00f6kme T\u00fcrk siyah \u00e7ay\u0131 \u2013 1 kg"}]},{"@type":"WebSite","@id":"https:\/\/hakmarfrance.online\/tr\/#website","url":"https:\/\/hakmarfrance.online\/tr\/","name":"hakmarfrance.online","description":"","publisher":{"@id":"https:\/\/hakmarfrance.online\/tr\/#organization"},"potentialAction":[{"@type":"SearchAction","target":{"@type":"EntryPoint","urlTemplate":"https:\/\/hakmarfrance.online\/tr\/?s={search_term_string}"},"query-input":{"@type":"PropertyValueSpecification","valueRequired":true,"valueName":"search_term_string"}}],"inLanguage":"tr-TR"},{"@type":"Organization","@id":"https:\/\/hakmarfrance.online\/tr\/#organization","name":"hakmarfrance.online","url":"https:\/\/hakmarfrance.online\/tr\/","logo":{"@type":"ImageObject","inLanguage":"tr-TR","@id":"https:\/\/hakmarfrance.online\/tr\/#\/schema\/logo\/image\/","url":"https:\/\/hakmarfrance.online\/wp-content\/uploads\/2025\/06\/logo-hakmarfrance.png","contentUrl":"https:\/\/hakmarfrance.online\/wp-content\/uploads\/2025\/06\/logo-hakmarfrance.png","width":528,"height":232,"caption":"hakmarfrance.online"},"image":{"@id":"https:\/\/hakmarfrance.online\/tr\/#\/schema\/logo\/image\/"},"sameAs":["https:\/\/www.facebook.com\/HakmarFranceSupermarche\/?locale=fr_FR","https:\/\/www.instagram.com\/hakmarfrancesupermarche\/"]}]}},"_links":{"self":[{"href":"https:\/\/hakmarfrance.online\/tr\/wp-json\/wp\/v2\/product\/18360","targetHints":{"allow":["GET"]}}],"collection":[{"href":"https:\/\/hakmarfrance.online\/tr\/wp-json\/wp\/v2\/product"}],"about":[{"href":"https:\/\/hakmarfrance.online\/tr\/wp-json\/wp\/v2\/types\/product"}],"replies":[{"embeddable":true,"href":"https:\/\/hakmarfrance.online\/tr\/wp-json\/wp\/v2\/comments?post=18360"}],"version-history":[{"count":0,"href":"https:\/\/hakmarfrance.online\/tr\/wp-json\/wp\/v2\/product\/18360\/revisions"}],"wp:featuredmedia":[{"embeddable":true,"href":"https:\/\/hakmarfrance.online\/tr\/wp-json\/wp\/v2\/media\/18361"}],"wp:attachment":[{"href":"https:\/\/hakmarfrance.online\/tr\/wp-json\/wp\/v2\/media?parent=18360"}],"wp:term":[{"taxonomy":"product_brand","embeddable":true,"href":"https:\/\/hakmarfrance.online\/tr\/wp-json\/wp\/v2\/product_brand?post=18360"},{"taxonomy":"product_cat","embeddable":true,"href":"https:\/\/hakmarfrance.online\/tr\/wp-json\/wp\/v2\/product_cat?post=18360"},{"taxonomy":"product_tag","embeddable":true,"href":"https:\/\/hakmarfrance.online\/tr\/wp-json\/wp\/v2\/product_tag?post=18360"}],"curies":[{"name":"wp","href":"https:\/\/api.w.org\/{rel}","templated":true}]}}