{"id":18362,"date":"2025-06-11T11:15:41","date_gmt":"2025-06-11T11:15:41","guid":{"rendered":"https:\/\/hakmarfrance.online\/produit\/sprite-limon-lime-24-x-330-ml-paket-dusuk-kalorili\/"},"modified":"2025-06-11T11:15:41","modified_gmt":"2025-06-11T11:15:41","slug":"sprite-limon-lime-24-x-330-ml-paket-dusuk-kalorili","status":"publish","type":"product","link":"https:\/\/hakmarfrance.online\/tr\/produit\/sprite-limon-lime-24-x-330-ml-paket-dusuk-kalorili\/","title":{"rendered":"Sprite Limon-Lime \u2013 24 x 330 ml Paket, D\u00fc\u015f\u00fck Kalorili"},"content":{"rendered":"<p>Limon-lime aromal\u0131 Sprite&#8217;\u0131n t\u00fcm ferahl\u0131\u011f\u0131n\u0131 24 adet 330 ml kutudan olu\u015fan bu paketle ya\u015fa. Ferahlat\u0131c\u0131, k\u00f6p\u00fckl\u00fc ve d\u00fc\u015f\u00fck kalorili bu i\u00e7ecek, tad\u0131ndan \u00f6d\u00fcn vermeden \u00f6\u011f\u00fcnlerine e\u015flik etmek ya da g\u00fcn\u00fcn her an\u0131nda susuzlu\u011funu gidermek i\u00e7in ideal. <\/p>\n","protected":false},"excerpt":{"rendered":"<p>Limon-lime aromal\u0131, d\u00fc\u015f\u00fck kalorili gazl\u0131 i\u00e7ecek; 24 adet 330 ml kutu.<\/p>\n","protected":false},"featured_media":18363,"comment_status":"open","ping_status":"closed","template":"","meta":{"iawp_total_views":0},"product_brand":[],"product_cat":[228,311,229,225],"product_tag":[],"class_list":{"0":"post-18362","1":"product","2":"type-product","3":"status-publish","4":"has-post-thumbnail","6":"product_cat-icecekler","7":"product_cat-promosyonlar","8":"product_cat-soguk-icecek","9":"product_cat-tum-urunlerimiz","11":"first","12":"instock","13":"shipping-taxable","14":"purchasable","15":"product-type-simple"},"yoast_head":"<!-- This site is optimized with the Yoast SEO plugin v27.3 - https:\/\/yoast.com\/product\/yoast-seo-wordpress\/ -->\n<title>Sprite Limon-Lime \u2013 24 x 330 ml Paket, D\u00fc\u015f\u00fck Kalorili - hakmarfrance.online<\/title>\n<meta name=\"robots\" content=\"index, follow, max-snippet:-1, max-image-preview:large, max-video-preview:-1\" \/>\n<link rel=\"canonical\" href=\"https:\/\/hakmarfrance.online\/tr\/produit\/sprite-limon-lime-24-x-330-ml-paket-dusuk-kalorili\/\" \/>\n<meta property=\"og:locale\" content=\"tr_TR\" \/>\n<meta property=\"og:type\" content=\"article\" \/>\n<meta property=\"og:title\" content=\"Sprite Limon-Lime \u2013 24 x 330 ml Paket, D\u00fc\u015f\u00fck Kalorili - hakmarfrance.online\" \/>\n<meta property=\"og:description\" content=\"Limon-lime aromal\u0131, d\u00fc\u015f\u00fck kalorili gazl\u0131 i\u00e7ecek; 24 adet 330 ml kutu.\" \/>\n<meta property=\"og:url\" content=\"https:\/\/hakmarfrance.online\/tr\/produit\/sprite-limon-lime-24-x-330-ml-paket-dusuk-kalorili\/\" \/>\n<meta property=\"og:site_name\" content=\"hakmarfrance.online\" \/>\n<meta property=\"article:publisher\" content=\"https:\/\/www.facebook.com\/HakmarFranceSupermarche\/?locale=fr_FR\" \/>\n<meta property=\"og:image\" content=\"https:\/\/hakmarfrance.online\/wp-content\/uploads\/2025\/06\/Pack-24x330ml-Sprite-Lemon-Lime-\u2013-Faible-en-Calories.avif\" \/>\n\t<meta property=\"og:image:width\" content=\"1000\" \/>\n\t<meta property=\"og:image:height\" content=\"800\" \/>\n\t<meta property=\"og:image:type\" content=\"image\/png\" \/>\n<meta name=\"twitter:card\" content=\"summary_large_image\" \/>\n<script type=\"application\/ld+json\" class=\"yoast-schema-graph\">{\"@context\":\"https:\\\/\\\/schema.org\",\"@graph\":[{\"@type\":\"WebPage\",\"@id\":\"https:\\\/\\\/hakmarfrance.online\\\/tr\\\/produit\\\/sprite-limon-lime-24-x-330-ml-paket-dusuk-kalorili\\\/\",\"url\":\"https:\\\/\\\/hakmarfrance.online\\\/tr\\\/produit\\\/sprite-limon-lime-24-x-330-ml-paket-dusuk-kalorili\\\/\",\"name\":\"Sprite Limon-Lime \u2013 24 x 330 ml Paket, D\u00fc\u015f\u00fck Kalorili - hakmarfrance.online\",\"isPartOf\":{\"@id\":\"https:\\\/\\\/hakmarfrance.online\\\/tr\\\/#website\"},\"primaryImageOfPage\":{\"@id\":\"https:\\\/\\\/hakmarfrance.online\\\/tr\\\/produit\\\/sprite-limon-lime-24-x-330-ml-paket-dusuk-kalorili\\\/#primaryimage\"},\"image\":{\"@id\":\"https:\\\/\\\/hakmarfrance.online\\\/tr\\\/produit\\\/sprite-limon-lime-24-x-330-ml-paket-dusuk-kalorili\\\/#primaryimage\"},\"thumbnailUrl\":\"https:\\\/\\\/hakmarfrance.online\\\/wp-content\\\/uploads\\\/2025\\\/06\\\/Pack-24x330ml-Sprite-Lemon-Lime-\u2013-Faible-en-Calories.avif\",\"datePublished\":\"2025-06-11T11:15:41+00:00\",\"breadcrumb\":{\"@id\":\"https:\\\/\\\/hakmarfrance.online\\\/tr\\\/produit\\\/sprite-limon-lime-24-x-330-ml-paket-dusuk-kalorili\\\/#breadcrumb\"},\"inLanguage\":\"tr-TR\",\"potentialAction\":[{\"@type\":\"ReadAction\",\"target\":[\"https:\\\/\\\/hakmarfrance.online\\\/tr\\\/produit\\\/sprite-limon-lime-24-x-330-ml-paket-dusuk-kalorili\\\/\"]}]},{\"@type\":\"ImageObject\",\"inLanguage\":\"tr-TR\",\"@id\":\"https:\\\/\\\/hakmarfrance.online\\\/tr\\\/produit\\\/sprite-limon-lime-24-x-330-ml-paket-dusuk-kalorili\\\/#primaryimage\",\"url\":\"https:\\\/\\\/hakmarfrance.online\\\/wp-content\\\/uploads\\\/2025\\\/06\\\/Pack-24x330ml-Sprite-Lemon-Lime-\u2013-Faible-en-Calories.avif\",\"contentUrl\":\"https:\\\/\\\/hakmarfrance.online\\\/wp-content\\\/uploads\\\/2025\\\/06\\\/Pack-24x330ml-Sprite-Lemon-Lime-\u2013-Faible-en-Calories.avif\",\"width\":1000,\"height\":800},{\"@type\":\"BreadcrumbList\",\"@id\":\"https:\\\/\\\/hakmarfrance.online\\\/tr\\\/produit\\\/sprite-limon-lime-24-x-330-ml-paket-dusuk-kalorili\\\/#breadcrumb\",\"itemListElement\":[{\"@type\":\"ListItem\",\"position\":1,\"name\":\"Accueil\",\"item\":\"https:\\\/\\\/hakmarfrance.online\\\/tr\\\/\"},{\"@type\":\"ListItem\",\"position\":2,\"name\":\"Ma\u011faza\",\"item\":\"https:\\\/\\\/hakmarfrance.online\\\/tr\\\/magaza\\\/\"},{\"@type\":\"ListItem\",\"position\":3,\"name\":\"Sprite Limon-Lime \u2013 24 x 330 ml Paket, D\u00fc\u015f\u00fck Kalorili\"}]},{\"@type\":\"WebSite\",\"@id\":\"https:\\\/\\\/hakmarfrance.online\\\/tr\\\/#website\",\"url\":\"https:\\\/\\\/hakmarfrance.online\\\/tr\\\/\",\"name\":\"hakmarfrance.online\",\"description\":\"\",\"publisher\":{\"@id\":\"https:\\\/\\\/hakmarfrance.online\\\/tr\\\/#organization\"},\"potentialAction\":[{\"@type\":\"SearchAction\",\"target\":{\"@type\":\"EntryPoint\",\"urlTemplate\":\"https:\\\/\\\/hakmarfrance.online\\\/tr\\\/?s={search_term_string}\"},\"query-input\":{\"@type\":\"PropertyValueSpecification\",\"valueRequired\":true,\"valueName\":\"search_term_string\"}}],\"inLanguage\":\"tr-TR\"},{\"@type\":\"Organization\",\"@id\":\"https:\\\/\\\/hakmarfrance.online\\\/tr\\\/#organization\",\"name\":\"hakmarfrance.online\",\"url\":\"https:\\\/\\\/hakmarfrance.online\\\/tr\\\/\",\"logo\":{\"@type\":\"ImageObject\",\"inLanguage\":\"tr-TR\",\"@id\":\"https:\\\/\\\/hakmarfrance.online\\\/tr\\\/#\\\/schema\\\/logo\\\/image\\\/\",\"url\":\"https:\\\/\\\/hakmarfrance.online\\\/wp-content\\\/uploads\\\/2025\\\/06\\\/logo-hakmarfrance.png\",\"contentUrl\":\"https:\\\/\\\/hakmarfrance.online\\\/wp-content\\\/uploads\\\/2025\\\/06\\\/logo-hakmarfrance.png\",\"width\":528,\"height\":232,\"caption\":\"hakmarfrance.online\"},\"image\":{\"@id\":\"https:\\\/\\\/hakmarfrance.online\\\/tr\\\/#\\\/schema\\\/logo\\\/image\\\/\"},\"sameAs\":[\"https:\\\/\\\/www.facebook.com\\\/HakmarFranceSupermarche\\\/?locale=fr_FR\",\"https:\\\/\\\/www.instagram.com\\\/hakmarfrancesupermarche\\\/\"]}]}<\/script>\n<!-- \/ Yoast SEO plugin. -->","yoast_head_json":{"title":"Sprite Limon-Lime \u2013 24 x 330 ml Paket, D\u00fc\u015f\u00fck Kalorili - hakmarfrance.online","robots":{"index":"index","follow":"follow","max-snippet":"max-snippet:-1","max-image-preview":"max-image-preview:large","max-video-preview":"max-video-preview:-1"},"canonical":"https:\/\/hakmarfrance.online\/tr\/produit\/sprite-limon-lime-24-x-330-ml-paket-dusuk-kalorili\/","og_locale":"tr_TR","og_type":"article","og_title":"Sprite Limon-Lime \u2013 24 x 330 ml Paket, D\u00fc\u015f\u00fck Kalorili - hakmarfrance.online","og_description":"Limon-lime aromal\u0131, d\u00fc\u015f\u00fck kalorili gazl\u0131 i\u00e7ecek; 24 adet 330 ml kutu.","og_url":"https:\/\/hakmarfrance.online\/tr\/produit\/sprite-limon-lime-24-x-330-ml-paket-dusuk-kalorili\/","og_site_name":"hakmarfrance.online","article_publisher":"https:\/\/www.facebook.com\/HakmarFranceSupermarche\/?locale=fr_FR","og_image":[{"width":1000,"height":800,"url":"https:\/\/hakmarfrance.online\/wp-content\/uploads\/2025\/06\/Pack-24x330ml-Sprite-Lemon-Lime-\u2013-Faible-en-Calories.avif","type":"image\/png"}],"twitter_card":"summary_large_image","schema":{"@context":"https:\/\/schema.org","@graph":[{"@type":"WebPage","@id":"https:\/\/hakmarfrance.online\/tr\/produit\/sprite-limon-lime-24-x-330-ml-paket-dusuk-kalorili\/","url":"https:\/\/hakmarfrance.online\/tr\/produit\/sprite-limon-lime-24-x-330-ml-paket-dusuk-kalorili\/","name":"Sprite Limon-Lime \u2013 24 x 330 ml Paket, D\u00fc\u015f\u00fck Kalorili - hakmarfrance.online","isPartOf":{"@id":"https:\/\/hakmarfrance.online\/tr\/#website"},"primaryImageOfPage":{"@id":"https:\/\/hakmarfrance.online\/tr\/produit\/sprite-limon-lime-24-x-330-ml-paket-dusuk-kalorili\/#primaryimage"},"image":{"@id":"https:\/\/hakmarfrance.online\/tr\/produit\/sprite-limon-lime-24-x-330-ml-paket-dusuk-kalorili\/#primaryimage"},"thumbnailUrl":"https:\/\/hakmarfrance.online\/wp-content\/uploads\/2025\/06\/Pack-24x330ml-Sprite-Lemon-Lime-\u2013-Faible-en-Calories.avif","datePublished":"2025-06-11T11:15:41+00:00","breadcrumb":{"@id":"https:\/\/hakmarfrance.online\/tr\/produit\/sprite-limon-lime-24-x-330-ml-paket-dusuk-kalorili\/#breadcrumb"},"inLanguage":"tr-TR","potentialAction":[{"@type":"ReadAction","target":["https:\/\/hakmarfrance.online\/tr\/produit\/sprite-limon-lime-24-x-330-ml-paket-dusuk-kalorili\/"]}]},{"@type":"ImageObject","inLanguage":"tr-TR","@id":"https:\/\/hakmarfrance.online\/tr\/produit\/sprite-limon-lime-24-x-330-ml-paket-dusuk-kalorili\/#primaryimage","url":"https:\/\/hakmarfrance.online\/wp-content\/uploads\/2025\/06\/Pack-24x330ml-Sprite-Lemon-Lime-\u2013-Faible-en-Calories.avif","contentUrl":"https:\/\/hakmarfrance.online\/wp-content\/uploads\/2025\/06\/Pack-24x330ml-Sprite-Lemon-Lime-\u2013-Faible-en-Calories.avif","width":1000,"height":800},{"@type":"BreadcrumbList","@id":"https:\/\/hakmarfrance.online\/tr\/produit\/sprite-limon-lime-24-x-330-ml-paket-dusuk-kalorili\/#breadcrumb","itemListElement":[{"@type":"ListItem","position":1,"name":"Accueil","item":"https:\/\/hakmarfrance.online\/tr\/"},{"@type":"ListItem","position":2,"name":"Ma\u011faza","item":"https:\/\/hakmarfrance.online\/tr\/magaza\/"},{"@type":"ListItem","position":3,"name":"Sprite Limon-Lime \u2013 24 x 330 ml Paket, D\u00fc\u015f\u00fck Kalorili"}]},{"@type":"WebSite","@id":"https:\/\/hakmarfrance.online\/tr\/#website","url":"https:\/\/hakmarfrance.online\/tr\/","name":"hakmarfrance.online","description":"","publisher":{"@id":"https:\/\/hakmarfrance.online\/tr\/#organization"},"potentialAction":[{"@type":"SearchAction","target":{"@type":"EntryPoint","urlTemplate":"https:\/\/hakmarfrance.online\/tr\/?s={search_term_string}"},"query-input":{"@type":"PropertyValueSpecification","valueRequired":true,"valueName":"search_term_string"}}],"inLanguage":"tr-TR"},{"@type":"Organization","@id":"https:\/\/hakmarfrance.online\/tr\/#organization","name":"hakmarfrance.online","url":"https:\/\/hakmarfrance.online\/tr\/","logo":{"@type":"ImageObject","inLanguage":"tr-TR","@id":"https:\/\/hakmarfrance.online\/tr\/#\/schema\/logo\/image\/","url":"https:\/\/hakmarfrance.online\/wp-content\/uploads\/2025\/06\/logo-hakmarfrance.png","contentUrl":"https:\/\/hakmarfrance.online\/wp-content\/uploads\/2025\/06\/logo-hakmarfrance.png","width":528,"height":232,"caption":"hakmarfrance.online"},"image":{"@id":"https:\/\/hakmarfrance.online\/tr\/#\/schema\/logo\/image\/"},"sameAs":["https:\/\/www.facebook.com\/HakmarFranceSupermarche\/?locale=fr_FR","https:\/\/www.instagram.com\/hakmarfrancesupermarche\/"]}]}},"_links":{"self":[{"href":"https:\/\/hakmarfrance.online\/tr\/wp-json\/wp\/v2\/product\/18362","targetHints":{"allow":["GET"]}}],"collection":[{"href":"https:\/\/hakmarfrance.online\/tr\/wp-json\/wp\/v2\/product"}],"about":[{"href":"https:\/\/hakmarfrance.online\/tr\/wp-json\/wp\/v2\/types\/product"}],"replies":[{"embeddable":true,"href":"https:\/\/hakmarfrance.online\/tr\/wp-json\/wp\/v2\/comments?post=18362"}],"version-history":[{"count":0,"href":"https:\/\/hakmarfrance.online\/tr\/wp-json\/wp\/v2\/product\/18362\/revisions"}],"wp:featuredmedia":[{"embeddable":true,"href":"https:\/\/hakmarfrance.online\/tr\/wp-json\/wp\/v2\/media\/18363"}],"wp:attachment":[{"href":"https:\/\/hakmarfrance.online\/tr\/wp-json\/wp\/v2\/media?parent=18362"}],"wp:term":[{"taxonomy":"product_brand","embeddable":true,"href":"https:\/\/hakmarfrance.online\/tr\/wp-json\/wp\/v2\/product_brand?post=18362"},{"taxonomy":"product_cat","embeddable":true,"href":"https:\/\/hakmarfrance.online\/tr\/wp-json\/wp\/v2\/product_cat?post=18362"},{"taxonomy":"product_tag","embeddable":true,"href":"https:\/\/hakmarfrance.online\/tr\/wp-json\/wp\/v2\/product_tag?post=18362"}],"curies":[{"name":"wp","href":"https:\/\/api.w.org\/{rel}","templated":true}]}}