{"id":18377,"date":"2024-03-04T12:09:13","date_gmt":"2024-03-04T12:09:13","guid":{"rendered":"https:\/\/hakmarfrance.online\/produit\/gazi-beyaz-peynir-%60-yagli-geleneksel-800g\/"},"modified":"2024-03-04T12:09:13","modified_gmt":"2024-03-04T12:09:13","slug":"gazi-beyaz-peynir-%60-yagli-geleneksel-800g","status":"publish","type":"product","link":"https:\/\/hakmarfrance.online\/tr\/produit\/gazi-beyaz-peynir-%60-yagli-geleneksel-800g\/","title":{"rendered":"GAZ\u0130 Beyaz Peynir %60 Ya\u011fl\u0131 &#8211; Geleneksel &#8211; 800g"},"content":{"rendered":"","protected":false},"excerpt":{"rendered":"<p data-start=\"334\" data-end=\"528\"><strong data-start=\"361\" data-end=\"390\">GAZ\u0130 Beyaz Peynir&#8217;in<\/strong> otantikli\u011finin tad\u0131n\u0131 \u00e7\u0131kar\u0131n, sert ve eriyen dokusu ve zengin lezzetiyle tan\u0131nan, <strong data-start=\"428\" data-end=\"454\">%60 ya\u011f oran\u0131na<\/strong> sahip geleneksel bir koyun peyniri.<\/p>\n<p data-start=\"530\" data-end=\"726\">\u2714\ufe0f T\u00fcrk tipi beyaz peynir<br data-start=\"560\" data-end=\"563\">\u2714\ufe0f %60 ya\u011f oran\u0131 &#8211; yo\u011fun ve kremsi tat<br data-start=\"614\" data-end=\"617\">\u2714\ufe0f Salatalar, b\u00f6rekler, kahvalt\u0131lar veya s\u00fcrmelik i\u00e7in ideal<br data-start=\"678\" data-end=\"681\">\u2714\ufe0f Metal kutuda c\u00f6mert boyut &#8211; 800g<\/p>\n<p data-start=\"728\" data-end=\"832\"><strong data-start=\"799\" data-end=\"832\">Kalite, gelenek ve lezzeti<\/strong> bir araya getiren, Akdeniz ve Do\u011fu sofralar\u0131n\u0131n vazge\u00e7ilmezi.<\/p>\n","protected":false},"featured_media":18368,"comment_status":"open","ping_status":"closed","template":"","meta":{"iawp_total_views":0},"product_brand":[174],"product_cat":[286,283,227,285,287,225],"product_tag":[],"class_list":{"0":"post-18377","1":"product","2":"type-product","3":"status-publish","4":"has-post-thumbnail","6":"product_brand-gazi","7":"product_cat-dogu-marketi","8":"product_cat-et-balik-sarkuteri","9":"product_cat-geleneksel-turk-urunleri","10":"product_cat-sarkuteri-urunleri-sucuk-pastirma","11":"product_cat-taze-urunler-sut-urunleri-mandira","12":"product_cat-tum-urunlerimiz","14":"first","15":"instock","16":"shipping-taxable","17":"purchasable","18":"product-type-simple"},"yoast_head":"<!-- This site is optimized with the Yoast SEO plugin v27.3 - https:\/\/yoast.com\/product\/yoast-seo-wordpress\/ -->\n<title>GAZ\u0130 Beyaz Peynir %60 Ya\u011fl\u0131 - Geleneksel - 800g - hakmarfrance.online<\/title>\n<meta name=\"robots\" content=\"index, follow, max-snippet:-1, max-image-preview:large, max-video-preview:-1\" \/>\n<link rel=\"canonical\" href=\"https:\/\/hakmarfrance.online\/tr\/produit\/gazi-beyaz-peynir-%60-yagli-geleneksel-800g\/\" \/>\n<meta property=\"og:locale\" content=\"tr_TR\" \/>\n<meta property=\"og:type\" content=\"article\" \/>\n<meta property=\"og:title\" content=\"GAZ\u0130 Beyaz Peynir %60 Ya\u011fl\u0131 - Geleneksel - 800g - hakmarfrance.online\" \/>\n<meta property=\"og:description\" content=\"GAZ\u0130 Beyaz Peynir&#039;in otantikli\u011finin tad\u0131n\u0131 \u00e7\u0131kar\u0131n, sert ve eriyen dokusu ve zengin lezzetiyle tan\u0131nan, %60 ya\u011f oran\u0131na sahip geleneksel bir koyun peyniri. \u2714\ufe0f T\u00fcrk tipi beyaz peynir\u2714\ufe0f %60 ya\u011f oran\u0131 - yo\u011fun ve kremsi tat\u2714\ufe0f Salatalar, b\u00f6rekler, kahvalt\u0131lar veya s\u00fcrmelik i\u00e7in ideal\u2714\ufe0f Metal kutuda c\u00f6mert boyut - 800g Kalite, gelenek ve lezzeti bir araya getiren, Akdeniz ve Do\u011fu sofralar\u0131n\u0131n vazge\u00e7ilmezi.\" \/>\n<meta property=\"og:url\" content=\"https:\/\/hakmarfrance.online\/tr\/produit\/gazi-beyaz-peynir-%60-yagli-geleneksel-800g\/\" \/>\n<meta property=\"og:site_name\" content=\"hakmarfrance.online\" \/>\n<meta property=\"article:publisher\" content=\"https:\/\/www.facebook.com\/HakmarFranceSupermarche\/?locale=fr_FR\" \/>\n<meta property=\"og:image\" content=\"https:\/\/hakmarfrance.online\/wp-content\/uploads\/2024\/03\/fromage-beyaz-peynir-gazi-60pourcent-800g.png\" \/>\n\t<meta property=\"og:image:width\" content=\"1000\" \/>\n\t<meta property=\"og:image:height\" content=\"800\" \/>\n\t<meta property=\"og:image:type\" content=\"image\/png\" \/>\n<meta name=\"twitter:card\" content=\"summary_large_image\" \/>\n<script type=\"application\/ld+json\" class=\"yoast-schema-graph\">{\"@context\":\"https:\\\/\\\/schema.org\",\"@graph\":[{\"@type\":\"WebPage\",\"@id\":\"https:\\\/\\\/hakmarfrance.online\\\/tr\\\/produit\\\/gazi-beyaz-peynir-%60-yagli-geleneksel-800g\\\/\",\"url\":\"https:\\\/\\\/hakmarfrance.online\\\/tr\\\/produit\\\/gazi-beyaz-peynir-%60-yagli-geleneksel-800g\\\/\",\"name\":\"GAZ\u0130 Beyaz Peynir %60 Ya\u011fl\u0131 - Geleneksel - 800g - hakmarfrance.online\",\"isPartOf\":{\"@id\":\"https:\\\/\\\/hakmarfrance.online\\\/tr\\\/#website\"},\"primaryImageOfPage\":{\"@id\":\"https:\\\/\\\/hakmarfrance.online\\\/tr\\\/produit\\\/gazi-beyaz-peynir-%60-yagli-geleneksel-800g\\\/#primaryimage\"},\"image\":{\"@id\":\"https:\\\/\\\/hakmarfrance.online\\\/tr\\\/produit\\\/gazi-beyaz-peynir-%60-yagli-geleneksel-800g\\\/#primaryimage\"},\"thumbnailUrl\":\"https:\\\/\\\/hakmarfrance.online\\\/wp-content\\\/uploads\\\/2024\\\/03\\\/fromage-beyaz-peynir-gazi-60pourcent-800g.png\",\"datePublished\":\"2024-03-04T12:09:13+00:00\",\"breadcrumb\":{\"@id\":\"https:\\\/\\\/hakmarfrance.online\\\/tr\\\/produit\\\/gazi-beyaz-peynir-%60-yagli-geleneksel-800g\\\/#breadcrumb\"},\"inLanguage\":\"tr-TR\",\"potentialAction\":[{\"@type\":\"ReadAction\",\"target\":[\"https:\\\/\\\/hakmarfrance.online\\\/tr\\\/produit\\\/gazi-beyaz-peynir-%60-yagli-geleneksel-800g\\\/\"]}]},{\"@type\":\"ImageObject\",\"inLanguage\":\"tr-TR\",\"@id\":\"https:\\\/\\\/hakmarfrance.online\\\/tr\\\/produit\\\/gazi-beyaz-peynir-%60-yagli-geleneksel-800g\\\/#primaryimage\",\"url\":\"https:\\\/\\\/hakmarfrance.online\\\/wp-content\\\/uploads\\\/2024\\\/03\\\/fromage-beyaz-peynir-gazi-60pourcent-800g.png\",\"contentUrl\":\"https:\\\/\\\/hakmarfrance.online\\\/wp-content\\\/uploads\\\/2024\\\/03\\\/fromage-beyaz-peynir-gazi-60pourcent-800g.png\",\"width\":1000,\"height\":800},{\"@type\":\"BreadcrumbList\",\"@id\":\"https:\\\/\\\/hakmarfrance.online\\\/tr\\\/produit\\\/gazi-beyaz-peynir-%60-yagli-geleneksel-800g\\\/#breadcrumb\",\"itemListElement\":[{\"@type\":\"ListItem\",\"position\":1,\"name\":\"Accueil\",\"item\":\"https:\\\/\\\/hakmarfrance.online\\\/tr\\\/\"},{\"@type\":\"ListItem\",\"position\":2,\"name\":\"Ma\u011faza\",\"item\":\"https:\\\/\\\/hakmarfrance.online\\\/tr\\\/magaza\\\/\"},{\"@type\":\"ListItem\",\"position\":3,\"name\":\"GAZ\u0130 Beyaz Peynir %60 Ya\u011fl\u0131 &#8211; Geleneksel &#8211; 800g\"}]},{\"@type\":\"WebSite\",\"@id\":\"https:\\\/\\\/hakmarfrance.online\\\/tr\\\/#website\",\"url\":\"https:\\\/\\\/hakmarfrance.online\\\/tr\\\/\",\"name\":\"hakmarfrance.online\",\"description\":\"\",\"publisher\":{\"@id\":\"https:\\\/\\\/hakmarfrance.online\\\/tr\\\/#organization\"},\"potentialAction\":[{\"@type\":\"SearchAction\",\"target\":{\"@type\":\"EntryPoint\",\"urlTemplate\":\"https:\\\/\\\/hakmarfrance.online\\\/tr\\\/?s={search_term_string}\"},\"query-input\":{\"@type\":\"PropertyValueSpecification\",\"valueRequired\":true,\"valueName\":\"search_term_string\"}}],\"inLanguage\":\"tr-TR\"},{\"@type\":\"Organization\",\"@id\":\"https:\\\/\\\/hakmarfrance.online\\\/tr\\\/#organization\",\"name\":\"hakmarfrance.online\",\"url\":\"https:\\\/\\\/hakmarfrance.online\\\/tr\\\/\",\"logo\":{\"@type\":\"ImageObject\",\"inLanguage\":\"tr-TR\",\"@id\":\"https:\\\/\\\/hakmarfrance.online\\\/tr\\\/#\\\/schema\\\/logo\\\/image\\\/\",\"url\":\"https:\\\/\\\/hakmarfrance.online\\\/wp-content\\\/uploads\\\/2025\\\/06\\\/logo-hakmarfrance.png\",\"contentUrl\":\"https:\\\/\\\/hakmarfrance.online\\\/wp-content\\\/uploads\\\/2025\\\/06\\\/logo-hakmarfrance.png\",\"width\":528,\"height\":232,\"caption\":\"hakmarfrance.online\"},\"image\":{\"@id\":\"https:\\\/\\\/hakmarfrance.online\\\/tr\\\/#\\\/schema\\\/logo\\\/image\\\/\"},\"sameAs\":[\"https:\\\/\\\/www.facebook.com\\\/HakmarFranceSupermarche\\\/?locale=fr_FR\",\"https:\\\/\\\/www.instagram.com\\\/hakmarfrancesupermarche\\\/\"]}]}<\/script>\n<!-- \/ Yoast SEO plugin. -->","yoast_head_json":{"title":"GAZ\u0130 Beyaz Peynir %60 Ya\u011fl\u0131 - Geleneksel - 800g - hakmarfrance.online","robots":{"index":"index","follow":"follow","max-snippet":"max-snippet:-1","max-image-preview":"max-image-preview:large","max-video-preview":"max-video-preview:-1"},"canonical":"https:\/\/hakmarfrance.online\/tr\/produit\/gazi-beyaz-peynir-%60-yagli-geleneksel-800g\/","og_locale":"tr_TR","og_type":"article","og_title":"GAZ\u0130 Beyaz Peynir %60 Ya\u011fl\u0131 - Geleneksel - 800g - hakmarfrance.online","og_description":"GAZ\u0130 Beyaz Peynir'in otantikli\u011finin tad\u0131n\u0131 \u00e7\u0131kar\u0131n, sert ve eriyen dokusu ve zengin lezzetiyle tan\u0131nan, %60 ya\u011f oran\u0131na sahip geleneksel bir koyun peyniri. \u2714\ufe0f T\u00fcrk tipi beyaz peynir\u2714\ufe0f %60 ya\u011f oran\u0131 - yo\u011fun ve kremsi tat\u2714\ufe0f Salatalar, b\u00f6rekler, kahvalt\u0131lar veya s\u00fcrmelik i\u00e7in ideal\u2714\ufe0f Metal kutuda c\u00f6mert boyut - 800g Kalite, gelenek ve lezzeti bir araya getiren, Akdeniz ve Do\u011fu sofralar\u0131n\u0131n vazge\u00e7ilmezi.","og_url":"https:\/\/hakmarfrance.online\/tr\/produit\/gazi-beyaz-peynir-%60-yagli-geleneksel-800g\/","og_site_name":"hakmarfrance.online","article_publisher":"https:\/\/www.facebook.com\/HakmarFranceSupermarche\/?locale=fr_FR","og_image":[{"width":1000,"height":800,"url":"https:\/\/hakmarfrance.online\/wp-content\/uploads\/2024\/03\/fromage-beyaz-peynir-gazi-60pourcent-800g.png","type":"image\/png"}],"twitter_card":"summary_large_image","schema":{"@context":"https:\/\/schema.org","@graph":[{"@type":"WebPage","@id":"https:\/\/hakmarfrance.online\/tr\/produit\/gazi-beyaz-peynir-%60-yagli-geleneksel-800g\/","url":"https:\/\/hakmarfrance.online\/tr\/produit\/gazi-beyaz-peynir-%60-yagli-geleneksel-800g\/","name":"GAZ\u0130 Beyaz Peynir %60 Ya\u011fl\u0131 - Geleneksel - 800g - hakmarfrance.online","isPartOf":{"@id":"https:\/\/hakmarfrance.online\/tr\/#website"},"primaryImageOfPage":{"@id":"https:\/\/hakmarfrance.online\/tr\/produit\/gazi-beyaz-peynir-%60-yagli-geleneksel-800g\/#primaryimage"},"image":{"@id":"https:\/\/hakmarfrance.online\/tr\/produit\/gazi-beyaz-peynir-%60-yagli-geleneksel-800g\/#primaryimage"},"thumbnailUrl":"https:\/\/hakmarfrance.online\/wp-content\/uploads\/2024\/03\/fromage-beyaz-peynir-gazi-60pourcent-800g.png","datePublished":"2024-03-04T12:09:13+00:00","breadcrumb":{"@id":"https:\/\/hakmarfrance.online\/tr\/produit\/gazi-beyaz-peynir-%60-yagli-geleneksel-800g\/#breadcrumb"},"inLanguage":"tr-TR","potentialAction":[{"@type":"ReadAction","target":["https:\/\/hakmarfrance.online\/tr\/produit\/gazi-beyaz-peynir-%60-yagli-geleneksel-800g\/"]}]},{"@type":"ImageObject","inLanguage":"tr-TR","@id":"https:\/\/hakmarfrance.online\/tr\/produit\/gazi-beyaz-peynir-%60-yagli-geleneksel-800g\/#primaryimage","url":"https:\/\/hakmarfrance.online\/wp-content\/uploads\/2024\/03\/fromage-beyaz-peynir-gazi-60pourcent-800g.png","contentUrl":"https:\/\/hakmarfrance.online\/wp-content\/uploads\/2024\/03\/fromage-beyaz-peynir-gazi-60pourcent-800g.png","width":1000,"height":800},{"@type":"BreadcrumbList","@id":"https:\/\/hakmarfrance.online\/tr\/produit\/gazi-beyaz-peynir-%60-yagli-geleneksel-800g\/#breadcrumb","itemListElement":[{"@type":"ListItem","position":1,"name":"Accueil","item":"https:\/\/hakmarfrance.online\/tr\/"},{"@type":"ListItem","position":2,"name":"Ma\u011faza","item":"https:\/\/hakmarfrance.online\/tr\/magaza\/"},{"@type":"ListItem","position":3,"name":"GAZ\u0130 Beyaz Peynir %60 Ya\u011fl\u0131 &#8211; Geleneksel &#8211; 800g"}]},{"@type":"WebSite","@id":"https:\/\/hakmarfrance.online\/tr\/#website","url":"https:\/\/hakmarfrance.online\/tr\/","name":"hakmarfrance.online","description":"","publisher":{"@id":"https:\/\/hakmarfrance.online\/tr\/#organization"},"potentialAction":[{"@type":"SearchAction","target":{"@type":"EntryPoint","urlTemplate":"https:\/\/hakmarfrance.online\/tr\/?s={search_term_string}"},"query-input":{"@type":"PropertyValueSpecification","valueRequired":true,"valueName":"search_term_string"}}],"inLanguage":"tr-TR"},{"@type":"Organization","@id":"https:\/\/hakmarfrance.online\/tr\/#organization","name":"hakmarfrance.online","url":"https:\/\/hakmarfrance.online\/tr\/","logo":{"@type":"ImageObject","inLanguage":"tr-TR","@id":"https:\/\/hakmarfrance.online\/tr\/#\/schema\/logo\/image\/","url":"https:\/\/hakmarfrance.online\/wp-content\/uploads\/2025\/06\/logo-hakmarfrance.png","contentUrl":"https:\/\/hakmarfrance.online\/wp-content\/uploads\/2025\/06\/logo-hakmarfrance.png","width":528,"height":232,"caption":"hakmarfrance.online"},"image":{"@id":"https:\/\/hakmarfrance.online\/tr\/#\/schema\/logo\/image\/"},"sameAs":["https:\/\/www.facebook.com\/HakmarFranceSupermarche\/?locale=fr_FR","https:\/\/www.instagram.com\/hakmarfrancesupermarche\/"]}]}},"_links":{"self":[{"href":"https:\/\/hakmarfrance.online\/tr\/wp-json\/wp\/v2\/product\/18377","targetHints":{"allow":["GET"]}}],"collection":[{"href":"https:\/\/hakmarfrance.online\/tr\/wp-json\/wp\/v2\/product"}],"about":[{"href":"https:\/\/hakmarfrance.online\/tr\/wp-json\/wp\/v2\/types\/product"}],"replies":[{"embeddable":true,"href":"https:\/\/hakmarfrance.online\/tr\/wp-json\/wp\/v2\/comments?post=18377"}],"version-history":[{"count":0,"href":"https:\/\/hakmarfrance.online\/tr\/wp-json\/wp\/v2\/product\/18377\/revisions"}],"wp:featuredmedia":[{"embeddable":true,"href":"https:\/\/hakmarfrance.online\/tr\/wp-json\/wp\/v2\/media\/18368"}],"wp:attachment":[{"href":"https:\/\/hakmarfrance.online\/tr\/wp-json\/wp\/v2\/media?parent=18377"}],"wp:term":[{"taxonomy":"product_brand","embeddable":true,"href":"https:\/\/hakmarfrance.online\/tr\/wp-json\/wp\/v2\/product_brand?post=18377"},{"taxonomy":"product_cat","embeddable":true,"href":"https:\/\/hakmarfrance.online\/tr\/wp-json\/wp\/v2\/product_cat?post=18377"},{"taxonomy":"product_tag","embeddable":true,"href":"https:\/\/hakmarfrance.online\/tr\/wp-json\/wp\/v2\/product_tag?post=18377"}],"curies":[{"name":"wp","href":"https:\/\/api.w.org\/{rel}","templated":true}]}}