{"id":18378,"date":"2025-05-26T08:42:52","date_gmt":"2025-05-26T08:42:52","guid":{"rendered":"https:\/\/hakmarfrance.online\/produit\/anadolu-cay-geleneksel-turk-dokme-siyah-cay-1-kg\/"},"modified":"2025-05-26T08:42:52","modified_gmt":"2025-05-26T08:42:52","slug":"anadolu-cay-geleneksel-turk-dokme-siyah-cay-1-kg","status":"publish","type":"product","link":"https:\/\/hakmarfrance.online\/tr\/produit\/anadolu-cay-geleneksel-turk-dokme-siyah-cay-1-kg\/","title":{"rendered":"Anadolu \u00c7ay \u2013 Geleneksel T\u00fcrk d\u00f6kme siyah \u00e7ay \u2013 1 kg"},"content":{"rendered":"<p>Nesiller boyu sevilen geleneksel bir \u00e7ay olan <strong data-start=\"418\" data-end=\"447\">Anadolu \u00c7ay T\u00fcrk siyah \u00e7ay\u0131<\/strong>&#8216;n\u0131n ger\u00e7ek tad\u0131n\u0131 ke\u015ffet. <g id=\"gid_1\">1 kg<\/g>&#8216;l\u0131k paketinde sunulan bu do\u011fal \u00e7ay, yo\u011fun tad\u0131 ve kehribar rengiyle me\u015fhur T\u00fcrk \u00e7ay\u0131n\u0131 demlemek i\u00e7in ideal. Zengin aromas\u0131 ve rafine karakteri, onu dinlenme anlar\u0131na ya da samimi sofralara e\u015flik etmek i\u00e7in vazge\u00e7ilmez bir tercih yapar.  <\/p>\n","protected":false},"excerpt":{"rendered":"<ul>\n<li data-start=\"784\" data-end=\"907\">\n<p data-start=\"786\" data-end=\"907\"><strong data-start=\"822\" data-end=\"851\">Anadolu \u00c7ay T\u00fcrk siyah \u00e7ay\u0131<\/strong>, 1 kg paket. Zengin, yo\u011fun ve geleneksel lezzet. <\/p>\n<\/li>\n<li data-start=\"909\" data-end=\"1156\">\n<p data-start=\"911\" data-end=\"950\">\ud83d\udccb <strong data-start=\"914\" data-end=\"946\">Temel \u00d6zellikler<\/strong>:<\/p>\n<ul data-start=\"953\" data-end=\"1156\">\n<li data-start=\"953\" data-end=\"978\">\n<p data-start=\"955\" data-end=\"978\">D\u00f6kme T\u00fcrk siyah \u00e7ay\u0131<\/p>\n<\/li>\n<li data-start=\"981\" data-end=\"1005\">\n<p data-start=\"983\" data-end=\"1005\">Marka: Anadolu \u00c7ay<\/p>\n<\/li>\n<li data-start=\"1008\" data-end=\"1028\">\n<p data-start=\"1010\" data-end=\"1028\">Net a\u011f\u0131rl\u0131k: 1 kg<\/p>\n<\/li>\n<li data-start=\"1031\" data-end=\"1058\">\n<p data-start=\"1033\" data-end=\"1058\">Yo\u011fun ve aromatik tat<\/p>\n<\/li>\n<li data-start=\"1061\" data-end=\"1136\">\n<p data-start=\"1063\" data-end=\"1136\">Geleneksel demlikte (\u00e7aydanl\u0131k) demlemek i\u00e7in ideal<\/p>\n<\/li>\n<li data-start=\"1139\" data-end=\"1156\">\n<p data-start=\"1141\" data-end=\"1156\">Katk\u0131 maddesi i\u00e7ermez<\/p>\n<\/li>\n<\/ul>\n<\/li>\n<\/ul>\n","protected":false},"featured_media":18379,"comment_status":"open","ping_status":"closed","template":"","meta":{"iawp_total_views":0},"product_brand":[],"product_cat":[228,225,295],"product_tag":[],"class_list":{"0":"post-18378","1":"product","2":"type-product","3":"status-publish","4":"has-post-thumbnail","6":"product_cat-icecekler","7":"product_cat-tum-urunlerimiz","8":"product_cat-turk-cayi-bitki-caylari","10":"first","11":"instock","12":"shipping-taxable","13":"purchasable","14":"product-type-simple"},"yoast_head":"<!-- This site is optimized with the Yoast SEO plugin v27.4 - https:\/\/yoast.com\/product\/yoast-seo-wordpress\/ -->\n<title>Anadolu \u00c7ay \u2013 Geleneksel T\u00fcrk d\u00f6kme siyah \u00e7ay \u2013 1 kg - hakmarfrance.online<\/title>\n<meta name=\"robots\" content=\"index, follow, max-snippet:-1, max-image-preview:large, max-video-preview:-1\" \/>\n<link rel=\"canonical\" href=\"https:\/\/hakmarfrance.online\/tr\/produit\/anadolu-cay-geleneksel-turk-dokme-siyah-cay-1-kg\/\" \/>\n<meta property=\"og:locale\" content=\"tr_TR\" \/>\n<meta property=\"og:type\" content=\"article\" \/>\n<meta property=\"og:title\" content=\"Anadolu \u00c7ay \u2013 Geleneksel T\u00fcrk d\u00f6kme siyah \u00e7ay \u2013 1 kg - hakmarfrance.online\" \/>\n<meta property=\"og:description\" content=\"Anadolu \u00c7ay T\u00fcrk siyah \u00e7ay\u0131, 1 kg paket. Zengin, yo\u011fun ve geleneksel lezzet.   \ud83d\udccb Temel \u00d6zellikler:   D\u00f6kme T\u00fcrk siyah \u00e7ay\u0131   Marka: Anadolu \u00c7ay   Net a\u011f\u0131rl\u0131k: 1 kg   Yo\u011fun ve aromatik tat   Geleneksel demlikte (\u00e7aydanl\u0131k) demlemek i\u00e7in ideal   Katk\u0131 maddesi i\u00e7ermez\" \/>\n<meta property=\"og:url\" content=\"https:\/\/hakmarfrance.online\/tr\/produit\/anadolu-cay-geleneksel-turk-dokme-siyah-cay-1-kg\/\" \/>\n<meta property=\"og:site_name\" content=\"hakmarfrance.online\" \/>\n<meta property=\"article:publisher\" content=\"https:\/\/www.facebook.com\/HakmarFranceSupermarche\/?locale=fr_FR\" \/>\n<meta property=\"og:image\" content=\"https:\/\/hakmarfrance.online\/wp-content\/uploads\/2025\/05\/anadolu_cay_1kg.jpg\" \/>\n\t<meta property=\"og:image:width\" content=\"1000\" \/>\n\t<meta property=\"og:image:height\" content=\"1000\" \/>\n\t<meta property=\"og:image:type\" content=\"image\/jpeg\" \/>\n<meta name=\"twitter:card\" content=\"summary_large_image\" \/>\n<script type=\"application\/ld+json\" class=\"yoast-schema-graph\">{\"@context\":\"https:\\\/\\\/schema.org\",\"@graph\":[{\"@type\":\"WebPage\",\"@id\":\"https:\\\/\\\/hakmarfrance.online\\\/tr\\\/produit\\\/anadolu-cay-geleneksel-turk-dokme-siyah-cay-1-kg\\\/\",\"url\":\"https:\\\/\\\/hakmarfrance.online\\\/tr\\\/produit\\\/anadolu-cay-geleneksel-turk-dokme-siyah-cay-1-kg\\\/\",\"name\":\"Anadolu \u00c7ay \u2013 Geleneksel T\u00fcrk d\u00f6kme siyah \u00e7ay \u2013 1 kg - hakmarfrance.online\",\"isPartOf\":{\"@id\":\"https:\\\/\\\/hakmarfrance.online\\\/tr\\\/#website\"},\"primaryImageOfPage\":{\"@id\":\"https:\\\/\\\/hakmarfrance.online\\\/tr\\\/produit\\\/anadolu-cay-geleneksel-turk-dokme-siyah-cay-1-kg\\\/#primaryimage\"},\"image\":{\"@id\":\"https:\\\/\\\/hakmarfrance.online\\\/tr\\\/produit\\\/anadolu-cay-geleneksel-turk-dokme-siyah-cay-1-kg\\\/#primaryimage\"},\"thumbnailUrl\":\"https:\\\/\\\/hakmarfrance.online\\\/wp-content\\\/uploads\\\/2025\\\/05\\\/anadolu_cay_1kg.jpg\",\"datePublished\":\"2025-05-26T08:42:52+00:00\",\"breadcrumb\":{\"@id\":\"https:\\\/\\\/hakmarfrance.online\\\/tr\\\/produit\\\/anadolu-cay-geleneksel-turk-dokme-siyah-cay-1-kg\\\/#breadcrumb\"},\"inLanguage\":\"tr-TR\",\"potentialAction\":[{\"@type\":\"ReadAction\",\"target\":[\"https:\\\/\\\/hakmarfrance.online\\\/tr\\\/produit\\\/anadolu-cay-geleneksel-turk-dokme-siyah-cay-1-kg\\\/\"]}]},{\"@type\":\"ImageObject\",\"inLanguage\":\"tr-TR\",\"@id\":\"https:\\\/\\\/hakmarfrance.online\\\/tr\\\/produit\\\/anadolu-cay-geleneksel-turk-dokme-siyah-cay-1-kg\\\/#primaryimage\",\"url\":\"https:\\\/\\\/hakmarfrance.online\\\/wp-content\\\/uploads\\\/2025\\\/05\\\/anadolu_cay_1kg.jpg\",\"contentUrl\":\"https:\\\/\\\/hakmarfrance.online\\\/wp-content\\\/uploads\\\/2025\\\/05\\\/anadolu_cay_1kg.jpg\",\"width\":1000,\"height\":1000,\"caption\":\"Anadolu \u00c7ay T\u00fcrk siyah \u00e7ay\u0131 \u2013 1 kg paket\"},{\"@type\":\"BreadcrumbList\",\"@id\":\"https:\\\/\\\/hakmarfrance.online\\\/tr\\\/produit\\\/anadolu-cay-geleneksel-turk-dokme-siyah-cay-1-kg\\\/#breadcrumb\",\"itemListElement\":[{\"@type\":\"ListItem\",\"position\":1,\"name\":\"Accueil\",\"item\":\"https:\\\/\\\/hakmarfrance.online\\\/tr\\\/\"},{\"@type\":\"ListItem\",\"position\":2,\"name\":\"Ma\u011faza\",\"item\":\"https:\\\/\\\/hakmarfrance.online\\\/tr\\\/magaza\\\/\"},{\"@type\":\"ListItem\",\"position\":3,\"name\":\"Anadolu \u00c7ay \u2013 Geleneksel T\u00fcrk d\u00f6kme siyah \u00e7ay \u2013 1 kg\"}]},{\"@type\":\"WebSite\",\"@id\":\"https:\\\/\\\/hakmarfrance.online\\\/tr\\\/#website\",\"url\":\"https:\\\/\\\/hakmarfrance.online\\\/tr\\\/\",\"name\":\"hakmarfrance.online\",\"description\":\"\",\"publisher\":{\"@id\":\"https:\\\/\\\/hakmarfrance.online\\\/tr\\\/#organization\"},\"potentialAction\":[{\"@type\":\"SearchAction\",\"target\":{\"@type\":\"EntryPoint\",\"urlTemplate\":\"https:\\\/\\\/hakmarfrance.online\\\/tr\\\/?s={search_term_string}\"},\"query-input\":{\"@type\":\"PropertyValueSpecification\",\"valueRequired\":true,\"valueName\":\"search_term_string\"}}],\"inLanguage\":\"tr-TR\"},{\"@type\":\"Organization\",\"@id\":\"https:\\\/\\\/hakmarfrance.online\\\/tr\\\/#organization\",\"name\":\"hakmarfrance.online\",\"url\":\"https:\\\/\\\/hakmarfrance.online\\\/tr\\\/\",\"logo\":{\"@type\":\"ImageObject\",\"inLanguage\":\"tr-TR\",\"@id\":\"https:\\\/\\\/hakmarfrance.online\\\/tr\\\/#\\\/schema\\\/logo\\\/image\\\/\",\"url\":\"https:\\\/\\\/hakmarfrance.online\\\/wp-content\\\/uploads\\\/2025\\\/06\\\/logo-hakmarfrance.png\",\"contentUrl\":\"https:\\\/\\\/hakmarfrance.online\\\/wp-content\\\/uploads\\\/2025\\\/06\\\/logo-hakmarfrance.png\",\"width\":528,\"height\":232,\"caption\":\"hakmarfrance.online\"},\"image\":{\"@id\":\"https:\\\/\\\/hakmarfrance.online\\\/tr\\\/#\\\/schema\\\/logo\\\/image\\\/\"},\"sameAs\":[\"https:\\\/\\\/www.facebook.com\\\/HakmarFranceSupermarche\\\/?locale=fr_FR\",\"https:\\\/\\\/www.instagram.com\\\/hakmarfrancesupermarche\\\/\"]}]}<\/script>\n<!-- \/ Yoast SEO plugin. -->","yoast_head_json":{"title":"Anadolu \u00c7ay \u2013 Geleneksel T\u00fcrk d\u00f6kme siyah \u00e7ay \u2013 1 kg - hakmarfrance.online","robots":{"index":"index","follow":"follow","max-snippet":"max-snippet:-1","max-image-preview":"max-image-preview:large","max-video-preview":"max-video-preview:-1"},"canonical":"https:\/\/hakmarfrance.online\/tr\/produit\/anadolu-cay-geleneksel-turk-dokme-siyah-cay-1-kg\/","og_locale":"tr_TR","og_type":"article","og_title":"Anadolu \u00c7ay \u2013 Geleneksel T\u00fcrk d\u00f6kme siyah \u00e7ay \u2013 1 kg - hakmarfrance.online","og_description":"Anadolu \u00c7ay T\u00fcrk siyah \u00e7ay\u0131, 1 kg paket. Zengin, yo\u011fun ve geleneksel lezzet.   \ud83d\udccb Temel \u00d6zellikler:   D\u00f6kme T\u00fcrk siyah \u00e7ay\u0131   Marka: Anadolu \u00c7ay   Net a\u011f\u0131rl\u0131k: 1 kg   Yo\u011fun ve aromatik tat   Geleneksel demlikte (\u00e7aydanl\u0131k) demlemek i\u00e7in ideal   Katk\u0131 maddesi i\u00e7ermez","og_url":"https:\/\/hakmarfrance.online\/tr\/produit\/anadolu-cay-geleneksel-turk-dokme-siyah-cay-1-kg\/","og_site_name":"hakmarfrance.online","article_publisher":"https:\/\/www.facebook.com\/HakmarFranceSupermarche\/?locale=fr_FR","og_image":[{"width":1000,"height":1000,"url":"https:\/\/hakmarfrance.online\/wp-content\/uploads\/2025\/05\/anadolu_cay_1kg.jpg","type":"image\/jpeg"}],"twitter_card":"summary_large_image","schema":{"@context":"https:\/\/schema.org","@graph":[{"@type":"WebPage","@id":"https:\/\/hakmarfrance.online\/tr\/produit\/anadolu-cay-geleneksel-turk-dokme-siyah-cay-1-kg\/","url":"https:\/\/hakmarfrance.online\/tr\/produit\/anadolu-cay-geleneksel-turk-dokme-siyah-cay-1-kg\/","name":"Anadolu \u00c7ay \u2013 Geleneksel T\u00fcrk d\u00f6kme siyah \u00e7ay \u2013 1 kg - hakmarfrance.online","isPartOf":{"@id":"https:\/\/hakmarfrance.online\/tr\/#website"},"primaryImageOfPage":{"@id":"https:\/\/hakmarfrance.online\/tr\/produit\/anadolu-cay-geleneksel-turk-dokme-siyah-cay-1-kg\/#primaryimage"},"image":{"@id":"https:\/\/hakmarfrance.online\/tr\/produit\/anadolu-cay-geleneksel-turk-dokme-siyah-cay-1-kg\/#primaryimage"},"thumbnailUrl":"https:\/\/hakmarfrance.online\/wp-content\/uploads\/2025\/05\/anadolu_cay_1kg.jpg","datePublished":"2025-05-26T08:42:52+00:00","breadcrumb":{"@id":"https:\/\/hakmarfrance.online\/tr\/produit\/anadolu-cay-geleneksel-turk-dokme-siyah-cay-1-kg\/#breadcrumb"},"inLanguage":"tr-TR","potentialAction":[{"@type":"ReadAction","target":["https:\/\/hakmarfrance.online\/tr\/produit\/anadolu-cay-geleneksel-turk-dokme-siyah-cay-1-kg\/"]}]},{"@type":"ImageObject","inLanguage":"tr-TR","@id":"https:\/\/hakmarfrance.online\/tr\/produit\/anadolu-cay-geleneksel-turk-dokme-siyah-cay-1-kg\/#primaryimage","url":"https:\/\/hakmarfrance.online\/wp-content\/uploads\/2025\/05\/anadolu_cay_1kg.jpg","contentUrl":"https:\/\/hakmarfrance.online\/wp-content\/uploads\/2025\/05\/anadolu_cay_1kg.jpg","width":1000,"height":1000,"caption":"Anadolu \u00c7ay T\u00fcrk siyah \u00e7ay\u0131 \u2013 1 kg paket"},{"@type":"BreadcrumbList","@id":"https:\/\/hakmarfrance.online\/tr\/produit\/anadolu-cay-geleneksel-turk-dokme-siyah-cay-1-kg\/#breadcrumb","itemListElement":[{"@type":"ListItem","position":1,"name":"Accueil","item":"https:\/\/hakmarfrance.online\/tr\/"},{"@type":"ListItem","position":2,"name":"Ma\u011faza","item":"https:\/\/hakmarfrance.online\/tr\/magaza\/"},{"@type":"ListItem","position":3,"name":"Anadolu \u00c7ay \u2013 Geleneksel T\u00fcrk d\u00f6kme siyah \u00e7ay \u2013 1 kg"}]},{"@type":"WebSite","@id":"https:\/\/hakmarfrance.online\/tr\/#website","url":"https:\/\/hakmarfrance.online\/tr\/","name":"hakmarfrance.online","description":"","publisher":{"@id":"https:\/\/hakmarfrance.online\/tr\/#organization"},"potentialAction":[{"@type":"SearchAction","target":{"@type":"EntryPoint","urlTemplate":"https:\/\/hakmarfrance.online\/tr\/?s={search_term_string}"},"query-input":{"@type":"PropertyValueSpecification","valueRequired":true,"valueName":"search_term_string"}}],"inLanguage":"tr-TR"},{"@type":"Organization","@id":"https:\/\/hakmarfrance.online\/tr\/#organization","name":"hakmarfrance.online","url":"https:\/\/hakmarfrance.online\/tr\/","logo":{"@type":"ImageObject","inLanguage":"tr-TR","@id":"https:\/\/hakmarfrance.online\/tr\/#\/schema\/logo\/image\/","url":"https:\/\/hakmarfrance.online\/wp-content\/uploads\/2025\/06\/logo-hakmarfrance.png","contentUrl":"https:\/\/hakmarfrance.online\/wp-content\/uploads\/2025\/06\/logo-hakmarfrance.png","width":528,"height":232,"caption":"hakmarfrance.online"},"image":{"@id":"https:\/\/hakmarfrance.online\/tr\/#\/schema\/logo\/image\/"},"sameAs":["https:\/\/www.facebook.com\/HakmarFranceSupermarche\/?locale=fr_FR","https:\/\/www.instagram.com\/hakmarfrancesupermarche\/"]}]}},"_links":{"self":[{"href":"https:\/\/hakmarfrance.online\/tr\/wp-json\/wp\/v2\/product\/18378","targetHints":{"allow":["GET"]}}],"collection":[{"href":"https:\/\/hakmarfrance.online\/tr\/wp-json\/wp\/v2\/product"}],"about":[{"href":"https:\/\/hakmarfrance.online\/tr\/wp-json\/wp\/v2\/types\/product"}],"replies":[{"embeddable":true,"href":"https:\/\/hakmarfrance.online\/tr\/wp-json\/wp\/v2\/comments?post=18378"}],"version-history":[{"count":0,"href":"https:\/\/hakmarfrance.online\/tr\/wp-json\/wp\/v2\/product\/18378\/revisions"}],"wp:featuredmedia":[{"embeddable":true,"href":"https:\/\/hakmarfrance.online\/tr\/wp-json\/wp\/v2\/media\/18379"}],"wp:attachment":[{"href":"https:\/\/hakmarfrance.online\/tr\/wp-json\/wp\/v2\/media?parent=18378"}],"wp:term":[{"taxonomy":"product_brand","embeddable":true,"href":"https:\/\/hakmarfrance.online\/tr\/wp-json\/wp\/v2\/product_brand?post=18378"},{"taxonomy":"product_cat","embeddable":true,"href":"https:\/\/hakmarfrance.online\/tr\/wp-json\/wp\/v2\/product_cat?post=18378"},{"taxonomy":"product_tag","embeddable":true,"href":"https:\/\/hakmarfrance.online\/tr\/wp-json\/wp\/v2\/product_tag?post=18378"}],"curies":[{"name":"wp","href":"https:\/\/api.w.org\/{rel}","templated":true}]}}