{"id":18383,"date":"2025-05-26T08:41:52","date_gmt":"2025-05-26T08:41:52","guid":{"rendered":"https:\/\/hakmarfrance.online\/produit\/kurukahveci-mehmet-efendi-geleneksel-turk-kahvesi-500-g\/"},"modified":"2026-03-17T10:27:14","modified_gmt":"2026-03-17T10:27:14","slug":"kurukahveci-mehmet-efendi-geleneksel-turk-kahvesi-500-g","status":"publish","type":"product","link":"https:\/\/hakmarfrance.online\/tr\/produit\/kurukahveci-mehmet-efendi-geleneksel-turk-kahvesi-500-g\/","title":{"rendered":"Kurukahveci Mehmet Efendi &#8211; Geleneksel T\u00fcrk Kahvesi &#8211; 500 g"},"content":{"rendered":"<p>1871&#8217;den beri vazge\u00e7ilmez marka olan <strong data-start=\"469\" data-end=\"496\">Mehmet Efendi T\u00fcrk kahvesinin<\/strong> otantik lezzetinin tad\u0131n\u0131 \u00e7\u0131kar\u0131n. \u00c7ok ince \u00f6\u011f\u00fct\u00fclm\u00fc\u015f kahve, cezveyle haz\u0131rland\u0131\u011f\u0131nda zengin aromas\u0131 ve k\u0131vaml\u0131 k\u00f6p\u00fc\u011f\u00fcyle ger\u00e7ek T\u00fcrk kahvesi deneyimi sunar. <strong data-start=\"674\" data-end=\"683\">500 g<\/strong>&#8216;l\u0131k metal kutusu, bu simgesel kahvenin tazeli\u011fini ve e\u015fsiz lezzetini m\u00fckemmel \u015fekilde korur.<\/p>\n","protected":false},"excerpt":{"rendered":"<ul>\n<li data-start=\"784\" data-end=\"896\">\n<p data-start=\"786\" data-end=\"896\"><strong data-start=\"826\" data-end=\"843\">Mehmet Efendi<\/strong> T\u00fcrk kahvesi, 500 g kutu. Yo\u011fun lezzet ve k\u0131vaml\u0131 k\u00f6p\u00fck.<\/p>\n<\/li>\n<li data-start=\"897\" data-end=\"1115\">\n<p data-start=\"899\" data-end=\"938\">\ud83d\udccb <strong data-start=\"902\" data-end=\"934\">Temel \u00d6zellikler<\/strong>:<\/p>\n<ul data-start=\"941\" data-end=\"1115\">\n<li data-start=\"941\" data-end=\"974\">\n<p data-start=\"943\" data-end=\"974\">\u00c7ok ince \u00f6\u011f\u00fct\u00fclm\u00fc\u015f T\u00fcrk kahvesi<\/p>\n<\/li>\n<li data-start=\"977\" data-end=\"1015\">\n<p data-start=\"979\" data-end=\"1015\">Marka: Kurukahveci Mehmet Efendi<\/p>\n<\/li>\n<li data-start=\"1018\" data-end=\"1039\">\n<p data-start=\"1020\" data-end=\"1039\">Net a\u011f\u0131rl\u0131k: 500 g<\/p>\n<\/li>\n<li data-start=\"1042\" data-end=\"1071\">\n<p data-start=\"1044\" data-end=\"1071\">Zengin tat, yo\u011fun aroma<\/p>\n<\/li>\n<li data-start=\"1074\" data-end=\"1115\">\n<p data-start=\"1076\" data-end=\"1115\">Cezveyle geleneksel haz\u0131rlama<\/p>\n<\/li>\n<\/ul>\n<\/li>\n<\/ul>\n","protected":false},"featured_media":18384,"comment_status":"open","ping_status":"closed","template":"","meta":{"iawp_total_views":0},"product_brand":[],"product_cat":[228,225,295],"product_tag":[],"class_list":{"0":"post-18383","1":"product","2":"type-product","3":"status-publish","4":"has-post-thumbnail","6":"product_cat-icecekler","7":"product_cat-tum-urunlerimiz","8":"product_cat-turk-cayi-bitki-caylari","10":"first","11":"instock","12":"shipping-taxable","13":"purchasable","14":"product-type-simple"},"yoast_head":"<!-- This site is optimized with the Yoast SEO plugin v27.3 - https:\/\/yoast.com\/product\/yoast-seo-wordpress\/ -->\n<title>Kurukahveci Mehmet Efendi - Geleneksel T\u00fcrk Kahvesi - 500 g - hakmarfrance.online<\/title>\n<meta name=\"robots\" content=\"index, follow, max-snippet:-1, max-image-preview:large, max-video-preview:-1\" \/>\n<link rel=\"canonical\" href=\"https:\/\/hakmarfrance.online\/tr\/produit\/kurukahveci-mehmet-efendi-geleneksel-turk-kahvesi-500-g\/\" \/>\n<meta property=\"og:locale\" content=\"tr_TR\" \/>\n<meta property=\"og:type\" content=\"article\" \/>\n<meta property=\"og:title\" content=\"Kurukahveci Mehmet Efendi - Geleneksel T\u00fcrk Kahvesi - 500 g - hakmarfrance.online\" \/>\n<meta property=\"og:description\" content=\"Mehmet Efendi T\u00fcrk kahvesi, 500 g kutu. Yo\u011fun lezzet ve k\u0131vaml\u0131 k\u00f6p\u00fck.    \ud83d\udccb Temel \u00d6zellikler:     \u00c7ok ince \u00f6\u011f\u00fct\u00fclm\u00fc\u015f T\u00fcrk kahvesi    Marka: Kurukahveci Mehmet Efendi    Net a\u011f\u0131rl\u0131k: 500 g    Zengin tat, yo\u011fun aroma    Cezveyle geleneksel haz\u0131rlama\" \/>\n<meta property=\"og:url\" content=\"https:\/\/hakmarfrance.online\/tr\/produit\/kurukahveci-mehmet-efendi-geleneksel-turk-kahvesi-500-g\/\" \/>\n<meta property=\"og:site_name\" content=\"hakmarfrance.online\" \/>\n<meta property=\"article:publisher\" content=\"https:\/\/www.facebook.com\/HakmarFranceSupermarche\/?locale=fr_FR\" \/>\n<meta property=\"article:modified_time\" content=\"2026-03-17T10:27:14+00:00\" \/>\n<meta property=\"og:image\" content=\"https:\/\/hakmarfrance.online\/wp-content\/uploads\/2025\/05\/Turk-kahve.jpg\" \/>\n\t<meta property=\"og:image:width\" content=\"1650\" \/>\n\t<meta property=\"og:image:height\" content=\"1650\" \/>\n\t<meta property=\"og:image:type\" content=\"image\/jpeg\" \/>\n<meta name=\"twitter:card\" content=\"summary_large_image\" \/>\n<meta name=\"twitter:label1\" content=\"Tahmini okuma s\u00fcresi\" \/>\n\t<meta name=\"twitter:data1\" content=\"1 minute\" \/>\n<script type=\"application\/ld+json\" class=\"yoast-schema-graph\">{\"@context\":\"https:\\\/\\\/schema.org\",\"@graph\":[{\"@type\":\"WebPage\",\"@id\":\"https:\\\/\\\/hakmarfrance.online\\\/tr\\\/produit\\\/kurukahveci-mehmet-efendi-geleneksel-turk-kahvesi-500-g\\\/\",\"url\":\"https:\\\/\\\/hakmarfrance.online\\\/tr\\\/produit\\\/kurukahveci-mehmet-efendi-geleneksel-turk-kahvesi-500-g\\\/\",\"name\":\"Kurukahveci Mehmet Efendi - Geleneksel T\u00fcrk Kahvesi - 500 g - hakmarfrance.online\",\"isPartOf\":{\"@id\":\"https:\\\/\\\/hakmarfrance.online\\\/tr\\\/#website\"},\"primaryImageOfPage\":{\"@id\":\"https:\\\/\\\/hakmarfrance.online\\\/tr\\\/produit\\\/kurukahveci-mehmet-efendi-geleneksel-turk-kahvesi-500-g\\\/#primaryimage\"},\"image\":{\"@id\":\"https:\\\/\\\/hakmarfrance.online\\\/tr\\\/produit\\\/kurukahveci-mehmet-efendi-geleneksel-turk-kahvesi-500-g\\\/#primaryimage\"},\"thumbnailUrl\":\"https:\\\/\\\/hakmarfrance.online\\\/wp-content\\\/uploads\\\/2025\\\/05\\\/Turk-kahve.jpg\",\"datePublished\":\"2025-05-26T08:41:52+00:00\",\"dateModified\":\"2026-03-17T10:27:14+00:00\",\"breadcrumb\":{\"@id\":\"https:\\\/\\\/hakmarfrance.online\\\/tr\\\/produit\\\/kurukahveci-mehmet-efendi-geleneksel-turk-kahvesi-500-g\\\/#breadcrumb\"},\"inLanguage\":\"tr-TR\",\"potentialAction\":[{\"@type\":\"ReadAction\",\"target\":[\"https:\\\/\\\/hakmarfrance.online\\\/tr\\\/produit\\\/kurukahveci-mehmet-efendi-geleneksel-turk-kahvesi-500-g\\\/\"]}]},{\"@type\":\"ImageObject\",\"inLanguage\":\"tr-TR\",\"@id\":\"https:\\\/\\\/hakmarfrance.online\\\/tr\\\/produit\\\/kurukahveci-mehmet-efendi-geleneksel-turk-kahvesi-500-g\\\/#primaryimage\",\"url\":\"https:\\\/\\\/hakmarfrance.online\\\/wp-content\\\/uploads\\\/2025\\\/05\\\/Turk-kahve.jpg\",\"contentUrl\":\"https:\\\/\\\/hakmarfrance.online\\\/wp-content\\\/uploads\\\/2025\\\/05\\\/Turk-kahve.jpg\",\"width\":1650,\"height\":1650,\"caption\":\"Mehmet Efendi T\u00fcrk Kahvesi 500 g metal kutu\"},{\"@type\":\"BreadcrumbList\",\"@id\":\"https:\\\/\\\/hakmarfrance.online\\\/tr\\\/produit\\\/kurukahveci-mehmet-efendi-geleneksel-turk-kahvesi-500-g\\\/#breadcrumb\",\"itemListElement\":[{\"@type\":\"ListItem\",\"position\":1,\"name\":\"Accueil\",\"item\":\"https:\\\/\\\/hakmarfrance.online\\\/tr\\\/\"},{\"@type\":\"ListItem\",\"position\":2,\"name\":\"Ma\u011faza\",\"item\":\"https:\\\/\\\/hakmarfrance.online\\\/tr\\\/magaza\\\/\"},{\"@type\":\"ListItem\",\"position\":3,\"name\":\"Kurukahveci Mehmet Efendi &#8211; Geleneksel T\u00fcrk Kahvesi &#8211; 500 g\"}]},{\"@type\":\"WebSite\",\"@id\":\"https:\\\/\\\/hakmarfrance.online\\\/tr\\\/#website\",\"url\":\"https:\\\/\\\/hakmarfrance.online\\\/tr\\\/\",\"name\":\"hakmarfrance.online\",\"description\":\"\",\"publisher\":{\"@id\":\"https:\\\/\\\/hakmarfrance.online\\\/tr\\\/#organization\"},\"potentialAction\":[{\"@type\":\"SearchAction\",\"target\":{\"@type\":\"EntryPoint\",\"urlTemplate\":\"https:\\\/\\\/hakmarfrance.online\\\/tr\\\/?s={search_term_string}\"},\"query-input\":{\"@type\":\"PropertyValueSpecification\",\"valueRequired\":true,\"valueName\":\"search_term_string\"}}],\"inLanguage\":\"tr-TR\"},{\"@type\":\"Organization\",\"@id\":\"https:\\\/\\\/hakmarfrance.online\\\/tr\\\/#organization\",\"name\":\"hakmarfrance.online\",\"url\":\"https:\\\/\\\/hakmarfrance.online\\\/tr\\\/\",\"logo\":{\"@type\":\"ImageObject\",\"inLanguage\":\"tr-TR\",\"@id\":\"https:\\\/\\\/hakmarfrance.online\\\/tr\\\/#\\\/schema\\\/logo\\\/image\\\/\",\"url\":\"https:\\\/\\\/hakmarfrance.online\\\/wp-content\\\/uploads\\\/2025\\\/06\\\/logo-hakmarfrance.png\",\"contentUrl\":\"https:\\\/\\\/hakmarfrance.online\\\/wp-content\\\/uploads\\\/2025\\\/06\\\/logo-hakmarfrance.png\",\"width\":528,\"height\":232,\"caption\":\"hakmarfrance.online\"},\"image\":{\"@id\":\"https:\\\/\\\/hakmarfrance.online\\\/tr\\\/#\\\/schema\\\/logo\\\/image\\\/\"},\"sameAs\":[\"https:\\\/\\\/www.facebook.com\\\/HakmarFranceSupermarche\\\/?locale=fr_FR\",\"https:\\\/\\\/www.instagram.com\\\/hakmarfrancesupermarche\\\/\"]}]}<\/script>\n<!-- \/ Yoast SEO plugin. -->","yoast_head_json":{"title":"Kurukahveci Mehmet Efendi - Geleneksel T\u00fcrk Kahvesi - 500 g - hakmarfrance.online","robots":{"index":"index","follow":"follow","max-snippet":"max-snippet:-1","max-image-preview":"max-image-preview:large","max-video-preview":"max-video-preview:-1"},"canonical":"https:\/\/hakmarfrance.online\/tr\/produit\/kurukahveci-mehmet-efendi-geleneksel-turk-kahvesi-500-g\/","og_locale":"tr_TR","og_type":"article","og_title":"Kurukahveci Mehmet Efendi - Geleneksel T\u00fcrk Kahvesi - 500 g - hakmarfrance.online","og_description":"Mehmet Efendi T\u00fcrk kahvesi, 500 g kutu. Yo\u011fun lezzet ve k\u0131vaml\u0131 k\u00f6p\u00fck.    \ud83d\udccb Temel \u00d6zellikler:     \u00c7ok ince \u00f6\u011f\u00fct\u00fclm\u00fc\u015f T\u00fcrk kahvesi    Marka: Kurukahveci Mehmet Efendi    Net a\u011f\u0131rl\u0131k: 500 g    Zengin tat, yo\u011fun aroma    Cezveyle geleneksel haz\u0131rlama","og_url":"https:\/\/hakmarfrance.online\/tr\/produit\/kurukahveci-mehmet-efendi-geleneksel-turk-kahvesi-500-g\/","og_site_name":"hakmarfrance.online","article_publisher":"https:\/\/www.facebook.com\/HakmarFranceSupermarche\/?locale=fr_FR","article_modified_time":"2026-03-17T10:27:14+00:00","og_image":[{"width":1650,"height":1650,"url":"https:\/\/hakmarfrance.online\/wp-content\/uploads\/2025\/05\/Turk-kahve.jpg","type":"image\/jpeg"}],"twitter_card":"summary_large_image","twitter_misc":{"Tahmini okuma s\u00fcresi":"1 minute"},"schema":{"@context":"https:\/\/schema.org","@graph":[{"@type":"WebPage","@id":"https:\/\/hakmarfrance.online\/tr\/produit\/kurukahveci-mehmet-efendi-geleneksel-turk-kahvesi-500-g\/","url":"https:\/\/hakmarfrance.online\/tr\/produit\/kurukahveci-mehmet-efendi-geleneksel-turk-kahvesi-500-g\/","name":"Kurukahveci Mehmet Efendi - Geleneksel T\u00fcrk Kahvesi - 500 g - hakmarfrance.online","isPartOf":{"@id":"https:\/\/hakmarfrance.online\/tr\/#website"},"primaryImageOfPage":{"@id":"https:\/\/hakmarfrance.online\/tr\/produit\/kurukahveci-mehmet-efendi-geleneksel-turk-kahvesi-500-g\/#primaryimage"},"image":{"@id":"https:\/\/hakmarfrance.online\/tr\/produit\/kurukahveci-mehmet-efendi-geleneksel-turk-kahvesi-500-g\/#primaryimage"},"thumbnailUrl":"https:\/\/hakmarfrance.online\/wp-content\/uploads\/2025\/05\/Turk-kahve.jpg","datePublished":"2025-05-26T08:41:52+00:00","dateModified":"2026-03-17T10:27:14+00:00","breadcrumb":{"@id":"https:\/\/hakmarfrance.online\/tr\/produit\/kurukahveci-mehmet-efendi-geleneksel-turk-kahvesi-500-g\/#breadcrumb"},"inLanguage":"tr-TR","potentialAction":[{"@type":"ReadAction","target":["https:\/\/hakmarfrance.online\/tr\/produit\/kurukahveci-mehmet-efendi-geleneksel-turk-kahvesi-500-g\/"]}]},{"@type":"ImageObject","inLanguage":"tr-TR","@id":"https:\/\/hakmarfrance.online\/tr\/produit\/kurukahveci-mehmet-efendi-geleneksel-turk-kahvesi-500-g\/#primaryimage","url":"https:\/\/hakmarfrance.online\/wp-content\/uploads\/2025\/05\/Turk-kahve.jpg","contentUrl":"https:\/\/hakmarfrance.online\/wp-content\/uploads\/2025\/05\/Turk-kahve.jpg","width":1650,"height":1650,"caption":"Mehmet Efendi T\u00fcrk Kahvesi 500 g metal kutu"},{"@type":"BreadcrumbList","@id":"https:\/\/hakmarfrance.online\/tr\/produit\/kurukahveci-mehmet-efendi-geleneksel-turk-kahvesi-500-g\/#breadcrumb","itemListElement":[{"@type":"ListItem","position":1,"name":"Accueil","item":"https:\/\/hakmarfrance.online\/tr\/"},{"@type":"ListItem","position":2,"name":"Ma\u011faza","item":"https:\/\/hakmarfrance.online\/tr\/magaza\/"},{"@type":"ListItem","position":3,"name":"Kurukahveci Mehmet Efendi &#8211; Geleneksel T\u00fcrk Kahvesi &#8211; 500 g"}]},{"@type":"WebSite","@id":"https:\/\/hakmarfrance.online\/tr\/#website","url":"https:\/\/hakmarfrance.online\/tr\/","name":"hakmarfrance.online","description":"","publisher":{"@id":"https:\/\/hakmarfrance.online\/tr\/#organization"},"potentialAction":[{"@type":"SearchAction","target":{"@type":"EntryPoint","urlTemplate":"https:\/\/hakmarfrance.online\/tr\/?s={search_term_string}"},"query-input":{"@type":"PropertyValueSpecification","valueRequired":true,"valueName":"search_term_string"}}],"inLanguage":"tr-TR"},{"@type":"Organization","@id":"https:\/\/hakmarfrance.online\/tr\/#organization","name":"hakmarfrance.online","url":"https:\/\/hakmarfrance.online\/tr\/","logo":{"@type":"ImageObject","inLanguage":"tr-TR","@id":"https:\/\/hakmarfrance.online\/tr\/#\/schema\/logo\/image\/","url":"https:\/\/hakmarfrance.online\/wp-content\/uploads\/2025\/06\/logo-hakmarfrance.png","contentUrl":"https:\/\/hakmarfrance.online\/wp-content\/uploads\/2025\/06\/logo-hakmarfrance.png","width":528,"height":232,"caption":"hakmarfrance.online"},"image":{"@id":"https:\/\/hakmarfrance.online\/tr\/#\/schema\/logo\/image\/"},"sameAs":["https:\/\/www.facebook.com\/HakmarFranceSupermarche\/?locale=fr_FR","https:\/\/www.instagram.com\/hakmarfrancesupermarche\/"]}]}},"_links":{"self":[{"href":"https:\/\/hakmarfrance.online\/tr\/wp-json\/wp\/v2\/product\/18383","targetHints":{"allow":["GET"]}}],"collection":[{"href":"https:\/\/hakmarfrance.online\/tr\/wp-json\/wp\/v2\/product"}],"about":[{"href":"https:\/\/hakmarfrance.online\/tr\/wp-json\/wp\/v2\/types\/product"}],"replies":[{"embeddable":true,"href":"https:\/\/hakmarfrance.online\/tr\/wp-json\/wp\/v2\/comments?post=18383"}],"version-history":[{"count":2,"href":"https:\/\/hakmarfrance.online\/tr\/wp-json\/wp\/v2\/product\/18383\/revisions"}],"predecessor-version":[{"id":18659,"href":"https:\/\/hakmarfrance.online\/tr\/wp-json\/wp\/v2\/product\/18383\/revisions\/18659"}],"wp:featuredmedia":[{"embeddable":true,"href":"https:\/\/hakmarfrance.online\/tr\/wp-json\/wp\/v2\/media\/18384"}],"wp:attachment":[{"href":"https:\/\/hakmarfrance.online\/tr\/wp-json\/wp\/v2\/media?parent=18383"}],"wp:term":[{"taxonomy":"product_brand","embeddable":true,"href":"https:\/\/hakmarfrance.online\/tr\/wp-json\/wp\/v2\/product_brand?post=18383"},{"taxonomy":"product_cat","embeddable":true,"href":"https:\/\/hakmarfrance.online\/tr\/wp-json\/wp\/v2\/product_cat?post=18383"},{"taxonomy":"product_tag","embeddable":true,"href":"https:\/\/hakmarfrance.online\/tr\/wp-json\/wp\/v2\/product_tag?post=18383"}],"curies":[{"name":"wp","href":"https:\/\/api.w.org\/{rel}","templated":true}]}}