{"id":18386,"date":"2025-05-26T08:39:55","date_gmt":"2025-05-26T08:39:55","guid":{"rendered":"https:\/\/hakmarfrance.online\/produit\/ifri-ahududu-kirmizi-meyveler-gazli-icecek-125-l\/"},"modified":"2025-05-26T08:39:55","modified_gmt":"2025-05-26T08:39:55","slug":"ifri-ahududu-kirmizi-meyveler-gazli-icecek-125-l","status":"publish","type":"product","link":"https:\/\/hakmarfrance.online\/tr\/produit\/ifri-ahududu-kirmizi-meyveler-gazli-icecek-125-l\/","title":{"rendered":"Ifri Ahududu &amp; K\u0131rm\u0131z\u0131 Meyveler Gazl\u0131 \u0130\u00e7ecek \u2013 1,25 L"},"content":{"rendered":"","protected":false},"excerpt":{"rendered":"<p data-start=\"339\" data-end=\"523\">Meyvemsi ferahl\u0131\u011fa <strong data-start=\"378\" data-end=\"435\">ahududu &amp; k\u0131rm\u0131z\u0131 meyve aromal\u0131 Ifri gazl\u0131 i\u00e7ecek<\/strong> ile kap\u0131l; k\u00f6p\u00fckl\u00fc dokusuyla ger\u00e7ek bir lezzet patlamas\u0131 ya\u015fat\u0131r, renklendirici ve koruyucu i\u00e7ermez.<\/p>\n<p data-start=\"525\" data-end=\"694\">\u2714\ufe0f Yo\u011fun ahududu ve k\u0131rm\u0131z\u0131 meyve aromas\u0131<br data-start=\"570\" data-end=\"573\">\u2714\ufe0f Koruyucu ve renklendirici i\u00e7ermez<br data-start=\"607\" data-end=\"610\">\u2714\ufe0f 1,25 L aile boyu \u015fi\u015fe<br data-start=\"637\" data-end=\"640\">\u2714\ufe0f G\u00fcn\u00fcn her an\u0131nda iyice so\u011fuk i\u00e7in<\/p>\n<p data-start=\"696\" data-end=\"804\">Yemeklerinize veya at\u0131\u015ft\u0131rma molalar\u0131n\u0131za e\u015flik edecek ideal bir i\u00e7ecek, aileyle veya arkada\u015flarla payla\u015fmak i\u00e7in.<\/p>\n","protected":false},"featured_media":18564,"comment_status":"open","ping_status":"closed","template":"","meta":{"iawp_total_views":0},"product_brand":[],"product_cat":[228,229,225],"product_tag":[],"class_list":{"0":"post-18386","1":"product","2":"type-product","3":"status-publish","4":"has-post-thumbnail","6":"product_cat-icecekler","7":"product_cat-soguk-icecek","8":"product_cat-tum-urunlerimiz","10":"first","11":"instock","12":"shipping-taxable","13":"purchasable","14":"product-type-simple"},"yoast_head":"<!-- This site is optimized with the Yoast SEO plugin v27.3 - https:\/\/yoast.com\/product\/yoast-seo-wordpress\/ -->\n<title>Ifri Ahududu &amp; K\u0131rm\u0131z\u0131 Meyveler Gazl\u0131 \u0130\u00e7ecek \u2013 1,25 L - hakmarfrance.online<\/title>\n<meta name=\"robots\" content=\"index, follow, max-snippet:-1, max-image-preview:large, max-video-preview:-1\" \/>\n<link rel=\"canonical\" href=\"https:\/\/hakmarfrance.online\/tr\/produit\/ifri-ahududu-kirmizi-meyveler-gazli-icecek-125-l\/\" \/>\n<meta property=\"og:locale\" content=\"tr_TR\" \/>\n<meta property=\"og:type\" content=\"article\" \/>\n<meta property=\"og:title\" content=\"Ifri Ahududu &amp; K\u0131rm\u0131z\u0131 Meyveler Gazl\u0131 \u0130\u00e7ecek \u2013 1,25 L - hakmarfrance.online\" \/>\n<meta property=\"og:description\" content=\"Meyvemsi ferahl\u0131\u011fa ahududu &amp; k\u0131rm\u0131z\u0131 meyve aromal\u0131 Ifri gazl\u0131 i\u00e7ecek ile kap\u0131l; k\u00f6p\u00fckl\u00fc dokusuyla ger\u00e7ek bir lezzet patlamas\u0131 ya\u015fat\u0131r, renklendirici ve koruyucu i\u00e7ermez. \u2714\ufe0f Yo\u011fun ahududu ve k\u0131rm\u0131z\u0131 meyve aromas\u0131\u2714\ufe0f Koruyucu ve renklendirici i\u00e7ermez\u2714\ufe0f 1,25 L aile boyu \u015fi\u015fe\u2714\ufe0f G\u00fcn\u00fcn her an\u0131nda iyice so\u011fuk i\u00e7in Yemeklerinize veya at\u0131\u015ft\u0131rma molalar\u0131n\u0131za e\u015flik edecek ideal bir i\u00e7ecek, aileyle veya arkada\u015flarla payla\u015fmak i\u00e7in.\" \/>\n<meta property=\"og:url\" content=\"https:\/\/hakmarfrance.online\/tr\/produit\/ifri-ahududu-kirmizi-meyveler-gazli-icecek-125-l\/\" \/>\n<meta property=\"og:site_name\" content=\"hakmarfrance.online\" \/>\n<meta property=\"article:publisher\" content=\"https:\/\/www.facebook.com\/HakmarFranceSupermarche\/?locale=fr_FR\" \/>\n<meta property=\"og:image\" content=\"https:\/\/hakmarfrance.online\/wp-content\/uploads\/2025\/05\/ifri_framboise.avif\" \/>\n\t<meta property=\"og:image:width\" content=\"1000\" \/>\n\t<meta property=\"og:image:height\" content=\"800\" \/>\n\t<meta property=\"og:image:type\" content=\"image\/png\" \/>\n<meta name=\"twitter:card\" content=\"summary_large_image\" \/>\n<script type=\"application\/ld+json\" class=\"yoast-schema-graph\">{\"@context\":\"https:\\\/\\\/schema.org\",\"@graph\":[{\"@type\":\"WebPage\",\"@id\":\"https:\\\/\\\/hakmarfrance.online\\\/tr\\\/produit\\\/ifri-ahududu-kirmizi-meyveler-gazli-icecek-125-l\\\/\",\"url\":\"https:\\\/\\\/hakmarfrance.online\\\/tr\\\/produit\\\/ifri-ahududu-kirmizi-meyveler-gazli-icecek-125-l\\\/\",\"name\":\"Ifri Ahududu &amp; K\u0131rm\u0131z\u0131 Meyveler Gazl\u0131 \u0130\u00e7ecek \u2013 1,25 L - hakmarfrance.online\",\"isPartOf\":{\"@id\":\"https:\\\/\\\/hakmarfrance.online\\\/tr\\\/#website\"},\"primaryImageOfPage\":{\"@id\":\"https:\\\/\\\/hakmarfrance.online\\\/tr\\\/produit\\\/ifri-ahududu-kirmizi-meyveler-gazli-icecek-125-l\\\/#primaryimage\"},\"image\":{\"@id\":\"https:\\\/\\\/hakmarfrance.online\\\/tr\\\/produit\\\/ifri-ahududu-kirmizi-meyveler-gazli-icecek-125-l\\\/#primaryimage\"},\"thumbnailUrl\":\"https:\\\/\\\/hakmarfrance.online\\\/wp-content\\\/uploads\\\/2025\\\/05\\\/ifri_framboise.avif\",\"datePublished\":\"2025-05-26T08:39:55+00:00\",\"breadcrumb\":{\"@id\":\"https:\\\/\\\/hakmarfrance.online\\\/tr\\\/produit\\\/ifri-ahududu-kirmizi-meyveler-gazli-icecek-125-l\\\/#breadcrumb\"},\"inLanguage\":\"tr-TR\",\"potentialAction\":[{\"@type\":\"ReadAction\",\"target\":[\"https:\\\/\\\/hakmarfrance.online\\\/tr\\\/produit\\\/ifri-ahududu-kirmizi-meyveler-gazli-icecek-125-l\\\/\"]}]},{\"@type\":\"ImageObject\",\"inLanguage\":\"tr-TR\",\"@id\":\"https:\\\/\\\/hakmarfrance.online\\\/tr\\\/produit\\\/ifri-ahududu-kirmizi-meyveler-gazli-icecek-125-l\\\/#primaryimage\",\"url\":\"https:\\\/\\\/hakmarfrance.online\\\/wp-content\\\/uploads\\\/2025\\\/05\\\/ifri_framboise.avif\",\"contentUrl\":\"https:\\\/\\\/hakmarfrance.online\\\/wp-content\\\/uploads\\\/2025\\\/05\\\/ifri_framboise.avif\",\"width\":1000,\"height\":800},{\"@type\":\"BreadcrumbList\",\"@id\":\"https:\\\/\\\/hakmarfrance.online\\\/tr\\\/produit\\\/ifri-ahududu-kirmizi-meyveler-gazli-icecek-125-l\\\/#breadcrumb\",\"itemListElement\":[{\"@type\":\"ListItem\",\"position\":1,\"name\":\"Accueil\",\"item\":\"https:\\\/\\\/hakmarfrance.online\\\/tr\\\/\"},{\"@type\":\"ListItem\",\"position\":2,\"name\":\"Ma\u011faza\",\"item\":\"https:\\\/\\\/hakmarfrance.online\\\/tr\\\/magaza\\\/\"},{\"@type\":\"ListItem\",\"position\":3,\"name\":\"Ifri Ahududu &amp; K\u0131rm\u0131z\u0131 Meyveler Gazl\u0131 \u0130\u00e7ecek \u2013 1,25 L\"}]},{\"@type\":\"WebSite\",\"@id\":\"https:\\\/\\\/hakmarfrance.online\\\/tr\\\/#website\",\"url\":\"https:\\\/\\\/hakmarfrance.online\\\/tr\\\/\",\"name\":\"hakmarfrance.online\",\"description\":\"\",\"publisher\":{\"@id\":\"https:\\\/\\\/hakmarfrance.online\\\/tr\\\/#organization\"},\"potentialAction\":[{\"@type\":\"SearchAction\",\"target\":{\"@type\":\"EntryPoint\",\"urlTemplate\":\"https:\\\/\\\/hakmarfrance.online\\\/tr\\\/?s={search_term_string}\"},\"query-input\":{\"@type\":\"PropertyValueSpecification\",\"valueRequired\":true,\"valueName\":\"search_term_string\"}}],\"inLanguage\":\"tr-TR\"},{\"@type\":\"Organization\",\"@id\":\"https:\\\/\\\/hakmarfrance.online\\\/tr\\\/#organization\",\"name\":\"hakmarfrance.online\",\"url\":\"https:\\\/\\\/hakmarfrance.online\\\/tr\\\/\",\"logo\":{\"@type\":\"ImageObject\",\"inLanguage\":\"tr-TR\",\"@id\":\"https:\\\/\\\/hakmarfrance.online\\\/tr\\\/#\\\/schema\\\/logo\\\/image\\\/\",\"url\":\"https:\\\/\\\/hakmarfrance.online\\\/wp-content\\\/uploads\\\/2025\\\/06\\\/logo-hakmarfrance.png\",\"contentUrl\":\"https:\\\/\\\/hakmarfrance.online\\\/wp-content\\\/uploads\\\/2025\\\/06\\\/logo-hakmarfrance.png\",\"width\":528,\"height\":232,\"caption\":\"hakmarfrance.online\"},\"image\":{\"@id\":\"https:\\\/\\\/hakmarfrance.online\\\/tr\\\/#\\\/schema\\\/logo\\\/image\\\/\"},\"sameAs\":[\"https:\\\/\\\/www.facebook.com\\\/HakmarFranceSupermarche\\\/?locale=fr_FR\",\"https:\\\/\\\/www.instagram.com\\\/hakmarfrancesupermarche\\\/\"]}]}<\/script>\n<!-- \/ Yoast SEO plugin. -->","yoast_head_json":{"title":"Ifri Ahududu &amp; K\u0131rm\u0131z\u0131 Meyveler Gazl\u0131 \u0130\u00e7ecek \u2013 1,25 L - hakmarfrance.online","robots":{"index":"index","follow":"follow","max-snippet":"max-snippet:-1","max-image-preview":"max-image-preview:large","max-video-preview":"max-video-preview:-1"},"canonical":"https:\/\/hakmarfrance.online\/tr\/produit\/ifri-ahududu-kirmizi-meyveler-gazli-icecek-125-l\/","og_locale":"tr_TR","og_type":"article","og_title":"Ifri Ahududu &amp; K\u0131rm\u0131z\u0131 Meyveler Gazl\u0131 \u0130\u00e7ecek \u2013 1,25 L - hakmarfrance.online","og_description":"Meyvemsi ferahl\u0131\u011fa ahududu &amp; k\u0131rm\u0131z\u0131 meyve aromal\u0131 Ifri gazl\u0131 i\u00e7ecek ile kap\u0131l; k\u00f6p\u00fckl\u00fc dokusuyla ger\u00e7ek bir lezzet patlamas\u0131 ya\u015fat\u0131r, renklendirici ve koruyucu i\u00e7ermez. \u2714\ufe0f Yo\u011fun ahududu ve k\u0131rm\u0131z\u0131 meyve aromas\u0131\u2714\ufe0f Koruyucu ve renklendirici i\u00e7ermez\u2714\ufe0f 1,25 L aile boyu \u015fi\u015fe\u2714\ufe0f G\u00fcn\u00fcn her an\u0131nda iyice so\u011fuk i\u00e7in Yemeklerinize veya at\u0131\u015ft\u0131rma molalar\u0131n\u0131za e\u015flik edecek ideal bir i\u00e7ecek, aileyle veya arkada\u015flarla payla\u015fmak i\u00e7in.","og_url":"https:\/\/hakmarfrance.online\/tr\/produit\/ifri-ahududu-kirmizi-meyveler-gazli-icecek-125-l\/","og_site_name":"hakmarfrance.online","article_publisher":"https:\/\/www.facebook.com\/HakmarFranceSupermarche\/?locale=fr_FR","og_image":[{"width":1000,"height":800,"url":"https:\/\/hakmarfrance.online\/wp-content\/uploads\/2025\/05\/ifri_framboise.avif","type":"image\/png"}],"twitter_card":"summary_large_image","schema":{"@context":"https:\/\/schema.org","@graph":[{"@type":"WebPage","@id":"https:\/\/hakmarfrance.online\/tr\/produit\/ifri-ahududu-kirmizi-meyveler-gazli-icecek-125-l\/","url":"https:\/\/hakmarfrance.online\/tr\/produit\/ifri-ahududu-kirmizi-meyveler-gazli-icecek-125-l\/","name":"Ifri Ahududu &amp; K\u0131rm\u0131z\u0131 Meyveler Gazl\u0131 \u0130\u00e7ecek \u2013 1,25 L - hakmarfrance.online","isPartOf":{"@id":"https:\/\/hakmarfrance.online\/tr\/#website"},"primaryImageOfPage":{"@id":"https:\/\/hakmarfrance.online\/tr\/produit\/ifri-ahududu-kirmizi-meyveler-gazli-icecek-125-l\/#primaryimage"},"image":{"@id":"https:\/\/hakmarfrance.online\/tr\/produit\/ifri-ahududu-kirmizi-meyveler-gazli-icecek-125-l\/#primaryimage"},"thumbnailUrl":"https:\/\/hakmarfrance.online\/wp-content\/uploads\/2025\/05\/ifri_framboise.avif","datePublished":"2025-05-26T08:39:55+00:00","breadcrumb":{"@id":"https:\/\/hakmarfrance.online\/tr\/produit\/ifri-ahududu-kirmizi-meyveler-gazli-icecek-125-l\/#breadcrumb"},"inLanguage":"tr-TR","potentialAction":[{"@type":"ReadAction","target":["https:\/\/hakmarfrance.online\/tr\/produit\/ifri-ahududu-kirmizi-meyveler-gazli-icecek-125-l\/"]}]},{"@type":"ImageObject","inLanguage":"tr-TR","@id":"https:\/\/hakmarfrance.online\/tr\/produit\/ifri-ahududu-kirmizi-meyveler-gazli-icecek-125-l\/#primaryimage","url":"https:\/\/hakmarfrance.online\/wp-content\/uploads\/2025\/05\/ifri_framboise.avif","contentUrl":"https:\/\/hakmarfrance.online\/wp-content\/uploads\/2025\/05\/ifri_framboise.avif","width":1000,"height":800},{"@type":"BreadcrumbList","@id":"https:\/\/hakmarfrance.online\/tr\/produit\/ifri-ahududu-kirmizi-meyveler-gazli-icecek-125-l\/#breadcrumb","itemListElement":[{"@type":"ListItem","position":1,"name":"Accueil","item":"https:\/\/hakmarfrance.online\/tr\/"},{"@type":"ListItem","position":2,"name":"Ma\u011faza","item":"https:\/\/hakmarfrance.online\/tr\/magaza\/"},{"@type":"ListItem","position":3,"name":"Ifri Ahududu &amp; K\u0131rm\u0131z\u0131 Meyveler Gazl\u0131 \u0130\u00e7ecek \u2013 1,25 L"}]},{"@type":"WebSite","@id":"https:\/\/hakmarfrance.online\/tr\/#website","url":"https:\/\/hakmarfrance.online\/tr\/","name":"hakmarfrance.online","description":"","publisher":{"@id":"https:\/\/hakmarfrance.online\/tr\/#organization"},"potentialAction":[{"@type":"SearchAction","target":{"@type":"EntryPoint","urlTemplate":"https:\/\/hakmarfrance.online\/tr\/?s={search_term_string}"},"query-input":{"@type":"PropertyValueSpecification","valueRequired":true,"valueName":"search_term_string"}}],"inLanguage":"tr-TR"},{"@type":"Organization","@id":"https:\/\/hakmarfrance.online\/tr\/#organization","name":"hakmarfrance.online","url":"https:\/\/hakmarfrance.online\/tr\/","logo":{"@type":"ImageObject","inLanguage":"tr-TR","@id":"https:\/\/hakmarfrance.online\/tr\/#\/schema\/logo\/image\/","url":"https:\/\/hakmarfrance.online\/wp-content\/uploads\/2025\/06\/logo-hakmarfrance.png","contentUrl":"https:\/\/hakmarfrance.online\/wp-content\/uploads\/2025\/06\/logo-hakmarfrance.png","width":528,"height":232,"caption":"hakmarfrance.online"},"image":{"@id":"https:\/\/hakmarfrance.online\/tr\/#\/schema\/logo\/image\/"},"sameAs":["https:\/\/www.facebook.com\/HakmarFranceSupermarche\/?locale=fr_FR","https:\/\/www.instagram.com\/hakmarfrancesupermarche\/"]}]}},"_links":{"self":[{"href":"https:\/\/hakmarfrance.online\/tr\/wp-json\/wp\/v2\/product\/18386","targetHints":{"allow":["GET"]}}],"collection":[{"href":"https:\/\/hakmarfrance.online\/tr\/wp-json\/wp\/v2\/product"}],"about":[{"href":"https:\/\/hakmarfrance.online\/tr\/wp-json\/wp\/v2\/types\/product"}],"replies":[{"embeddable":true,"href":"https:\/\/hakmarfrance.online\/tr\/wp-json\/wp\/v2\/comments?post=18386"}],"version-history":[{"count":0,"href":"https:\/\/hakmarfrance.online\/tr\/wp-json\/wp\/v2\/product\/18386\/revisions"}],"wp:featuredmedia":[{"embeddable":true,"href":"https:\/\/hakmarfrance.online\/tr\/wp-json\/wp\/v2\/media\/18564"}],"wp:attachment":[{"href":"https:\/\/hakmarfrance.online\/tr\/wp-json\/wp\/v2\/media?parent=18386"}],"wp:term":[{"taxonomy":"product_brand","embeddable":true,"href":"https:\/\/hakmarfrance.online\/tr\/wp-json\/wp\/v2\/product_brand?post=18386"},{"taxonomy":"product_cat","embeddable":true,"href":"https:\/\/hakmarfrance.online\/tr\/wp-json\/wp\/v2\/product_cat?post=18386"},{"taxonomy":"product_tag","embeddable":true,"href":"https:\/\/hakmarfrance.online\/tr\/wp-json\/wp\/v2\/product_tag?post=18386"}],"curies":[{"name":"wp","href":"https:\/\/api.w.org\/{rel}","templated":true}]}}